{"id":595,"date":"2021-06-28T11:58:12","date_gmt":"2021-06-28T14:58:12","guid":{"rendered":"https:\/\/web.inf.ufpr.br\/ihc\/?page_id=595"},"modified":"2021-07-05T18:09:30","modified_gmt":"2021-07-05T21:09:30","slug":"relatorios-tecnicos","status":"publish","type":"page","link":"https:\/\/web.inf.ufpr.br\/ihc\/relatorios-tecnicos\/","title":{"rendered":"Relat\u00f3rios T\u00e9cnicos"},"content":{"rendered":"\n<p>Lista de relat\u00f3rios t\u00e9cnicos produzidos pelo grupo:<\/p>\n<h4>2020<\/h4>\n<p>Pereira, R. (2020). <strong>Guia de Primeiros Socorros para Textos Acad\u00eamicos e T\u00e9cnicos: seja voc\u00ea o primeiro revisor do seu text<\/strong>o. IHC UFPR. Laborat\u00f3rio de Intera\u00e7\u00e3o Humano-Computador. Universidade Federal do Paran\u00e1. DOI: <a class=\"nova-e-link nova-e-link--color-inherit nova-e-link--theme-decorated\" href=\"http:\/\/dx.doi.org\/10.13140\/RG.2.2.32840.47369\/1\" target=\"_blank\" rel=\"noopener\">10.13140\/RG.2.2.32840.47369\/1<\/a><\/p>\n<p>Guerino, G. C.; Valentim, N. M. C. (2020). <strong>Technical Report &#8211; Usability and User eXperience Evaluation of Conversational Systems: A Systematic Mapping Study<\/strong>. IHC UFPR. Laborat\u00f3rio de Intera\u00e7\u00e3o Humano-Computador. Universidade Federal do Paran\u00e1. DOI: <a href=\"https:\/\/doi.org\/10.6084\/m9.figshare.12840773.v4\">https:\/\/doi.org\/10.6084\/m9.figshare.12840773.v4<\/a><\/p>\n<h4>2019<\/h4>\n<p>Culau, L.; Pereira, R. (2019). <strong>Exploring the usability and acceptance of an EEG headset in Game Playing<\/strong>. IHC UFPR. Laborat\u00f3rio de Intera\u00e7\u00e3o Humano-Computador. Universidade Federal do Paran\u00e1. DOI: <a class=\"nova-e-link nova-e-link--color-inherit nova-e-link--theme-decorated\" href=\"http:\/\/dx.doi.org\/10.13140\/RG.2.2.26195.84001\/1\" target=\"_blank\" rel=\"noopener\">10.13140\/RG.2.2.26195.84001\/1<\/a><\/p>\n<h4>2018<\/h4>\n<p>Oliveira, L. E. S.; Pereira, R. (2018). <strong>Base de Planejamento Estrat\u00e9gico (2018-2020) &#8211; Programa de P\u00f3s-Gradua\u00e7\u00e3o em Inform\u00e1tica UFPR<\/strong>. Programa de P\u00f3s-Gradua\u00e7\u00e3o em Inform\u00e1tica (PPGInf UFPR). DOI: <a class=\"nova-e-link nova-e-link--color-inherit nova-e-link--theme-decorated\" href=\"http:\/\/dx.doi.org\/10.13140\/RG.2.2.27634.35529\" target=\"_blank\" rel=\"noopener\">10.13140\/RG.2.2.27634.35529<\/a><\/p>\n<h4>2017<\/h4>\n<p>Pereira, R. (2017). <strong>Rationale para a proposi\u00e7\u00e3o de uma disciplina de Introdu\u00e7\u00e3o \u00e0 Ci\u00eancia da Computa\u00e7\u00e3o<\/strong>. IHC UFPR. Laborat\u00f3rio de Intera\u00e7\u00e3o Humano-Computador. Universidade Federal do Paran\u00e1. DOI: <a class=\"nova-e-link nova-e-link--color-inherit nova-e-link--theme-decorated\" href=\"http:\/\/dx.doi.org\/10.13140\/RG.2.2.20793.60009\/1\" target=\"_blank\" rel=\"noopener\">10.13140\/RG.2.2.20793.60009\/1<\/a><\/p>\n","protected":false},"excerpt":{"rendered":"","protected":false},"author":20,"featured_media":0,"parent":0,"menu_order":0,"comment_status":"closed","ping_status":"closed","template":"","meta":{"colormag_page_container_layout":"default_layout","colormag_page_sidebar_layout":"default_layout","footnotes":""},"class_list":["post-595","page","type-page","status-publish","hentry"],"_links":{"self":[{"href":"https:\/\/web.inf.ufpr.br\/ihc\/wp-json\/wp\/v2\/pages\/595","targetHints":{"allow":["GET"]}}],"collection":[{"href":"https:\/\/web.inf.ufpr.br\/ihc\/wp-json\/wp\/v2\/pages"}],"about":[{"href":"https:\/\/web.inf.ufpr.br\/ihc\/wp-json\/wp\/v2\/types\/page"}],"author":[{"embeddable":true,"href":"https:\/\/web.inf.ufpr.br\/ihc\/wp-json\/wp\/v2\/users\/20"}],"replies":[{"embeddable":true,"href":"https:\/\/web.inf.ufpr.br\/ihc\/wp-json\/wp\/v2\/comments?post=595"}],"version-history":[{"count":4,"href":"https:\/\/web.inf.ufpr.br\/ihc\/wp-json\/wp\/v2\/pages\/595\/revisions"}],"predecessor-version":[{"id":633,"href":"https:\/\/web.inf.ufpr.br\/ihc\/wp-json\/wp\/v2\/pages\/595\/revisions\/633"}],"wp:attachment":[{"href":"https:\/\/web.inf.ufpr.br\/ihc\/wp-json\/wp\/v2\/media?parent=595"}],"curies":[{"name":"wp","href":"https:\/\/api.w.org\/{rel}","templated":true}]}}