{"id":475,"date":"2021-06-23T10:53:36","date_gmt":"2021-06-23T13:53:36","guid":{"rendered":"https:\/\/web.inf.ufpr.br\/ihc\/?page_id=475"},"modified":"2021-08-04T11:26:25","modified_gmt":"2021-08-04T14:26:25","slug":"discentes","status":"publish","type":"page","link":"https:\/\/web.inf.ufpr.br\/ihc\/discentes\/","title":{"rendered":"Discentes"},"content":{"rendered":"\n<p>Pesquisadoras e Pesquisadores atualmente cursando mestrado e doutorado no IHC UFPR.<\/p>\n<h3>Doutorado<\/h3>\n<h5><strong>Alisson A. Puska<\/strong><\/h5>\n<p><strong>Cidade de origem<\/strong>: Pato Branco\/PR<br \/><strong>Institui\u00e7\u00e3o<\/strong>: Universidade Federal do Paran\u00e1 \u2013 UFPR<br \/><strong>Temas\/\u00e1reas de Interesse<\/strong>: Seguran\u00e7a Computacional, Aspectos Humanos na Seguran\u00e7a Computacional (Cyber Deception, Cyber Social Engineering, Developers Blind Spots)<br \/><strong>Lattes<\/strong>:\u00a0<a href=\"http:\/\/lattes.cnpq.br\/4735296338162276\">http:\/\/lattes.cnpq.br\/4735296338162276<\/a><br \/><strong>Researchgate:\u00a0<\/strong><a href=\"https:\/\/www.researchgate.net\/profile\/Alisson_Puska\">https:\/\/www.researchgate.net\/profile\/Alisson_Puska<\/a><br \/><strong>Google Scholar:\u00a0<\/strong><a href=\"https:\/\/scholar.google.com.br\/citations?&amp;user=muwYtMgAAAAJ\">https:\/\/scholar.google.com.br\/citations?&amp;user=muwYtMgAAAAJ<\/a><\/p>\n<h5><strong>Anderson Mine Fernandes<\/strong><\/h5>\n<p><strong>Cidade de origem<\/strong>: Mandaguari &#8211; PR<br \/><strong>Institui\u00e7\u00e3o<\/strong>: UFPR \/ Faculdade ALFA Umuarama<br \/><strong>Temas\/\u00e1reas de Interesse<\/strong>: Intelig\u00eancia Computacional e Desenvolvimento Web<br \/><strong>Lattes<\/strong>: <a href=\"http:\/\/lattes.cnpq.br\/7038738802181567\">http:\/\/lattes.cnpq.br\/7038738802181567<\/a><br \/><strong>Researchgate: <\/strong><a href=\"https:\/\/www.researchgate.net\/profile\/Anderson-Fernandes-9\">https:\/\/www.researchgate.net\/profile\/Anderson-Fernandes-9<\/a><\/p>\n<h5><strong>Caio Carvalho<\/strong><\/h5>\n<p><strong>Cidade de origem<\/strong>: Bel\u00e9m\/PA<br \/><strong>Institui\u00e7\u00e3o<\/strong>: Universidade Federal do Paran\u00e1 \u2013 UFPR<br \/><strong>Temas\/\u00e1reas de Interesse<\/strong>: Jogos Adapt\u00e1veis, Acessibilidade, Populariza\u00e7\u00e3o da Ci\u00eancia da Computa\u00e7\u00e3o<br \/><strong>Lattes<\/strong>:\u00a0<a href=\"http:\/\/lattes.cnpq.br\/3167177794586791\">http:\/\/lattes.cnpq.br\/3167177794586791<\/a><br \/><strong>Researchgate:\u00a0<\/strong><a href=\"https:\/\/www.researchgate.net\/profile\/Caio_Carvalho4\">https:\/\/www.researchgate.net\/profile\/Caio_Carvalho4<\/a><\/p>\n<h5><strong>Carolina Moreira Oliveira<\/strong><\/h5>\n<p><strong>Cidade de origem<\/strong>: Guarapuava\/PR<br \/><strong>Institui\u00e7\u00e3o<\/strong>: Universidade Federal do Paran\u00e1 \u2013 UFPR<br \/><strong>Temas\/\u00e1reas de Interesse<\/strong>: \u00a0Intera\u00e7\u00e3o Humano-Computador, Inform\u00e1tica na Educa\u00e7\u00e3o, Educa\u00e7\u00e3o em Ci\u00eancia da Computa\u00e7\u00e3o e Intelig\u00eancia Artificial aplicada \u00e0 Educa\u00e7\u00e3o<br \/><strong>Lattes<\/strong>:\u00a0<a href=\"http:\/\/lattes.cnpq.br\/6726706319819922\">http:\/\/lattes.cnpq.br\/6726706319819922<\/a><br \/><strong>Researchgate:\u00a0<\/strong><a href=\"https:\/\/www.researchgate.net\/profile\/Carolina_Moreira\">https:\/\/www.researchgate.net\/profile\/Carolina_Moreira<\/a><\/p>\n<h5><strong>Deivid Eive dos Santos Silva<\/strong><\/h5>\n<p><strong>Institui\u00e7\u00e3o<\/strong>: Universidade Federal do Paran\u00e1 \u2013 UFPR<br \/><strong>Cidade de origem<\/strong>: Santar\u00e9m\/PA<br \/><strong>Temas\/\u00e1reas de Interesse<\/strong>: Intera\u00e7\u00e3o Humano Computador, Engenharia de Software Educativa, Avalia\u00e7\u00e3o de Recursos Educacionais Digitais, Forma\u00e7\u00e3o de Professores da Educa\u00e7\u00e3o B\u00e1sica, Educa\u00e7\u00e3o 4.0\/Ind\u00fastria 4.0<br \/><strong>Lattes<\/strong>:\u00a0<a href=\"http:\/\/lattes.cnpq.br\/8709603233584318\">http:\/\/lattes.cnpq.br\/8709603233584318<\/a><\/p>\n<h5><strong>De\u00f3genes P. da Silva Junior<\/strong><\/h5>\n<p><strong>Cidade de origem<\/strong>: Chapada dos Guimar\u00e3es\/MT<br \/><strong>Institui\u00e7\u00e3o<\/strong>: Universidade Federal do Paran\u00e1 \u2013 UFPR<br \/><strong>Temas\/\u00e1reas de Interesse<\/strong>: Intera\u00e7\u00e3o Humano Computador, Engenharia de Software, Inform\u00e1tica na Educa\u00e7\u00e3o, Valores Humanos, Acessibilidade, Privacidade e Filosofia da Ci\u00eancia<br \/><strong>Lattes<\/strong>:\u00a0<a href=\"http:\/\/lattes.cnpq.br\/0758437549881898\">http:\/\/lattes.cnpq.br\/0758437549881898<\/a><br \/><strong>Researchgate:\u00a0<\/strong><a href=\"https:\/\/www.researchgate.net\/profile\/Deogenes_Silva_Junior\">https:\/\/www.researchgate.net\/profile\/Deogenes_Silva_Junior<\/a><\/p>\n<h5><strong>Emerson Andr\u00e9 Fedechen<\/strong><\/h5>\n<p><strong>Cidade de origem:<\/strong>\u00a0Guarapuava\/PR<br \/><strong>Institui\u00e7\u00e3o<\/strong>: UTFPR \u2013 Universidade Tecnol\u00f3gica Federal do Paran\u00e1 \u2013 C\u00e2mpus Guarapuava.<br \/><strong>Temas\/\u00e1reas de Interesse<\/strong>: Intera\u00e7\u00e3o Humano-Computador, Engenharia de Software, Padr\u00f5es de Projetos, Processamento de Imagens.<br \/><strong>Lattes<\/strong>: \u00a0<a href=\"http:\/\/lattes.cnpq.br\/4359316780043948\">http:\/\/lattes.cnpq.br\/4359316780043948<\/a><\/p>\n<h5><strong>Heloise Acco Tives<\/strong><\/h5>\n<p><strong>Cidade de origem:<\/strong> Palmas\/PR<br \/><strong>Institui\u00e7\u00e3o:<\/strong> Instituto Federal do Paran\u00e1 (IFPR) \u2013 Campus Palmas<br \/><strong>Temas\/\u00e1reas de Interesse:<\/strong> Inform\u00e1tica na Educa\u00e7\u00e3o, Intera\u00e7\u00e3o Humano-Computador e Sistemas de Informa\u00e7\u00e3o.<br \/><strong>Lattes:<\/strong> <a href=\"http:\/\/lattes.cnpq.br\/1023044011801001\">http:\/\/lattes.cnpq.br\/1023044011801001<\/a> <br \/><strong>Researchgate:<\/strong> <a href=\"https:\/\/www.researchgate.net\/profile\/Heloise-Tives\">https:\/\/www.researchgate.net\/profile\/Heloise-Tives<\/a><br \/><strong>Orcid iD:<\/strong> <a href=\"https:\/\/orcid.org\/0000-0002-3963-310X\">https:\/\/orcid.org\/0000-0002-3963-310X<\/a><\/p>\n<h5><strong>J\u00falia dos Santos Bathke Ortiz<\/strong><\/h5>\n<p><strong>Cidade de Origem<\/strong>: Blumenau\/SC.<br \/><strong>Institui\u00e7\u00e3o<\/strong>: Universidade Federal do Paran\u00e1 \u2013 UFPR.<br \/><strong>Temas\/\u00e1reas de Interesse<\/strong>: Pensamento computacional, inform\u00e1tica na educa\u00e7\u00e3o.<br \/><strong>Lattes<\/strong>:\u00a0<a href=\"http:\/\/lattes.cnpq.br\/1433159870671214\">http:\/\/lattes.cnpq.br\/1433159870671214<br \/><\/a><strong>Google Scholar<\/strong>:\u00a0<a href=\"https:\/\/scholar.google.com.br\/citations?user=39TDibQAAAAJ&amp;hl=pt-BR\">https:\/\/scholar.google.com.br\/citations?user=39TDibQAAAAJ&amp;hl=pt-BR<br \/><\/a><strong>Academia<\/strong>:\u00a0<a href=\"https:\/\/independent.academia.edu\/JuliaBathkeOrtiz\">https:\/\/independent.academia.edu\/JuliaBathkeOrtiz<\/a><\/p>\n<h5><strong>Liliam Maria Orquiza<\/strong><\/h5>\n<p><strong>Cidade de origem<\/strong>: Londrina\/PR<br \/><strong>Institui\u00e7\u00e3o<\/strong>: Universidade Federal do Paran\u00e1 \u2013 UFPR<br \/><strong>Temas\/\u00e1reas de Interesse<\/strong>: Dissemina\u00e7\u00e3o seletiva da informa\u00e7\u00e3o; Populariza\u00e7\u00e3o da ci\u00eancia; Intera\u00e7\u00e3o Humano Computador<br \/><strong>Lattes<\/strong>:\u00a0<a href=\"http:\/\/lattes.cnpq.br\/9259320214839485\">http:\/\/lattes.cnpq.br\/9259320214839485<\/a><br \/><strong>Researchgate<\/strong>:\u00a0<a href=\"https:\/\/www.researchgate.net\/profile\/Liliam_Maria_Orquiza\">https:\/\/www.researchgate.net\/profile\/Liliam_Maria_Orquiza<\/a><\/p>\n<h5><strong>Lucineide Rodrigues da Silva<\/strong><\/h5>\n<p><strong>Cidade de origem<\/strong>: Costa Rica\/MS<br \/><strong>Institui\u00e7\u00e3o<\/strong>: UFMS<br \/><strong>Temas\/\u00e1reas de Interesse<\/strong>: Intera\u00e7\u00e3o Humano Computador, Inform\u00e1tica na Educa\u00e7\u00e3o, Sistemas de Informa\u00e7\u00e3o<br \/><strong>Lattes<\/strong>:\u00a0<a href=\"http:\/\/lattes.cnpq.br\/9773361554919104\">http:\/\/lattes.cnpq.br\/9773361554919104<\/a><br \/><strong>Researchgate<\/strong>:\u00a0<a href=\"https:\/\/www.researchgate.net\/profile\/Lucineide_Rodrigues_Da_Silva\">https:\/\/www.researchgate.net\/profile\/Lucineide_Rodrigues_Da_Silva<\/a><\/p>\n<h5><strong>Ludmilla Fernandes Oliveira Galv\u00e3o<\/strong><\/h5>\n<p><strong>Cidade de origem<\/strong>: Cuiab\u00e1\/MT<br \/><strong>Institui\u00e7\u00e3o<\/strong>: Universidade Federal do Paran\u00e1 \u2013 UFPR<br \/><strong>Temas\/\u00e1reas de Interesse<\/strong>: Intera\u00e7\u00e3o Humano-Computador, Jogos S\u00e9rios (Serious Games), Educa\u00e7\u00e3o<br \/><strong>Lattes<\/strong>:\u00a0<a href=\"http:\/\/lattes.cnpq.br\/0863930189035986\">http:\/\/lattes.cnpq.br\/0863930189035986<br \/><\/a><strong>Researchgate<\/strong>:\u00a0<a href=\"https:\/\/www.researchgate.net\/profile\/Ludmilla_Galvao2\">https:\/\/www.researchgate.net\/profile\/Ludmilla_Galvao2<\/a><\/p>\n<h5><strong>Marta Ang\u00e9lica Montiel Ferreira<\/strong><\/h5>\n<p><strong>Cidade de origem<\/strong>: Macap\u00e1\/AP<br \/><strong>Institui\u00e7\u00e3o<\/strong>: Universidade \u00a0Federal do Paran\u00e1 \u2013 UFPR<br \/><strong>Temas\/\u00e1reas de Interesse<\/strong>: IHC e Engenharia de Software; Semi\u00f3tica Organizacional; Inform\u00e1tica na Educa\u00e7\u00e3o; Sistemas de Informa\u00e7\u00e3o.<br \/><strong>Lattes<\/strong>: \u00a0<a href=\"http:\/\/lattes.cnpq.br\/5873920483775192\">http:\/\/lattes.cnpq.br\/5873920483775192<\/a><br \/><strong>Researchgate:\u00a0<\/strong><a href=\"https:\/\/www.researchgate.net\/profile\/Marta_Ferreira30\">https:\/\/www.researchgate.net\/profile\/Marta_Ferreira30<\/a><strong><br \/><\/strong><strong>Gooogle Scholar:\u00a0\u00a0<\/strong><a href=\"https:\/\/scholar.google.com.br\/citations?user=wmY1TLQAAAAJ&amp;hl=pt-BR\">https:\/\/scholar.google.com.br\/citations?user=wmY1TLQAAAAJ&amp;hl=pt-BR<\/a><\/p>\n<h5><strong>Thiago Prado de Campos<\/strong><\/h5>\n<p><strong>Cidade de origem<\/strong>: Londrina, PR<br \/><strong>Institui\u00e7\u00e3o<\/strong>: Universidade\u00a0 Tecnol\u00f3gica Federal do Paran\u00e1 \u2013 UTFPR<br \/><strong>Temas\/\u00e1reas de Interesse<\/strong>: IHC, Usabilidade\/UX, Desenvolvimento Web, Acessibilidade na Web, Engenharia de Software<br \/><strong>Lattes<\/strong>: <a href=\"http:\/\/lattes.cnpq.br\/6006297297239084\">http:\/\/lattes.cnpq.br\/6006297297239084<\/a><br \/><strong>Researchgate: <\/strong><a href=\"https:\/\/www.researchgate.net\/profile\/Thiago-Campos-3\">https:\/\/www.researchgate.net\/profile\/Thiago-Campos-3<\/a><strong><br \/><\/strong><strong>Gooogle Scholar:\u00a0<\/strong><a href=\"https:\/\/scholar.google.com.br\/citations?hl=pt-BR&amp;user=Iw61mssAAAAJ\"> https:\/\/scholar.google.com.br\/citations?hl=pt-BR&amp;user=Iw61mssAAAAJ<\/a><\/p>\n<h3>Mestrado<\/h3>\n<h5><strong>Ana Paula Juliana Perin<\/strong><\/h5>\n<p><strong>Cidade de origem<\/strong>: Francisco Beltr\u00e3o\/PR<br \/><strong>Institui\u00e7\u00e3o<\/strong>: Universidade Federal do Paran\u00e1 \u2013 UFPR<br \/><strong>Temas\/\u00e1reas de Interesse<\/strong>: Inform\u00e1tica na Educa\u00e7\u00e3o, Educa\u00e7\u00e3o 4.0.<br \/><strong>Lattes<\/strong>:\u00a0<a href=\"http:\/\/lattes.cnpq.br\/8236693774909946\">http:\/\/lattes.cnpq.br\/8236693774909946<\/a><br \/><strong>Researchgate<\/strong>:\u00a0<a href=\"https:\/\/www.researchgate.net\/profile\/Ana_Perin4\">https:\/\/www.researchgate.net\/profile\/Ana_Perin4<\/a><\/p>\n<h5><strong>Bernardo Ferrari<\/strong><\/h5>\n<p><strong>Cidade de Origem<\/strong>: Curitiba\/PR<br \/><strong>Institui\u00e7\u00e3o<\/strong>: Universidade Federal do Paran\u00e1 \u2013 UFPR<br \/><strong>Temas\/\u00e1reas de Interesse<\/strong>: Visualiza\u00e7\u00e3o interativa dados e COVID-19. Sites responsivos, apps, Figma, Flutter e Kotlin.<br \/><strong>Lattes<\/strong>:\u00a0<a href=\"http:\/\/lattes.cnpq.br\/2362109286086478\">http:\/\/lattes.cnpq.br\/2362109286086478<\/a><br \/><strong>Researchgate<\/strong>:\u00a0<a href=\"https:\/\/www.researchgate.net\/profile\/Bernardo_Ferrari\">https:\/\/www.researchgate.net\/profile\/Bernardo_Ferrari<\/a><br \/><strong>Google Scholar<\/strong>:\u00a0<a href=\"https:\/\/scholar.google.com\/citations?user=sJaFHJIAAAAJ&amp;hl=en\">https:\/\/scholar.google.com\/citations?user=sJaFHJIAAAAJ&amp;hl=en<\/a><\/p>\n<h5><strong><b>Elissandra Gabriela Pereira<\/b><\/strong><\/h5>\n<p><strong>Cidade de origem<\/strong>: Blumenau\/SC<br \/><strong>Institui\u00e7\u00e3o<\/strong>: Universidade Federal do Paran\u00e1 \u2013 UFPR.<br \/><strong>Temas\/\u00e1reas de Interesse<\/strong>: Acessibilidade, Ensino para Surdos, Inform\u00e1tica na educa\u00e7\u00e3o e\u00a0 Intera\u00e7\u00e3o Humano Computador.<br \/><strong>Lattes<\/strong>:\u00a0<a href=\"http:\/\/lattes.cnpq.br\/2696048768278496\">http:\/\/lattes.cnpq.br\/2696048768278496<\/a><\/p>\n<h5><strong>Jo\u00e3o Victor da Silva Cardoso<\/strong><\/h5>\n<p><strong>Cidade de origem<\/strong>: Curitiba\/PR<br \/><strong>Institui\u00e7\u00e3o<\/strong>: Universidade Federal do Paran\u00e1 \u2013 UFPR<br \/><strong>Temas\/\u00e1reas de Interesse<\/strong>: Intera\u00e7\u00e3o Humano-Computador, Valores Humanos, Jogos Digitais<br \/><strong>Lattes<\/strong>:\u00a0<a href=\"http:\/\/lattes.cnpq.br\/0086502507113080\">http:\/\/lattes.cnpq.br\/0086502507113080<\/a><br \/><strong>Researchgate:\u00a0<\/strong><a href=\"https:\/\/www.researchgate.net\/profile\/Joao_Da_Silva_Cardoso\">https:\/\/www.researchgate.net\/profile\/Joao_Da_Silva_Cardoso<\/a><\/p>\n<h5><strong>Krissia Mikaelly Lopes Menezes<\/strong><\/h5>\n<p><strong>Institui\u00e7\u00e3o<\/strong>: Universidade Federal do Paran\u00e1 \u2013 UFPR<br \/><strong>Cidade de origem<\/strong>: \u00a0Bel\u00e9m\/PA.<br \/><strong>Temas\/\u00e1reas de Interesse<\/strong>: IHC, Inform\u00e1tica na Educa\u00e7\u00e3o, Design Universal, Acessibilidade, Inclus\u00e3o.<br \/><strong>Lattes<\/strong>:\u00a0<a href=\"http:\/\/lattes.cnpq.br\/1004231276752932\">http:\/\/lattes.cnpq.br\/1004231276752932<\/a><\/p>\n<h5><strong>Luiz Adolpho Baroni<\/strong><\/h5>\n<p><strong>Cidade de origem<\/strong>: Palotina\/PR<br \/><strong>Institui\u00e7\u00e3o<\/strong>: Universidade Federal do Paran\u00e1 \u2013 UFPR<br \/><strong>Temas\/\u00e1reas de Interesse<\/strong>: Fake News, Desinforma\u00e7\u00e3o nas redes sociais, WhatsApp<br \/><strong>Lattes<\/strong>:\u00a0<a href=\"http:\/\/lattes.cnpq.br\/4591280846477883\">http:\/\/lattes.cnpq.br\/4591280846477883<\/a><br \/><strong>Researchgate:\u00a0<\/strong><a href=\"https:\/\/www.researchgate.net\/profile\/Luiz_Baroni\">https:\/\/www.researchgate.net\/profile\/Luiz_Baroni<\/a><\/p>\n<h5><strong>Polianna dos Santos Paim<\/strong><\/h5>\n<p><strong>Cidade de Origem<\/strong>: Rondon\u00f3polis\/MT<br \/><strong>Institui\u00e7\u00e3o<\/strong>: Universidade Federal do Paran\u00e1 \u2013 UFPR<br \/><strong>Temas\/\u00e1reas de Interesse<\/strong>: Design de Intera\u00e7\u00e3o para a inclus\u00e3o e o desenvolvimento social, Intera\u00e7\u00e3o Humano-Computador Feminista<br \/><strong>Lattes<\/strong>:\u00a0<a href=\"http:\/\/lattes.cnpq.br\/1422240051972405\">http:\/\/lattes.cnpq.br\/1422240051972405<\/a><br \/><strong>Researchgate<\/strong>:\u00a0<a href=\"https:\/\/www.researchgate.net\/profile\/Polianna_Paim\">https:\/\/www.researchgate.net\/profile\/Polianna_Paim<\/a><br \/><strong>Google Scholar<\/strong>:\u00a0<a href=\"https:\/\/scholar.google.com\/citations?hl=pt-BR&amp;user=dy_KA7MAAAAJ\">https:\/\/scholar.google.com\/citations?hl=pt-BR&amp;user=dy_KA7MAAAAJ<\/a><\/p>\n<h5><strong>Vicente Ant\u00f4nio da Concei\u00e7\u00e3o J\u00fanior<\/strong><\/h5>\n<p><strong>Cidade de origem<\/strong>: Cuiab\u00e1\/MT<br \/><strong>Institui\u00e7\u00e3o<\/strong>: Universidade Federal do Paran\u00e1\u00a0\u2013 UFPR.<br \/><strong>Temas\/\u00e1reas de Interesse<\/strong>: Intera\u00e7\u00e3o Humano Computador, Jogos S\u00e9rios e Realidade Virtual\/Aumentada<br \/><strong>Lattes:\u00a0<\/strong><a href=\"http:\/\/lattes.cnpq.br\/4417571577710905\">http:\/\/lattes.cnpq.br\/4417571577710905<\/a><a href=\"http:\/\/buscatextual.cnpq.br\/buscatextual\/visualizacv.do?id=K8728871U5\"><br \/><\/a><strong>Researchgate:\u00a0\u00a0<\/strong><a href=\"https:\/\/www.researchgate.net\/profile\/Vicente_Conceicao\">https:\/\/www.researchgate.net\/profile\/Vicente_Conceicao<\/a><br \/><strong>Google Scholar:\u00a0<\/strong><a href=\"https:\/\/scholar.google.com\/citations?user=wiL11M4AAAAJ&amp;hl=en\">https:\/\/scholar.google.com\/citations?user=wiL11M4AAAAJ&amp;hl=en<\/a><\/p>\n<p>\u00a0<\/p>\n","protected":false},"excerpt":{"rendered":"","protected":false},"author":20,"featured_media":0,"parent":0,"menu_order":0,"comment_status":"closed","ping_status":"closed","template":"","meta":{"colormag_page_container_layout":"default_layout","colormag_page_sidebar_layout":"default_layout","footnotes":""},"class_list":["post-475","page","type-page","status-publish","hentry"],"_links":{"self":[{"href":"https:\/\/web.inf.ufpr.br\/ihc\/wp-json\/wp\/v2\/pages\/475","targetHints":{"allow":["GET"]}}],"collection":[{"href":"https:\/\/web.inf.ufpr.br\/ihc\/wp-json\/wp\/v2\/pages"}],"about":[{"href":"https:\/\/web.inf.ufpr.br\/ihc\/wp-json\/wp\/v2\/types\/page"}],"author":[{"embeddable":true,"href":"https:\/\/web.inf.ufpr.br\/ihc\/wp-json\/wp\/v2\/users\/20"}],"replies":[{"embeddable":true,"href":"https:\/\/web.inf.ufpr.br\/ihc\/wp-json\/wp\/v2\/comments?post=475"}],"version-history":[{"count":15,"href":"https:\/\/web.inf.ufpr.br\/ihc\/wp-json\/wp\/v2\/pages\/475\/revisions"}],"predecessor-version":[{"id":669,"href":"https:\/\/web.inf.ufpr.br\/ihc\/wp-json\/wp\/v2\/pages\/475\/revisions\/669"}],"wp:attachment":[{"href":"https:\/\/web.inf.ufpr.br\/ihc\/wp-json\/wp\/v2\/media?parent=475"}],"curies":[{"name":"wp","href":"https:\/\/api.w.org\/{rel}","templated":true}]}}