{"id":459,"date":"2021-06-23T10:36:38","date_gmt":"2021-06-23T13:36:38","guid":{"rendered":"https:\/\/web.inf.ufpr.br\/ihc\/?page_id=459"},"modified":"2021-06-27T21:30:12","modified_gmt":"2021-06-28T00:30:12","slug":"docentes","status":"publish","type":"page","link":"https:\/\/web.inf.ufpr.br\/ihc\/docentes\/","title":{"rendered":"Docentes"},"content":{"rendered":"\n<p>Docentes do grupo que atualmente orientam pesquisas em n\u00edvel de mestrado e doutorado pelo <a href=\"http:\/\/www.prppg.ufpr.br\/ppginformatica\/?lang=pb\" target=\"_blank\" rel=\"noopener\">PPGInf &#8211; Programa de P\u00f3s-Gradua\u00e7\u00e3o em Inform\u00e1tica<\/a>.<\/p>\n<h5><strong>Laura S\u00e1nchez Garc\u00eda<\/strong><\/h5>\n<p><img decoding=\"async\" class=\"size-thumbnail wp-image-368 alignleft\" src=\"http:\/\/web.inf.ufpr.br\/ihc\/wp-content\/uploads\/sites\/18\/2020\/09\/88174068_1359266940932995_7477150183839498240_o-e1600310942254-150x150.jpg\" alt=\"\" width=\"150\" height=\"150\" \/><\/p>\n<p>UFPR \u2013 Universidade Federal do Paran\u00e1<br \/><strong>Interesse<\/strong>: Design de Intera\u00e7\u00e3o para a inclus\u00e3o e o desenvolvimento social; Letramento para todos; Processamento de l\u00ednguas de sinais<br \/><a href=\"http:\/\/lattes.cnpq.br\/5189181174191518\" target=\"_blank\" rel=\"noopener\">Lattes<\/a><br \/><a href=\"https:\/\/www.researchgate.net\/profile\/Laura_Sanchez_Garcia\" target=\"_blank\" rel=\"noopener\">Researchgate<\/a><a href=\"https:\/\/www.researchgate.net\/profile\/Laura_Sanchez_Garcia\" target=\"_blank\" rel=\"noopener noreferrer\"><br \/><\/a><a href=\"https:\/\/scholar.google.com.br\/citations?user=HJT0JpwAAAAJ&amp;hl=pt-BR\" target=\"_blank\" rel=\"noopener\">Google Scholar<\/a><\/p>\n<h5><strong>M. Cec\u00edlia C. Baranauskas<\/strong><\/h5>\n<p><img decoding=\"async\" class=\"size-thumbnail wp-image-467 alignleft\" src=\"http:\/\/web.inf.ufpr.br\/ihc\/wp-content\/uploads\/sites\/18\/2021\/06\/cecilia-150x150.png\" alt=\"\" width=\"150\" height=\"150\" \/>UNICAMP &#8211; Universidade Estadual de Campinas<br \/><strong>Interesse<\/strong>: Design Socialmente Consciente, Semi\u00f3tica Organizacional, Design Participativo, Sistemas Socioenativos, Open Design<br \/><a href=\"http:\/\/lattes.cnpq.br\/1750385790843118\" target=\"_blank\" rel=\"noopener\">Lattes<\/a><br \/><a href=\"https:\/\/www.researchgate.net\/profile\/M-Cecilia-Baranauskas\" target=\"_blank\" rel=\"noopener\">Researchgate<\/a><a href=\"https:\/\/www.researchgate.net\/profile\/Laura_Sanchez_Garcia\" target=\"_blank\" rel=\"noopener noreferrer\"><br \/><\/a><a href=\"https:\/\/scholar.google.com.br\/citations?user=qr0RsjsAAAAJ&amp;hl=pt-BR\" target=\"_blank\" rel=\"noopener\">Google Scholar<\/a><\/p>\n<p>\u00a0<\/p>\n<h5><strong>Natasha Malveira Costa Valentim<\/strong><\/h5>\n<p dir=\"ltr\"><img decoding=\"async\" class=\"size-thumbnail wp-image-372 alignleft\" src=\"http:\/\/web.inf.ufpr.br\/ihc\/wp-content\/uploads\/sites\/18\/2020\/09\/servletrecuperafoto-150x150.jpg\" alt=\"\" width=\"150\" height=\"150\" \/>UFPR \u2013 Universidade Federal do Paran\u00e1<br \/><strong>Interesse<\/strong>: IHC; Usabilidade; Experi\u00eancia do Usu\u00e1rio; Acessibilidade; IHC Experimental; Sistemas Conversacionais; Engenharia de Software Experimental; Inform\u00e1tica na Educa\u00e7\u00e3o; Educa\u00e7\u00e3o 4.0; Educa\u00e7\u00e3o em Computa\u00e7\u00e3o.<br \/><a href=\"http:\/\/lattes.cnpq.br\/1374747002879287\" target=\"_blank\" rel=\"noopener\">Lattes<\/a><a href=\"http:\/\/lattes.cnpq.br\/1374747002879287\" target=\"_blank\" rel=\"noopener noreferrer\"><br \/><\/a><a href=\"https:\/\/www.researchgate.net\/profile\/Natasha_Valentim\" target=\"_blank\" rel=\"noopener\">Researchgate<\/a><a href=\"https:\/\/www.researchgate.net\/profile\/Roberto_Pereira2\" target=\"_blank\" rel=\"noopener noreferrer\"><br \/><\/a><a href=\"https:\/\/scholar.google.com\/citations?user=hAsUoQIAAAAJ&amp;hl=pt-BR\" target=\"_blank\" rel=\"noopener\">Google Scholar<\/a>\u00a0<\/p>\n<h5><strong>Roberto Pereira<\/strong><\/h5>\n<p dir=\"ltr\"><img loading=\"lazy\" decoding=\"async\" class=\"size-thumbnail wp-image-375 alignleft\" src=\"http:\/\/web.inf.ufpr.br\/ihc\/wp-content\/uploads\/sites\/18\/2020\/09\/95448335_4062602003757898_794209035795562496_n-e1600311839517-150x150.jpg\" alt=\"\" width=\"150\" height=\"150\" srcset=\"https:\/\/web.inf.ufpr.br\/ihc\/wp-content\/uploads\/sites\/18\/2020\/09\/95448335_4062602003757898_794209035795562496_n-e1600311839517-150x150.jpg 150w, https:\/\/web.inf.ufpr.br\/ihc\/wp-content\/uploads\/sites\/18\/2020\/09\/95448335_4062602003757898_794209035795562496_n-e1600311839517-300x298.jpg 300w, https:\/\/web.inf.ufpr.br\/ihc\/wp-content\/uploads\/sites\/18\/2020\/09\/95448335_4062602003757898_794209035795562496_n-e1600311839517-768x762.jpg 768w, https:\/\/web.inf.ufpr.br\/ihc\/wp-content\/uploads\/sites\/18\/2020\/09\/95448335_4062602003757898_794209035795562496_n-e1600311839517.jpg 842w\" sizes=\"(max-width: 150px) 100vw, 150px\" \/>UFPR \u2013 Universidade Federal do Paran\u00e1<br \/><strong>Interesse<\/strong>: Valores Humanos e Cultura em Tecnologias de Informa\u00e7\u00e3o e Comunica\u00e7\u00e3o; Design Socialmente Consciente; IHC e Engenharia de Software; Semi\u00f3tica Organizacional; Inform\u00e1tica na Educa\u00e7\u00e3o; Educa\u00e7\u00e3o em Computa\u00e7\u00e3o; Sistemas de Informa\u00e7\u00e3o.<br \/><a href=\"http:\/\/lattes.cnpq.br\/1607596289960868\" target=\"_blank\" rel=\"noopener\">Lattes<\/a>\u00a0<a href=\"http:\/\/lattes.cnpq.br\/1607596289960868\" target=\"_blank\" rel=\"noopener noreferrer\"><br \/><\/a><a href=\"https:\/\/www.researchgate.net\/profile\/Roberto_Pereira2\" target=\"_blank\" rel=\"noopener\">Researchgate\u00a0<\/a><a href=\"https:\/\/www.researchgate.net\/profile\/Roberto_Pereira2\" target=\"_blank\" rel=\"noopener noreferrer\"><br \/><\/a><a href=\"https:\/\/scholar.google.com\/citations?user=rZ52C8YAAAAJ&amp;hl=en\" target=\"_blank\" rel=\"noopener\">Google Scholar<\/a><br \/><a href=\"http:\/\/www.inf.ufpr.br\/rpereira\/\" target=\"_blank\" rel=\"noopener\">P\u00e1gina Pessoal<\/a>\u00a0<br \/>\u00a0<\/p>\n","protected":false},"excerpt":{"rendered":"","protected":false},"author":20,"featured_media":0,"parent":0,"menu_order":0,"comment_status":"closed","ping_status":"closed","template":"","meta":{"colormag_page_container_layout":"default_layout","colormag_page_sidebar_layout":"default_layout","footnotes":""},"class_list":["post-459","page","type-page","status-publish","hentry"],"_links":{"self":[{"href":"https:\/\/web.inf.ufpr.br\/ihc\/wp-json\/wp\/v2\/pages\/459","targetHints":{"allow":["GET"]}}],"collection":[{"href":"https:\/\/web.inf.ufpr.br\/ihc\/wp-json\/wp\/v2\/pages"}],"about":[{"href":"https:\/\/web.inf.ufpr.br\/ihc\/wp-json\/wp\/v2\/types\/page"}],"author":[{"embeddable":true,"href":"https:\/\/web.inf.ufpr.br\/ihc\/wp-json\/wp\/v2\/users\/20"}],"replies":[{"embeddable":true,"href":"https:\/\/web.inf.ufpr.br\/ihc\/wp-json\/wp\/v2\/comments?post=459"}],"version-history":[{"count":18,"href":"https:\/\/web.inf.ufpr.br\/ihc\/wp-json\/wp\/v2\/pages\/459\/revisions"}],"predecessor-version":[{"id":553,"href":"https:\/\/web.inf.ufpr.br\/ihc\/wp-json\/wp\/v2\/pages\/459\/revisions\/553"}],"wp:attachment":[{"href":"https:\/\/web.inf.ufpr.br\/ihc\/wp-json\/wp\/v2\/media?parent=459"}],"curies":[{"name":"wp","href":"https:\/\/api.w.org\/{rel}","templated":true}]}}