{"id":14,"date":"2018-12-18T09:29:25","date_gmt":"2018-12-18T11:29:25","guid":{"rendered":"http:\/\/web.inf.ufpr.br\/hipes\/?page_id=14"},"modified":"2022-11-14T15:19:21","modified_gmt":"2022-11-14T18:19:21","slug":"main","status":"publish","type":"page","link":"https:\/\/web.inf.ufpr.br\/hipes\/","title":{"rendered":"Principal"},"content":{"rendered":"\t\t<div data-elementor-type=\"wp-post\" data-elementor-id=\"14\" class=\"elementor elementor-14\">\n\t\t\t\t\t\t<section class=\"elementor-section elementor-top-section elementor-element elementor-element-f2da352 elementor-section-boxed elementor-section-height-default elementor-section-height-default\" data-id=\"f2da352\" data-element_type=\"section\" data-e-type=\"section\">\n\t\t\t\t\t\t<div class=\"elementor-container elementor-column-gap-default\">\n\t\t\t\t\t<div class=\"elementor-column elementor-col-100 elementor-top-column elementor-element elementor-element-9924211\" data-id=\"9924211\" data-element_type=\"column\" data-e-type=\"column\">\n\t\t\t<div class=\"elementor-widget-wrap elementor-element-populated\">\n\t\t\t\t\t\t<div class=\"elementor-element elementor-element-4a10d02 elementor-widget elementor-widget-menu-anchor\" data-id=\"4a10d02\" data-element_type=\"widget\" data-e-type=\"widget\" data-widget_type=\"menu-anchor.default\">\n\t\t\t\t<div class=\"elementor-widget-container\">\n\t\t\t\t\t\t\t<div class=\"elementor-menu-anchor\" id=\"Principal\"><\/div>\n\t\t\t\t\t\t<\/div>\n\t\t\t\t<\/div>\n\t\t\t\t<div class=\"elementor-element elementor-element-956b4ba elementor-widget elementor-widget-spacer\" data-id=\"956b4ba\" data-element_type=\"widget\" data-e-type=\"widget\" data-widget_type=\"spacer.default\">\n\t\t\t\t<div class=\"elementor-widget-container\">\n\t\t\t\t\t\t\t<div class=\"elementor-spacer\">\n\t\t\t<div class=\"elementor-spacer-inner\"><\/div>\n\t\t<\/div>\n\t\t\t\t\t\t<\/div>\n\t\t\t\t<\/div>\n\t\t\t\t<div class=\"elementor-element elementor-element-e1dbcc5 elementor-widget elementor-widget-heading\" data-id=\"e1dbcc5\" data-element_type=\"widget\" data-e-type=\"widget\" data-widget_type=\"heading.default\">\n\t\t\t\t<div class=\"elementor-widget-container\">\n\t\t\t\t\t<h2 class=\"elementor-heading-title elementor-size-default\">HiPES<\/h2>\t\t\t\t<\/div>\n\t\t\t\t<\/div>\n\t\t\t\t<div class=\"elementor-element elementor-element-b84abda elementor-widget elementor-widget-text-editor\" data-id=\"b84abda\" data-element_type=\"widget\" data-e-type=\"widget\" data-widget_type=\"text-editor.default\">\n\t\t\t\t<div class=\"elementor-widget-container\">\n\t\t\t\t\t\t\t\t\t<p style=\"font-variant-ligatures: normal; font-variant-caps: normal; font-style: normal; font-weight: 400;\"><span style=\"font-family: arial, helvetica, sans-serif; font-size: 12pt; font-style: normal; font-variant-ligatures: normal; font-variant-caps: normal; font-weight: 400;\">O HiPES \u00e9 um grupo de pesquisa registrado no CNPq e vinculado ao programa de p\u00f3s-gradua\u00e7\u00e3o em inform\u00e1tica da Universidade Federal do Paran\u00e1 (UFPR).<\/span><\/p><p style=\"font-variant-ligatures: normal; font-variant-caps: normal; font-style: normal; font-weight: 400;\"><span style=\"font-family: arial, helvetica, sans-serif; font-size: 12pt; font-style: normal; font-variant-ligatures: normal; font-variant-caps: normal; font-weight: 400;\">\u00a0<\/span><\/p><p style=\"font-variant-ligatures: normal; font-variant-caps: normal; font-style: normal; font-weight: 400;\"><span style=\"font-size: 12pt; font-family: arial, helvetica, sans-serif;\">Nossas principais \u00e1reas de pesquisa s\u00e3o as seguintes:<\/span><\/p><ul style=\"font-variant-ligatures: normal; font-variant-caps: normal; font-family: Roboto, sans-serif; font-size: 16px; font-style: normal; font-weight: 400;\"><li style=\"font-size: 16px;\"><span style=\"font-size: 12pt; font-family: arial, helvetica, sans-serif;\">Arquitetura de Computadores<\/span><\/li><li style=\"font-size: 16px;\"><span style=\"font-size: 12pt; font-family: arial, helvetica, sans-serif;\">Sistemas Embarcados<\/span><\/li><li style=\"font-size: 16px;\"><span style=\"font-size: 12pt; font-family: arial, helvetica, sans-serif;\">Computa\u00e7\u00e3o de Alto Desempenho<\/span><\/li><li style=\"font-size: 16px;\"><span style=\"font-size: 12pt; font-family: arial, helvetica, sans-serif;\">Toler\u00e2ncia a Falhas<\/span><\/li><li style=\"font-size: 16px;\"><span style=\"font-size: 12pt; font-family: arial, helvetica, sans-serif;\">Seguran\u00e7a e Criptografia<\/span><\/li><li style=\"font-size: 16px;\"><span style=\"font-size: 12pt; font-family: arial, helvetica, sans-serif;\">Redes de Computadores<\/span><\/li><\/ul><p style=\"font-variant-ligatures: normal; font-variant-caps: normal; font-style: normal; font-weight: 400;\"><span style=\"font-size: 12pt; font-family: arial, helvetica, sans-serif;\">Para conhecer mais sobre nossa pesquisa, veja a p\u00e1gina individual dos pesquisadores membros do grupo.<\/span><\/p>\t\t\t\t\t\t\t\t<\/div>\n\t\t\t\t<\/div>\n\t\t\t\t\t<\/div>\n\t\t<\/div>\n\t\t\t\t\t<\/div>\n\t\t<\/section>\n\t\t\t\t<section class=\"elementor-section elementor-top-section elementor-element elementor-element-add5155 elementor-section-boxed elementor-section-height-default elementor-section-height-default\" data-id=\"add5155\" data-element_type=\"section\" data-e-type=\"section\">\n\t\t\t\t\t\t<div class=\"elementor-container elementor-column-gap-default\">\n\t\t\t\t\t<div class=\"elementor-column elementor-col-100 elementor-top-column elementor-element elementor-element-561a145\" data-id=\"561a145\" data-element_type=\"column\" data-e-type=\"column\">\n\t\t\t<div class=\"elementor-widget-wrap elementor-element-populated\">\n\t\t\t\t\t\t<div class=\"elementor-element elementor-element-58e7abe elementor-widget elementor-widget-menu-anchor\" data-id=\"58e7abe\" data-element_type=\"widget\" data-e-type=\"widget\" data-widget_type=\"menu-anchor.default\">\n\t\t\t\t<div class=\"elementor-widget-container\">\n\t\t\t\t\t\t\t<div class=\"elementor-menu-anchor\" id=\"Pesquisadores\"><\/div>\n\t\t\t\t\t\t<\/div>\n\t\t\t\t<\/div>\n\t\t\t\t<div class=\"elementor-element elementor-element-f8fc4ec elementor-widget elementor-widget-spacer\" data-id=\"f8fc4ec\" data-element_type=\"widget\" data-e-type=\"widget\" data-widget_type=\"spacer.default\">\n\t\t\t\t<div class=\"elementor-widget-container\">\n\t\t\t\t\t\t\t<div class=\"elementor-spacer\">\n\t\t\t<div class=\"elementor-spacer-inner\"><\/div>\n\t\t<\/div>\n\t\t\t\t\t\t<\/div>\n\t\t\t\t<\/div>\n\t\t\t\t<div class=\"elementor-element elementor-element-b52a789 elementor-widget elementor-widget-heading\" data-id=\"b52a789\" data-element_type=\"widget\" data-e-type=\"widget\" data-widget_type=\"heading.default\">\n\t\t\t\t<div class=\"elementor-widget-container\">\n\t\t\t\t\t<h2 class=\"elementor-heading-title elementor-size-default\">Professores Pesquisadores<\/h2>\t\t\t\t<\/div>\n\t\t\t\t<\/div>\n\t\t\t\t\t<\/div>\n\t\t<\/div>\n\t\t\t\t\t<\/div>\n\t\t<\/section>\n\t\t\t\t<section class=\"elementor-section elementor-top-section elementor-element elementor-element-2b70ce8 elementor-section-boxed elementor-section-height-default elementor-section-height-default\" data-id=\"2b70ce8\" data-element_type=\"section\" data-e-type=\"section\">\n\t\t\t\t\t\t<div class=\"elementor-container elementor-column-gap-default\">\n\t\t\t\t\t<div class=\"elementor-column elementor-col-33 elementor-top-column elementor-element elementor-element-a672019\" data-id=\"a672019\" data-element_type=\"column\" data-e-type=\"column\">\n\t\t\t<div class=\"elementor-widget-wrap elementor-element-populated\">\n\t\t\t\t\t\t<div class=\"elementor-element elementor-element-07fbe6f elementor-widget elementor-widget-image\" data-id=\"07fbe6f\" data-element_type=\"widget\" data-e-type=\"widget\" data-widget_type=\"image.default\">\n\t\t\t\t<div class=\"elementor-widget-container\">\n\t\t\t\t\t\t\t\t\t\t\t\t\t\t\t\t<a href=\"https:\/\/web.inf.ufpr.br\/mazalves\/\">\n\t\t\t\t\t\t\t<img fetchpriority=\"high\" decoding=\"async\" width=\"300\" height=\"300\" src=\"https:\/\/web.inf.ufpr.br\/hipes\/wp-content\/uploads\/sites\/23\/2018\/12\/Zanata480BW-300x300.jpg\" class=\"attachment-medium size-medium wp-image-53\" alt=\"Foto Professor Zanata\" srcset=\"https:\/\/web.inf.ufpr.br\/hipes\/wp-content\/uploads\/sites\/23\/2018\/12\/Zanata480BW-300x300.jpg 300w, https:\/\/web.inf.ufpr.br\/hipes\/wp-content\/uploads\/sites\/23\/2018\/12\/Zanata480BW-150x150.jpg 150w, https:\/\/web.inf.ufpr.br\/hipes\/wp-content\/uploads\/sites\/23\/2018\/12\/Zanata480BW.jpg 480w\" sizes=\"(max-width: 300px) 100vw, 300px\" \/>\t\t\t\t\t\t\t\t<\/a>\n\t\t\t\t\t\t\t\t\t\t\t\t\t\t\t<\/div>\n\t\t\t\t<\/div>\n\t\t\t\t<div class=\"elementor-element elementor-element-eda007d elementor-widget elementor-widget-heading\" data-id=\"eda007d\" data-element_type=\"widget\" data-e-type=\"widget\" data-widget_type=\"heading.default\">\n\t\t\t\t<div class=\"elementor-widget-container\">\n\t\t\t\t\t<h5 class=\"elementor-heading-title elementor-size-default\"><a href=\"https:\/\/web.inf.ufpr.br\/mazalves\/\">Prof. Dr.<br>Marco Antonio<br>Zanata Alves<\/a><\/h5>\t\t\t\t<\/div>\n\t\t\t\t<\/div>\n\t\t\t\t<div class=\"elementor-element elementor-element-60e810f elementor-widget elementor-widget-text-editor\" data-id=\"60e810f\" data-element_type=\"widget\" data-e-type=\"widget\" data-widget_type=\"text-editor.default\">\n\t\t\t\t<div class=\"elementor-widget-container\">\n\t\t\t\t\t\t\t\t\t<p><span style=\"font-size: 12pt; font-family: arial, helvetica, sans-serif;\"><span style=\"font-style: normal; font-variant-ligatures: normal; font-variant-caps: normal; text-align: center; white-space: pre-wrap;\"><b>\u00c1reas de Interesse:<\/b><\/span><span style=\"font-style: normal; font-variant-ligatures: normal; font-variant-caps: normal; font-weight: 400; text-align: center; white-space: pre-wrap;\"> Arquitetura de Computadores, Processamento de Alto Desempenho e Sistemas Embarcados.<\/span><\/span><\/p>\t\t\t\t\t\t\t\t<\/div>\n\t\t\t\t<\/div>\n\t\t\t\t\t<\/div>\n\t\t<\/div>\n\t\t\t\t<div class=\"elementor-column elementor-col-33 elementor-top-column elementor-element elementor-element-84f5da1\" data-id=\"84f5da1\" data-element_type=\"column\" data-e-type=\"column\">\n\t\t\t<div class=\"elementor-widget-wrap elementor-element-populated\">\n\t\t\t\t\t\t<div class=\"elementor-element elementor-element-026c231 elementor-widget elementor-widget-image\" data-id=\"026c231\" data-element_type=\"widget\" data-e-type=\"widget\" data-widget_type=\"image.default\">\n\t\t\t\t<div class=\"elementor-widget-container\">\n\t\t\t\t\t\t\t\t\t\t\t\t\t\t\t\t<a href=\"http:\/\/www.inf.ufpr.br\/albini\">\n\t\t\t\t\t\t\t<img decoding=\"async\" width=\"300\" height=\"300\" src=\"https:\/\/web.inf.ufpr.br\/hipes\/wp-content\/uploads\/sites\/23\/2018\/12\/Albini480BW-300x300.jpg\" class=\"attachment-medium size-medium wp-image-51\" alt=\"Foto Professor Albini\" srcset=\"https:\/\/web.inf.ufpr.br\/hipes\/wp-content\/uploads\/sites\/23\/2018\/12\/Albini480BW-300x300.jpg 300w, https:\/\/web.inf.ufpr.br\/hipes\/wp-content\/uploads\/sites\/23\/2018\/12\/Albini480BW-150x150.jpg 150w, https:\/\/web.inf.ufpr.br\/hipes\/wp-content\/uploads\/sites\/23\/2018\/12\/Albini480BW.jpg 480w\" sizes=\"(max-width: 300px) 100vw, 300px\" \/>\t\t\t\t\t\t\t\t<\/a>\n\t\t\t\t\t\t\t\t\t\t\t\t\t\t\t<\/div>\n\t\t\t\t<\/div>\n\t\t\t\t<div class=\"elementor-element elementor-element-2474fdd elementor-widget elementor-widget-heading\" data-id=\"2474fdd\" data-element_type=\"widget\" data-e-type=\"widget\" data-widget_type=\"heading.default\">\n\t\t\t\t<div class=\"elementor-widget-container\">\n\t\t\t\t\t<h5 class=\"elementor-heading-title elementor-size-default\"><a href=\"http:\/\/www.inf.ufpr.br\/albini\">Prof. Dr.<br>Luis Carlos<br>Pessoa Albini <\/a><\/h5>\t\t\t\t<\/div>\n\t\t\t\t<\/div>\n\t\t\t\t<div class=\"elementor-element elementor-element-457dcb4 elementor-widget elementor-widget-text-editor\" data-id=\"457dcb4\" data-element_type=\"widget\" data-e-type=\"widget\" data-widget_type=\"text-editor.default\">\n\t\t\t\t<div class=\"elementor-widget-container\">\n\t\t\t\t\t\t\t\t\t<p><span style=\"font-size: 12pt; font-family: arial, helvetica, sans-serif;\"><b>\u00c1reas de Interesse:<\/b> Seguran\u00e7a e criptografia, Redes de Computadores, Internet das Coisas (IoT).<\/span><\/p>\t\t\t\t\t\t\t\t<\/div>\n\t\t\t\t<\/div>\n\t\t\t\t\t<\/div>\n\t\t<\/div>\n\t\t\t\t<div class=\"elementor-column elementor-col-33 elementor-top-column elementor-element elementor-element-fd564fb\" data-id=\"fd564fb\" data-element_type=\"column\" data-e-type=\"column\">\n\t\t\t<div class=\"elementor-widget-wrap elementor-element-populated\">\n\t\t\t\t\t\t<div class=\"elementor-element elementor-element-cfe5275 elementor-widget elementor-widget-image\" data-id=\"cfe5275\" data-element_type=\"widget\" data-e-type=\"widget\" data-widget_type=\"image.default\">\n\t\t\t\t<div class=\"elementor-widget-container\">\n\t\t\t\t\t\t\t\t\t\t\t\t\t\t\t\t<a href=\"http:\/\/www.inf.ufpr.br\/dagoliveira\/\">\n\t\t\t\t\t\t\t<img decoding=\"async\" width=\"300\" height=\"300\" src=\"https:\/\/web.inf.ufpr.br\/hipes\/wp-content\/uploads\/sites\/23\/2019\/05\/daniel-gray-scale-e1619965765159-300x300.jpg\" class=\"attachment-medium size-medium wp-image-129\" alt=\"Foto Professor Daniel\" srcset=\"https:\/\/web.inf.ufpr.br\/hipes\/wp-content\/uploads\/sites\/23\/2019\/05\/daniel-gray-scale-e1619965765159-300x300.jpg 300w, https:\/\/web.inf.ufpr.br\/hipes\/wp-content\/uploads\/sites\/23\/2019\/05\/daniel-gray-scale-e1619965765159-150x150.jpg 150w, https:\/\/web.inf.ufpr.br\/hipes\/wp-content\/uploads\/sites\/23\/2019\/05\/daniel-gray-scale-e1619965765159.jpg 489w\" sizes=\"(max-width: 300px) 100vw, 300px\" \/>\t\t\t\t\t\t\t\t<\/a>\n\t\t\t\t\t\t\t\t\t\t\t\t\t\t\t<\/div>\n\t\t\t\t<\/div>\n\t\t\t\t<div class=\"elementor-element elementor-element-c3a1185 elementor-widget elementor-widget-heading\" data-id=\"c3a1185\" data-element_type=\"widget\" data-e-type=\"widget\" data-widget_type=\"heading.default\">\n\t\t\t\t<div class=\"elementor-widget-container\">\n\t\t\t\t\t<h5 class=\"elementor-heading-title elementor-size-default\"><a href=\"http:\/\/www.inf.ufpr.br\/dagoliveira\/\">Prof. Dr.<br>Daniel Alfonso<br>G. de Oliveira<\/a><\/h5>\t\t\t\t<\/div>\n\t\t\t\t<\/div>\n\t\t\t\t<div class=\"elementor-element elementor-element-4175198 elementor-widget elementor-widget-text-editor\" data-id=\"4175198\" data-element_type=\"widget\" data-e-type=\"widget\" data-widget_type=\"text-editor.default\">\n\t\t\t\t<div class=\"elementor-widget-container\">\n\t\t\t\t\t\t\t\t\t<p><span style=\"font-family: arial, helvetica, sans-serif;\"><b>\u00c1reas de Interesse:<\/b> Toler\u00e2ncia a falhas, Arquitetura de Computadores, Processamento de Alto Desempenho.<\/span><\/p>\t\t\t\t\t\t\t\t<\/div>\n\t\t\t\t<\/div>\n\t\t\t\t\t<\/div>\n\t\t<\/div>\n\t\t\t\t\t<\/div>\n\t\t<\/section>\n\t\t\t\t<section class=\"elementor-section elementor-top-section elementor-element elementor-element-f9b712d elementor-section-boxed elementor-section-height-default elementor-section-height-default\" data-id=\"f9b712d\" data-element_type=\"section\" data-e-type=\"section\">\n\t\t\t\t\t\t<div class=\"elementor-container elementor-column-gap-default\">\n\t\t\t\t\t<div class=\"elementor-column elementor-col-100 elementor-top-column elementor-element elementor-element-c6f611b\" data-id=\"c6f611b\" data-element_type=\"column\" data-e-type=\"column\">\n\t\t\t<div class=\"elementor-widget-wrap elementor-element-populated\">\n\t\t\t\t\t\t<div class=\"elementor-element elementor-element-fc4199d elementor-widget elementor-widget-menu-anchor\" data-id=\"fc4199d\" data-element_type=\"widget\" data-e-type=\"widget\" data-widget_type=\"menu-anchor.default\">\n\t\t\t\t<div class=\"elementor-widget-container\">\n\t\t\t\t\t\t\t<div class=\"elementor-menu-anchor\" id=\"Inscrever\"><\/div>\n\t\t\t\t\t\t<\/div>\n\t\t\t\t<\/div>\n\t\t\t\t<div class=\"elementor-element elementor-element-bc69117 elementor-widget elementor-widget-spacer\" data-id=\"bc69117\" data-element_type=\"widget\" data-e-type=\"widget\" data-widget_type=\"spacer.default\">\n\t\t\t\t<div class=\"elementor-widget-container\">\n\t\t\t\t\t\t\t<div class=\"elementor-spacer\">\n\t\t\t<div class=\"elementor-spacer-inner\"><\/div>\n\t\t<\/div>\n\t\t\t\t\t\t<\/div>\n\t\t\t\t<\/div>\n\t\t\t\t<div class=\"elementor-element elementor-element-ff767aa elementor-widget elementor-widget-image\" data-id=\"ff767aa\" data-element_type=\"widget\" data-e-type=\"widget\" data-widget_type=\"image.default\">\n\t\t\t\t<div class=\"elementor-widget-container\">\n\t\t\t\t\t\t\t\t\t\t\t\t\t\t\t<img loading=\"lazy\" decoding=\"async\" width=\"800\" height=\"430\" src=\"https:\/\/web.inf.ufpr.br\/hipes\/wp-content\/uploads\/sites\/23\/2021\/05\/IMG_20200622_095658391-1024x550.jpg\" class=\"attachment-large size-large wp-image-211\" alt=\"Vista do Laborat\u00f3rio HiPES\" srcset=\"https:\/\/web.inf.ufpr.br\/hipes\/wp-content\/uploads\/sites\/23\/2021\/05\/IMG_20200622_095658391-1024x550.jpg 1024w, https:\/\/web.inf.ufpr.br\/hipes\/wp-content\/uploads\/sites\/23\/2021\/05\/IMG_20200622_095658391-300x161.jpg 300w, https:\/\/web.inf.ufpr.br\/hipes\/wp-content\/uploads\/sites\/23\/2021\/05\/IMG_20200622_095658391-768x412.jpg 768w, https:\/\/web.inf.ufpr.br\/hipes\/wp-content\/uploads\/sites\/23\/2021\/05\/IMG_20200622_095658391-1536x825.jpg 1536w, https:\/\/web.inf.ufpr.br\/hipes\/wp-content\/uploads\/sites\/23\/2021\/05\/IMG_20200622_095658391-2048x1099.jpg 2048w\" sizes=\"(max-width: 800px) 100vw, 800px\" \/>\t\t\t\t\t\t\t\t\t\t\t\t\t\t\t<\/div>\n\t\t\t\t<\/div>\n\t\t\t\t<div class=\"elementor-element elementor-element-203b0e3 elementor-widget elementor-widget-heading\" data-id=\"203b0e3\" data-element_type=\"widget\" data-e-type=\"widget\" data-widget_type=\"heading.default\">\n\t\t\t\t<div class=\"elementor-widget-container\">\n\t\t\t\t\t<h2 class=\"elementor-heading-title elementor-size-default\">Fa\u00e7a Parte do HiPES<\/h2>\t\t\t\t<\/div>\n\t\t\t\t<\/div>\n\t\t\t\t<div class=\"elementor-element elementor-element-22e0a78 elementor-widget elementor-widget-text-editor\" data-id=\"22e0a78\" data-element_type=\"widget\" data-e-type=\"widget\" data-widget_type=\"text-editor.default\">\n\t\t\t\t<div class=\"elementor-widget-container\">\n\t\t\t\t\t\t\t\t\t<p><span style=\"font-size: 12pt; font-family: arial, helvetica, sans-serif;\">A forma de sele\u00e7\u00e3o de novos alunos \u00e9 feita por meio do programa de p\u00f3s-gradua\u00e7\u00e3o de duas formas:<\/span><\/p><p><span style=\"font-size: 12pt; font-family: arial, helvetica, sans-serif;\"><strong>Mestrado:<\/strong> a sele\u00e7\u00e3o de novos alunos \u00e9 feita semestralmente, sendo limitado o n\u00famero de vagas de acordo com a capacidade de orienta\u00e7\u00e3o e exist\u00eancia de candidatos qualificados.\u00a0<\/span><\/p><p><span style=\"font-size: 12pt; font-family: arial, helvetica, sans-serif;\"><strong>Doutorado:<\/strong> a sele\u00e7\u00e3o funciona em fluxo cont\u00ednuo, sendo o n\u00famero de vagas fixado de acordo com a capacidade de orienta\u00e7\u00e3o e exist\u00eancia de candidatos qualificados.\u00a0<\/span><\/p><p><span style=\"font-size: 12pt; font-family: arial, helvetica, sans-serif;\">Mais informa\u00e7\u00f5es sobre o processo seletivo, est\u00e3o no site do <a href=\"http:\/\/www.prppg.ufpr.br\/ppginformatica\/?lang=pb\">PPGInform\u00e1tica-UFPR<\/a>.<\/span><\/p><p><span style=\"font-size: 12pt; font-family: arial, helvetica, sans-serif;\">Incentivamos fortemente que novos\/futuros alunos pesquise sobre a \u00e1rea de atua\u00e7\u00e3o de cada professor, verifiquem as publica\u00e7\u00f5es recentes dos poss\u00edveis orientadores.\u00a0<\/span><\/p><p><span style=\"font-size: 12pt; font-family: arial, helvetica, sans-serif;\">Al\u00e9m disso, entrem em contato direto com os professores do grupo de pesquisa para conversar sobre pesquisa e vagas.\u00a0<\/span><\/p><p><span style=\"font-size: 12pt; font-family: arial, helvetica, sans-serif;\">Qualquer d\u00favida entre em contato conosco: <a href=\"mailto:hipes@inf.ufpr.br\">hipes@inf.ufpr.br<\/a><\/span><\/p>\t\t\t\t\t\t\t\t<\/div>\n\t\t\t\t<\/div>\n\t\t\t\t\t<\/div>\n\t\t<\/div>\n\t\t\t\t\t<\/div>\n\t\t<\/section>\n\t\t\t\t<\/div>\n\t\t","protected":false},"excerpt":{"rendered":"<p>HiPES O HiPES \u00e9 um grupo de pesquisa registrado no CNPq e vinculado ao programa de p\u00f3s-gradua\u00e7\u00e3o em inform\u00e1tica da<\/p>\n","protected":false},"author":13,"featured_media":0,"parent":0,"menu_order":0,"comment_status":"closed","ping_status":"closed","template":"","meta":{"colormag_page_container_layout":"default_layout","colormag_page_sidebar_layout":"default_layout","footnotes":""},"class_list":["post-14","page","type-page","status-publish","hentry"],"_links":{"self":[{"href":"https:\/\/web.inf.ufpr.br\/hipes\/wp-json\/wp\/v2\/pages\/14","targetHints":{"allow":["GET"]}}],"collection":[{"href":"https:\/\/web.inf.ufpr.br\/hipes\/wp-json\/wp\/v2\/pages"}],"about":[{"href":"https:\/\/web.inf.ufpr.br\/hipes\/wp-json\/wp\/v2\/types\/page"}],"author":[{"embeddable":true,"href":"https:\/\/web.inf.ufpr.br\/hipes\/wp-json\/wp\/v2\/users\/13"}],"replies":[{"embeddable":true,"href":"https:\/\/web.inf.ufpr.br\/hipes\/wp-json\/wp\/v2\/comments?post=14"}],"version-history":[{"count":51,"href":"https:\/\/web.inf.ufpr.br\/hipes\/wp-json\/wp\/v2\/pages\/14\/revisions"}],"predecessor-version":[{"id":240,"href":"https:\/\/web.inf.ufpr.br\/hipes\/wp-json\/wp\/v2\/pages\/14\/revisions\/240"}],"wp:attachment":[{"href":"https:\/\/web.inf.ufpr.br\/hipes\/wp-json\/wp\/v2\/media?parent=14"}],"curies":[{"name":"wp","href":"https:\/\/api.w.org\/{rel}","templated":true}]}}