{"id":66,"date":"2021-06-16T12:40:26","date_gmt":"2021-06-16T15:40:26","guid":{"rendered":"https:\/\/web.inf.ufpr.br\/forppgcc-pr\/?page_id=66"},"modified":"2025-12-08T15:14:15","modified_gmt":"2025-12-08T18:14:15","slug":"historico","status":"publish","type":"page","link":"https:\/\/web.inf.ufpr.br\/forppgcc-pr\/?page_id=66","title":{"rendered":"Hist\u00f3rico"},"content":{"rendered":"\n<p>O ForPPGC-PR &#8211; F\u00f3rum dos Programas de P\u00f3s-Gradua\u00e7\u00e3o em Computa\u00e7\u00e3o do Paran\u00e1 foi criado em 2019 como um esfor\u00e7o dos programas de p\u00f3s-gradua\u00e7\u00e3o para fomentar a forma\u00e7\u00e3o de recursos humanos, a pesquisa e o desenvolvimento do estado e da regi\u00e3o. Desde sua cria\u00e7\u00e3o, o f\u00f3rum tem se articulado para discutir e implementar a\u00e7\u00f5es de car\u00e1ter estrat\u00e9gico para o desenvolvimento regional. <\/p>\n\n\n\n<p>Anualmente, o ForPPGC-PR se reune para discutir os resultados de suas a\u00e7\u00f5es e tra\u00e7ar novos objetivos e planejamentos. Cada edi\u00e7\u00e3o do evento conta com diferentes quadros e propostas, incluindo mostra de pesquisas em andamento, palestras e mesas\/pain\u00e9is de discuss\u00e3o com representantes de diferentes institui\u00e7\u00f5es p\u00fablicas e privadas. <\/p>\n\n\n\n<p>Abaixo, a lista dos eventos j\u00e1 organizados pelo f\u00f3rum.<\/p>\n\n\n\n<figure class=\"wp-block-table is-style-stripes\"><table><tbody><tr><td><strong>2025<\/strong><\/td><td class=\"has-text-align-left\" data-align=\"left\">VII ForPPGC-PR<br>06 e 07 de novembro, Curitiba<br>Programa anfitri\u00e3o: UTFPR-CP: Programa de P\u00f3s-Gradua\u00e7\u00e3o em Inform\u00e1tica (PPGI)<\/td><\/tr><tr><td><strong>2024<\/strong><\/td><td class=\"has-text-align-left\" data-align=\"left\">VI ForPPGC-PR<br>07 e 08 de novembro, Londrina<br>Programa anfitri\u00e3o: UEL: Programa de P\u00f3s-gradua\u00e7\u00e3o em Ci\u00eancia da Computa\u00e7\u00e3o<\/td><\/tr><tr><td><strong>2023<\/strong><\/td><td class=\"has-text-align-left\" data-align=\"left\"><a href=\"https:\/\/web.inf.ufpr.br\/forppgcc-pr\/?p=782\"><strong>V ForPPGC-PR<\/strong><\/a><br>25 a 27 de outubro, Ponta Grossa<br>Programa anfitri\u00e3o: UTFPR-PG: Programa de P\u00f3s-Gradua\u00e7\u00e3o em Ci\u00eancia da Computa\u00e7\u00e3o (PPGCC)<\/td><\/tr><tr><td><strong>2022<\/strong><\/td><td class=\"has-text-align-left\" data-align=\"left\"><strong><a href=\"https:\/\/web.inf.ufpr.br\/forppgcc-pr\/?page_id=663\" target=\"_blank\" rel=\"noreferrer noopener\">IV ForPPGC-PR<\/a><\/strong><br>17 e 18 de novembro, Curitiba<br>Programa anfitri\u00e3o: <strong>PPGCC UTFPR-CM<\/strong>, com organiza\u00e7\u00e3o geral do PPGI-UTFPR CP, e apoio do PPGInf UFPR, UTFPR-PG, PCC UEM e PPGComp Unioeste.<\/td><\/tr><tr><td>2021<\/td><td class=\"has-text-align-left\" data-align=\"left\"><strong><a href=\"https:\/\/web.inf.ufpr.br\/forppgcc-pr\/?page_id=111\">III ForPPGC-PR<\/a><\/strong> <br>19 de novembro, Corn\u00e9lio Proc\u00f3pio, online<br>Programa anfitri\u00e3o: <strong>PPGI UTFPR-CP<\/strong><\/td><\/tr><tr><td>2020<\/td><td class=\"has-text-align-left\" data-align=\"left\"><strong><a href=\"https:\/\/sites.google.com\/view\/forppgc-pr\" target=\"_blank\" rel=\"noreferrer noopener\">II ForPPGC-PR<\/a><\/strong><br>03 e 04 de dezembro, Cascavel, evento online<br>Programa anfitri\u00e3o: <strong>PPGComp UNIOESTE<\/strong><\/td><\/tr><tr><td>2019<\/td><td class=\"has-text-align-left\" data-align=\"left\"><strong><a href=\"https:\/\/web.inf.ufpr.br\/forppgcc-pr\/?page_id=72\">I ForPPGC-PR<\/a><\/strong><br>22 de novembro, Curitiba, Campus Polit\u00e9cnico da UFPR<br>Programa anfitri\u00e3o: <strong>PPGInf UFPR<\/strong><\/td><\/tr><\/tbody><\/table><figcaption class=\"wp-element-caption\">Registro dos eventos do ForPPGC-PR<\/figcaption><\/figure>\n\n\n\n<p><\/p>\n\n\n\n<p><strong>Coordena\u00e7\u00e3o do F\u00f3rum<\/strong><\/p>\n\n\n\n<ul class=\"wp-block-list\">\n<li><strong>2021-2022<\/strong>\n<ul class=\"wp-block-list\">\n<li>Coordenadora: Katia Romero Felizardo Scannavino (UTFPR-CP)<\/li>\n\n\n\n<li>Vice-Coordenador: Marco Aur\u00e9lio Graciotto Silva (UTFPR-CM)<\/li>\n<\/ul>\n<\/li>\n\n\n\n<li><strong>2020-2021<\/strong>\n<ul class=\"wp-block-list\">\n<li>Coordenador: Luiz Antonio Rodrigues (UNIOESTE)<\/li>\n\n\n\n<li>Vice-Coordenadora: Katia Romero Felizardo Scannavino (UTFPR-CP)<\/li>\n\n\n\n<li>Coordenador da II Mostra de Trabalhos: Andr\u00e9 Endo (UTFPR-CP)<\/li>\n<\/ul>\n<\/li>\n\n\n\n<li><strong>2019-2020<\/strong><ul><li>Coordenador: Luiz C. E. de Bona (UFPR)<\/li><\/ul>\n<ul class=\"wp-block-list\">\n<li>Vice-Coordenador: Luiz Antonio Rodrigues (UNIOESTE)<\/li>\n\n\n\n<li>Coordenador da I Mostra de Trabalhos: Marco Aur\u00e9lio Graciotto Silva (UTFPR-CM)<\/li>\n<\/ul>\n<\/li>\n<\/ul>\n","protected":false},"excerpt":{"rendered":"<p>O ForPPGC-PR &#8211; F\u00f3rum dos Programas de P\u00f3s-Gradua\u00e7\u00e3o em Computa\u00e7\u00e3o do Paran\u00e1 foi criado em 2019 como um esfor\u00e7o dos<\/p>\n","protected":false},"author":20,"featured_media":0,"parent":0,"menu_order":0,"comment_status":"closed","ping_status":"closed","template":"","meta":{"colormag_page_container_layout":"default_layout","colormag_page_sidebar_layout":"default_layout","footnotes":""},"class_list":["post-66","page","type-page","status-publish","hentry"],"_links":{"self":[{"href":"https:\/\/web.inf.ufpr.br\/forppgcc-pr\/index.php?rest_route=\/wp\/v2\/pages\/66","targetHints":{"allow":["GET"]}}],"collection":[{"href":"https:\/\/web.inf.ufpr.br\/forppgcc-pr\/index.php?rest_route=\/wp\/v2\/pages"}],"about":[{"href":"https:\/\/web.inf.ufpr.br\/forppgcc-pr\/index.php?rest_route=\/wp\/v2\/types\/page"}],"author":[{"embeddable":true,"href":"https:\/\/web.inf.ufpr.br\/forppgcc-pr\/index.php?rest_route=\/wp\/v2\/users\/20"}],"replies":[{"embeddable":true,"href":"https:\/\/web.inf.ufpr.br\/forppgcc-pr\/index.php?rest_route=%2Fwp%2Fv2%2Fcomments&post=66"}],"version-history":[{"count":18,"href":"https:\/\/web.inf.ufpr.br\/forppgcc-pr\/index.php?rest_route=\/wp\/v2\/pages\/66\/revisions"}],"predecessor-version":[{"id":822,"href":"https:\/\/web.inf.ufpr.br\/forppgcc-pr\/index.php?rest_route=\/wp\/v2\/pages\/66\/revisions\/822"}],"wp:attachment":[{"href":"https:\/\/web.inf.ufpr.br\/forppgcc-pr\/index.php?rest_route=%2Fwp%2Fv2%2Fmedia&parent=66"}],"curies":[{"name":"wp","href":"https:\/\/api.w.org\/{rel}","templated":true}]}}