{"id":44,"date":"2019-10-10T11:32:05","date_gmt":"2019-10-10T14:32:05","guid":{"rendered":"http:\/\/web.inf.ufpr.br\/forppgcc-pr\/?page_id=44"},"modified":"2025-12-08T22:17:20","modified_gmt":"2025-12-09T01:17:20","slug":"sobre-o-forum","status":"publish","type":"page","link":"https:\/\/web.inf.ufpr.br\/forppgcc-pr\/?page_id=44","title":{"rendered":"Sobre"},"content":{"rendered":"\t\t<div data-elementor-type=\"wp-page\" data-elementor-id=\"44\" class=\"elementor elementor-44\">\n\t\t\t\t\t\t<section class=\"elementor-section elementor-top-section elementor-element elementor-element-1fd0581f elementor-section-boxed elementor-section-height-default elementor-section-height-default\" data-id=\"1fd0581f\" data-element_type=\"section\" data-e-type=\"section\">\n\t\t\t\t\t\t<div class=\"elementor-container elementor-column-gap-default\">\n\t\t\t\t\t<div class=\"elementor-column elementor-col-100 elementor-top-column elementor-element elementor-element-e24c5b\" data-id=\"e24c5b\" data-element_type=\"column\" data-e-type=\"column\">\n\t\t\t<div class=\"elementor-widget-wrap elementor-element-populated\">\n\t\t\t\t\t\t<div class=\"elementor-element elementor-element-3cc0dfbe elementor-widget elementor-widget-text-editor\" data-id=\"3cc0dfbe\" data-element_type=\"widget\" data-e-type=\"widget\" data-widget_type=\"text-editor.default\">\n\t\t\t\t<div class=\"elementor-widget-container\">\n\t\t\t\t\t\t\t\t\t\n<p style=\"text-align: left\">O <strong>F\u00f3rum dos Programas de P\u00f3s-Gradua\u00e7\u00e3o em Computa\u00e7\u00e3o do Paran\u00e1 (ForPPGC-PR)<\/strong> tem como objetivo constituir e fortalecer uma rede de colabora\u00e7\u00e3o entre os setores p\u00fablicos e privados para fomentar a forma\u00e7\u00e3o de recursos humanos, a pesquisa, a inova\u00e7\u00e3o, e o desenvolvimento do estado e da regi\u00e3o.\u00a0<\/p>\n<p><strong>Coordena\u00e7\u00e3o atual<\/strong>: Daniel Pigatto (UTFPR-CT) &amp; Igor Wiese (UTFPR-CM)<\/p>\n<p>Programas membros do ForPPGC-PR<\/p>\n<ol>\n<li>PUCPR: <a href=\"https:\/\/www.ppgia.pucpr.br\/pt\/\" target=\"_blank\" rel=\"noopener\">Programa de P\u00f3s-Gradua\u00e7\u00e3o em Inform\u00e1tica (PPGIa)<\/a>\u00a0<\/li>\n<li>UEL: <a href=\"http:\/\/www.uel.br\/pos\/redes\/index.php\/mcc\" target=\"_blank\" rel=\"noopener\">Programa de P\u00f3s-gradua\u00e7\u00e3o em Ci\u00eancia da Computa\u00e7\u00e3o<\/a>\u00a0<\/li>\n<li>UEM:\u00a0 <a href=\"http:\/\/www.din.uem.br\/pos-graduacao\/mestrado-em-ciencia-da-computacao\" target=\"_blank\" rel=\"noopener\">Programa de P\u00f3s-Gradua\u00e7\u00e3o em Ci\u00eancia da Computa\u00e7\u00e3o (PCC)<\/a>\u00a0<\/li>\n<li>UEPG: <a href=\"https:\/\/www3.uepg.br\/computacaoaplicada\/\" target=\"_blank\" rel=\"noopener\">Programa de P\u00f3s-Gradua\u00e7\u00e3o em Computa\u00e7\u00e3o Aplicada<\/a><\/li>\n<li>UFPR: <a href=\"https:\/\/www.prppg.ufpr.br\/site\/ppginf\" target=\"_blank\" rel=\"noopener\">Programa de P\u00f3s-Gradua\u00e7\u00e3o em Inform\u00e1tica (PPGInf)<\/a>\u00a0<\/li>\n<li>UNIOESTE: <a href=\"https:\/\/www5.unioeste.br\/portalunioeste\/pos\/ppgcomp\" target=\"_blank\" rel=\"noopener\">Programa de P\u00f3s-Gradua\u00e7\u00e3o em Ci\u00eancia da Computa\u00e7\u00e3o (PPGComp)<\/a><\/li>\n<li>UTFPR-CM: <a href=\"http:\/\/www.utfpr.edu.br\/cursos\/coordenacoes\/stricto-sensu\/ppgcc-cm\" target=\"_blank\" rel=\"noopener\">Programa de P\u00f3s-Gradua\u00e7\u00e3o em Ci\u00eancia da Computa\u00e7\u00e3o (PPGCC-CM)<\/a>\u00a0\u00a0<\/li>\n<li>UTFPR-CP: <a href=\"http:\/\/www.utfpr.edu.br\/cursos\/coordenacoes\/stricto-sensu\/ppgi-cp\/ppgmodelo\" target=\"_blank\" rel=\"noopener\">Programa de P\u00f3s-Gradua\u00e7\u00e3o em Inform\u00e1tica (PPGI)<\/a><\/li>\n<li>UTFPR-CT: <a href=\"http:\/\/www.utfpr.edu.br\/cursos\/coordenacoes\/stricto-sensu\/ppgca-ct\/ppgmodelo\" target=\"_blank\" rel=\"noopener\">Programa de P\u00f3s-Gradua\u00e7\u00e3o em Computa\u00e7\u00e3o Aplicada (PPGCA)<\/a>\u00a0<\/li>\n<li>UTFPR-PG: <a href=\"http:\/\/www.utfpr.edu.br\/cursos\/coordenacoes\/stricto-sensu\/ppgcc-pg\/ppgcc-pg\" target=\"_blank\" rel=\"noopener\">Programa de P\u00f3s-Gradua\u00e7\u00e3o em Ci\u00eancia da Computa\u00e7\u00e3o (PPGCC)<\/a><\/li>\n<\/ol>\n<p><strong>Programas por regi\u00e3o<\/strong><\/p>\n<ul>\n<li>Campo Mour\u00e3o: UTFPR-CM<\/li>\n<li>Cascavel: UNIOESTE<\/li>\n<li>Corn\u00e9lio Proc\u00f3pio: UTFPR-CP<\/li>\n<li>Curitiba: PUCPR, UFPR, UTFPR-CT<\/li>\n<li>Londrina: UEL<\/li>\n<li>Maring\u00e1: UEM<\/li>\n<li>Ponta Grossa: UEPG, UTFPR-PG<\/li>\n<\/ul>\n<p><strong>Programas por curso oferecido<\/strong><\/p>\n<ul>\n<li><strong>Mestrado<\/strong>: PUCPR, UEM, UEL, UEPG, UFPR, UNIOESTE, UTFPR-CM, UTFPR-CP, UTFPR-CT, UTFPR-PG\u00a0<\/li>\n<li><strong>Doutorado<\/strong>: PUCPR, UEM, UFPR, UTFPR-CP (em Coopera\u00e7\u00e3o com UFPR)<\/li>\n<\/ul>\n\n<figure class=\"wp-block-image size-large\"><img fetchpriority=\"high\" decoding=\"async\" width=\"576\" height=\"1024\" class=\"wp-image-212\" src=\"http:\/\/web.inf.ufpr.br\/forppgcc-pr\/wp-content\/uploads\/sites\/29\/2021\/06\/WhatsApp-Image-2021-06-22-at-09.30.40-576x1024.jpeg\" alt=\"\" srcset=\"https:\/\/web.inf.ufpr.br\/forppgcc-pr\/wp-content\/uploads\/sites\/29\/2021\/06\/WhatsApp-Image-2021-06-22-at-09.30.40-576x1024.jpeg 576w, https:\/\/web.inf.ufpr.br\/forppgcc-pr\/wp-content\/uploads\/sites\/29\/2021\/06\/WhatsApp-Image-2021-06-22-at-09.30.40-169x300.jpeg 169w, https:\/\/web.inf.ufpr.br\/forppgcc-pr\/wp-content\/uploads\/sites\/29\/2021\/06\/WhatsApp-Image-2021-06-22-at-09.30.40.jpeg 720w\" sizes=\"(max-width: 576px) 100vw, 576px\" \/><\/figure>\n\t\t\t\t\t\t\t\t<\/div>\n\t\t\t\t<\/div>\n\t\t\t\t\t<\/div>\n\t\t<\/div>\n\t\t\t\t\t<\/div>\n\t\t<\/section>\n\t\t\t\t<\/div>\n\t\t","protected":false},"excerpt":{"rendered":"","protected":false},"author":24,"featured_media":62,"parent":0,"menu_order":0,"comment_status":"closed","ping_status":"closed","template":"","meta":{"colormag_page_container_layout":"default_layout","colormag_page_sidebar_layout":"default_layout","footnotes":""},"class_list":["post-44","page","type-page","status-publish","has-post-thumbnail","hentry"],"_links":{"self":[{"href":"https:\/\/web.inf.ufpr.br\/forppgcc-pr\/index.php?rest_route=\/wp\/v2\/pages\/44","targetHints":{"allow":["GET"]}}],"collection":[{"href":"https:\/\/web.inf.ufpr.br\/forppgcc-pr\/index.php?rest_route=\/wp\/v2\/pages"}],"about":[{"href":"https:\/\/web.inf.ufpr.br\/forppgcc-pr\/index.php?rest_route=\/wp\/v2\/types\/page"}],"author":[{"embeddable":true,"href":"https:\/\/web.inf.ufpr.br\/forppgcc-pr\/index.php?rest_route=\/wp\/v2\/users\/24"}],"replies":[{"embeddable":true,"href":"https:\/\/web.inf.ufpr.br\/forppgcc-pr\/index.php?rest_route=%2Fwp%2Fv2%2Fcomments&post=44"}],"version-history":[{"count":21,"href":"https:\/\/web.inf.ufpr.br\/forppgcc-pr\/index.php?rest_route=\/wp\/v2\/pages\/44\/revisions"}],"predecessor-version":[{"id":825,"href":"https:\/\/web.inf.ufpr.br\/forppgcc-pr\/index.php?rest_route=\/wp\/v2\/pages\/44\/revisions\/825"}],"wp:featuredmedia":[{"embeddable":true,"href":"https:\/\/web.inf.ufpr.br\/forppgcc-pr\/index.php?rest_route=\/wp\/v2\/media\/62"}],"wp:attachment":[{"href":"https:\/\/web.inf.ufpr.br\/forppgcc-pr\/index.php?rest_route=%2Fwp%2Fv2%2Fmedia&parent=44"}],"curies":[{"name":"wp","href":"https:\/\/api.w.org\/{rel}","templated":true}]}}