{"id":72,"date":"2017-06-01T08:28:09","date_gmt":"2017-06-01T11:28:09","guid":{"rendered":"http:\/\/web.inf.ufpr.br\/dinf\/?page_id=72"},"modified":"2023-08-17T16:28:02","modified_gmt":"2023-08-17T19:28:02","slug":"laboratorios-de-pesquisa","status":"publish","type":"page","link":"https:\/\/web.inf.ufpr.br\/dinf\/?page_id=72","title":{"rendered":"Laborat\u00f3rios de Pesquisa"},"content":{"rendered":"\n<figure class=\"wp-block-table\"><table><tbody><tr><td><span style=\"color: #000000\"><strong>BD<\/strong><\/span><\/td><td><strong>Banco de Dados<\/strong><\/td><\/tr><tr><td><span style=\"color: #000000\"><strong>BDGE<\/strong><\/span><\/td><td><strong>Banco de Dados de Grande Escala<\/strong><\/td><\/tr><tr><td><a class=\"external-link\" href=\"http:\/\/www.inf.ufpr.br\/cbio\/\"><span style=\"color: #000000\"><strong>C-Bio<\/strong><\/span><\/a><\/td><td><strong>Computa\u00e7\u00e3o Bioinspirada, <\/strong>\n<p>&nbsp;<\/p>\n<p><strong>Meta-heur\u00edsticas e Aprendizagem de M\u00e1quina<\/strong><\/p>\n<\/td><\/tr><tr><td><a href=\"http:\/\/www.ccsc-research.org\/\" target=\"_blank\" rel=\"noopener\"><span style=\"color: #000000\"><strong>CCSC<\/strong><\/span><\/a><\/td><td><span class=\"\"><b class=\"\">Centro de Ci\u00eancia de Seguran\u00e7a Computacional<\/b><\/span><\/td><\/tr><tr><td><a class=\"external-link\" href=\"http:\/\/www.c3sl.ufpr.br\/\"><span style=\"color: #000000\"><strong>C3SL<\/strong><\/span><\/a><\/td><td><strong>Centro de Computa\u00e7\u00e3o Cient\u00edfica e Software Livre<\/strong><\/td><\/tr><tr><td><span style=\"color: #000000\"><strong>FAES<\/strong><\/span><\/td><td><strong>Fundamentos e Aplica\u00e7\u00f5es em Engenharia de Software<\/strong><\/td><\/tr><tr><td><a class=\"external-link\" href=\"http:\/\/www.inf.ufpr.br\/gres\"><span style=\"color: #000000\"><strong>GrES<\/strong><\/span><\/a><\/td><td><strong>Engenharia de Software<\/strong><\/td><\/tr><tr><td><a class=\"external-link\" href=\"http:\/\/web.inf.ufpr.br\/ihc\/teste\" target=\"_blank\" rel=\"noopener\"><span style=\"color: #000000\"><strong>IHC<\/strong><\/span><\/a><\/td><td><strong>Intera\u00e7\u00e3o Humano-Computador<\/strong><\/td><\/tr><tr><td><a class=\"external-link\" href=\"http:\/\/www.inf.ufpr.br\/imago\"><span style=\"color: #000000\"><strong>IMAGO<\/strong><\/span><\/a><\/td><td><strong>Grupo de Pesquisa em Vis\u00e3o Computacional, <\/strong>\n<p>&nbsp;<\/p>\n<p><strong>Computa\u00e7\u00e3o Gr\u00e1fica e Processamento de Imagens<\/strong><\/p>\n<\/td><\/tr><tr><td><a class=\"external-link\" href=\"http:\/\/wiki.inf.ufpr.br\/larsis\"><span style=\"color: #000000\"><strong>LARSIS<\/strong><\/span><\/a><\/td><td><strong>Laborat\u00f3rio de Redes, Sistemas Distribu\u00eddos e Seguran\u00e7a<\/strong><\/td><\/tr><tr><td><a class=\"external-link\" href=\"http:\/\/www.inf.ufpr.br\/liamf\"><span style=\"color: #000000\"><strong>LIAMF<\/strong><\/span><\/a><\/td><td><strong>Intelig\u00eancia Artificial e M\u00e9todos Formais<\/strong><\/td><\/tr><tr><td><span style=\"color: #000000\"><strong>LIC<\/strong><\/span><\/td><td><strong>Sistemas Tutores Inteligentes<\/strong><\/td><\/tr><tr><td><a class=\"external-link\" title=\"\" href=\"http:\/\/web.inf.ufpr.br\/lse\" target=\"_blank\" rel=\"noopener\"><span style=\"color: #000000\"><strong>LSE<\/strong><\/span><\/a><\/td><td><strong>Laborat\u00f3rio de Sistemas Embarcados<\/strong><\/td><\/tr><tr><td><a class=\"external-link\" href=\"http:\/\/www.nr2.ufpr.br\/\"><span style=\"color: #000000\"><strong>NR2<\/strong><\/span><\/a><\/td><td><strong>Gerenciamento de Redes de Computadores, Sistemas Distribu\u00eddos,<\/strong>\n<p>&nbsp;<\/p>\n<p><strong> Redes Sem Fio, Seguran\u00e7a, Modelagem e An\u00e1lise de Desempenho<\/strong><\/p>\n<\/td><\/tr><tr><td><a href=\"https:\/\/www.inf.ufpr.br\/teoria\/\"><span style=\"color: #000000\"><strong>TEORIA<\/strong><\/span><\/a><\/td><td><strong>Grupo de pesquisa em teoria da computa\u00e7\u00e3o otimizada e combinat\u00f3ria<\/strong><\/td><\/tr><tr><td><a class=\"external-link\" href=\"http:\/\/www.inf.ufpr.br\/vri\"><span style=\"color: #000000\"><strong>VRI<\/strong><\/span><\/a><\/td><td><strong>Vis\u00e3o, Rob\u00f3tica e Imagem<\/strong><\/td><\/tr><\/tbody><\/table><\/figure>\n","protected":false},"excerpt":{"rendered":"<p>BD Banco de Dados BDGE Banco de Dados de Grande Escala C-Bio Computa\u00e7\u00e3o Bioinspirada, &nbsp; Meta-heur\u00edsticas e Aprendizagem de M\u00e1quina CCSC Centro de Ci\u00eancia de Seguran\u00e7a Computacional C3SL Centro de Computa\u00e7\u00e3o Cient\u00edfica e Software Livre FAES Fundamentos e Aplica\u00e7\u00f5es em Engenharia de Software GrES Engenharia de Software IHC Intera\u00e7\u00e3o Humano-Computador IMAGO Grupo de Pesquisa em&hellip;<\/p>\n","protected":false},"author":3,"featured_media":0,"parent":0,"menu_order":0,"comment_status":"closed","ping_status":"closed","template":"","meta":{"footnotes":""},"class_list":["post-72","page","type-page","status-publish","hentry"],"_links":{"self":[{"href":"https:\/\/web.inf.ufpr.br\/dinf\/index.php?rest_route=\/wp\/v2\/pages\/72","targetHints":{"allow":["GET"]}}],"collection":[{"href":"https:\/\/web.inf.ufpr.br\/dinf\/index.php?rest_route=\/wp\/v2\/pages"}],"about":[{"href":"https:\/\/web.inf.ufpr.br\/dinf\/index.php?rest_route=\/wp\/v2\/types\/page"}],"author":[{"embeddable":true,"href":"https:\/\/web.inf.ufpr.br\/dinf\/index.php?rest_route=\/wp\/v2\/users\/3"}],"replies":[{"embeddable":true,"href":"https:\/\/web.inf.ufpr.br\/dinf\/index.php?rest_route=%2Fwp%2Fv2%2Fcomments&post=72"}],"version-history":[{"count":27,"href":"https:\/\/web.inf.ufpr.br\/dinf\/index.php?rest_route=\/wp\/v2\/pages\/72\/revisions"}],"predecessor-version":[{"id":2001,"href":"https:\/\/web.inf.ufpr.br\/dinf\/index.php?rest_route=\/wp\/v2\/pages\/72\/revisions\/2001"}],"wp:attachment":[{"href":"https:\/\/web.inf.ufpr.br\/dinf\/index.php?rest_route=%2Fwp%2Fv2%2Fmedia&parent=72"}],"curies":[{"name":"wp","href":"https:\/\/api.w.org\/{rel}","templated":true}]}}