{"id":333,"date":"2017-06-09T15:01:50","date_gmt":"2017-06-09T18:01:50","guid":{"rendered":"http:\/\/web.inf.ufpr.br\/dinf\/?page_id=333"},"modified":"2018-06-11T14:07:46","modified_gmt":"2018-06-11T17:07:46","slug":"fisica","status":"publish","type":"page","link":"https:\/\/web.inf.ufpr.br\/dinf\/?page_id=333","title":{"rendered":"Infraestrutura F\u00edsica"},"content":{"rendered":"<p><span style=\"color: #000000\">O DInf ocupa uma \u00e1rea aproximada de 2000 m\u00b2 divididos entre:<\/span><\/p>\n<ul>\n<li><span style=\"color: #000000\">3 audit\u00f3rios;<\/span><\/li>\n<li><span style=\"color: #000000\">16 laborat\u00f3rios de pesquisa e p\u00f3s-gradua\u00e7\u00e3o;<\/span><\/li>\n<li><span style=\"color: #000000\">4 Laborat\u00f3rios para a gradua\u00e7\u00e3o;<\/span><\/li>\n<li><span style=\"color: #000000\">Espa\u00e7o PET (Programa de Educa\u00e7\u00e3o Tutorial);<\/span><\/li>\n<li><span style=\"color: #000000\">Sala de v\u00eddeo confer\u00eancia;<\/span><\/li>\n<li><span style=\"color: #000000\">Secretarias e coordena\u00e7\u00f5es de curso.<\/span><\/li>\n<\/ul>\n<p><span style=\"color: #000000\">Mapa do andar t\u00e9rreo<\/span><\/p>\n<p><img fetchpriority=\"high\" decoding=\"async\" class=\"alignnone size-medium wp-image-354\" src=\"http:\/\/web.inf.ufpr.br\/dinf\/wp-content\/uploads\/sites\/2\/2017\/06\/mapadinf_terreo_492x327-1-300x181.png\" alt=\"\" width=\"300\" height=\"181\" srcset=\"https:\/\/web.inf.ufpr.br\/dinf\/wp-content\/uploads\/sites\/2\/2017\/06\/mapadinf_terreo_492x327-1-300x181.png 300w, https:\/\/web.inf.ufpr.br\/dinf\/wp-content\/uploads\/sites\/2\/2017\/06\/mapadinf_terreo_492x327-1.png 496w\" sizes=\"(max-width: 300px) 100vw, 300px\" \/><\/p>\n<p><span style=\"color: #000000\">Mapa do 1\u00b0 andar<\/span><\/p>\n<p><img decoding=\"async\" class=\"alignnone size-medium wp-image-353\" src=\"http:\/\/web.inf.ufpr.br\/dinf\/wp-content\/uploads\/sites\/2\/2017\/06\/mapadinf_andar1_492x327-300x225.png\" alt=\"\" width=\"300\" height=\"225\" srcset=\"https:\/\/web.inf.ufpr.br\/dinf\/wp-content\/uploads\/sites\/2\/2017\/06\/mapadinf_andar1_492x327-300x225.png 300w, https:\/\/web.inf.ufpr.br\/dinf\/wp-content\/uploads\/sites\/2\/2017\/06\/mapadinf_andar1_492x327.png 496w\" sizes=\"(max-width: 300px) 100vw, 300px\" \/><\/p>\n<p><span style=\"color: #000000\">Localiza\u00e7\u00e3o do DInf e da biblioteca no Centro Polit\u00e9cnico<\/span><\/p>\n<p><img decoding=\"async\" class=\"alignnone size-medium wp-image-352\" src=\"http:\/\/web.inf.ufpr.br\/dinf\/wp-content\/uploads\/sites\/2\/2017\/06\/inframapabiblio-300x276.png\" alt=\"\" width=\"300\" height=\"276\" srcset=\"https:\/\/web.inf.ufpr.br\/dinf\/wp-content\/uploads\/sites\/2\/2017\/06\/inframapabiblio-300x276.png 300w, https:\/\/web.inf.ufpr.br\/dinf\/wp-content\/uploads\/sites\/2\/2017\/06\/inframapabiblio.png 415w\" sizes=\"(max-width: 300px) 100vw, 300px\" \/><\/p>\n","protected":false},"excerpt":{"rendered":"<p>O DInf ocupa uma \u00e1rea aproximada de 2000 m\u00b2 divididos entre: 3 audit\u00f3rios; 16 laborat\u00f3rios de pesquisa e p\u00f3s-gradua\u00e7\u00e3o; 4 Laborat\u00f3rios para a gradua\u00e7\u00e3o; Espa\u00e7o PET (Programa de Educa\u00e7\u00e3o Tutorial); Sala de v\u00eddeo confer\u00eancia; Secretarias e coordena\u00e7\u00f5es de curso. Mapa do andar t\u00e9rreo Mapa do 1\u00b0 andar Localiza\u00e7\u00e3o do DInf e da biblioteca no Centro&hellip;<\/p>\n","protected":false},"author":4,"featured_media":0,"parent":327,"menu_order":0,"comment_status":"closed","ping_status":"closed","template":"","meta":{"footnotes":""},"class_list":["post-333","page","type-page","status-publish","hentry"],"_links":{"self":[{"href":"https:\/\/web.inf.ufpr.br\/dinf\/index.php?rest_route=\/wp\/v2\/pages\/333","targetHints":{"allow":["GET"]}}],"collection":[{"href":"https:\/\/web.inf.ufpr.br\/dinf\/index.php?rest_route=\/wp\/v2\/pages"}],"about":[{"href":"https:\/\/web.inf.ufpr.br\/dinf\/index.php?rest_route=\/wp\/v2\/types\/page"}],"author":[{"embeddable":true,"href":"https:\/\/web.inf.ufpr.br\/dinf\/index.php?rest_route=\/wp\/v2\/users\/4"}],"replies":[{"embeddable":true,"href":"https:\/\/web.inf.ufpr.br\/dinf\/index.php?rest_route=%2Fwp%2Fv2%2Fcomments&post=333"}],"version-history":[{"count":6,"href":"https:\/\/web.inf.ufpr.br\/dinf\/index.php?rest_route=\/wp\/v2\/pages\/333\/revisions"}],"predecessor-version":[{"id":909,"href":"https:\/\/web.inf.ufpr.br\/dinf\/index.php?rest_route=\/wp\/v2\/pages\/333\/revisions\/909"}],"up":[{"embeddable":true,"href":"https:\/\/web.inf.ufpr.br\/dinf\/index.php?rest_route=\/wp\/v2\/pages\/327"}],"wp:attachment":[{"href":"https:\/\/web.inf.ufpr.br\/dinf\/index.php?rest_route=%2Fwp%2Fv2%2Fmedia&parent=333"}],"curies":[{"name":"wp","href":"https:\/\/api.w.org\/{rel}","templated":true}]}}