{"id":219,"date":"2017-06-01T21:56:26","date_gmt":"2017-06-02T00:56:26","guid":{"rendered":"http:\/\/web.inf.ufpr.br\/dinf\/?page_id=219"},"modified":"2017-09-29T13:39:25","modified_gmt":"2017-09-29T16:39:25","slug":"acesso-ao-sistema","status":"publish","type":"page","link":"https:\/\/web.inf.ufpr.br\/dinf\/?page_id=219","title":{"rendered":"Acesso ao Sistema"},"content":{"rendered":"<p>&nbsp;<\/p>\n<p><span style=\"color: #0000ff\"><a href=\"http:\/\/www.inf.ufpr.br\/arquivos\/dinf\/Arquivos\/form_novaconta.odt\"><span style=\"color: #0000ff\">Solicita\u00e7\u00e3o de conta tempor\u00e1ria<\/span><\/a><br \/>\n<\/span><\/p>\n","protected":false},"excerpt":{"rendered":"<p>&nbsp; Solicita\u00e7\u00e3o de conta tempor\u00e1ria<\/p>\n","protected":false},"author":5,"featured_media":0,"parent":0,"menu_order":0,"comment_status":"closed","ping_status":"closed","template":"","meta":{"footnotes":""},"class_list":["post-219","page","type-page","status-publish","hentry"],"_links":{"self":[{"href":"https:\/\/web.inf.ufpr.br\/dinf\/index.php?rest_route=\/wp\/v2\/pages\/219","targetHints":{"allow":["GET"]}}],"collection":[{"href":"https:\/\/web.inf.ufpr.br\/dinf\/index.php?rest_route=\/wp\/v2\/pages"}],"about":[{"href":"https:\/\/web.inf.ufpr.br\/dinf\/index.php?rest_route=\/wp\/v2\/types\/page"}],"author":[{"embeddable":true,"href":"https:\/\/web.inf.ufpr.br\/dinf\/index.php?rest_route=\/wp\/v2\/users\/5"}],"replies":[{"embeddable":true,"href":"https:\/\/web.inf.ufpr.br\/dinf\/index.php?rest_route=%2Fwp%2Fv2%2Fcomments&post=219"}],"version-history":[{"count":22,"href":"https:\/\/web.inf.ufpr.br\/dinf\/index.php?rest_route=\/wp\/v2\/pages\/219\/revisions"}],"predecessor-version":[{"id":693,"href":"https:\/\/web.inf.ufpr.br\/dinf\/index.php?rest_route=\/wp\/v2\/pages\/219\/revisions\/693"}],"wp:attachment":[{"href":"https:\/\/web.inf.ufpr.br\/dinf\/index.php?rest_route=%2Fwp%2Fv2%2Fmedia&parent=219"}],"curies":[{"name":"wp","href":"https:\/\/api.w.org\/{rel}","templated":true}]}}