{"id":21,"date":"2017-05-31T15:44:28","date_gmt":"2017-05-31T18:44:28","guid":{"rendered":"http:\/\/web.inf.ufpr.br\/dinf\/?page_id=21"},"modified":"2023-04-06T17:34:07","modified_gmt":"2023-04-06T20:34:07","slug":"departamento-de-informatica","status":"publish","type":"page","link":"https:\/\/web.inf.ufpr.br\/dinf\/","title":{"rendered":"Home"},"content":{"rendered":"\t\t<div data-elementor-type=\"wp-page\" data-elementor-id=\"21\" class=\"elementor elementor-21\">\n\t\t\t\t\t\t<section class=\"elementor-section elementor-top-section elementor-element elementor-element-4e34c5a9 elementor-section-boxed elementor-section-height-default elementor-section-height-default\" data-id=\"4e34c5a9\" data-element_type=\"section\" data-e-type=\"section\">\n\t\t\t\t\t\t<div class=\"elementor-container elementor-column-gap-default\">\n\t\t\t\t\t<div class=\"elementor-column elementor-col-100 elementor-top-column elementor-element elementor-element-850ee1a\" data-id=\"850ee1a\" data-element_type=\"column\" data-e-type=\"column\">\n\t\t\t<div class=\"elementor-widget-wrap elementor-element-populated\">\n\t\t\t\t\t\t<div class=\"elementor-element elementor-element-620e7462 elementor-widget elementor-widget-text-editor\" data-id=\"620e7462\" data-element_type=\"widget\" data-e-type=\"widget\" data-widget_type=\"text-editor.default\">\n\t\t\t\t<div class=\"elementor-widget-container\">\n\t\t\t\t\t\t\t\t\t<p>O Departamento de Inform\u00e1tica (DInf) da Universidade Federal do Paran\u00e1 foi criado no ano de 1971. Oferece dois cursos de gradua\u00e7\u00e3o na modalidade de Bacharelado: <span style=\"color: #0000ff\"><a href=\"https:\/\/web.inf.ufpr.br\/bcc\/\" target=\"blank\">Ci\u00eancia da Computa\u00e7\u00e3o<\/a>,<\/span> desde 1988 e <a href=\"https:\/\/web.inf.ufpr.br\/infobiomedica\/\" target=\"blank\">Inform\u00e1tica Biom\u00e9dica<\/a>, criado em 2010.<\/p>\n<p>A Programa de P\u00f3s-Gradua\u00e7\u00e3o do DInf oferta o <a href=\"http:\/\/www.prppg.ufpr.br\/site\/ppginformatica\/pb\/\" target=\"_blank\">Mestrado<\/a>, criado em 1996 e o <a href=\"http:\/\/www.prppg.ufpr.br\/site\/ppginformatica\/pb\/\" target=\"_blank\">Doutorado<\/a>, aprovado pela Capes em 2008.<\/p>\n<p>O DInf possui um corpo docente formado por mais de 70% de doutores qualificados nas principais universidades do Brasil e exterior que atuam em projetos de pesquisa de ponta.<\/p>\n<p>A <a href=\"https:\/\/web.inf.ufpr.br\/dinf\/secretaria\/\" target=\"iframeconteudo\">secretaria<\/a> do Departamento de Inform\u00e1tica atende de segunda a sexta no per\u00edodo das 7:30h at\u00e9 \u00e0s 22:30h<span style=\"font-size: 12pt\">.<\/span><\/p>\t\t\t\t\t\t\t\t<\/div>\n\t\t\t\t<\/div>\n\t\t\t\t\t<\/div>\n\t\t<\/div>\n\t\t\t\t\t<\/div>\n\t\t<\/section>\n\t\t\t\t<\/div>\n\t\t","protected":false},"excerpt":{"rendered":"<p>O Departamento de Inform\u00e1tica (DInf) da Universidade Federal do Paran\u00e1 foi criado no ano de 1971. Oferece dois cursos de gradua\u00e7\u00e3o na modalidade de Bacharelado: Ci\u00eancia da Computa\u00e7\u00e3o, desde 1988 e Inform\u00e1tica Biom\u00e9dica, criado em 2010. A Programa de P\u00f3s-Gradua\u00e7\u00e3o do DInf oferta o Mestrado, criado em 1996 e o Doutorado, aprovado pela Capes em&hellip;<\/p>\n","protected":false},"author":3,"featured_media":0,"parent":0,"menu_order":0,"comment_status":"closed","ping_status":"closed","template":"","meta":{"footnotes":""},"class_list":["post-21","page","type-page","status-publish","hentry"],"_links":{"self":[{"href":"https:\/\/web.inf.ufpr.br\/dinf\/index.php?rest_route=\/wp\/v2\/pages\/21","targetHints":{"allow":["GET"]}}],"collection":[{"href":"https:\/\/web.inf.ufpr.br\/dinf\/index.php?rest_route=\/wp\/v2\/pages"}],"about":[{"href":"https:\/\/web.inf.ufpr.br\/dinf\/index.php?rest_route=\/wp\/v2\/types\/page"}],"author":[{"embeddable":true,"href":"https:\/\/web.inf.ufpr.br\/dinf\/index.php?rest_route=\/wp\/v2\/users\/3"}],"replies":[{"embeddable":true,"href":"https:\/\/web.inf.ufpr.br\/dinf\/index.php?rest_route=%2Fwp%2Fv2%2Fcomments&post=21"}],"version-history":[{"count":19,"href":"https:\/\/web.inf.ufpr.br\/dinf\/index.php?rest_route=\/wp\/v2\/pages\/21\/revisions"}],"predecessor-version":[{"id":1950,"href":"https:\/\/web.inf.ufpr.br\/dinf\/index.php?rest_route=\/wp\/v2\/pages\/21\/revisions\/1950"}],"wp:attachment":[{"href":"https:\/\/web.inf.ufpr.br\/dinf\/index.php?rest_route=%2Fwp%2Fv2%2Fmedia&parent=21"}],"curies":[{"name":"wp","href":"https:\/\/api.w.org\/{rel}","templated":true}]}}