{"id":58,"date":"2017-06-22T16:51:28","date_gmt":"2017-06-22T19:51:28","guid":{"rendered":"http:\/\/web.inf.ufpr.br\/didonet2\/?page_id=58"},"modified":"2021-09-13T14:35:51","modified_gmt":"2021-09-13T17:35:51","slug":"supervised-students","status":"publish","type":"page","link":"https:\/\/web.inf.ufpr.br\/didonet\/research\/supervised-students\/","title":{"rendered":"Supervised students"},"content":{"rendered":"<h3><strong>Current<\/strong><\/h3>\n<p><strong>Phd<\/strong><br \/>\nWalmir Couto<br \/>\nMaria Franscicatto<\/p>\n<p><strong>Master<\/strong><\/p>\n<p>Marco Mamani Lopez<br \/>\nRoger Duarte<\/p>\n<h3>\u00a0Former students<\/h3>\n<p><strong>2021<\/strong><\/p>\n<p>Antonio Willian Souza : Master : Avalia\u00e7\u00e3o e Valora\u00e7\u00e3o Autom\u00e1tica da Coes\u00e3o de Textos Dissertativos<br \/>\nVictor Picussa : Sistema de integra\u00e7\u00e3o de dados com interface e mapeamentos automatizados<\/p>\n<p><strong>2020<\/strong><\/p>\n<p>Evandro Miguel Kuszera: PhD: <em>Uma Abordagem Baseada Em M\u00e9tricas Para Explorar Alternativas de Esquemas de Dados no Processo de Convers\u00e3o de RDB para NoSQL<\/em><\/p>\n<p>Luiz Carlos Camargo: PhD: DC4MT: uma Abordagem Orientada a Dados para Transforma\u00e7\u00e3o de Modelos<\/p>\n<p><strong>2019<\/strong><\/p>\n<p>Felipe Shi Iu Wu &#8211; <a href=\"http:\/\/www.inf.ufpr.br\/didonet\/files\/TG_FelipeWu.pdf\">Adaptador de Banco de Dados Textual para Polystore Anal\u00edtico<\/a><br \/>\nDaniel Rufasto &#8211; Definindo um Workflow para An\u00e1lise de Dados Abertos em Sa\u00fade atrav\u00e9s de Integra\u00e3o de frameworks<br \/>\nHamer Iboshi &#8211; <a href=\"http:\/\/www.inf.ufpr.br\/didonet\/files\/tcc_hamer_iboshi_2019.pdf\">Abordagem de teste de regress\u00e3o baseada em teste de or\u00e1culo para API REST<\/a> &#8211; <a href=\"https:\/\/gitlab.c3sl.ufpr.br\/simcaq\/lde-api-regression-test\">C\u00f3digo fonte dispon\u00edvel<\/a><br \/>\nLucas Olini &#8211; <a href=\"http:\/\/www.inf.ufpr.br\/didonet\/files\/tcc_lucas_olini_2019.pdf\">Desenvolvimento de abordagem de mapeamento de esquemas em cen\u00e1rio de dados abertos educacionais<\/a><\/p>\n<p><strong>2017<br \/>\n<\/strong> Celio Trois; PhD: <a href=\"http:\/\/acervodigital.ufpr.br\/handle\/1884\/49462\">Communication Patterns Abstractions for Programming snd to Optimize High-Performance Computing Applications<\/a><br \/>\nMarina Pimentel: Master<strong>: <\/strong><a href=\"http:\/\/acervodigital.ufpr.br\/handle\/1884\/49368\">Busca e ranqueamento de recursos educacionais com suporte a agrupamento de tags<\/a><strong><br \/>\n<\/strong> Leandro Duarte Pulgatti &#8211; Master &#8211; Data Migration between different NoSQL Models<br \/>\nAluisio Gon\u00e7alves &#8211; Undergradaute &#8211; Uma rede de cita\u00e7\u00f5es para a biblioteca digital de teses e disserta\u00e7\u00f5es da Universidade Federal do Paran\u00e1<\/p>\n<p><b>2016<br \/>\n<\/b>Junior Ferri &#8211; Master &#8211; <a href=\"http:\/\/acervodigital.ufpr.br\/handle\/1884\/46487\">Abordagem modular baseada em dicion\u00e1rio para reconhecimento de entidades nomeadas atrav\u00e9s de associa\u00e7\u00e3o aproximada<\/a><br \/>\nHegler Tissot &#8211; PhD &#8211; <a class=\"external-link\" title=\"\" href=\"http:\/\/acervodigital.ufpr.br\/handle\/1884\/43255\" target=\"_self\" rel=\"noopener noreferrer\">Normalization of imprecise temporal expressions extracted from text<\/a><br \/>\nMateus Rambo &#8211; Undergraduate &#8211; Ranqueamento de Recursos Educacionais em uma Rede Social<br \/>\nRodrigo Piassetta &#8211; Undergraduate &#8211; Integra\u00e7\u00e3o da ferramenta Apache JMeter a Metodologia de teste de stress de banco de dados baseado em modelos &#8211; <a class=\"external-link\" title=\"\" href=\"http:\/\/www.inf.ufpr.br\/didonet\/files\/src-modast.tar.gz\" target=\"_self\" rel=\"noopener noreferrer\">J-Modast tool available for download<\/a><\/p>\n<p><b>2015<\/b><\/p>\n<p>Gabriel Peschl &#8211; Master &#8211; <a class=\"external-link\" title=\"\" href=\"http:\/\/%20http\/\/acervodigital.ufpr.br\/handle\/1884\/40436\" target=\"_self\" rel=\"noopener noreferrer\">Evaluating the execution of the SF algorithm using restricted propagation graphs<\/a><br \/>\nRafael Rotelok, Ricardo Veiga da Fonseca &#8211; An\u00e1lise de cache distribu\u00edda atrav\u00e9s de transforma\u00e7\u00f5es de modelos do motor ATL baseado em MapReduce<\/p>\n<p><b>2014<\/b><\/p>\n<p>Davi Santos &#8211; Master : <a class=\"external-link\" title=\"\" href=\"http:\/\/acervodigital.ufpr.br\/handle\/1884\/35844\" target=\"_self\" rel=\"noopener noreferrer\">Metamodel Independent Model transformation using reflection<\/a><br \/>\nFabiano Sluzarski &#8211; Undergraduate<br \/>\nGustavo Grossmann &#8211; Undergraduate<br \/>\nFelipe Ickert &#8211; Master<br \/>\nJurandir Rodrigues &#8211; Master<\/p>\n<p><b>2013<\/b><\/p>\n<p>Fernando Cesar Kloss &#8211; Master : <a class=\"external-link\" href=\"http:\/\/dspace.c3sl.ufpr.br:8080\/dspace\/handle\/1884\/35083\">Executing ATL transformations under MapReduce<\/a> (in Portuguese)<br \/>\nPaulo Eduardo Boeira Capeller &#8211; Master : Studying the integration of EMF and MapReduce<\/p>\n<p>Alan Carvalho Ruzik &#8211; Undergraduate<br \/>\nAndrio Paz da Fonseca\u00a0&#8211; Undergraduate<br \/>\nMarco Aurelio Rutckeviski Villa &#8211; Undergraduate<br \/>\nFernando Domingues &#8211; Undergraduate<\/p>\n<div id=\"_mcePaste\"><b>2012<\/b><\/div>\n<div><\/div>\n<div>Diego Trevisan Lara &#8211; Undergraduate<br \/>\nRoberto Beraldo Chaiben &#8211; Undergraduate<\/div>\n<div><\/div>\n<div><\/div>\n<div>Iulyan Vicari &#8211; Undergraduate<br \/>\nPedro Henrique Cunha &#8211; Undergraduate<\/div>\n<p>Jos\u00e9 Claudio Moretti &#8211; Undergraduate<br \/>\nAlisson Ferreira &#8211; Undergraduate<br \/>\nPedro Henrique Xavier Rossetti &#8211; Undergraduate<br \/>\nJhean Michael Lanski &#8211; Undergraduate<br \/>\nDiego Rafael Oliveira Pereira &#8211; Undergraduate<br \/>\nMelchiades Blanco Junior &#8211; Undergraduate<\/p>\n","protected":false},"excerpt":{"rendered":"<p>Current Phd Walmir Couto Maria Franscicatto Master Marco Mamani Lopez Roger Duarte \u00a0Former students 2021 Antonio Willian Souza : Master : Avalia\u00e7\u00e3o e Valora\u00e7\u00e3o Autom\u00e1tica da Coes\u00e3o de Textos Dissertativos Victor Picussa : Sistema de integra\u00e7\u00e3o de dados com interface e mapeamentos automatizados 2020 Evandro Miguel Kuszera: PhD: Uma Abordagem Baseada Em M\u00e9tricas Para Explorar&hellip;<\/p>\n","protected":false},"author":21,"featured_media":0,"parent":17,"menu_order":0,"comment_status":"closed","ping_status":"closed","template":"","meta":{"footnotes":""},"class_list":["post-58","page","type-page","status-publish","hentry"],"_links":{"self":[{"href":"https:\/\/web.inf.ufpr.br\/didonet\/wp-json\/wp\/v2\/pages\/58","targetHints":{"allow":["GET"]}}],"collection":[{"href":"https:\/\/web.inf.ufpr.br\/didonet\/wp-json\/wp\/v2\/pages"}],"about":[{"href":"https:\/\/web.inf.ufpr.br\/didonet\/wp-json\/wp\/v2\/types\/page"}],"author":[{"embeddable":true,"href":"https:\/\/web.inf.ufpr.br\/didonet\/wp-json\/wp\/v2\/users\/21"}],"replies":[{"embeddable":true,"href":"https:\/\/web.inf.ufpr.br\/didonet\/wp-json\/wp\/v2\/comments?post=58"}],"version-history":[{"count":19,"href":"https:\/\/web.inf.ufpr.br\/didonet\/wp-json\/wp\/v2\/pages\/58\/revisions"}],"predecessor-version":[{"id":1578,"href":"https:\/\/web.inf.ufpr.br\/didonet\/wp-json\/wp\/v2\/pages\/58\/revisions\/1578"}],"up":[{"embeddable":true,"href":"https:\/\/web.inf.ufpr.br\/didonet\/wp-json\/wp\/v2\/pages\/17"}],"wp:attachment":[{"href":"https:\/\/web.inf.ufpr.br\/didonet\/wp-json\/wp\/v2\/media?parent=58"}],"curies":[{"name":"wp","href":"https:\/\/api.w.org\/{rel}","templated":true}]}}