{"id":535,"date":"2018-06-20T14:29:53","date_gmt":"2018-06-20T17:29:53","guid":{"rendered":"http:\/\/web.inf.ufpr.br\/didonet\/?page_id=535"},"modified":"2018-12-12T17:51:43","modified_gmt":"2018-12-12T19:51:43","slug":"ci057-2018-2","status":"publish","type":"page","link":"https:\/\/web.inf.ufpr.br\/didonet\/teaching-disciplinas\/ci057-2018-2\/","title":{"rendered":"CI057 2018 2"},"content":{"rendered":"<div id=\"content-core\">\n<div id=\"parent-fieldname-text-6aa07d9263594f6d89069d1e6c7683bb\" class=\"\">\n<p>Algoritmos e estruturas de dados III<\/p>\n<p id=\"segundo-semestre-de-2010\" class=\"subtitle\"><b>Segundo Semestre de 2018<\/b><\/p>\n<p>P\u00e1gina com informa\u00e7\u00f5es gerais da disciplina: ementa, datas das provas, bibliografia, exerc\u00edcios, etc.<\/p>\n<h3>Avisos<\/h3>\n<p><b>================================<\/b><\/p>\n<ul>\n<li>Resultado final dispon\u00edvel <a href=\"http:\/\/web.inf.ufpr.br\/didonet\/teaching-disciplinas\/ci057-2018-2\/resultados-ci057-2018-2\/\">neste link.<\/a><\/li>\n<li><\/li>\n<li>Resultados da prova 1 dispon\u00edveis <a href=\"http:\/\/web.inf.ufpr.br\/didonet\/teaching-disciplinas\/ci057-2018-2\/resultados-ci057-2018-2\/\">neste link.<\/a><strong><br \/>\n<\/strong><\/li>\n<li><\/li>\n<li><strong>N\u00e3o haver\u00e1 aula<\/strong> dia 17.out, quarta feira. Sexta, dia 19.out., aula normal<\/li>\n<li><\/li>\n<li>Especifica\u00e7\u00e3o do trabalho disponivel <a href=\"http:\/\/web.inf.ufpr.br\/didonet\/teaching-disciplinas\/ci057-2018-2\/trabalho-ci057-2018-2\/\"><strong>neste link<\/strong><\/a><\/li>\n<li><\/li>\n<li><strong>Ensalamento<\/strong>: <a href=\"http:\/\/ensalamento.c3sl.ufpr.br\/?tipo=nd&amp;disciplina=ci057\">http:\/\/ensalamento.c3sl.ufpr.br\/?tipo=nd&amp;disciplina=ci057<\/a><\/li>\n<\/ul>\n<p><b>================================<\/b><\/p>\n<h3><b>Material de aula <\/b><\/h3>\n<ul>\n<li><a class=\"internal-link\" href=\"http:\/\/web.inf.ufpr.br\/didonet\/teaching-disciplinas\/exercicios-bst\/\">1 &#8211; Exerc\u00edcios (\u00e1rvores BST, AVL, 2-3-4, B, RB)<\/a><\/li>\n<li><a class=\"internal-link\" href=\"http:\/\/web.inf.ufpr.br\/didonet\/teaching-disciplinas\/exercicios-rbt\/\">2 &#8211; Exerc\u00edcios (BST, AVL, 2-3-4, RB)<\/a><\/li>\n<li><a href=\"http:\/\/web.inf.ufpr.br\/didonet\/teaching-disciplinas\/exerciciosthh\/\">3 &#8211; Exerc\u00edcios Trie, Heap, Hash<\/a><\/li>\n<\/ul>\n<p><a class=\"external-link\" title=\"\" href=\"http:\/\/www.cs.usfca.edu\/%7Egalles\/visualization\/Algorithms.html\" target=\"_self\">\u00a0Site com simula\u00e7\u00e3o <\/a>de cria\u00e7\u00e3o de diferentes tipos de estruturas de dados (Universidade de S\u00e3o Francisco, EUA)<\/p>\n<p><b>Hor\u00e1rio <\/b><\/p>\n<ul>\n<li style=\"list-style-type: none\">\n<ul>\n<li><b>Quartas<\/b>: 15:30h<\/li>\n<li><b>Sextas<\/b>: 15:30h<\/li>\n<\/ul>\n<\/li>\n<\/ul>\n<p><strong>Ensalamento<\/strong><\/p>\n<p><a href=\"http:\/\/ensalamento.c3sl.ufpr.br\/?tipo=nd&amp;disciplina=ci057\">http:\/\/ensalamento.c3sl.ufpr.br\/?tipo=nd&amp;disciplina=ci057<\/a><\/p>\n<p><b>Datas<\/b><b><br \/>\n<\/b><\/p>\n<ul>\n<li style=\"list-style-type: none\">\n<ul>\n<li><b>Trabalho\u00a01: <\/b>21.novembro.2018<\/li>\n<li><b>Prova 1 <\/b>: 19.setembro.2018<\/li>\n<li><b>Prova 2 <\/b>: 30.novembro.2018<\/li>\n<li><b>Final <\/b>: 12.dezembro.2018<\/li>\n<\/ul>\n<\/li>\n<\/ul>\n<ul>\n<li style=\"list-style-type: none\">\n<ul>\n<li><b>Segunda chamada e reaproveitamento<\/b>: 12.deembro.2018<\/li>\n<\/ul>\n<\/li>\n<\/ul>\n<h3><b>Avalia\u00e7\u00e3o<\/b><\/h3>\n<ul>\n<li>Duas provas e 1 trabalho (ver datas acima).<\/li>\n<li>C\u00e1lculo da M\u00e9dia Parcial: trabalho*0.25+\u00a0 prova1*0.35 + prova2*0.40<\/li>\n<li>C\u00e1lculo da m\u00e9dia final:\n<ul>\n<li>igual \u00e0 m\u00e9dia parcial, se esta \u00e9 igual ou superior a 7.0 ou inferior a 4.0,<\/li>\n<li>m\u00e9dia aritm\u00e9tica entre a m\u00e9dia parcial e a nota no exame final, caso contr\u00e1rio.<\/li>\n<li>Ser\u00e1 aprovado o aluno que apresentar freq\u00fc\u00eancia m\u00ednima igual ou superior a 75% das aulas e obtiver m\u00e9dia final igual ou superior a 5.0.<\/li>\n<\/ul>\n<\/li>\n<\/ul>\n<h3><b>Bibliografia<\/b><\/h3>\n<ul>\n<li>Algoritmos &#8211; Teoria e pr\u00e1tica, Cormen, Leiserson, Rivest, Stein, Rio de Janeiro, Campus, 2002<\/li>\n<li>Projeto de algoritmos: com implementa\u00e7\u00f5es em Pascal e C. N\u00edvio Ziviani. S\u00e3o Paulo: Pioneira, 1999<\/li>\n<li>Algorithms in C. R. Sedgewick. Addison-Wesley, Reading, Massachusetts, 1998.<\/li>\n<li>Estruturas de Dados e seus Algoritmos. J.L. Szwarcfiter, L. Markenzon. LTC-Livros T\u00e9cnicos e Cient\u00edficos, Rio de Janeiro, RJ, 1994.<\/li>\n<li>Data Structures and Algorithms. A.V. Aho, J.E. Hopcroft, J.D. Ullman. Addison-Wesley, Reading, Massachusetts, 1983.<\/li>\n<li>Algorithms and Data Structures. N. Wirth. Prentice-Hall, 1986 (Tradu\u00e7\u00e3o: Algoritmos e Estruturas de Dados. Prentice-Hall do Brasil Ltda, 1989)<\/li>\n<li>Introduction to Algorithms, Cormen, Leiserson, Rivest. MIT Press, Cambridge, Massachusetts, 1996.<\/li>\n<\/ul>\n<\/div>\n<\/div>\n","protected":false},"excerpt":{"rendered":"<p>Algoritmos e estruturas de dados III Segundo Semestre de 2018 P\u00e1gina com informa\u00e7\u00f5es gerais da disciplina: ementa, datas das provas, bibliografia, exerc\u00edcios, etc. Avisos ================================ Resultado final dispon\u00edvel neste link. Resultados da prova 1 dispon\u00edveis neste link. N\u00e3o haver\u00e1 aula dia 17.out, quarta feira. Sexta, dia 19.out., aula normal Especifica\u00e7\u00e3o do trabalho disponivel neste link&hellip;<\/p>\n","protected":false},"author":21,"featured_media":0,"parent":31,"menu_order":0,"comment_status":"closed","ping_status":"closed","template":"","meta":{"footnotes":""},"class_list":["post-535","page","type-page","status-publish","hentry"],"_links":{"self":[{"href":"https:\/\/web.inf.ufpr.br\/didonet\/wp-json\/wp\/v2\/pages\/535","targetHints":{"allow":["GET"]}}],"collection":[{"href":"https:\/\/web.inf.ufpr.br\/didonet\/wp-json\/wp\/v2\/pages"}],"about":[{"href":"https:\/\/web.inf.ufpr.br\/didonet\/wp-json\/wp\/v2\/types\/page"}],"author":[{"embeddable":true,"href":"https:\/\/web.inf.ufpr.br\/didonet\/wp-json\/wp\/v2\/users\/21"}],"replies":[{"embeddable":true,"href":"https:\/\/web.inf.ufpr.br\/didonet\/wp-json\/wp\/v2\/comments?post=535"}],"version-history":[{"count":12,"href":"https:\/\/web.inf.ufpr.br\/didonet\/wp-json\/wp\/v2\/pages\/535\/revisions"}],"predecessor-version":[{"id":706,"href":"https:\/\/web.inf.ufpr.br\/didonet\/wp-json\/wp\/v2\/pages\/535\/revisions\/706"}],"up":[{"embeddable":true,"href":"https:\/\/web.inf.ufpr.br\/didonet\/wp-json\/wp\/v2\/pages\/31"}],"wp:attachment":[{"href":"https:\/\/web.inf.ufpr.br\/didonet\/wp-json\/wp\/v2\/media?parent=535"}],"curies":[{"name":"wp","href":"https:\/\/api.w.org\/{rel}","templated":true}]}}