{"id":44,"date":"2017-06-22T15:11:16","date_gmt":"2017-06-22T18:11:16","guid":{"rendered":"http:\/\/web.inf.ufpr.br\/didonet2\/?page_id=44"},"modified":"2020-05-16T10:31:50","modified_gmt":"2020-05-16T13:31:50","slug":"tools","status":"publish","type":"page","link":"https:\/\/web.inf.ufpr.br\/didonet\/tools\/","title":{"rendered":"Tools"},"content":{"rendered":"<p class=\" \">This page contains a set of tools about my research topics and about the research and development activities of the whole C3SL group.<\/p>\n<h3>Information integration, transparency and monitoring<\/h3>\n<ul>\n<li><a href=\"https:\/\/biod.c3sl.ufpr.br\/index_en.html\">BIOD: Blended Integrated Open Data<\/a> : a Web Portal that provides a RESTful API for accessing several integrated public Open Data sources produced by the Brazilian government. <a href=\"https:\/\/gitlab.c3sl.ufpr.br\/simmctic\/biod\">Tool source at Git,<\/a> <a href=\"https:\/\/arxiv.org\/abs\/1909.00743\">Article Describing the data<\/a><\/li>\n<li><a href=\"https:\/\/simcaq.c3sl.ufpr.br\/\">Simcaq: Cost-Student Quality Simulator<\/a>. <a href=\"https:\/\/gitlab.c3sl.ufpr.br\/simcaq\">source files here<\/a><\/li>\n<li><a href=\"https:\/\/dadoseducacionais.c3sl.ufpr.br\/#\/\">Laboratory for Educational Data<\/a>: open data portal for querying information about Education in Brazil (+300Gb of processed data). <a href=\"https:\/\/gitlab.c3sl.ufpr.br\/simcaq\">source files here<\/a>\u00a0<a href=\"http:\/\/www.inf.ufpr.br\/didonet\/articles\/2018_educational_open_data_icwe.pdf\">Article describing the approach<\/a><\/li>\n<li><a class=\"external-link\" title=\"\" href=\"https:\/\/plataformaintegrada.mec.gov.br\/home\" target=\"_self\" rel=\"noopener noreferrer\">Plataforma Integrada MEC RED. <\/a>Portal for integrating and accessing Open Educational Resources (+25K OERs). <a href=\"https:\/\/gitlab.c3sl.ufpr.br\/portalmec\/portalmec\">source files here<\/a> <a href=\"http:\/\/www.inf.ufpr.br\/didonet\/articles\/2018_cic_portal.pdf\">Article\u00a0 describing\u00a0 the\u00a0 approach<\/a>\n<ul>\n<li><a href=\"https:\/\/gitlab.c3sl.ufpr.br\/portalmec\/portalmec\/tree\/tag-clustering-task\/\">Component for tag-clustering and searching<\/a><\/li>\n<\/ul>\n<\/li>\n<li>SIMMC. System for collecting data and monitoring digital inclusion initiatives. <a class=\"external-link\" title=\"\" href=\"https:\/\/simmc.c3sl.ufpr.br\/\" target=\"_self\" rel=\"noopener noreferrer\">Web site <\/a>and <a class=\"external-link\" title=\"\" href=\"https:\/\/gitlab.c3sl.ufpr.br\/minicom\/simmc\" target=\"_self\" rel=\"noopener noreferrer\">source files.<\/a><\/li>\n<li><a class=\"external-link\" title=\"\" href=\"http:\/\/www.c3sl.ufpr.br\/transparencia\/\" target=\"_self\" rel=\"noopener noreferrer\">SIMTransparencia<\/a>; system for visualizing Public Open Data. <a class=\"external-link\" title=\"\" href=\"http:\/\/www.c3sl.ufpr.br\/transparencia\/\" target=\"_self\" rel=\"noopener noreferrer\">Web site<\/a> and <a class=\"external-link\" title=\"\" href=\"https:\/\/gitlab.c3sl.ufpr.br\/c3sl\/transparencia\" target=\"_self\" rel=\"noopener noreferrer\">source files<\/a><\/li>\n<\/ul>\n<h3>Data transformation\/mapping<\/h3>\n<ul>\n<li><strong>QBMetrics<\/strong>: a tool for evaluating and comparing document schemas. <a href=\"https:\/\/github.com\/evandrokuszera\/nosql-query-based-metrics\"><span style=\"font-family: 'Noto Serif'\">https:\/\/github.com\/evandrokuszera\/nosql-query-based-metrics<\/span><\/a><\/li>\n<li><strong>HOTMapper<\/strong>: a tool for mapping Open Data from large CSV files. <a href=\"https:\/\/gitlab.c3sl.ufpr.br\/tools\/hotmapper\">Source files<\/a>. <a href=\"http:\/\/www.inf.ufpr.br\/didonet\/articles\/2019_HOTMapper_EDBT.pdf\">Tool description (at EDBT)<\/a><\/li>\n<li><strong>Metamorfose<\/strong>: a tool and framework built on top of Apache Spark for data transformation from RDB to NoSQL. <a href=\"https:\/\/github.com\/evandrokuszera\/metamorfose\">Source files<\/a>. <a href=\"http:\/\/www.inf.ufpr.br\/didonet\/articles\/2019_sac_metamorphose_framework_noSql.pdf\">Tool description<\/a><\/li>\n<li><a href=\"http:\/\/www.inf.ufpr.br\/didonet\/files\/Jsonpullparser.zip\">JSON pull parser interoperability<\/a>: interoperability between JSON and other NoSQL models, using the pull-parser programming model.<\/li>\n<li><a href=\"http:\/\/www.inf.ufpr.br\/didonet\/amw\/\" target=\"_parent\" rel=\"noopener noreferrer\">AMW: AtlanMod Model Weaver<\/a> : a tool for establishing correspondences between model elements.<\/li>\n<li><a href=\"http:\/\/hal.inria.fr\/inria-00344013\/en\/\" target=\"_parent\" rel=\"noopener noreferrer\">RIT<\/a>: rule interchange technologies: a tool and methodology for rule (BRMS) migration.<\/li>\n<\/ul>\n<h3><b>Information extraction<br \/>\n<\/b><\/h3>\n<ul>\n<li><a href=\"https:\/\/gitlab.c3sl.ufpr.br\/faes\/asm\/tree\/master\">ASMatch<\/a>: Inexact Gazeteer using phonetic information encoded in a TRIE tree. Plug-in for the GATE Suit.<\/li>\n<li><a class=\"external-link\" title=\"\" href=\"https:\/\/github.com\/caghuve\/rdb-to-onto\" target=\"_self\" rel=\"noopener noreferrer\">RDB2Onto <\/a>: tool for translating RDB to Ontologies, using the logical model and taking into account hierarchies.<\/li>\n<li><a class=\"external-link\" title=\"\" href=\"https:\/\/github.com\/HeglerTissot\/itn\" target=\"_self\" rel=\"noopener noreferrer\">Normalization of imprecise temporal expressions data<\/a> (Timexes)<\/li>\n<\/ul>\n<h3>Mode Driven Stress testing &amp; benchmarking<\/h3>\n<ul>\n<li><a class=\"external-link\" title=\"\" href=\"https:\/\/gitlab.c3sl.ufpr.br\/faes\/JModast\/\" target=\"_self\" rel=\"noopener noreferrer\">J-MODAST<\/a>: integration of the Model Based Stress Testing Methodology with JMeter<\/li>\n<li><a class=\"external-link\" href=\"http:\/\/vanquish-ufpr-bottleneck.appspot.com\/\">Vanquish: Multiple-schema stress testing<\/a>: a tool for testing the performance of schemas modeled in different ways.<\/li>\n<\/ul>\n<h3>Model Operations as Search<\/h3>\n<ul>\n<li><a class=\"external-link\" title=\"\" href=\"https:\/\/gitlab.c3sl.ufpr.br\/faes\/mox\" target=\"_self\" rel=\"noopener noreferrer\">MOS : Model Search<\/a> (Model Search and Transformation as Search set of tools)<\/li>\n<li><a class=\"external-link\" href=\"http:\/\/www.inf.ufpr.br\/lmperes\/tools\/UMLSD2TPN.tar\">Timed Petri Net to Tina transformer.<\/a><\/li>\n<\/ul>\n<h3>Application development<\/h3>\n<ul>\n<li><a class=\"external-link\" title=\"\" href=\"http:\/\/gitlab.c3sl.ufpr.br\/simcaq\/activerecord-monetdb-adapter\" target=\"_self\" rel=\"noopener noreferrer\">Active record for the MonetDB database<\/a><\/li>\n<li><a class=\"external-link\" title=\"\" href=\"https:\/\/github.com\/C3SL\/dspace-rest-client\" target=\"_self\" rel=\"noopener noreferrer\">DSpace rest client<\/a> and <a class=\"external-link\" title=\"\" href=\"https:\/\/gitlab.c3sl.ufpr.br\/bnzanette\/DspaceRestSample\" target=\"_self\" rel=\"noopener noreferrer\">DSPace rest-client Sample<\/a><\/li>\n<\/ul>\n<h3>Others<\/h3>\n<ul>\n<li><a class=\"internal-link\" href=\"http:\/\/web.inf.ufpr.br\/didonet\/44-2\/sapos\/\">SAPOS (Sistema de Apoio \u00e0 Pos-Gradua\u00e7\u00e3o)<\/a> (in Portuguese)\u00a0 : a tool for managing the graduate course using state of the art development techniques.<\/li>\n<li><a class=\"external-link\" title=\"\" href=\"https:\/\/gitlab.c3sl.ufpr.br\/gt-dp\/gt-dp\" target=\"_self\" rel=\"noopener noreferrer\">Digital Preservation<\/a> tool.<\/li>\n<li><a class=\"external-link\" title=\"\" href=\"https:\/\/gitlab.c3sl.ufpr.br\/explore\" target=\"_self\" rel=\"noopener noreferrer\">C3SL GitLab: All projects <\/a>hosted at the C3SL Labs GitLab.<\/li>\n<li><a class=\"external-link\" title=\"\" href=\"http:\/\/github.com\/c3sl\" target=\"_self\" rel=\"noopener noreferrer\">C3SL at GitHub<\/a><\/li>\n<\/ul>\n","protected":false},"excerpt":{"rendered":"<p>This page contains a set of tools about my research topics and about the research and development activities of the whole C3SL group. Information integration, transparency and monitoring BIOD: Blended Integrated Open Data : a Web Portal that provides a RESTful API for accessing several integrated public Open Data sources produced by the Brazilian government.&hellip;<\/p>\n","protected":false},"author":21,"featured_media":0,"parent":0,"menu_order":0,"comment_status":"closed","ping_status":"closed","template":"","meta":{"footnotes":""},"class_list":["post-44","page","type-page","status-publish","hentry"],"_links":{"self":[{"href":"https:\/\/web.inf.ufpr.br\/didonet\/wp-json\/wp\/v2\/pages\/44","targetHints":{"allow":["GET"]}}],"collection":[{"href":"https:\/\/web.inf.ufpr.br\/didonet\/wp-json\/wp\/v2\/pages"}],"about":[{"href":"https:\/\/web.inf.ufpr.br\/didonet\/wp-json\/wp\/v2\/types\/page"}],"author":[{"embeddable":true,"href":"https:\/\/web.inf.ufpr.br\/didonet\/wp-json\/wp\/v2\/users\/21"}],"replies":[{"embeddable":true,"href":"https:\/\/web.inf.ufpr.br\/didonet\/wp-json\/wp\/v2\/comments?post=44"}],"version-history":[{"count":22,"href":"https:\/\/web.inf.ufpr.br\/didonet\/wp-json\/wp\/v2\/pages\/44\/revisions"}],"predecessor-version":[{"id":1319,"href":"https:\/\/web.inf.ufpr.br\/didonet\/wp-json\/wp\/v2\/pages\/44\/revisions\/1319"}],"wp:attachment":[{"href":"https:\/\/web.inf.ufpr.br\/didonet\/wp-json\/wp\/v2\/media?parent=44"}],"curies":[{"name":"wp","href":"https:\/\/api.w.org\/{rel}","templated":true}]}}