{"id":323,"date":"2017-10-11T15:48:12","date_gmt":"2017-10-11T18:48:12","guid":{"rendered":"http:\/\/web.inf.ufpr.br\/didonet\/?page_id=323"},"modified":"2017-11-20T15:01:43","modified_gmt":"2017-11-20T17:01:43","slug":"resultados-ci765-2017-2","status":"publish","type":"page","link":"https:\/\/web.inf.ufpr.br\/didonet\/teaching-disciplinas\/ci765-2017-2\/resultados-ci765-2017-2\/","title":{"rendered":"Resultados CI765 2017 2"},"content":{"rendered":"<p><strong>Resultado, 2o semestre de 2017<\/strong><\/p>\n<p><strong>CI765 &#8211;<\/strong> T\u00e9cnicas em Modelagem de Aplica\u00e7\u00f5es<br \/>\n<strong>CI092 &#8211;<\/strong> T\u00f3picos em Tecnologia e Aplica\u00e7\u00f5es<\/p>\n<p><strong>Professor:<\/strong> Marcos Didonet Del Fabro<\/p>\n<table border=\"0\" cellspacing=\"0\">\n<colgroup width=\"169\"><\/colgroup>\n<colgroup width=\"429\"><\/colgroup>\n<colgroup width=\"124\"><\/colgroup>\n<colgroup width=\"118\"><\/colgroup>\n<colgroup width=\"105\"><\/colgroup>\n<colgroup width=\"136\"><\/colgroup>\n<colgroup width=\"104\"><\/colgroup>\n<tbody>\n<tr>\n<td align=\"center\" height=\"23\"><b>Matricula<\/b><\/td>\n<td align=\"center\"><b><span style=\"font-family: Arial\">Nome<\/span><\/b><\/td>\n<td align=\"center\"><b><span style=\"font-family: Arial\">P1<\/span><\/b><\/td>\n<td align=\"center\"><b><span style=\"font-family: Arial\">Seminario<\/span><\/b><\/td>\n<td align=\"center\"><b><span style=\"font-family: Arial\">Trabalho<\/span><\/b><\/td>\n<td align=\"center\"><b><span style=\"font-family: Arial\">M\u00e9dia Parcial<\/span><\/b><\/td>\n<td align=\"center\"><b><span style=\"font-family: Arial\">Resultado<\/span><\/b><\/td>\n<\/tr>\n<tr>\n<td align=\"center\" height=\"23\"><span style=\"font-family: Tahoma\">GRR20130161<\/span><\/td>\n<td align=\"left\"><span style=\"font-family: Tahoma\">ALUISIO AUGUSTO SILVA GONCALVES<\/span><\/td>\n<td align=\"center\">85<\/td>\n<td align=\"center\">85<\/td>\n<td align=\"center\">95<\/td>\n<td align=\"center\">88<\/td>\n<td align=\"center\"><span style=\"color: #000000;font-size: 10pt\">Aprovado<\/span><\/td>\n<\/tr>\n<tr>\n<td align=\"center\" height=\"23\"><span style=\"font-family: Tahoma\">GRR20131034<\/span><\/td>\n<td align=\"left\"><span style=\"font-family: Tahoma\">DANIEL DUTRA RUFASTO<\/span><\/td>\n<td align=\"center\">85<\/td>\n<td align=\"center\">75<\/td>\n<td align=\"center\">70<\/td>\n<td align=\"center\">77,5<\/td>\n<td align=\"center\"><span style=\"color: #000000;font-size: 10pt\">Aprovado<\/span><\/td>\n<\/tr>\n<tr>\n<td align=\"center\" height=\"23\"><span style=\"font-family: Tahoma\">GRR20131334<\/span><\/td>\n<td align=\"left\"><span style=\"font-family: Tahoma\">ERICK CEZAR OLIVEIRA NASCIMENTO<\/span><\/td>\n<td align=\"center\">65<\/td>\n<td align=\"center\">85<\/td>\n<td align=\"center\">85<\/td>\n<td align=\"center\">77<\/td>\n<td align=\"center\"><span style=\"color: #000000;font-size: 10pt\">Aprovado<\/span><\/td>\n<\/tr>\n<tr>\n<td align=\"center\" height=\"23\"><span style=\"font-family: Tahoma\">GRR20131829<\/span><\/td>\n<td align=\"left\"><span style=\"font-family: Tahoma\">GISELE DE PAULA MARTINS<\/span><\/td>\n<td align=\"center\"><\/td>\n<td align=\"center\"><\/td>\n<td align=\"center\"><\/td>\n<td align=\"center\">0<\/td>\n<td align=\"center\"><span style=\"color: #800000;font-size: 10pt\">Reprovado<\/span><\/td>\n<\/tr>\n<tr>\n<td align=\"center\" height=\"23\"><span style=\"font-family: Tahoma\">GRR20135427<\/span><\/td>\n<td align=\"left\"><span style=\"font-family: Tahoma\">HENRIQUE COLODETTI ESCANFERLA<\/span><\/td>\n<td align=\"center\">70<\/td>\n<td align=\"center\">85<\/td>\n<td align=\"center\">80<\/td>\n<td align=\"center\">77,5<\/td>\n<td align=\"center\"><span style=\"color: #000000;font-size: 10pt\">Aprovado<\/span><\/td>\n<\/tr>\n<tr>\n<td align=\"center\" height=\"23\"><span style=\"font-family: Tahoma\">GRR20132194<\/span><\/td>\n<td align=\"left\"><span style=\"font-family: Tahoma\">ISRAEL BARTH RUBIO<\/span><\/td>\n<td align=\"center\">95<\/td>\n<td align=\"center\">85<\/td>\n<td align=\"center\">85<\/td>\n<td align=\"center\">89<\/td>\n<td align=\"center\"><span style=\"color: #000000;font-size: 10pt\">Aprovado<\/span><\/td>\n<\/tr>\n<tr>\n<td align=\"center\" height=\"23\"><span style=\"font-family: Tahoma\">GRR20165138<\/span><\/td>\n<td align=\"left\"><span style=\"font-family: Tahoma\">JOAO PEDRO CURVELO<\/span><\/td>\n<td align=\"center\"><\/td>\n<td align=\"center\"><\/td>\n<td align=\"center\"><\/td>\n<td align=\"center\">0<\/td>\n<td align=\"center\"><span style=\"color: #800000;font-size: 10pt\">Reprovado<\/span><\/td>\n<\/tr>\n<tr>\n<td align=\"center\" height=\"23\"><span style=\"font-family: Tahoma\">GRR20143147<\/span><\/td>\n<td align=\"left\"><span style=\"font-family: Tahoma\">JONATHAN RODRIGUES SZLACHTA<\/span><\/td>\n<td align=\"center\">90<\/td>\n<td align=\"center\">90<\/td>\n<td align=\"center\">85<\/td>\n<td align=\"center\">88,5<\/td>\n<td align=\"center\"><span style=\"color: #000000;font-size: 10pt\">Aprovado<\/span><\/td>\n<\/tr>\n<tr>\n<td align=\"center\" height=\"23\"><span style=\"font-family: Tahoma\">GRR20143220<\/span><\/td>\n<td align=\"left\"><span style=\"font-family: Tahoma\">KATRINY ZAMPRONI<\/span><\/td>\n<td align=\"center\">95<\/td>\n<td align=\"center\">75<\/td>\n<td align=\"center\">85<\/td>\n<td align=\"center\">86<\/td>\n<td align=\"center\"><span style=\"color: #000000;font-size: 10pt\">Aprovado<\/span><\/td>\n<\/tr>\n<tr>\n<td align=\"center\" height=\"23\"><span style=\"font-family: Tahoma\">GRR20140605<\/span><\/td>\n<td align=\"left\"><span style=\"font-family: Tahoma\">LETICIA PASDIORA<\/span><\/td>\n<td align=\"center\">70<\/td>\n<td align=\"center\">75<\/td>\n<td align=\"center\">85<\/td>\n<td align=\"center\">76<\/td>\n<td align=\"center\"><span style=\"color: #000000;font-size: 10pt\">Aprovado<\/span><\/td>\n<\/tr>\n<tr>\n<td align=\"center\" height=\"23\"><span style=\"font-family: Tahoma\">GRR20128302<\/span><\/td>\n<td align=\"left\"><span style=\"font-family: Tahoma\">MASSAHARU HORIE JUNIOR<\/span><\/td>\n<td align=\"center\"><\/td>\n<td align=\"center\"><\/td>\n<td align=\"center\"><\/td>\n<td align=\"center\">0<\/td>\n<td align=\"center\"><span style=\"color: #800000;font-size: 10pt\">Reprovado<\/span><\/td>\n<\/tr>\n<tr>\n<td align=\"center\" height=\"23\"><span style=\"font-family: Tahoma\">GRR20135646<\/span><\/td>\n<td align=\"left\"><span style=\"font-family: Tahoma\">NAIARA DE OLIVEIRA DA SILVA<\/span><\/td>\n<td align=\"center\"><\/td>\n<td align=\"center\"><\/td>\n<td align=\"center\"><\/td>\n<td align=\"center\">0<\/td>\n<td align=\"center\"><span style=\"color: #800000;font-size: 10pt\">Reprovado<\/span><\/td>\n<\/tr>\n<tr>\n<td align=\"center\" height=\"23\"><span style=\"font-family: Tahoma\">GRR20120748<\/span><\/td>\n<td align=\"left\"><span style=\"font-family: Tahoma\">RODRIGO YUKIO MISUGI<\/span><\/td>\n<td align=\"center\"><\/td>\n<td align=\"center\"><\/td>\n<td align=\"center\"><\/td>\n<td align=\"center\">0<\/td>\n<td align=\"center\"><span style=\"color: #800000;font-size: 10pt\">Reprovado<\/span><\/td>\n<\/tr>\n<tr>\n<td align=\"center\" height=\"23\"><span style=\"font-family: Tahoma\">0<\/span><\/td>\n<td align=\"left\"><span style=\"font-family: Tahoma\">ELISABETE FERREIRA (Doutorado) <\/span><\/td>\n<td align=\"center\">75<\/td>\n<td align=\"center\">75<\/td>\n<td align=\"center\">90<\/td>\n<td align=\"center\">79,5 (B)<\/td>\n<td align=\"center\"><span style=\"color: #000000;font-size: 10pt\">Aprovado<\/span><\/td>\n<\/tr>\n<tr>\n<td align=\"center\" height=\"24\"><span style=\"font-family: Tahoma\">0<\/span><\/td>\n<td align=\"left\"><span style=\"font-family: Tahoma\">EMERSON FEDECHEN (Doutorado) <\/span><\/td>\n<td align=\"center\">90<\/td>\n<td align=\"center\">90<\/td>\n<td align=\"center\">95<\/td>\n<td align=\"center\">91,5 (A)<\/td>\n<td align=\"center\"><span style=\"color: #000000;font-size: 10pt\">Aprovado<\/span><\/td>\n<\/tr>\n<tr>\n<td align=\"center\" height=\"23\"><span style=\"font-family: Tahoma\">0<\/span><\/td>\n<td align=\"left\"><span style=\"font-family: Tahoma\">HENRIQUE EHRENFRIED (Mestrado) <\/span><\/td>\n<td align=\"center\">95<\/td>\n<td align=\"center\">85<\/td>\n<td align=\"center\">100<\/td>\n<td align=\"center\">93,5 (A)<\/td>\n<td align=\"center\"><span style=\"color: #000000;font-size: 10pt\">Aprovado<\/span><\/td>\n<\/tr>\n<tr>\n<td align=\"center\" height=\"23\"><span style=\"font-family: Tahoma\">0<\/span><\/td>\n<td align=\"left\"><span style=\"font-family: Tahoma\">LEANDRO HOMMA NAGANO (Mestrado) <\/span><\/td>\n<td align=\"center\">25<\/td>\n<td align=\"center\"><\/td>\n<td align=\"center\"><\/td>\n<td align=\"center\"><\/td>\n<td align=\"center\"><span style=\"color: #800000;font-size: 10pt\">Cancelou<\/span><\/td>\n<\/tr>\n<tr>\n<td align=\"center\" height=\"24\"><span style=\"font-family: Tahoma\">0<\/span><\/td>\n<td align=\"left\"><span style=\"font-family: Tahoma\">MATEUS RAMBO STREY (Mestrado) <\/span><\/td>\n<td align=\"center\">95<\/td>\n<td align=\"center\">95<\/td>\n<td align=\"center\">95<\/td>\n<td align=\"center\">95 (A)<\/td>\n<td align=\"center\"><span style=\"color: #000000;font-size: 10pt\">Aprovado<\/span><\/td>\n<\/tr>\n<tr>\n<td align=\"center\" height=\"23\"><span style=\"font-family: Tahoma\">0<\/span><\/td>\n<td align=\"left\"><span style=\"font-family: Tahoma\">MATHEUS AGIO NERONE (Mestrado) <\/span><\/td>\n<td align=\"center\">95<\/td>\n<td align=\"center\">95<\/td>\n<td align=\"center\">100<\/td>\n<td align=\"center\">96,5 (A)<\/td>\n<td align=\"center\"><span style=\"color: #000000;font-size: 10pt\">Aprovado<\/span><\/td>\n<\/tr>\n<tr>\n<td align=\"center\" height=\"27\"><span style=\"font-family: Tahoma\">0<\/span><\/td>\n<td align=\"left\"><span style=\"font-family: Tahoma\">SIMONE CRISTIANE DE SOUZA (Mestrado) <\/span><\/td>\n<td align=\"center\">50<\/td>\n<td align=\"center\">70<\/td>\n<td align=\"center\">90<\/td>\n<td align=\"center\">68 (C)<\/td>\n<td align=\"center\"><span style=\"color: #000000;font-size: 10pt\">Aprovado<\/span><\/td>\n<\/tr>\n<tr>\n<td align=\"center\" height=\"27\"><span style=\"font-family: Tahoma\">0<\/span><\/td>\n<td align=\"left\"><span style=\"font-family: Tahoma\">ANGELICA MARAN DERENEVICK (Externo)<\/span><\/td>\n<td align=\"center\">55<\/td>\n<td align=\"center\">75<\/td>\n<td align=\"center\">70<\/td>\n<td align=\"center\">65,5 (C)<\/td>\n<td align=\"center\"><span style=\"color: #000000;font-size: 10pt\">Aprovado<\/span><\/td>\n<\/tr>\n<tr>\n<td align=\"center\" height=\"27\"><span style=\"font-family: Tahoma\">0<\/span><\/td>\n<td align=\"left\"><span style=\"font-family: Tahoma\">GEORGIA WESTPHAL (Externo) <\/span><\/td>\n<td align=\"center\"><\/td>\n<td align=\"center\"><\/td>\n<td align=\"center\"><\/td>\n<td align=\"center\">0<\/td>\n<td align=\"center\"><span style=\"color: #800000;font-size: 10pt\">Reprovado<\/span><\/td>\n<\/tr>\n<tr>\n<td align=\"center\" height=\"27\"><span style=\"font-family: Tahoma\">0<\/span><\/td>\n<td align=\"left\"><span style=\"font-family: Tahoma\">LEANDRO PULGATTI (Externo) <\/span><\/td>\n<td align=\"center\">95<\/td>\n<td align=\"center\">90<\/td>\n<td align=\"center\">70<\/td>\n<td align=\"center\">86 (B)<\/td>\n<td align=\"center\"><span style=\"font-size: 10pt\">\u00a0Aprovado<\/span><\/td>\n<\/tr>\n<\/tbody>\n<\/table>\n","protected":false},"excerpt":{"rendered":"<p>Resultado, 2o semestre de 2017 CI765 &#8211; T\u00e9cnicas em Modelagem de Aplica\u00e7\u00f5es CI092 &#8211; T\u00f3picos em Tecnologia e Aplica\u00e7\u00f5es Professor: Marcos Didonet Del Fabro Matricula Nome P1 Seminario Trabalho M\u00e9dia Parcial Resultado GRR20130161 ALUISIO AUGUSTO SILVA GONCALVES 85 85 95 88 Aprovado GRR20131034 DANIEL DUTRA RUFASTO 85 75 70 77,5 Aprovado GRR20131334 ERICK CEZAR OLIVEIRA&hellip;<\/p>\n","protected":false},"author":21,"featured_media":0,"parent":222,"menu_order":0,"comment_status":"closed","ping_status":"closed","template":"","meta":{"footnotes":""},"class_list":["post-323","page","type-page","status-publish","hentry"],"_links":{"self":[{"href":"https:\/\/web.inf.ufpr.br\/didonet\/wp-json\/wp\/v2\/pages\/323","targetHints":{"allow":["GET"]}}],"collection":[{"href":"https:\/\/web.inf.ufpr.br\/didonet\/wp-json\/wp\/v2\/pages"}],"about":[{"href":"https:\/\/web.inf.ufpr.br\/didonet\/wp-json\/wp\/v2\/types\/page"}],"author":[{"embeddable":true,"href":"https:\/\/web.inf.ufpr.br\/didonet\/wp-json\/wp\/v2\/users\/21"}],"replies":[{"embeddable":true,"href":"https:\/\/web.inf.ufpr.br\/didonet\/wp-json\/wp\/v2\/comments?post=323"}],"version-history":[{"count":10,"href":"https:\/\/web.inf.ufpr.br\/didonet\/wp-json\/wp\/v2\/pages\/323\/revisions"}],"predecessor-version":[{"id":363,"href":"https:\/\/web.inf.ufpr.br\/didonet\/wp-json\/wp\/v2\/pages\/323\/revisions\/363"}],"up":[{"embeddable":true,"href":"https:\/\/web.inf.ufpr.br\/didonet\/wp-json\/wp\/v2\/pages\/222"}],"wp:attachment":[{"href":"https:\/\/web.inf.ufpr.br\/didonet\/wp-json\/wp\/v2\/media?parent=323"}],"curies":[{"name":"wp","href":"https:\/\/api.w.org\/{rel}","templated":true}]}}