{"id":31,"date":"2017-06-22T15:05:12","date_gmt":"2017-06-22T18:05:12","guid":{"rendered":"http:\/\/web.inf.ufpr.br\/didonet2\/?page_id=31"},"modified":"2021-09-19T22:20:48","modified_gmt":"2021-09-20T01:20:48","slug":"teaching-disciplinas","status":"publish","type":"page","link":"https:\/\/web.inf.ufpr.br\/didonet\/teaching-disciplinas\/","title":{"rendered":"Teaching (disciplinas)"},"content":{"rendered":"<div id=\"portal-columns\" class=\"row\">\n<div id=\"portal-column-content\" class=\"cell width-full position-0\">\n<div class=\"\">\n<div id=\"content\">\n<div id=\"content-core\">\n<div id=\"parent-fieldname-text-b2a264b1-1d5b-4679-8fbc-d818bfad52a8\" class=\"\">\n<h2><\/h2>\n<h2><b>2021 1o sem. ERE4<br \/>\n<\/b><\/h2>\n<ul>\n<li><a title=\"INFO7052-CI1016-CI092 \u2013 T\u00e9cnicas em modelagem de aplica\u00e7\u00f5es\" href=\"https:\/\/web.inf.ufpr.br\/didonet\/info7052-ci1016-ci092-tecnicas-em-modelagem-de-aplicacoes\/\">CI092\/CI1016\/INFO7052 &#8211; T\u00e9cnicas em modelagem de aplica\u00e7\u00f5es: de 20\/05 ao 12\/08<\/a><\/li>\n<li><a title=\"CI1057-2021-1 \u2013 ERE4\" href=\"https:\/\/web.inf.ufpr.br\/didonet\/ci1057-2021-1-ere4\/\">CI1057 &#8211; Algoritmos e Estruturas de Dados III: de 22\/09 ao 08\/12<\/a><\/li>\n<\/ul>\n<h2><b><br \/>\n2021 ERE3 &#8211;<br \/>\n<\/b><\/h2>\n<ul>\n<li><a title=\"CI1062 \u2013 ERE 3 \u2013 Paradigmas de programa\u00e7\u00e3o\" href=\"http:\/\/web.inf.ufpr.br\/didonet\/ci1062-ere-3-paradigmas-de-programacao\/\">CI1062 &#8211; Paradigmas de Programa\u00e7\u00e3o: de 20\/05 ao 12\/08<\/a><\/li>\n<li><a title=\"CI1057 \u2013 ERE3 \u2013 Algoritmos e estruturas de dados III\" href=\"http:\/\/web.inf.ufpr.br\/didonet\/ci1057-ere3-algoritmos-e-estruturas-de-dados-iii\/\">CI1057 &#8211; Algoritmos e Estruturas de Dados III: de 19\/05 ao 04\/08<\/a><\/li>\n<\/ul>\n<h2><b>ERE 20\/21 &#8211; Ensino Remoto Emergencial<br \/>\n<\/b><\/h2>\n<ul>\n<li><a href=\"http:\/\/web.inf.ufpr.br\/didonet\/ere-20-21-paradigmas-de-programacao-ci1062\/\">CI1062 &#8211; Paradigmas de Programa\u00e7\u00e3o<\/a><\/li>\n<li><a href=\"http:\/\/web.inf.ufpr.br\/didonet\/ere-20-21-algoritmos-e-estruturas-de-dados-iii\/\">CI1057 &#8211; Algoritmos e Estruturas de Dados III<\/a><\/li>\n<\/ul>\n<h2><b>2020<\/b><\/h2>\n<h3><strong>PRIMEIRO semestre<\/strong><\/h3>\n<ul>\n<li><a href=\"http:\/\/web.inf.ufpr.br\/didonet\/ci1062-paradigmas-de-programacao\/\">CI1062 &#8211; Paradigmas de Programa\u00e7\u00e3o<\/a><\/li>\n<li><a href=\"http:\/\/web.inf.ufpr.br\/didonet\/ci1057-2020-1\/\">CI1057 &#8211; Algoritmos e Estruturas de Dados III<\/a><\/li>\n<\/ul>\n<h2><b>2019<\/b><\/h2>\n<h3><strong>Segundo semestre<\/strong><\/h3>\n<ul>\n<li><a href=\"http:\/\/web.inf.ufpr.br\/didonet\/ci1163-2019-2\/\">CI1163 &#8211; Design de Software<\/a><\/li>\n<li><a href=\"http:\/\/web.inf.ufpr.br\/didonet\/teaching-disciplinas\/info7052-ci092-2019-2\/\">INFO7052 (CI092)<\/a> &#8211; T\u00e9cnicas em Projeto e Modelagem de Aplica\u00e7\u00f5es e Dados (T\u00f3picos em Tecnologias e Aplica\u00e7\u00f5es)<\/li>\n<\/ul>\n<h3><strong>Primeiro semestre<\/strong><\/h3>\n<ul>\n<li><a href=\"http:\/\/web.inf.ufpr.br\/didonet\/ci057-2018-2\/\">CI057 &#8211; Algoritmos e Estruturas de Dados III<\/a><\/li>\n<li><a href=\"http:\/\/web.inf.ufpr.br\/didonet\/ci163-2019-1\/\">CI163 &#8211; Design de Software<\/a><\/li>\n<\/ul>\n<h2><b>2018<\/b><\/h2>\n<h3><strong>Segundo semestre<\/strong><\/h3>\n<ul>\n<li><a href=\"http:\/\/web.inf.ufpr.br\/didonet\/teaching-disciplinas\/ci062-2018-2\/\">CI062 T\u00e9cnicas Alternativas de Programa\u00e7\u00e3o<\/a><\/li>\n<li><a href=\"http:\/\/web.inf.ufpr.br\/didonet\/ci057-2018-2\/\">CI057 &#8211; Algoritmos e Estruturas de Dados III<\/a><\/li>\n<\/ul>\n<h3><strong>Primeiro semestre<\/strong><\/h3>\n<ul>\n<li><a href=\"http:\/\/web.inf.ufpr.br\/didonet\/teaching-disciplinas\/ci062-2018-1\/\">CI062<\/a> &#8211; T\u00e9cnicas Alternativas de Programa\u00e7\u00e3o<\/li>\n<li><a href=\"http:\/\/web.inf.ufpr.br\/didonet\/teaching-disciplinas\/ci057-2018-1\/\">CI057<\/a> &#8211; Algoritmos e Estruturas de Dados III<\/li>\n<\/ul>\n<h2><b>2017<\/b><\/h2>\n<h3><strong>Segundo semestre<\/strong><\/h3>\n<ul>\n<li><a href=\"http:\/\/web.inf.ufpr.br\/didonet\/ci765-2017-2\/\"><strong>CI765\/CI092<\/strong><\/a> &#8211; T\u00e9cnicas em modelagem de aplica\u00e7\u00f5es\/ T\u00f3picos em tecnologias e aplica\u00e7\u00f5es\n<ul>\n<li>Introdu\u00e7\u00e3o \u00e0 modelagem\n<ul>\n<li>Como extrair informa\u00e7\u00f5es de sistemas e modelar aspectos relevantes<\/li>\n<li>Comparativo entre diferentes plataformas de modelagem : SQL, XML, NoSQL (chave valor, documento), UML, XML, outros.<\/li>\n<li>Representa\u00e7\u00e3o de modelos usando sintaxes concretas (linguagens)<\/li>\n<\/ul>\n<\/li>\n<li>Opera\u00e7\u00f5es entre modelos : transforma\u00e7\u00f5es<\/li>\n<\/ul>\n<\/li>\n<li><a href=\"http:\/\/web.inf.ufpr.br\/didonet\/ci062-2017-2\/\"><strong>CI062<\/strong><\/a> &#8211; T\u00e9cnicas Alternativas de Programa\u00e7\u00e3o<\/li>\n<\/ul>\n<h3>Primeiro semestre<\/h3>\n<ul>\n<li><b><\/b><strong><a class=\"internal-link\" title=\"\" href=\"http:\/\/web.inf.ufpr.br\/didonet\/teaching-disciplinas\/ci057-2017-1\/\">CI057<\/a> &#8211;<\/strong> Algoritmos e Estruturas de Dados<\/li>\n<li><strong><a class=\"internal-link\" title=\"\" href=\"http:\/\/web.inf.ufpr.br\/didonet\/teaching-disciplinas\/ci062-2017-1\/\">CI062<\/a> &#8211;<\/strong> T\u00e9cnicas Alternativas de Programa\u00e7\u00e3o<\/li>\n<\/ul>\n<h2><b>2016<\/b><\/h2>\n<h3>Segundo semestre<\/h3>\n<ul>\n<li><span class=\"internal-link\"><b><a class=\"external-link\" title=\"\" href=\"http:\/\/www.inf.ufpr.br\/didonet\/archive\/disciplinas\/ci057\/ci057_2016_2.html\" target=\"_self\" rel=\"noopener noreferrer\">CI057<\/a>\u00a0<\/b><\/span>&#8211; Algoritmos e Estruturas de Dados<\/li>\n<\/ul>\n<h3>Primeiro semestre<\/h3>\n<ul>\n<li><span class=\"internal-link\"><b><a class=\"external-link\" href=\"http:\/\/www.inf.ufpr.br\/didonet\/archive\/disciplinas\/ci057\/ci057b_2016_1.html\">CI057<\/a> <\/b><\/span>&#8211; Algoritmos e Estruturas de Dados<\/li>\n<\/ul>\n<h2><b>2015<\/b><\/h2>\n<h3>Segundo semestre<\/h3>\n<ul>\n<li><span class=\"internal-link\"><b><a class=\"external-link\" href=\"http:\/\/www.inf.ufpr.br\/didonet\/archive\/disciplinas\/ci062\/ci062_2015_2.html\">CI062<\/a> <\/b><\/span>&#8211; T\u00e9cnicas Alternativas de Programa\u00e7\u00e3o<\/li>\n<\/ul>\n<h3>Primeiro semestre<\/h3>\n<ul>\n<li><span class=\"internal-link\"><b><a class=\"internal-link\" href=\"http:\/\/www.inf.ufpr.br\/didonet\/archive\/disciplinas\/ci745_2015_1.html\">CI741<\/a> <\/b><\/span>&#8211; Semin\u00e1rios em Inform\u00e1tica<\/li>\n<\/ul>\n<h2><b>2014<\/b><\/h2>\n<h3>Segundo semestre<\/h3>\n<ul>\n<li><span class=\"internal-link\"><b><a class=\"external-link\" href=\"http:\/\/www.inf.ufpr.br\/didonet\/archive\/disciplinas\/ci062\/ci062_2014_2.html\">CI062<\/a><\/b><\/span><b> <\/b>&#8211; T\u00e9cnicas Alternativas de Programa\u00e7\u00e3o<\/li>\n<\/ul>\n<h3>Primeiro semestre<\/h3>\n<ul>\n<li><a class=\"internal-link\" href=\"http:\/\/www.inf.ufpr.br\/didonet\/archive\/disciplinas\/ci092\/ci765_2014_1.html\"><span class=\"internal-link\"><b>CI765 \/ CI092<\/b><\/span><\/a><b> <\/b>&#8211; T\u00e9cnicas em Modelagem de Aplica\u00e7\u00f5es \/ T\u00f3picos Especiais II)<\/li>\n<li>CI218 &#8211; Sistemas de Banco de Dados<\/li>\n<\/ul>\n<h2><b>2013<\/b><\/h2>\n<h3>Segundo semestre<\/h3>\n<ul>\n<li><span class=\"internal-link\"><b><a class=\"external-link\" href=\"http:\/\/www.inf.ufpr.br\/didonet\/archive\/disciplinas\/ci062\/ci062_2013_2.html\">CI062<\/a><\/b><\/span><b> <\/b>&#8211; T\u00e9cnicas Alternativas de Programa\u00e7\u00e3o<\/li>\n<\/ul>\n<h3>Primeiro semestre<\/h3>\n<ul>\n<li><span class=\"internal-link\"><b><a class=\"external-link\" href=\"http:\/\/www.inf.ufpr.br\/didonet\/archive\/disciplinas\/ci092\/ci765_2013_1.html\">CI765 \/ CI092<\/a><\/b><\/span><b> <\/b>&#8211; T\u00e9cnicas em Modelagem de Aplica\u00e7\u00f5es (T\u00f3picos Especiais II)<\/li>\n<\/ul>\n<h3>2012<\/h3>\n<h3>Segundo semestre<\/h3>\n<ul>\n<li><a class=\"internal-link\" href=\"https:\/\/web.inf.ufpr.br\/didonet\/disciplinas\/ci062\/ci062_2012_2\"><span class=\"internal-link\"><b>CI062<\/b><\/span><\/a><b><a class=\"internal-link\" href=\"http:\/\/www.inf.ufpr.br\/didonet\/archive\/disciplinas\/ci062\/ci062_2012_2.html\"><span class=\"internal-link\"> turmas A-K<\/span><\/a> <\/b>&#8211; T\u00e9cnicas Alternativas de Programa\u00e7\u00e3o<\/li>\n<\/ul>\n<h3>Primeiro semestre<\/h3>\n<ul>\n<li style=\"list-style-type: none\">\n<ul>\n<li><a class=\"internal-link\" href=\"http:\/\/www.inf.ufpr.br\/didonet\/archive\/disciplinas\/ci062\/ci062_2012_1.html\"><span class=\"internal-link\"><b>CI062<\/b><\/span><\/a><b><a class=\"internal-link\" href=\"https:\/\/web.inf.ufpr.br\/didonet\/disciplinas\/ci062\/ci062_2012_1\"><span class=\"internal-link\"> a<\/span><\/a> <\/b>&#8211; T\u00e9cnicas Alternativas de Programa\u00e7\u00e3o<\/li>\n<\/ul>\n<ul>\n<li><a class=\"internal-link\" href=\"http:\/\/www.inf.ufpr.br\/didonet\/archive\/disciplinas\/ci057\/ci057b_2012_1.html\"><b>CI057b<\/b><\/a> &#8211; Algoritmos e Estruturas de Dados III<\/li>\n<\/ul>\n<\/li>\n<\/ul>\n<h2><b>2011<\/b><\/h2>\n<h3>Segundo semestre<b><\/b><\/h3>\n<ul>\n<li style=\"list-style-type: none\">\n<ul>\n<li><b><a class=\"internal-link\" href=\"http:\/\/www.inf.ufpr.br\/didonet\/archive\/disciplinas\/ci062_2011_2.html\" target=\"_parent\" rel=\"noopener noreferrer\">CI062<\/a> <\/b>&#8211; T\u00e9cnicas Alternativas de Programa\u00e7\u00e3o<\/li>\n<\/ul>\n<ul>\n<li><b><a class=\"internal-link\" href=\"http:\/\/www.inf.ufpr.br\/didonet\/archive\/disciplinas\/ci092_2011_2.html\" target=\"_parent\" rel=\"noopener noreferrer\">CI092<\/a><\/b> &#8211; T\u00f3picos em Tecnologias e Aplica\u00e7\u00f5es<\/li>\n<\/ul>\n<\/li>\n<\/ul>\n<h3>Primeiro semestre<\/h3>\n<ul>\n<li style=\"list-style-type: none\">\n<ul>\n<li style=\"list-style-type: none\">\n<ul>\n<li><b><a class=\"internal-link\" href=\"http:\/\/www.inf.ufpr.br\/didonet\/archive\/disciplinas\/ci092_2011_1.html\" target=\"_parent\" rel=\"noopener noreferrer\">CI062-A \/ CI-851a<\/a><\/b> &#8211; T\u00e9cnicas Alternativas de Programa\u00e7\u00e3o<\/li>\n<\/ul>\n<ul>\n<li><b><a class=\"internal-link\" href=\"http:\/\/www.inf.ufpr.br\/didonet\/archive\/disciplinas\/ci852b_2011_1.html\" target=\"_parent\" rel=\"noopener noreferrer\">CI852b \/ CI092<\/a><\/b> &#8211; T\u00f3picos Especiais II (T\u00e9cnicas de Modelagem de Aplica\u00e7\u00f5es)<\/li>\n<\/ul>\n<\/li>\n<\/ul>\n<\/li>\n<\/ul>\n<h2>2010<\/h2>\n<ul>\n<li style=\"list-style-type: none\">\n<ul>\n<li><b><a class=\"internal-link\" href=\"http:\/\/www.inf.ufpr.br\/didonet\/archive\/disciplinas\/ci208_2010_2.html\" target=\"_parent\" rel=\"noopener noreferrer\">CI208<\/a><\/b> &#8211; Programa\u00e7\u00e3o de Computadores<\/li>\n<li><a href=\"http:\/\/www.emn.fr\/z-info\/atlanmod\/index.php\/The_MDE_Diploma\" target=\"_parent\" rel=\"noopener noreferrer\">The MDE Diploma 2010<\/a><\/li>\n<\/ul>\n<\/li>\n<\/ul>\n<\/div>\n<\/div>\n<div id=\"viewlet-below-content-body\"><\/div>\n<\/div>\n<\/div>\n<div id=\"viewlet-below-content\"><\/div>\n<\/div>\n<\/div>\n<div id=\"portal-footer-wrapper\" class=\"row\"><\/div>\n","protected":false},"excerpt":{"rendered":"<p>2021 1o sem. ERE4 CI092\/CI1016\/INFO7052 &#8211; T\u00e9cnicas em modelagem de aplica\u00e7\u00f5es: de 20\/05 ao 12\/08 CI1057 &#8211; Algoritmos e Estruturas de Dados III: de 22\/09 ao 08\/12 2021 ERE3 &#8211; CI1062 &#8211; Paradigmas de Programa\u00e7\u00e3o: de 20\/05 ao 12\/08 CI1057 &#8211; Algoritmos e Estruturas de Dados III: de 19\/05 ao 04\/08 ERE 20\/21 &#8211; Ensino&hellip;<\/p>\n","protected":false},"author":21,"featured_media":0,"parent":0,"menu_order":0,"comment_status":"closed","ping_status":"closed","template":"","meta":{"footnotes":""},"class_list":["post-31","page","type-page","status-publish","hentry"],"_links":{"self":[{"href":"https:\/\/web.inf.ufpr.br\/didonet\/wp-json\/wp\/v2\/pages\/31","targetHints":{"allow":["GET"]}}],"collection":[{"href":"https:\/\/web.inf.ufpr.br\/didonet\/wp-json\/wp\/v2\/pages"}],"about":[{"href":"https:\/\/web.inf.ufpr.br\/didonet\/wp-json\/wp\/v2\/types\/page"}],"author":[{"embeddable":true,"href":"https:\/\/web.inf.ufpr.br\/didonet\/wp-json\/wp\/v2\/users\/21"}],"replies":[{"embeddable":true,"href":"https:\/\/web.inf.ufpr.br\/didonet\/wp-json\/wp\/v2\/comments?post=31"}],"version-history":[{"count":35,"href":"https:\/\/web.inf.ufpr.br\/didonet\/wp-json\/wp\/v2\/pages\/31\/revisions"}],"predecessor-version":[{"id":1580,"href":"https:\/\/web.inf.ufpr.br\/didonet\/wp-json\/wp\/v2\/pages\/31\/revisions\/1580"}],"wp:attachment":[{"href":"https:\/\/web.inf.ufpr.br\/didonet\/wp-json\/wp\/v2\/media?parent=31"}],"curies":[{"name":"wp","href":"https:\/\/api.w.org\/{rel}","templated":true}]}}