{"id":1558,"date":"2021-09-02T14:15:15","date_gmt":"2021-09-02T17:15:15","guid":{"rendered":"https:\/\/web.inf.ufpr.br\/didonet\/?page_id=1558"},"modified":"2021-11-25T23:04:28","modified_gmt":"2021-11-26T02:04:28","slug":"ci1057-2021-1-ere4","status":"publish","type":"page","link":"https:\/\/web.inf.ufpr.br\/didonet\/ci1057-2021-1-ere4\/","title":{"rendered":"CI1057-2021-1 &#8211; ERE4"},"content":{"rendered":"\n<h2>ALGORITMOS E ESTRUTURAS DE DADOS III<\/h2>\n<p id=\"segundo-semestre-de-2010\" class=\"subtitle\"><b>E<span style=\"color: #000000\">nsino Remoto Emergencial 4 : ERE 2021-1<\/span><br \/><\/b><\/p>\n<p><span style=\"color: #000000\">P\u00e1gina com informa\u00e7\u00f5es gerais da disciplina: ementa, datas das provas, bibliografia, exerc\u00edcios, etc.<\/span><\/p>\n<h3>AVISOS<\/h3>\n<p><span style=\"color: #000000\"><b>================================<\/b><\/span><\/p>\n<p><span style=\"color: #000000\">=&gt; Resultados dos <a title=\"CI1057-ERE4-2021-resultados\" href=\"https:\/\/web.inf.ufpr.br\/didonet\/ci1057-ere4-2021\/\">trabalhos 1 e 2 dispon\u00edveis<\/a>.<\/span><\/p>\n<p><span style=\"color: #000000\"><br \/>=&gt; Resultados do <a title=\"CI1057-ERE4-2021-resultados\" href=\"https:\/\/web.inf.ufpr.br\/didonet\/ci1057-ere4-2021\/\">trabalho 1 dispon\u00edveis<\/a>.<\/span><\/p>\n<p>\u00a0<\/p>\n<p><span style=\"color: #000000\">=&gt; Especifica\u00e7\u00e3o do<a style=\"color: #000000\" title=\"CI1057 \u2013 ERE \u2013 Trabalho 01\" href=\"https:\/\/web.inf.ufpr.br\/didonet\/ci1057-ere-trabalho-01\/\"> trabalho 1<\/a> e <a style=\"color: #000000\" title=\"CI1057 \u2013 ERE \u2013 Trabalho 2\" href=\"https:\/\/web.inf.ufpr.br\/didonet\/ci1057-ere-trabalho-2\/\">trabalho 2<\/a> dispon\u00edveis.<\/span><\/p>\n<p><br \/><span style=\"color: #000000\">=&gt; Locais dos encontros virtuais:\u00a0<a style=\"color: #000000\" href=\"https:\/\/bbb.c3sl.ufpr.br\/b\/mar-d3c-kdz\">https:\/\/bbb.c3sl.ufpr.br\/b\/mar-d3c-kdz\u00a0<\/a><\/span><\/p>\n<p><span style=\"color: #000000\">=&gt; Est\u00e3o acesss\u00edveis no GitHub um conjunto de\u00a0<em>Notebooks\u00a0<\/em>com c\u00f3digos em C++ com implementa\u00e7\u00e3o das estruturas de dados apresentadas na disciplina.\u00a0<a style=\"color: #000000\" href=\"https:\/\/github.com\/Marcosddf\/algoritmoseestruturasdedados\">Acess\u00edvel no Github<\/a>.<\/span><\/p>\n<p><b>================================<\/b><\/p>\n<h3><b>MATERIAL DE AULA<\/b><\/h3>\n<p><a class=\"internal-link\" href=\"http:\/\/web.inf.ufpr.br\/didonet\/teaching-disciplinas\/exercicios-bst\/\">1 \u2013 Exerc\u00edcios (\u00e1rvores BST, AVL, 2-3-4, B, RB)<\/a><br \/><a class=\"internal-link\" href=\"http:\/\/web.inf.ufpr.br\/didonet\/teaching-disciplinas\/exercicios-rbt\/\">2 \u2013 Exerc\u00edcios (BST, AVL, 2-3-4, RB)<\/a><br \/><a href=\"http:\/\/web.inf.ufpr.br\/didonet\/teaching-disciplinas\/exerciciosthh\/\">3 \u2013 Exerc\u00edcios Trie, Heap, Hash<\/a><\/p>\n<p><a class=\"external-link\" title=\"\" href=\"http:\/\/www.cs.usfca.edu\/~galles\/visualization\/Algorithms.html\" target=\"_self\" rel=\"noopener noreferrer\">\u00a0Site com simula\u00e7\u00e3o\u00a0<\/a><span style=\"color: #000000\">de cria\u00e7\u00e3o de diferentes tipos de estruturas de dados (Universidade de S\u00e3o Francisco, EUA)<\/span><\/p>\n<p><span style=\"color: #000000\">Aulas gravadas<\/span><\/p>\n<ul>\n<li><a href=\"https:\/\/bbb.c3sl.ufpr.br\/playback\/presentation\/2.3\/0225f3ba2ffc63174da1f83bd402438eb29d7e54-1632939956959\">TAD dicion\u00e1rio, \u00e1rvores<\/a><\/li>\n<li><a href=\"https:\/\/bbb.c3sl.ufpr.br\/playback\/presentation\/2.3\/0225f3ba2ffc63174da1f83bd402438eb29d7e54-1633544613167\">\u00c1rvores &#8211; implementa\u00e7\u00f5es<\/a><\/li>\n<li><a href=\"https:\/\/bbb.c3sl.ufpr.br\/playback\/presentation\/2.3\/0225f3ba2ffc63174da1f83bd402438eb29d7e54-1634149566999\">\u00c1rvore bin\u00e1ria de busca &#8211; inclus\u00e3o, busca, exclus\u00e3o<\/a><\/li>\n<li><a href=\"https:\/\/bbb.c3sl.ufpr.br\/playback\/presentation\/2.3\/0225f3ba2ffc63174da1f83bd402438eb29d7e54-1634754604905\">Rota\u00e7\u00e3o, inclus\u00e3o na raiz, AVL<\/a><\/li>\n<li><a href=\"https:\/\/bbb.c3sl.ufpr.br\/playback\/presentation\/2.3\/0225f3ba2ffc63174da1f83bd402438eb29d7e54-1635359089791\">\u00c1rvore 2-3-4<\/a><\/li>\n<li><a href=\"https:\/\/bbb.c3sl.ufpr.br\/playback\/presentation\/2.3\/0225f3ba2ffc63174da1f83bd402438eb29d7e54-1635963789549\">\u00c1rvores B, B+<\/a><\/li>\n<li><a href=\"https:\/\/bbb.c3sl.ufpr.br\/playback\/presentation\/2.3\/0225f3ba2ffc63174da1f83bd402438eb29d7e54-1636568930413\">\u00c1rvores Trie<\/a><\/li>\n<li><a href=\"https:\/\/bbb.c3sl.ufpr.br\/playback\/presentation\/2.3\/0225f3ba2ffc63174da1f83bd402438eb29d7e54-1637173716283\">C\u00f3digo de Huffman, MergeSort<\/a><\/li>\n<li><a href=\"https:\/\/bbb.c3sl.ufpr.br\/playback\/presentation\/2.3\/0225f3ba2ffc63174da1f83bd402438eb29d7e54-1637778522788\">Hashing<\/a><\/li>\n<\/ul>\n<p><span style=\"color: #000000\">Aulas gravadas (durante ERE 3)<\/span><\/p>\n<ul>\n<li><a href=\"https:\/\/bbb.c3sl.ufpr.br\/playback\/presentation\/2.3\/0225f3ba2ffc63174da1f83bd402438eb29d7e54-1622053292630\">TAD dicion\u00e1rio, \u00e1rvores<\/a><\/li>\n<li><a href=\"https:\/\/bbb.c3sl.ufpr.br\/playback\/presentation\/2.3\/0225f3ba2ffc63174da1f83bd402438eb29d7e54-1622657931297\">\u00c1rvores \u2013 implementa\u00e7\u00f5es<\/a><\/li>\n<li><a href=\"https:\/\/bbb.c3sl.ufpr.br\/playback\/presentation\/2.3\/0225f3ba2ffc63174da1f83bd402438eb29d7e54-1623868129878\">Rota\u00e7\u00e3o, inclus\u00e3o na raiz (BST) e AVL<\/a><\/li>\n<li><a href=\"https:\/\/bbb.c3sl.ufpr.br\/playback\/presentation\/2.3\/0225f3ba2ffc63174da1f83bd402438eb29d7e54-1624472722171\">\u00c1rvore 2-3-4<\/a><\/li>\n<li><a href=\"https:\/\/bbb.c3sl.ufpr.br\/playback\/presentation\/2.3\/0225f3ba2ffc63174da1f83bd402438eb29d7e54-1625077789668\">\u00c1rvore B<\/a><\/li>\n<li><a href=\"https:\/\/bbb.c3sl.ufpr.br\/playback\/presentation\/2.3\/0225f3ba2ffc63174da1f83bd402438eb29d7e54-1625682521147\">\u00c1rvore B+<\/a><\/li>\n<li><a href=\"https:\/\/bbb.c3sl.ufpr.br\/playback\/presentation\/2.3\/0225f3ba2ffc63174da1f83bd402438eb29d7e54-1626287318866\">Trie, \u00e1rvore de prefixos<\/a><\/li>\n<li><a href=\"https:\/\/bbb.c3sl.ufpr.br\/playback\/presentation\/2.3\/0225f3ba2ffc63174da1f83bd402438eb29d7e54-1627496765783\">MergeSort, Huffman, Hashing<\/a><\/li>\n<\/ul>\n<p>Aulas gravadas (durante ERE 2)<\/p>\n<ul>\n<li><a href=\"https:\/\/bbb.c3sl.ufpr.br\/playback\/presentation\/2.0\/playback.html?meetingId=0225f3ba2ffc63174da1f83bd402438eb29d7e54-1611771637709\">TAD Dicion\u00e1rio, \u00e1rvores<\/a><\/li>\n<li><a href=\"https:\/\/bbb.c3sl.ufpr.br\/playback\/presentation\/2.0\/playback.html?meetingId=0225f3ba2ffc63174da1f83bd402438eb29d7e54-1612376880471\">Implementa\u00e7\u00f5es de \u00e1rvores, \u00e1rvore bin\u00e1ria de busca (defini\u00e7\u00f5es)<\/a><\/li>\n<li><a href=\"https:\/\/bbb.c3sl.ufpr.br\/playback\/presentation\/2.0\/playback.html?meetingId=0225f3ba2ffc63174da1f83bd402438eb29d7e54-1612981922745\">Rota\u00e7\u00f5es, inclus\u00e3o na raiz e exclus\u00e3o em BST<\/a><\/li>\n<li><a href=\"https:\/\/bbb.c3sl.ufpr.br\/playback\/presentation\/2.0\/playback.html?meetingId=0225f3ba2ffc63174da1f83bd402438eb29d7e54-1614191297502\">AVL, 2-3-4<\/a><\/li>\n<li><a href=\"https:\/\/bbb.c3sl.ufpr.br\/playback\/presentation\/2.0\/playback.html?meetingId=0225f3ba2ffc63174da1f83bd402438eb29d7e54-1614795879936\">\u00c1rvore B, B+<\/a><\/li>\n<li><a href=\"https:\/\/bbb.c3sl.ufpr.br\/playback\/presentation\/2.0\/playback.html?meetingId=0225f3ba2ffc63174da1f83bd402438eb29d7e54-1615400924695\">TRIE\/\u00e1rvore de prefixos<\/a><\/li>\n<li><a href=\"https:\/\/bbb.c3sl.ufpr.br\/playback\/presentation\/2.0\/playback.html?meetingId=0225f3ba2ffc63174da1f83bd402438eb29d7e54-1616005456522\">Huffman \u2013 ordena\u00e7\u00e3o externa (MergeSort)<\/a><\/li>\n<li><a href=\"https:\/\/bbb.c3sl.ufpr.br\/playback\/presentation\/2.0\/playback.html?meetingId=0225f3ba2ffc63174da1f83bd402438eb29d7e54-1616610446794\"><strong>Hashing<\/strong><\/a><\/li>\n<\/ul>\n<h3><span style=\"color: #000000\">MODALIDADES E MEIOS<\/span><\/h3>\n<p><span style=\"color: #000000\"><strong>Atividades s\u00edncronas:<\/strong>\u00a0aulas por videconfer\u00eancia<\/span>\u00a0<a href=\"https:\/\/bbb.c3sl.ufpr.br\/b\/mar-d3c-kdz\">https:\/\/bbb.c3sl.ufpr.br\/b\/mar-d3c-kdz<\/a><br \/><span style=\"color: #000000\"><strong>Atividades ass\u00edncronas:<\/strong>\u00a0textos, listas de exerc\u00edcios e trabalhos. Calend\u00e1rio:<\/span><br \/><span style=\"color: #000000\">In\u00edcio: 22\/09\/2021<\/span><br \/><span style=\"color: #000000\">Fim: 08\/12\/2021<\/span><\/p>\n<p><span style=\"color: #000000\"><strong>Aulas s\u00edncronas todas as quartas feiras, as 15h30.<\/strong><\/span><\/p>\n<h3>CRONOGRAMA DETALHADO:<\/h3>\n<p><span style=\"color: #000000\">22\/09\/2021 Apresenta\u00e7\u00e3o da disciplina. Busca bin\u00e1ria ES<\/span><br \/><span style=\"color: #000000\">29\/09\/2021 Tipo abstrato de dados. \u00c1rvores bin\u00e1rias ES\/EX<\/span><br \/><span style=\"color: #000000\">06\/10\/2021 Implementa\u00e7\u00e3o de \u00e1rvores bin\u00e1rias ES\/ML \/EX<\/span><br \/><span style=\"color: #000000\">13\/10\/2021 \u00c1rvore binaria de busca: ordena\u00e7\u00e3o, inclus\u00e3o, exclus\u00e3o.<\/span><br \/><span style=\"color: #000000\">20\/10\/2021 Rota\u00e7\u00f5es, Inclus\u00e3o na raiz, exclus\u00e3o. \u00c1rvore AVL ES\/EX<\/span><br \/><span style=\"color: #000000\">27\/10\/2021 \u00c1rvore 2-3-4. Inclus\u00e3o, Exclus\u00e3o ES<\/span><br \/><span style=\"color: #000000\">03\/11\/2021 \u00c1rvore B: inclus\u00e3o, ES\/EX<\/span><br \/><span style=\"color: #000000\">10\/11\/2021 \u00c1rvore B+, ISAM ES<\/span><br \/><span style=\"color: #000000\">17\/11\/2021 Pesquisa digital e Trie<\/span><br \/><span style=\"color: #000000\">24\/11\/2021 Ordena\u00e7\u00e3o Externa, Compress\u00e3o de dados ES\/ML\/EX<\/span><br \/><span style=\"color: #000000\">01\/12\/2021 Hashing e Endere\u00e7amento aberto ES\/EX<\/span><br \/><span style=\"color: #000000\">08\/12\/2021 Exame Final<\/span><\/p>\n<p><span style=\"color: #000000\"><strong>Legenda:<\/strong><\/span><br \/><span style=\"color: #000000\">ES: Encontro s\u00edncrono (2 horas)<\/span><br \/><span style=\"color: #000000\">ML: Disponibiliza\u00e7\u00e3o pelo professor de material de leitura (tempo necess\u00e1rio para leitura e estudo complementar ao trabalho pr\u00e1tico: 4 horas)<\/span><br \/><span style=\"color: #000000\">EX: Disponibiliza\u00e7\u00e3o pelo professor de exerc\u00edcios (tempo necess\u00e1rio para realizar a tarefa: 3 horas)<\/span><br \/><span style=\"color: #000000\">TPn: Disponibiliza\u00e7\u00e3o pelo professor de trabalho pr\u00e1tico (tempo necess\u00e1rio para leitura, estudo e implementa\u00e7\u00e3o do trabalho pr\u00e1tico: 9 horas)<\/span><\/p>\n<h3>AVALIA\u00c7\u00c3O<\/h3>\n<p><span style=\"color: #000000\">Dois trabalhos e prova final (se necess\u00e1rio)<\/span><\/p>\n<ul>\n<li>Trabalho 1: 27\/10\/2021\u00a0<\/li>\n<li>Trabalho 2: 24\/11\/2021<\/li>\n<li>Final: 08\/12\/2021<\/li>\n<\/ul>\n<p><br \/><span style=\"color: #000000\"><strong>C\u00e1lculo da M\u00e9dia Parcial<\/strong>: t1*0.50\u00a0 + t2*0.50<\/span><\/p>\n<p><br \/><span style=\"color: #000000\"><strong>C\u00e1lculo da m\u00e9dia final:<\/strong><\/span><br \/><span style=\"color: #000000\">\u2013 igual \u00e0 m\u00e9dia parcial, se esta \u00e9 igual ou superior a 7.0 ou inferior a 4.0,<\/span><br \/><span style=\"color: #000000\">\u2013 m\u00e9dia aritm\u00e9tica entre a m\u00e9dia parcial e a nota no exame final, caso contr\u00e1rio.<\/span><\/p>\n<p><span style=\"color: #000000\">Ser\u00e1 aprovado o aluno que apresentar freq\u00fc\u00eancia m\u00ednima igual ou superior a 75% das aulas e obtiver m\u00e9dia final igual ou superior a 5.0.<\/span><\/p>\n<p><span style=\"color: #000000\"><b>BIBLIOGRAFIA<\/b><\/span><\/p>\n<p><span style=\"color: #000000\">Os 2 primeiros livros ser\u00e3o os mais utilizados durante a disciplina. Os demais tamb\u00e9m possuem material muito bom.<\/span><br \/><span style=\"color: #000000\">=&gt; Algoritmos \u2013 Teoria e pr\u00e1tica, Cormen, Leiserson, Rivest, Stein, Rio de Janeiro, Campus, 2002<\/span><br \/><span style=\"color: #000000\">=&gt; Projeto de algoritmos: com implementa\u00e7\u00f5es em Pascal e C. N\u00edvio Ziviani. S\u00e3o Paulo: Pioneira, 1999<\/span><br \/><span style=\"color: #000000\">=&gt; Algorithms in C. R. Sedgewick. Addison-Wesley, Reading, Massachusetts, 1998.<\/span><br \/><span style=\"color: #000000\">=&gt; Estruturas de Dados e seus Algoritmos. J.L. Szwarcfiter, L. Markenzon. LTC-Livros T\u00e9cnicos e Cient\u00edficos, Rio de Janeiro, RJ, 1994.<\/span><br \/><span style=\"color: #000000\">=&gt;\u00a0 Data Structures and Algorithms. A.V. Aho, J.E. Hopcroft, J.D. Ullman. Addison-Wesley, Reading, Massachusetts, 1983.<\/span><br \/><span style=\"color: #000000\">=&gt;\u00a0 Algorithms and Data Structures. N. Wirth. Prentice-Hall, 1986 (Tradu\u00e7\u00e3o: Algoritmos e Estruturas de Dados. Prentice-Hall do Brasil Ltda, 1989)<\/span><br \/><span style=\"color: #000000\">=&gt; Introduction to Algorithms, Cormen, Leiserson, Rivest. MIT Press, Cambridge, Massachusetts, 1996.<\/span><\/p>\n","protected":false},"excerpt":{"rendered":"","protected":false},"author":21,"featured_media":0,"parent":0,"menu_order":0,"comment_status":"closed","ping_status":"closed","template":"","meta":{"footnotes":""},"class_list":["post-1558","page","type-page","status-publish","hentry"],"_links":{"self":[{"href":"https:\/\/web.inf.ufpr.br\/didonet\/wp-json\/wp\/v2\/pages\/1558","targetHints":{"allow":["GET"]}}],"collection":[{"href":"https:\/\/web.inf.ufpr.br\/didonet\/wp-json\/wp\/v2\/pages"}],"about":[{"href":"https:\/\/web.inf.ufpr.br\/didonet\/wp-json\/wp\/v2\/types\/page"}],"author":[{"embeddable":true,"href":"https:\/\/web.inf.ufpr.br\/didonet\/wp-json\/wp\/v2\/users\/21"}],"replies":[{"embeddable":true,"href":"https:\/\/web.inf.ufpr.br\/didonet\/wp-json\/wp\/v2\/comments?post=1558"}],"version-history":[{"count":16,"href":"https:\/\/web.inf.ufpr.br\/didonet\/wp-json\/wp\/v2\/pages\/1558\/revisions"}],"predecessor-version":[{"id":1660,"href":"https:\/\/web.inf.ufpr.br\/didonet\/wp-json\/wp\/v2\/pages\/1558\/revisions\/1660"}],"wp:attachment":[{"href":"https:\/\/web.inf.ufpr.br\/didonet\/wp-json\/wp\/v2\/media?parent=1558"}],"curies":[{"name":"wp","href":"https:\/\/api.w.org\/{rel}","templated":true}]}}