{"id":1498,"date":"2021-05-24T20:26:25","date_gmt":"2021-05-24T23:26:25","guid":{"rendered":"http:\/\/web.inf.ufpr.br\/didonet\/?page_id=1498"},"modified":"2021-05-24T20:26:26","modified_gmt":"2021-05-24T23:26:26","slug":"trabalho-1-ere-2021-ci1062","status":"publish","type":"page","link":"https:\/\/web.inf.ufpr.br\/didonet\/trabalho-1-ere-2021-ci1062\/","title":{"rendered":"Trabalho 1 &#8211; ERE 2021 &#8211; CI1062"},"content":{"rendered":"\n<h1>TRABALHO DE CI1062 \u2013 PARADIGMAs DE PROGRAMA\u00c7\u00c3O<\/h1>\n<p>O trabalho est\u00e1 dividido em tr\u00eas partes:<\/p>\n<p>1) Implementar um modelo de classes orientado \u00e0 objetos de um aplicativo de comunica\u00e7\u00e3o simplificado (ex.: WhatsApp).<\/p>\n<p>2) Implementar o comportamento de um grupo de WhatsApp.<\/p>\n<p>3) Simular o funcionamento,\u00a0conforme defini\u00e7\u00f5es abaixo.<\/p>\n<p>Seguir a especifica\u00e7\u00e3o detalhada abaixo.<\/p>\n<p><b>1) Estrutura dos grupos e usu\u00e1rios<br \/><\/b><\/p>\n<p>Os usu\u00e1rios devem possuir no m\u00ednimo nome, n\u00famero de telefone, status e foto.<\/p>\n<p>Os usu\u00e1rios podem ser Administradores ou usu\u00e1rios comuns do grupo.<\/p>\n<p>O grupo deve possuir usu\u00e1rios e descri\u00e7\u00e3o. Os grupos possuem as mensagens, que podem ser mensagens textuais, fotos, videos ou \u00e1udio.<\/p>\n<p><b>2) Comportamento<\/b><\/p>\n<p>Os grupos devem permitir a participa\u00e7\u00e3o de v\u00e1rias pessoas (tamb\u00e9m chamados de usu\u00e1rios). Um usu\u00e1rio pode participar de mais de um grupo. Um usu\u00e1rio administrador poder\u00e1 incluir as pessoas em um grupo.<\/p>\n<p>Os grupos recebem os diferentes tipos de mensagens. Cada usu\u00e1rio ter\u00e1 sua pr\u00f3pria vis\u00e3o das mensagens de um grupo. Quando um usu\u00e1rio envia uma mensagem, todos os usu\u00e1rios participantes do grupo devem receber a mensagem.<\/p>\n<p>Uma mensagem, ap\u00f3s ser enviada, pode ser cancelada. Ao cancelar o envio, a mensagem \u00e9 retirada do grupo.<\/p>\n<p><b>3) Simula\u00e7\u00e3o<\/b><\/p>\n<p>O programa far\u00e1 uma simula\u00e7\u00e3o de envio de mensagens entre integrantes dos grupos. Criar uma classe Programa que :<\/p>\n<p>\u2013 Conhenha 4 pessoas (p1, p2, p3 e p4) e 3 grupos (g1, g2 e g3). As descri\u00e7\u00f5es das pessoas e dos grupos podem ser escolhidas livremente.<\/p>\n<p><strong>Simular<\/strong>\u00a0as a\u00e7\u00f5es abaixo. Por simula\u00e7\u00e3o, entende-se a chamada dos m\u00e9todos com as a\u00e7\u00f5es respectivas. N\u00e3o deve ser feito interface para entrada de dados.<br \/>\u2013 p1 cria os grupos g1 e g2;<br \/>\u2013 p3 cria o grupo g3;<\/p>\n<p>\u2013 p1 inclui p2, p3 e p4 no grupo g1;<br \/>\u2013 p1 inclui p2 e p3 no grupo g2;<br \/>\u2013 p3 inclui p4 no grupo g3;<\/p>\n<p>\u2013 p2 envia mensagem para g1;<br \/>\u2013 p1 envia mensagem para g1;<br \/>\u2013 p2 envia mensagem para g2;<br \/>\u2013 p3 envia mensagem para g3;<br \/>\u2013 p3 envia mensagem para g2;<br \/>\u2013 p3 envia mensagem para g3;<\/p>\n<h3>ENTREGA<\/h3>\n<p>Todas as classes (fontes) devem estar em uma mesma pasta e compactadas em um arquivo trabalho062 (<strong>tar.gz<\/strong>\u00a0ou\u00a0<strong>.zip<\/strong>\u00a0\u2013 n\u00e3o enviar arquivos .rar). Trabalhos sem os fontes n\u00e3o ser\u00e3o considerados. Os trabalhos dever\u00e3o compilar e rodar facilmente nos servidores do Departamento de Inform\u00e1tica.<\/p>\n<p><strong>DATA DE ENTREGA : <\/strong>Cada dia de atraso ser\u00e1 descontado 10 pontos da nota.<\/p>\n<p><strong>MODO DE ENTREGA :\u00a0<\/strong>enviar o arquivo trabalho062.zip por email para marcos.ddf _at_ inf.ufpr.br (at\u00e9 as 24h da data final). Os trabalhos poder\u00e3o ser feitos em dupla ou trio.<br \/>No corpo do email, colocar o nome e GRR dos alunos. No assunto, preencher com \u201cEntrega trabalho 062\u201d.<\/p>\n","protected":false},"excerpt":{"rendered":"","protected":false},"author":21,"featured_media":0,"parent":0,"menu_order":0,"comment_status":"closed","ping_status":"closed","template":"","meta":{"footnotes":""},"class_list":["post-1498","page","type-page","status-publish","hentry"],"_links":{"self":[{"href":"https:\/\/web.inf.ufpr.br\/didonet\/wp-json\/wp\/v2\/pages\/1498","targetHints":{"allow":["GET"]}}],"collection":[{"href":"https:\/\/web.inf.ufpr.br\/didonet\/wp-json\/wp\/v2\/pages"}],"about":[{"href":"https:\/\/web.inf.ufpr.br\/didonet\/wp-json\/wp\/v2\/types\/page"}],"author":[{"embeddable":true,"href":"https:\/\/web.inf.ufpr.br\/didonet\/wp-json\/wp\/v2\/users\/21"}],"replies":[{"embeddable":true,"href":"https:\/\/web.inf.ufpr.br\/didonet\/wp-json\/wp\/v2\/comments?post=1498"}],"version-history":[{"count":1,"href":"https:\/\/web.inf.ufpr.br\/didonet\/wp-json\/wp\/v2\/pages\/1498\/revisions"}],"predecessor-version":[{"id":1500,"href":"https:\/\/web.inf.ufpr.br\/didonet\/wp-json\/wp\/v2\/pages\/1498\/revisions\/1500"}],"wp:attachment":[{"href":"https:\/\/web.inf.ufpr.br\/didonet\/wp-json\/wp\/v2\/media?parent=1498"}],"curies":[{"name":"wp","href":"https:\/\/api.w.org\/{rel}","templated":true}]}}