{"id":1366,"date":"2021-01-17T15:32:50","date_gmt":"2021-01-17T17:32:50","guid":{"rendered":"http:\/\/web.inf.ufpr.br\/didonet\/?page_id=1366"},"modified":"2021-01-17T15:32:50","modified_gmt":"2021-01-17T17:32:50","slug":"ci1062-ere-trabalho-1","status":"publish","type":"page","link":"https:\/\/web.inf.ufpr.br\/didonet\/ci1062-ere-trabalho-1\/","title":{"rendered":"CI1062 &#8211; ERE &#8211; Trabalho 1"},"content":{"rendered":"\n<h1>TRABALHO 01 PARA CI1062 \u2013 Paradigmas de programa\u00e7\u00e3o<\/h1>\n<h3><br \/>1) Criar um modelo de classes seguindo a seguinte especifica\u00e7\u00e3o:<\/h3>\n<p>O modelo deve representar uma estrutura de diret\u00f3rios (pastas) e arquivos. As caracter\u00edsticas do modelo s\u00e3o:<br \/>\u2013 uma pasta cont\u00e9m outras pastas e\/ou arquivos. Arquivos n\u00e3o cont\u00e9m outros elementos;<br \/>\u2013 ambos possuem nome;<br \/>\u2013 deve ser poss\u00edvel imprimir o nome de ambos;<br \/>\u2013 um arquivo possui :<\/p>\n<p>\u2013 uma extens\u00e3o;<br \/>\u2013 um tipo (texto, imagem ou pdf);<br \/>\u2013 tamanho .<\/p>\n<p>Criar m\u00e9todos que permitam imprimir 1) o nome das pastas e arquivos e 2) todos os arquivos de um determinado tipo.<\/p>\n<h3>2) USO: Criar uma classe Programa que :<\/h3>\n<p>2.1) instancie pelo menos 3 Pastas e 4 arquivos, sendo ao menos dois texto.<br \/>2.2) fa\u00e7a chamadas para 2.2.1) imprimir o nome de todas as pastas e arquivos e 2.2.2) imprimir todos os arquivos de tipo texto.<\/p>\n<p>Nota.: n\u00e3o \u00e9 necess\u00e1rio criar arquivos e pastas fisicamente, apenas o modelo objeto.<\/p>\n<p>ENTREGA<br \/>Todas as classes (fontes) devem estar em uma mesma pasta e compactadas em um arquivo trabalho062 (tar.gz ou zip). Trabalhos sem os fontes n\u00e3o ser\u00e3o considerados. Os trabalhos dever\u00e3o compilar e rodar facilmente nos servidores do Departamento de Inform\u00e1tica.<\/p>\n<p>DATA DE ENTREGA : 01.03.2021. Cada dia de atraso ser\u00e1 descontado 10 pontos da nota.<\/p>\n<p>MODO DE ENTREGA : enviar o arquivo trabalho062.jar por email para marcos.ddf _at_ inf.ufpr.br (at\u00e9 as 24h da data final).<br \/>No corpo do email, colocar o nome e GRR do aluno. No assunto, preencher com \u201cEntrega trabalho 062\u201d. O trabalho pode ser feito em duplas.<\/p>\n","protected":false},"excerpt":{"rendered":"","protected":false},"author":21,"featured_media":0,"parent":0,"menu_order":0,"comment_status":"closed","ping_status":"closed","template":"","meta":{"footnotes":""},"class_list":["post-1366","page","type-page","status-publish","hentry"],"_links":{"self":[{"href":"https:\/\/web.inf.ufpr.br\/didonet\/wp-json\/wp\/v2\/pages\/1366","targetHints":{"allow":["GET"]}}],"collection":[{"href":"https:\/\/web.inf.ufpr.br\/didonet\/wp-json\/wp\/v2\/pages"}],"about":[{"href":"https:\/\/web.inf.ufpr.br\/didonet\/wp-json\/wp\/v2\/types\/page"}],"author":[{"embeddable":true,"href":"https:\/\/web.inf.ufpr.br\/didonet\/wp-json\/wp\/v2\/users\/21"}],"replies":[{"embeddable":true,"href":"https:\/\/web.inf.ufpr.br\/didonet\/wp-json\/wp\/v2\/comments?post=1366"}],"version-history":[{"count":1,"href":"https:\/\/web.inf.ufpr.br\/didonet\/wp-json\/wp\/v2\/pages\/1366\/revisions"}],"predecessor-version":[{"id":1370,"href":"https:\/\/web.inf.ufpr.br\/didonet\/wp-json\/wp\/v2\/pages\/1366\/revisions\/1370"}],"wp:attachment":[{"href":"https:\/\/web.inf.ufpr.br\/didonet\/wp-json\/wp\/v2\/media?parent=1366"}],"curies":[{"name":"wp","href":"https:\/\/api.w.org\/{rel}","templated":true}]}}