{"id":1339,"date":"2020-11-18T14:22:52","date_gmt":"2020-11-18T16:22:52","guid":{"rendered":"http:\/\/web.inf.ufpr.br\/didonet\/?page_id=1339"},"modified":"2021-03-23T13:03:53","modified_gmt":"2021-03-23T16:03:53","slug":"ere-20-21-paradigmas-de-programacao-ci1062","status":"publish","type":"page","link":"https:\/\/web.inf.ufpr.br\/didonet\/ere-20-21-paradigmas-de-programacao-ci1062\/","title":{"rendered":"ERE 20\/21 &#8211; Paradigmas de programa\u00e7\u00e3o &#8211; CI1062"},"content":{"rendered":"<h4>Paradigmas de programa\u00e7\u00e3o &#8211; CI1062 (PaP)<\/h4>\n<p class=\"subtitle\"><span style=\"color: #000000\"><b>Ensino Remoto Emergencial (ERE 20\/21)<\/b><\/span><\/p>\n<p><span style=\"color: #000000\">P\u00e1gina com informa\u00e7\u00f5es gerais da disciplina: ementa, datas das provas, bibliografia, exerc\u00edcios, etc.<\/span><\/p>\n<h3>Avisos<\/h3>\n<p>================================<\/p>\n<p><span style=\"color: #000000\">=&gt; <a href=\"http:\/\/web.inf.ufpr.br\/didonet\/pap-ere2021-resultado\/\">Resultado parcial divulgado neste link.<\/a><br \/>\n=&gt;\u00a0 Dia 17 n\u00e3o haver\u00e1 aula. O conte\u00fado da aula do dia 17 (pr\u00f3xima quarta) ser\u00e1 dado na aula do dia 22\/03.<\/span><\/p>\n<p>=&gt; Especifica\u00e7\u00e3o do <a href=\"http:\/\/web.inf.ufpr.br\/didonet\/ci1062-ere-trabalho-2\/\">trabalho 2 dispon\u00edvel.<\/a>\u00a0&gt;<\/p>\n<p><span style=\"color: #000000\"><strong>=&gt; In\u00edcio dia 18\/01\/2021.<\/strong><\/span><\/p>\n<p><span style=\"color: #000000\">=&gt; Moodle:<\/span> https:\/\/moodle.c3sl.ufpr.br\/course\/view.php?id=415<\/p>\n<p><span style=\"color: #000000\">=&gt; Ferramenta <a href=\"https:\/\/app.diagrams.net\/\">Draw.io<\/a><\/span><\/p>\n<p><span style=\"color: #000000\">=&gt; Especifica\u00e7\u00e3o do <a href=\"http:\/\/web.inf.ufpr.br\/didonet\/ci1062-ere-trabalho-1\/\">trabalho 1 dispon\u00edvel.<\/a>\u00a0 <\/span><\/p>\n<p><span style=\"color: #000000\">=&gt; Locais dos encontros virtuais:\u00a0<a href=\"https:\/\/bbb.c3sl.ufpr.br\/b\/mar-d3c-kdz\">https:\/\/bbb.c3sl.ufpr.br\/b\/mar-d3c-kdz\u00a0<\/a><\/span><\/p>\n<p><span style=\"color: #000000\"><strong>=&gt; <\/strong>Publicado um conjunto de <a style=\"color: #000000\" href=\"https:\/\/github.com\/Marcosddf\/haskellfuncionalista\">Notebooks Haskell<\/a> com c\u00f3digo ilustrando conceitos de programa\u00e7\u00e3o funcionalista.<strong><br \/>\n=&gt; <\/strong>Publicado um conjunto de <a style=\"color: #000000\" href=\"https:\/\/github.com\/Marcosddf\/programacaojava\">Notebooks Java<\/a> com c\u00f3digo ilustrando conceitos de programa\u00e7\u00e3o orientada a objetos.<\/span><\/p>\n<p><b>================================<\/b><\/p>\n<h3><b>Material de aula<\/b><\/h3>\n<p>Slides :<\/p>\n<ul>\n<li><a href=\"http:\/\/www.inf.ufpr.br\/didonet\/disciplinas\/Aula_0_apresentacao.pdf\">Apresenta\u00e7\u00e3o da disciplina<\/a><\/li>\n<li><a href=\"http:\/\/www.inf.ufpr.br\/didonet\/disciplinas\/CI062\/Aula_1_modelos_conceituais.pdf\">Resumo de Paradigmas de programa\u00e7\u00e3o e modelos conceituais<\/a><\/li>\n<\/ul>\n<p>Videos<\/p>\n<ul>\n<li><a href=\"https:\/\/bbb.c3sl.ufpr.br\/playback\/presentation\/2.0\/playback.html?meetingId=0225f3ba2ffc63174da1f83bd402438eb29d7e54-1610987057264\">Aula gravada: Apresenta\u00e7\u00e3o da disciplina\u00a0<\/a><\/li>\n<li><a href=\"https:\/\/bbb.c3sl.ufpr.br\/playback\/presentation\/2.0\/playback.html?meetingId=0225f3ba2ffc63174da1f83bd402438eb29d7e54-1611591878178\">Aula gravada: Classes e Inst\u00e2ncias<\/a><\/li>\n<li><a href=\"https:\/\/bbb.c3sl.ufpr.br\/playback\/presentation\/2.0\/playback.html?meetingId=0225f3ba2ffc63174da1f83bd402438eb29d7e54-1612196865775\">Aula gravada: M\u00e9todos de inst\u00e2ncia e de classe (est\u00e1ticos)<\/a><\/li>\n<li><a href=\"https:\/\/bbb.c3sl.ufpr.br\/playback\/presentation\/2.0\/playback.html?meetingId=0225f3ba2ffc63174da1f83bd402438eb29d7e54-1612801454456\">Aula gravada: Heran\u00e7a<\/a><\/li>\n<li><a href=\"https:\/\/bbb.c3sl.ufpr.br\/playback\/presentation\/2.0\/playback.html?meetingId=0225f3ba2ffc63174da1f83bd402438eb29d7e54-1614011302998\">Polimorfismo, interfaces<\/a><\/li>\n<li><a href=\"https:\/\/bbb.c3sl.ufpr.br\/playback\/presentation\/2.0\/playback.html?meetingId=0225f3ba2ffc63174da1f83bd402438eb29d7e54-1614616015438\">Tipos gen\u00e9ricos, API reflexiva<\/a><\/li>\n<li><a href=\"https:\/\/bbb.c3sl.ufpr.br\/playback\/presentation\/2.0\/playback.html?meetingId=0225f3ba2ffc63174da1f83bd402438eb29d7e54-1615221142400\">Design patterns: vis\u00e3o geral<\/a><\/li>\n<li><a href=\"https:\/\/bbb.c3sl.ufpr.br\/playback\/presentation\/2.0\/playback.html?meetingId=0225f3ba2ffc63174da1f83bd402438eb29d7e54-1615825746308\">Programa\u00e7\u00e3o funcionalista: introdu\u00e7\u00e3o<\/a><\/li>\n<li><a href=\"https:\/\/bbb.c3sl.ufpr.br\/playback\/presentation\/2.0\/playback.html?meetingId=0225f3ba2ffc63174da1f83bd402438eb29d7e54-1616430673594\">Fun\u00e7\u00f5es como entidades de primeira classe, listas<\/a><\/li>\n<\/ul>\n<h4><b>Programa\u00e7\u00e3o OO<\/b><\/h4>\n<p>=&gt; <a href=\"http:\/\/www.inf.ufpr.br\/didonet\/disciplinas\/CI062_2011_2\/circulo.html\">Exercicio das formas geom\u00e9tricas<\/a><br \/>\n<a class=\"external-link\" title=\"\" href=\"http:\/\/www.inf.ufpr.br\/didonet\/disciplinas\/CI062_2011_2\/contabanco.html\" target=\"_self\" rel=\"noopener noreferrer\">=&gt; Conta em banco<\/a><br \/>\n<a class=\"external-link\" title=\"\" href=\"http:\/\/www.inf.ufpr.br\/didonet\/disciplinas\/calculadora.html\" target=\"_self\" rel=\"noopener noreferrer\">=&gt; Calculadora<\/a><br \/>\n<a href=\"https:\/\/github.com\/Marcosddf\/programacaojava\">=&gt; Notebooks Java<\/a> com exemplos ilustrativos<br \/>\n<a href=\"http:\/\/web.inf.ufpr.br\/didonet\/teaching-disciplinas\/exercicios-ci062\/\">=&gt; Lista de exerc\u00edcios 01<\/a><br \/>\n<a href=\"http:\/\/www.inf.ufpr.br\/didonet\/disciplinas\/CI062_2011_2\/academico.txt\">=&gt; Extrato do modelo de sistema acad\u00eamico<\/a><br \/>\n<a class=\"external-link\" title=\"\" href=\"https:\/\/gitlab.c3sl.ufpr.br\/c3sl\/sapos\" target=\"_self\" rel=\"noopener noreferrer\">=&gt; Sistema de controle de p\u00f3s gradua\u00e7\u00e3o<\/a> &#8211; cont\u00e9m o sistema completo:\u00a0 <a class=\"external-link\" title=\"\" href=\"https:\/\/gitlab.c3sl.ufpr.br\/c3sl\/sapos\/tree\/master\/src\/main\/java\/br\/ufpr\/c3sl\/sapos\/models\" target=\"_self\" rel=\"noopener noreferrer\">o modelo completo<\/a>, interfaces, acesso aos dados, etc.<br \/>\n<strong>Sites externos<\/strong><br \/>\n<a href=\"http:\/\/www.ibm.com\/developerworks\/library\/j-dyn0603\/\">=&gt; Tutorial sobre reflex\u00e3o em Java<\/a><br \/>\n<a href=\"http:\/\/www.javaworld.com\/javaworld\/jw-09-1997\/jw-09-indepth.html?page=1\">=&gt; Outro Tutorial sobre reflex\u00e3o em Java<\/a><br \/>\n<a class=\"external-link\" title=\"\" href=\"https:\/\/docs.oracle.com\/javase\/8\/docs\/api\/java\/lang\/reflect\/package-summary.html\" target=\"_self\" rel=\"noopener noreferrer\">=&gt; Java Reflextion API<\/a><br \/>\n<a href=\"http:\/\/www.inf.ufpr.br\/didonet\/disciplinas\/CI062_2011_2\/circulo.html\">=&gt; Material da Oracle sobre tipos gen\u00e9ricos<\/a><br \/>\n<a href=\"http:\/\/en.wikipedia.org\/wiki\/Design_pattern_%28computer_science%29\">=&gt; &#8216;Resum\u00e3o&#8217; sobre design patterns no Wikipedia<\/a><br \/>\n<a class=\"external-link\" href=\"http:\/\/en.wikipedia.org\/wiki\/Anti-pattern\">=&gt; Anti-patterns<\/a>: anti-padr\u00f5es de desenvolvimento&#8230;<\/p>\n<p><strong>Padr\u00f5es de projeto<\/strong><\/p>\n<p><a href=\"http:\/\/web.inf.ufpr.br\/didonet\/wp-content\/uploads\/sites\/12\/2021\/03\/Padroes-de-projeto.pdf\">Padr\u00f5es de projeto: vis\u00e3o geral<\/a><br \/>\n<a href=\"http:\/\/web.inf.ufpr.br\/didonet\/wp-content\/uploads\/sites\/12\/2021\/03\/Singleton.pdf\">Singleton<\/a><br \/>\n<a href=\"http:\/\/web.inf.ufpr.br\/didonet\/wp-content\/uploads\/sites\/12\/2021\/03\/FactoryMethod.pdf\">FactoryMethod<\/a><br \/>\n<a href=\"http:\/\/web.inf.ufpr.br\/didonet\/wp-content\/uploads\/sites\/12\/2021\/03\/Composite.pdf\">Composite<\/a><br \/>\n<a href=\"http:\/\/web.inf.ufpr.br\/didonet\/wp-content\/uploads\/sites\/12\/2021\/03\/Observer.pdf\">Observer<\/a><br \/>\n<a href=\"http:\/\/web.inf.ufpr.br\/didonet\/wp-content\/uploads\/sites\/12\/2021\/03\/Visitor.pdf\">Visitor<\/a><\/p>\n<h4><b>Programa\u00e7\u00e3o funcionalista<\/b><\/h4>\n<p><a href=\"http:\/\/www.inf.ufpr.br\/didonet\/disciplinas\/CI062_2011_2\/exercicios_func.html\">=&gt; Exercicios funcionalista<\/a><\/p>\n<p><span style=\"color: #000000\"><strong>Outros recursos (sites externos)<\/strong><\/span><br \/>\n<a href=\"http:\/\/en.wikipedia.org\/wiki\/First-class_function\">=&gt; Func\u00f5es como entidades de primeira ordem<\/a><br \/>\n<a class=\"external-link\" href=\"https:\/\/www.edx.org\/course\/introduction-functional-programming-delftx-fp101x-0\">=&gt; Curso online &#8211; introdu\u00e7\u00e3o \u00e0 programa\u00e7\u00e3o funcional<\/a><br \/>\n<a class=\"external-link\" href=\"https:\/\/www.inf.ed.ac.uk\/teaching\/courses\/inf1\/fp\/\">=&gt; Curso de programa\u00e7\u00e3o funcional usando Haskell &#8211; <\/a><span class=\"external-link\">Univ. de Edinburgo<br \/>\n<\/span><a href=\"http:\/\/www.inf.ufpr.br\/andrey\/ci062\/ProgramacaoHaskell.pdf\">=&gt; Apostila de Haskell<\/a><\/p>\n<p><span style=\"color: #000000\"><strong>Programa\u00e7\u00e3o funcionalista e Apache Spark<\/strong><\/span><\/p>\n<p><span style=\"color: #000000\">=&gt; Tutorial em portugu\u00eas <a style=\"color: #000000\" href=\"http:\/\/www.inf.ufpr.br\/erlfilho\/tutorials\/spark\/\">http:\/\/www.inf.ufpr.br\/erlfilho\/tutorials\/spark\/<\/a><\/span><br \/>\n<span style=\"color: #000000\">=&gt; P\u00e1gina com <a style=\"color: #000000\" href=\"https:\/\/spark.apache.org\/docs\/1.6.1\/quick-start.html\">Quick Start da Apache<\/a><\/span><br \/>\n<span style=\"color: #000000\">Execu\u00e7\u00e3o nas m\u00e1quinas locais : \/home\/soft\/linux\/eclipsemodeling\/spark-2.1.1-bin-hadoop2.7\/bin\/spark-shell<\/span><\/p>\n<h3>Modalidades e meios:<\/h3>\n<p><span style=\"color: #000000\">Atividades s\u00edncronas: aulas por videconfer\u00eancia <\/span><br \/>\n<span style=\"color: #000000\">Atividades ass\u00edncronas: textos, listas de exerc\u00edcios e trabalhos. Calend\u00e1rio: <\/span><br \/>\n<span style=\"color: #000000\">In\u00edcio: 18\/01\/2021 <\/span><br \/>\n<span style=\"color: #000000\">Fim: 24\/03\/2021<br \/>\n<\/span><span style=\"color: #000000\">Trabalho 1: 01\/03\/2021 : https:\/\/web.inf.ufpr.br\/didonet\/ci1062-ere-trabalho-1\/<br \/>\nTrabalho 2: 17\/03\/2021<br \/>\nProva final: 24\/03\/2021<br \/>\n<\/span><span style=\"color: #000000\">Hor\u00e1rio dos encontros s\u00edncronos (ES): Segundas-feiras 13h30, e dias 17 e 24 de mar\u00e7o (quarta)<\/span><\/p>\n<h3>Cronograma detalhado:<\/h3>\n<p><span style=\"color: #000000\">18\/01\/2021 Apresenta\u00e7\u00e3o da disciplina Modelo Conceitual ES<\/span><\/p>\n<p><span style=\"color: #000000\">25\/01\/2021 Modelo conceitual, Classes e Inst\u00e2ncias ES\/EX<\/span><\/p>\n<p><span style=\"color: #000000\">01\/02\/2021 M\u00e9todos e atributos ES\/ML \/EX<\/span><\/p>\n<p><span style=\"color: #000000\">08\/02\/2021 Heran\u00e7a ES\/EX<\/span><\/p>\n<p><span style=\"color: #000000\">22\/02\/2021 Polimorfismo 2-3-4 ES<\/span><\/p>\n<p><span style=\"color: #000000\">01\/03\/2021 Classes Abstratas e Interfaces ES\/EX\/TP1<\/span><\/p>\n<p><span style=\"color: #000000\">08\/03\/2021 Padr\u00f5es de projeto GOF ES<\/span><\/p>\n<p><span style=\"color: #000000\">15\/03\/2021 Programa\u00e7\u00e3o funcionalista ES\/TP2\/ML\/EX<\/span><\/p>\n<p><span style=\"color: #000000\">17\/03\/2021 Fun\u00e7\u00f5es lambda ES \/ EX<\/span><\/p>\n<p><span style=\"color: #000000\">22\/03\/2021 Listas ES\/EX<\/span><\/p>\n<p><span style=\"color: #000000\">24\/03\/2021 Exame Final<\/span><\/p>\n<p><span style=\"color: #000000\">Legenda: <\/span><br \/>\n<span style=\"color: #000000\">ES: Encontro s\u00edncrono (2 horas)<\/span><br \/>\n<span style=\"color: #000000\">ML: Disponibiliza\u00e7\u00e3o pelo professor de material de leitura (tempo necess\u00e1rio para leitura e estudo complementar ao trabalho pr\u00e1tico: 4 horas)<\/span><br \/>\n<span style=\"color: #000000\">EX: Disponibiliza\u00e7\u00e3o pelo professor de exerc\u00edcios (tempo necess\u00e1rio para realizar a tarefa: 3 horas)<\/span><br \/>\n<span style=\"color: #000000\">TPn: Disponibiliza\u00e7\u00e3o pelo professor de trabalho pr\u00e1tico (tempo necess\u00e1rio para leitura, estudo e implementa\u00e7\u00e3o do trabalho pr\u00e1tico: 9 horas)<\/span><\/p>\n<h3>Avalia\u00e7\u00e3o<\/h3>\n<p><span style=\"color: #000000\">Uma provas e dois trabalhos (ver datas acima).<br \/>\n<\/span><span style=\"color: #000000\"><br \/>\n<strong>C\u00e1lculo da M\u00e9dia Parcial<\/strong>: t1*0.40 + t2*0.60<br \/>\n<\/span><span style=\"color: #000000\"><strong>C\u00e1lculo da m\u00e9dia final<\/strong>:<br \/>\n<\/span><span style=\"color: #000000\">&#8211; igual \u00e0 m\u00e9dia parcial, se esta \u00e9 igual ou superior a 7.0 ou inferior a 4.0<br \/>\n<\/span><span style=\"color: #000000\">&#8211; m\u00e9dia aritm\u00e9tica entre a m\u00e9dia parcial e a nota no exame final, caso contr\u00e1rio.<\/span><\/p>\n<p><span style=\"color: #000000\">Ser\u00e1 aprovado o aluno que apresentar freq\u00fc\u00eancia m\u00ednima igual ou superior a 75% das aulas e obtiver m\u00e9dia final igual ou superior a 5.0.<\/span><\/p>\n<h3><strong>Bibliografia<\/strong><\/h3>\n<p><span style=\"color: #000000\"><strong>Program\u00e7\u00e3o orientada a objetos:\u00a0<\/strong>os 4 primeiros livros ser\u00e3o os mais usados<br \/>\n1 =&gt; Boratti, Isaias Camilo, Programa\u00e7\u00e3o orientada a objetos em JAVA, Ano 2007, ISBN: 9788575021996 Florianopolis : Visual Books, 2007<br \/>\n<\/span><span style=\"color: #000000\">2 =&gt; Erich Gamma, Richard Helm, Ralph Johnson, John M. Vlissides. Padr\u00f5es de Projeto: Solu\u00e7\u00f5es Reutiliz\u00e1veis de Software Orientado a objetos. Bookman<br \/>\n<\/span><span style=\"color: #000000\">3 =&gt; (o mesmo livro acima em ingl\u00eas) Erich Gamma, Richard Helm, Ralph Johnson, John M. Vlissides. Elements of Reusable Object-Oriented Software. Addison-Wesley Professional;<br \/>\n<\/span><span style=\"color: #000000\">4 =&gt; Bruce Eckel, Thinking in Java, 4th Edition, Prentice Hall, 1150 pages (English) <b>ISBN:<\/b>\u00a00131872486<br \/>\n5 =&gt; Cox, Brad J, Programa\u00e7ao orientada para objeto, Rio de Janeiro : Makron : MacGraw-Hill, 1991<br \/>\n6 =&gt; PREISS, Bruno R.<b>\u00a0Estruturas de dados e algoritmos:<\/b>\u00a0padroes de projetos orientados a objetos com Java. Rio de Janeiro: Campus, c2001. xvi, 566. Inclui bibliografia e \u00edndice. ISBN 8535206930 (broch.).<br \/>\n<\/span><span style=\"color: #000000\">7 =&gt; Sidnei Wazlawick. An\u00e1lise e Projeto de Sistemas de Informa\u00e7ao Orientados a Objetos. Editora Campus, 1994.<br \/>\n8 =&gt; JANDL JUNIOR, Peter.<b>\u00a0Java:<\/b>\u00a0guia do programador : atualizado para Java 8. 3. ed S\u00e3o Paulo: Novatec, c2015. 704 p., il. Inclui refer\u00eancias e \u00edndice. ISBN 9788575224441 (broch.).<br \/>\n<\/span><span style=\"color: #000000\">9 =&gt; BOENTE, Alfredo.<b>\u00a0Aprendendo a programar em Java 2:<\/b>\u00a0orientado a objetos. Rio de Janeiro: Brasport, 2003. 216 p., il. Inclui bibliografia e \u00edndice. ISBN 857452140X (broch.).<br \/>\n10 =&gt; ANSELMO, Fernando.<b>\u00a0Aplicando l\u00f3gica orientada a objetos em Java.<\/b>\u00a02. ed. atual. e ampl Florian\u00f3polis: Visual Books, 2005. 178 p., il. ISBN 8575021621 (broch.).<\/span><\/p>\n<p><span style=\"color: #000000\">&#8212;&#8212;&#8212;&#8212;&#8212;&#8212;&#8212;&#8212;&#8212;&#8212;-<\/span><\/p>\n<p><span style=\"color: #000000\"><strong>Programa\u00e7\u00e3o funcionalista<\/strong><\/span><\/p>\n<p><span style=\"color: #000000\">Os 4 primeiros itens ser\u00e3o os mais utilizados no curso.<br \/>\n1 =&gt; Wiki da linguagem Haskell. <a href=\"https:\/\/wiki.haskell.org\/\">https:\/\/wiki.haskell.org\/<\/a>, <a href=\"https:\/\/wiki.haskell.org\/A_brief_introduction_to_Haskell\">https:\/\/wiki.haskell.org\/A_brief_introduction_to_Haskell<\/a><br \/>\n<\/span><span style=\"color: #000000\">2 =&gt; A Gentle Introduction to Haskell &#8211; Version 98 (June 2000) <a href=\"https:\/\/www.haskell.org\/tutorial\/\">https:\/\/www.haskell.org\/tutorial\/<\/a><br \/>\n3 =&gt; A general introduction to Functional Programming using Haskell. Matteo Rossi. Dipartimento di Elettronica e Informazione. Politecnico di Milano. <a href=\"https:\/\/cazzola.di.unimi.it\/ps\/haskell-p1.pdf\">https:\/\/cazzola.di.unimi.it\/ps\/haskell-p1.pdf<\/a><br \/>\n4 =&gt; Bird. Introduction to Functional Programming using Haskell. Prentice Hall, New York, 1998.<br \/>\nA.Davie. Introduction to Functional Programming System Using Haskell. Cambridge University Press, 1992.<br \/>\n5 =&gt; P. Hudak. Conception, evolution, and application of functional programming languages. ACM Computing Surveys, 21(3):359&#8211;411, 1989.<\/span><span style=\"color: #000000\"><br \/>\n<\/span><span style=\"color: #000000\">6 =&gt; Introduction to Funcional Programming. E.P. Wentworth <a href=\"http:\/\/citeseerx.ist.psu.edu\/viewdoc\/download?doi=10.1.1.57.4846&amp;rep=rep1&amp;type=pdf\">http:\/\/citeseerx.ist.psu.edu\/viewdoc\/download?doi=10.1.1.57.4846&amp;rep=rep1&amp;type=pdf<\/a><br \/>\n<\/span><span style=\"color: #000000\">7 =&gt; Haskel: Uma abordagem Pr\u00e1tica. De S\u00e1, C. C.; Ferreira da Silva, M. Novatec. S\u00e3o Paulo, 2006<br \/>\n<\/span><\/p>\n","protected":false},"excerpt":{"rendered":"<p>Paradigmas de programa\u00e7\u00e3o &#8211; CI1062 (PaP) Ensino Remoto Emergencial (ERE 20\/21) P\u00e1gina com informa\u00e7\u00f5es gerais da disciplina: ementa, datas das provas, bibliografia, exerc\u00edcios, etc. Avisos ================================ =&gt; Resultado parcial divulgado neste link. =&gt;\u00a0 Dia 17 n\u00e3o haver\u00e1 aula. O conte\u00fado da aula do dia 17 (pr\u00f3xima quarta) ser\u00e1 dado na aula do dia 22\/03. =&gt;&hellip;<\/p>\n","protected":false},"author":21,"featured_media":0,"parent":0,"menu_order":0,"comment_status":"closed","ping_status":"closed","template":"","meta":{"footnotes":""},"class_list":["post-1339","page","type-page","status-publish","hentry"],"_links":{"self":[{"href":"https:\/\/web.inf.ufpr.br\/didonet\/wp-json\/wp\/v2\/pages\/1339","targetHints":{"allow":["GET"]}}],"collection":[{"href":"https:\/\/web.inf.ufpr.br\/didonet\/wp-json\/wp\/v2\/pages"}],"about":[{"href":"https:\/\/web.inf.ufpr.br\/didonet\/wp-json\/wp\/v2\/types\/page"}],"author":[{"embeddable":true,"href":"https:\/\/web.inf.ufpr.br\/didonet\/wp-json\/wp\/v2\/users\/21"}],"replies":[{"embeddable":true,"href":"https:\/\/web.inf.ufpr.br\/didonet\/wp-json\/wp\/v2\/comments?post=1339"}],"version-history":[{"count":29,"href":"https:\/\/web.inf.ufpr.br\/didonet\/wp-json\/wp\/v2\/pages\/1339\/revisions"}],"predecessor-version":[{"id":1461,"href":"https:\/\/web.inf.ufpr.br\/didonet\/wp-json\/wp\/v2\/pages\/1339\/revisions\/1461"}],"wp:attachment":[{"href":"https:\/\/web.inf.ufpr.br\/didonet\/wp-json\/wp\/v2\/media?parent=1339"}],"curies":[{"name":"wp","href":"https:\/\/api.w.org\/{rel}","templated":true}]}}