{"id":1213,"date":"2020-01-07T16:31:35","date_gmt":"2020-01-07T18:31:35","guid":{"rendered":"http:\/\/web.inf.ufpr.br\/didonet\/?page_id=1213"},"modified":"2020-04-06T16:38:58","modified_gmt":"2020-04-06T19:38:58","slug":"ci1057-2020-1","status":"publish","type":"page","link":"https:\/\/web.inf.ufpr.br\/didonet\/ci1057-2020-1\/","title":{"rendered":"CI1057-2020\/1 &#8211; Algoritmos e estruturas de dados III"},"content":{"rendered":"\n<h2><span style=\"color: #000000\">Algoritmos e estruturas de dados III<\/span><\/h2>\n<p id=\"segundo-semestre-de-2010\" class=\"subtitle\"><span style=\"color: #000000\"><b>Primero Semestre de 2020 &#8211; turma B<br \/><\/b><\/span><\/p>\n<p><span style=\"color: #000000\">P\u00e1gina com informa\u00e7\u00f5es gerais da disciplina: ementa, datas das provas, bibliografia, exerc\u00edcios, etc.<\/span><\/p>\n<h3><span style=\"color: #000000\">AVISOS<\/span><\/h3>\n<p><span style=\"color: #000000\"><b>================================<\/b><\/span><\/p>\n<p><span style=\"color: #000000\">=&gt; Est\u00e3o acesss\u00edveis no GitHub um conjunto de <em>Notebooks <\/em>com c\u00f3digos em C++ com implementa\u00e7\u00e3o das estruturas de dados apresentadas na disciplina. <a href=\"https:\/\/github.com\/Marcosddf\/algoritmoseestruturasdedados\">Acess\u00edvel no Github<\/a>.<br \/>=&gt; <\/span><span style=\"color: #000000\"><strong>Trabalho:\u00a0<\/strong>implementa\u00e7\u00e3o de uma \u00e1rvore AVL. Entrega para dia 08.maio.2020 (data adiada, a decidir)<\/span><\/p>\n<p><span style=\"color: #000000\"><b>================================<\/b><\/span><\/p>\n<h3><span style=\"color: #000000\"><b>MATERIAL DE AULA<\/b><\/span><\/h3>\n<p><a class=\"internal-link\" href=\"http:\/\/web.inf.ufpr.br\/didonet\/teaching-disciplinas\/exercicios-bst\/\">1 \u2013 Exerc\u00edcios (\u00e1rvores BST, AVL, 2-3-4, B, RB)<\/a><br \/><a class=\"internal-link\" href=\"http:\/\/web.inf.ufpr.br\/didonet\/teaching-disciplinas\/exercicios-rbt\/\">2 \u2013 Exerc\u00edcios (BST, AVL, 2-3-4, RB)<\/a><br \/><a href=\"http:\/\/web.inf.ufpr.br\/didonet\/teaching-disciplinas\/exerciciosthh\/\">3 \u2013 Exerc\u00edcios Trie, Heap, Hash<\/a><\/p>\n<p><a class=\"external-link\" title=\"\" href=\"http:\/\/www.cs.usfca.edu\/~galles\/visualization\/Algorithms.html\" target=\"_self\" rel=\"noopener noreferrer\">\u00a0Site com simula\u00e7\u00e3o\u00a0<\/a><span style=\"color: #000000\">de cria\u00e7\u00e3o de diferentes tipos de estruturas de dados (Universidade de S\u00e3o Francisco, EUA)<\/span><\/p>\n<p><span style=\"color: #000000\"><b>Hor\u00e1rio<\/b><\/span><\/p>\n<p><span style=\"color: #000000\">=&gt; <b>Quartas<\/b>: 15:30h<br \/><\/span><span style=\"color: #000000\">=&gt; <b>Sextas<\/b>: 15:30h<\/span><\/p>\n<p><span style=\"color: #000000\"><strong>Ensalamento<br \/><a href=\"https:\/\/ensalamento.c3sl.ufpr.br\/public\/subjects\/3572\">https:\/\/ensalamento.c3sl.ufpr.br\/public\/subjects\/3572<\/a> (turma B)<\/strong><\/span><\/p>\n<p><span style=\"color: #000000\"><b>Datas<\/b><b><br \/><\/b><\/span><\/p>\n<p><span style=\"color: #000000\"><b>Trabalho 1:\u00a0 <\/b>08.maio.2020<br \/><\/span><span style=\"color: #000000\"><b>Prova 1\u00a0<\/b>: 24.abril.2020<br \/><\/span><span style=\"color: #000000\"><b>Prova 2\u00a0<\/b>: 26.junho.2020<br \/><\/span><span style=\"color: #000000\"><b>Final\u00a0<\/b>: 08.julho.2020<br \/><\/span><span style=\"color: #000000\"><b>Segunda chamada e reaproveitamento<\/b>: 08.julho.2020<\/span><\/p>\n<p><span style=\"color: #000000\"><b>AVALIA\u00c7\u00c3O<\/b><\/span><\/p>\n<p><span style=\"color: #000000\">Duas provas e 1 trabalho (ver datas acima).<br \/><\/span><span style=\"color: #000000\"><strong>C\u00e1lculo da M\u00e9dia Parcial<\/strong>: trabalho*0.20+\u00a0 prova1*0.40 + prova2*0.40<br \/><\/span><span style=\"color: #000000\"><strong>C\u00e1lculo da m\u00e9dia final:<\/strong><br \/><\/span><span style=\"color: #000000\">&#8211; igual \u00e0 m\u00e9dia parcial, se esta \u00e9 igual ou superior a 7.0 ou inferior a 4.0,<br \/><\/span><span style=\"color: #000000\">&#8211; m\u00e9dia aritm\u00e9tica entre a m\u00e9dia parcial e a nota no exame final, caso contr\u00e1rio.<\/span><\/p>\n<p><span style=\"color: #000000\">Ser\u00e1 aprovado o aluno que apresentar freq\u00fc\u00eancia m\u00ednima igual ou superior a 75% das aulas e obtiver m\u00e9dia final igual ou superior a 5.0.<\/span><\/p>\n<p><span style=\"color: #000000\"><b>BIBLIOGRAFIA<\/b><\/span><\/p>\n<p><span style=\"color: #000000\">Os 2 primeiros livros ser\u00e3o os mais utilizados durante a disciplina. Os demais tamb\u00e9m possuem material muito bom.<br \/>=&gt; Algoritmos \u2013 Teoria e pr\u00e1tica, Cormen, Leiserson, Rivest, Stein, Rio de Janeiro, Campus, 2002<br \/><\/span><span style=\"color: #000000\">=&gt; Projeto de algoritmos: com implementa\u00e7\u00f5es em Pascal e C. N\u00edvio Ziviani. S\u00e3o Paulo: Pioneira, 1999<br \/><\/span><span style=\"color: #000000\">=&gt; Algorithms in C. R. Sedgewick. Addison-Wesley, Reading, Massachusetts, 1998.<br \/><\/span><span style=\"color: #000000\">=&gt; Estruturas de Dados e seus Algoritmos. J.L. Szwarcfiter, L. Markenzon. LTC-Livros T\u00e9cnicos e Cient\u00edficos, Rio de Janeiro, RJ, 1994.<br \/><\/span><span style=\"color: #000000\">=&gt;\u00a0 Data Structures and Algorithms. A.V. Aho, J.E. Hopcroft, J.D. Ullman. Addison-Wesley, Reading, Massachusetts, 1983.<br \/><\/span><span style=\"color: #000000\">=&gt;\u00a0 Algorithms and Data Structures. N. Wirth. Prentice-Hall, 1986 (Tradu\u00e7\u00e3o: Algoritmos e Estruturas de Dados. Prentice-Hall do Brasil Ltda, 1989)<br \/><\/span><span style=\"color: #000000\">=&gt; Introduction to Algorithms, Cormen, Leiserson, Rivest. MIT Press, Cambridge, Massachusetts, 1996.<\/span><\/p>\n\n\n","protected":false},"excerpt":{"rendered":"","protected":false},"author":21,"featured_media":0,"parent":0,"menu_order":0,"comment_status":"closed","ping_status":"closed","template":"","meta":{"footnotes":""},"class_list":["post-1213","page","type-page","status-publish","hentry"],"_links":{"self":[{"href":"https:\/\/web.inf.ufpr.br\/didonet\/wp-json\/wp\/v2\/pages\/1213","targetHints":{"allow":["GET"]}}],"collection":[{"href":"https:\/\/web.inf.ufpr.br\/didonet\/wp-json\/wp\/v2\/pages"}],"about":[{"href":"https:\/\/web.inf.ufpr.br\/didonet\/wp-json\/wp\/v2\/types\/page"}],"author":[{"embeddable":true,"href":"https:\/\/web.inf.ufpr.br\/didonet\/wp-json\/wp\/v2\/users\/21"}],"replies":[{"embeddable":true,"href":"https:\/\/web.inf.ufpr.br\/didonet\/wp-json\/wp\/v2\/comments?post=1213"}],"version-history":[{"count":21,"href":"https:\/\/web.inf.ufpr.br\/didonet\/wp-json\/wp\/v2\/pages\/1213\/revisions"}],"predecessor-version":[{"id":1388,"href":"https:\/\/web.inf.ufpr.br\/didonet\/wp-json\/wp\/v2\/pages\/1213\/revisions\/1388"}],"wp:attachment":[{"href":"https:\/\/web.inf.ufpr.br\/didonet\/wp-json\/wp\/v2\/media?parent=1213"}],"curies":[{"name":"wp","href":"https:\/\/api.w.org\/{rel}","templated":true}]}}