{"id":1110,"date":"2019-10-22T11:11:04","date_gmt":"2019-10-22T14:11:04","guid":{"rendered":"http:\/\/web.inf.ufpr.br\/didonet\/?page_id=1110"},"modified":"2019-12-01T13:07:36","modified_gmt":"2019-12-01T15:07:36","slug":"ci7052-ci092-2019-2","status":"publish","type":"page","link":"https:\/\/web.inf.ufpr.br\/didonet\/teaching-disciplinas\/info7052-ci092-2019-2\/ci7052-ci092-2019-2\/","title":{"rendered":"Resultados INFO7052\/CI092 2019 2"},"content":{"rendered":"\n<h4>T\u00e9cnicas em Modelagem de Aplica\u00e7\u00f5es\/T\u00f3picos em Tecnologias e Aplica\u00e7\u00f5es<br \/><br \/><\/h4>\n<table style=\"width: 100%\" border=\"0\" cellspacing=\"0\"><colgroup width=\"124\"><\/colgroup> <colgroup width=\"314\"><\/colgroup> <colgroup width=\"91\"><\/colgroup> <colgroup span=\"2\" width=\"86\"><\/colgroup> <colgroup width=\"99\"><\/colgroup> <colgroup width=\"76\"><\/colgroup>\n<tbody>\n<tr>\n<td style=\"width: 46.1039%\" align=\"left\"><b><span style=\"font-family: Arial\">Nome<\/span><\/b><\/td>\n<td style=\"width: 8.7013%\" align=\"center\"><b><span style=\"font-family: Arial\">P1<\/span><\/b><\/td>\n<td style=\"width: 11.4286%\" align=\"center\"><b><span style=\"font-family: Arial\">T1<\/span><\/b><\/td>\n<td style=\"width: 10%\" align=\"center\"><b><span style=\"font-family: Arial\">T2<\/span><\/b><\/td>\n<td style=\"width: 11.9481%\" align=\"center\"><b><span style=\"font-family: Arial\">M\u00e9dia Final<\/span><\/b><\/td>\n<td style=\"width: 11.5584%\" align=\"center\"><b><span style=\"font-family: Arial\">Resultado<\/span><\/b><\/td>\n<\/tr>\n<tr>\n<td style=\"width: 46.1039%\" align=\"left\">ANTONIO WILLIAN SOUSA<\/td>\n<td style=\"width: 8.7013%\" align=\"center\">90<\/td>\n<td style=\"width: 11.4286%\" align=\"center\">75<\/td>\n<td style=\"width: 10%\" align=\"center\">90<\/td>\n<td style=\"width: 11.9481%\" align=\"center\">85,5-B<\/td>\n<td style=\"width: 11.5584%\" align=\"center\"><span style=\"color: #000000;font-size: xx-small\">Aprovado<\/span><\/td>\n<\/tr>\n<tr>\n<td style=\"width: 46.1039%\" align=\"left\">CONRADO MATTEI DE CABANE OLIVEIRA<\/td>\n<td style=\"width: 8.7013%\" align=\"center\">80<\/td>\n<td style=\"width: 11.4286%\" align=\"center\">80<\/td>\n<td style=\"width: 10%\" align=\"center\">80<\/td>\n<td style=\"width: 11.9481%\" align=\"center\">80-B<\/td>\n<td style=\"width: 11.5584%\" align=\"center\"><span style=\"color: #000000;font-size: xx-small\">Aprovado<\/span><\/td>\n<\/tr>\n<tr>\n<td style=\"width: 46.1039%\" align=\"left\">FL\u00c1VIA SAYANE SILVA MEIRELES<\/td>\n<td style=\"width: 8.7013%\" align=\"center\">75<\/td>\n<td style=\"width: 11.4286%\" align=\"center\">85<\/td>\n<td style=\"width: 10%\" align=\"center\">90<\/td>\n<td style=\"width: 11.9481%\" align=\"center\">82,5-B<\/td>\n<td style=\"width: 11.5584%\" align=\"center\"><span style=\"color: #000000;font-size: xx-small\">Aprovado<\/span><\/td>\n<\/tr>\n<tr>\n<td style=\"width: 46.1039%\" align=\"left\">MARIA HELENA FRANCISCATTO<\/td>\n<td style=\"width: 8.7013%\" align=\"center\">90<\/td>\n<td style=\"width: 11.4286%\" align=\"center\">95<\/td>\n<td style=\"width: 10%\" align=\"center\">100<\/td>\n<td style=\"width: 11.9481%\" align=\"center\">94,5-A<\/td>\n<td style=\"width: 11.5584%\" align=\"center\"><span style=\"color: #000000;font-size: xx-small\">Aprovado<\/span><\/td>\n<\/tr>\n<tr>\n<td style=\"width: 46.1039%\" align=\"left\">ROBERTINO SANTIAGO<\/td>\n<td style=\"width: 8.7013%\" align=\"center\">90<\/td>\n<td style=\"width: 11.4286%\" align=\"center\">95<\/td>\n<td style=\"width: 10%\" align=\"center\">100<\/td>\n<td style=\"width: 11.9481%\" align=\"center\">94,5-A<\/td>\n<td style=\"width: 11.5584%\" align=\"center\"><span style=\"color: #000000;font-size: xx-small\">Aprovado<\/span><\/td>\n<\/tr>\n<tr>\n<td style=\"width: 46.1039%\" align=\"left\">GERHARD BESSER NETO<\/td>\n<td style=\"width: 8.7013%\" align=\"center\">90<\/td>\n<td style=\"width: 11.4286%\" align=\"center\">85<\/td>\n<td style=\"width: 10%\" align=\"center\">85<\/td>\n<td style=\"width: 11.9481%\" align=\"center\">87<\/td>\n<td style=\"width: 11.5584%\" align=\"center\"><span style=\"color: #000000;font-size: xx-small\">Aprovado<\/span><\/td>\n<\/tr>\n<tr>\n<td style=\"width: 46.1039%\" align=\"left\">LUCAS ALEIXO DE PAULA<\/td>\n<td style=\"width: 8.7013%\" align=\"center\">85<\/td>\n<td style=\"width: 11.4286%\" align=\"center\">90<\/td>\n<td style=\"width: 10%\" align=\"center\">90<\/td>\n<td style=\"width: 11.9481%\" align=\"center\">88<\/td>\n<td style=\"width: 11.5584%\" align=\"center\"><span style=\"color: #000000;font-size: xx-small\">Aprovado<\/span><\/td>\n<\/tr>\n<tr>\n<td style=\"width: 46.1039%\" align=\"left\">LUIZ EDUARDO CAVALHEIRO<\/td>\n<td style=\"width: 8.7013%\" align=\"center\">75<\/td>\n<td style=\"width: 11.4286%\" align=\"center\">85<\/td>\n<td style=\"width: 10%\" align=\"center\">70<\/td>\n<td style=\"width: 11.9481%\" align=\"center\">76,5<\/td>\n<td style=\"width: 11.5584%\" align=\"center\"><span style=\"color: #000000;font-size: xx-small\">Aprovado<\/span><\/td>\n<\/tr>\n<tr>\n<td style=\"width: 46.1039%\" align=\"left\">MATHEUS DE CAMPOS HORSTMANN<\/td>\n<td style=\"width: 8.7013%\" align=\"center\">75<\/td>\n<td style=\"width: 11.4286%\" align=\"center\">85<\/td>\n<td style=\"width: 10%\" align=\"center\">85<\/td>\n<td style=\"width: 11.9481%\" align=\"center\">81<\/td>\n<td style=\"width: 11.5584%\" align=\"center\"><span style=\"color: #000000;font-size: xx-small\">Aprovado<\/span><\/td>\n<\/tr>\n<\/tbody>\n<\/table>\n","protected":false},"excerpt":{"rendered":"","protected":false},"author":21,"featured_media":0,"parent":1000,"menu_order":0,"comment_status":"closed","ping_status":"closed","template":"","meta":{"footnotes":""},"class_list":["post-1110","page","type-page","status-publish","hentry"],"_links":{"self":[{"href":"https:\/\/web.inf.ufpr.br\/didonet\/wp-json\/wp\/v2\/pages\/1110","targetHints":{"allow":["GET"]}}],"collection":[{"href":"https:\/\/web.inf.ufpr.br\/didonet\/wp-json\/wp\/v2\/pages"}],"about":[{"href":"https:\/\/web.inf.ufpr.br\/didonet\/wp-json\/wp\/v2\/types\/page"}],"author":[{"embeddable":true,"href":"https:\/\/web.inf.ufpr.br\/didonet\/wp-json\/wp\/v2\/users\/21"}],"replies":[{"embeddable":true,"href":"https:\/\/web.inf.ufpr.br\/didonet\/wp-json\/wp\/v2\/comments?post=1110"}],"version-history":[{"count":8,"href":"https:\/\/web.inf.ufpr.br\/didonet\/wp-json\/wp\/v2\/pages\/1110\/revisions"}],"predecessor-version":[{"id":1181,"href":"https:\/\/web.inf.ufpr.br\/didonet\/wp-json\/wp\/v2\/pages\/1110\/revisions\/1181"}],"up":[{"embeddable":true,"href":"https:\/\/web.inf.ufpr.br\/didonet\/wp-json\/wp\/v2\/pages\/1000"}],"wp:attachment":[{"href":"https:\/\/web.inf.ufpr.br\/didonet\/wp-json\/wp\/v2\/media?parent=1110"}],"curies":[{"name":"wp","href":"https:\/\/api.w.org\/{rel}","templated":true}]}}