{"id":105,"date":"2017-06-22T17:38:21","date_gmt":"2017-06-22T20:38:21","guid":{"rendered":"http:\/\/web.inf.ufpr.br\/didonet2\/?page_id=105"},"modified":"2017-07-05T11:25:37","modified_gmt":"2017-07-05T14:25:37","slug":"resultados-ci062-2017-1","status":"publish","type":"page","link":"https:\/\/web.inf.ufpr.br\/didonet\/teaching-disciplinas\/ci062-2017-1\/resultados-ci062-2017-1\/","title":{"rendered":"Resultados CI062 2017 1"},"content":{"rendered":"<p><b>1o semestre de 2017<\/b><\/p>\n<div id=\"content-core\">\n<div id=\"parent-fieldname-text-f1900cac-fcfc-48cf-8710-ef756fd24c87\" class=\"kssattr-target-parent-fieldname-text-f1900cac-fcfc-48cf-8710-ef756fd24c87 kssattr-macro-rich-field-view kssattr-templateId-widgets\/rich kssattr-atfieldname-text \">\n<p><b>Resultado final<br \/>\n<\/b><\/p>\n<p><b>Professor<\/b>: Marcos Didonet Del Fabro<\/p>\n<table style=\"width: 1153px\" border=\"0\" cellspacing=\"0\">\n<colgroup span=\"9\" width=\"128\"><\/colgroup>\n<tbody>\n<tr>\n<td style=\"width: 124px\" align=\"left\" height=\"26\"><strong>Matricula<\/strong><\/td>\n<td style=\"width: 447.667px\" align=\"left\"><strong>Nome<\/strong><\/td>\n<td style=\"width: 10px;text-align: right\" align=\"left\"><strong>P1<\/strong><\/td>\n<td style=\"width: 124px;text-align: right\" align=\"left\"><strong>T\u00a01<\/strong><\/td>\n<td style=\"width: 124px;text-align: right\" align=\"left\"><strong>P2<\/strong><\/td>\n<td style=\"width: 124px;text-align: right\" align=\"left\"><strong>M\u00e9dia Parcial<\/strong><\/td>\n<td style=\"width: 124px;text-align: right\" align=\"left\"><strong>Final<\/strong><\/td>\n<td style=\"width: 124px;text-align: right\" align=\"left\"><strong>M\u00e9dia Final<\/strong><\/td>\n<td style=\"width: 124px;text-align: right\" align=\"left\"><strong>Resultado<\/strong><\/td>\n<\/tr>\n<tr>\n<td style=\"width: 124px\" align=\"left\" height=\"26\">GRR20152278<\/td>\n<td style=\"width: 447.667px\" align=\"left\">ADOLFO TOGNETTI MELO LIMA ARA\u00daJO<\/td>\n<td style=\"width: 10px\" align=\"left\"><\/td>\n<td style=\"width: 124px\" align=\"left\"><\/td>\n<td style=\"width: 124px\" align=\"left\"><\/td>\n<td style=\"width: 124px\" align=\"right\">0<\/td>\n<td style=\"width: 124px\" align=\"left\"><\/td>\n<td style=\"width: 124px\" align=\"right\">0<\/td>\n<td style=\"width: 124px;text-align: right\" align=\"left\">Reprovado<\/td>\n<\/tr>\n<tr>\n<td style=\"width: 124px\" align=\"left\" height=\"26\">GRR20130161<\/td>\n<td style=\"width: 447.667px\" align=\"left\">ALUISIO AUGUSTO SILVA GONCALVES<\/td>\n<td style=\"width: 10px\" align=\"right\">90<\/td>\n<td style=\"width: 124px\" align=\"right\">50<\/td>\n<td style=\"width: 124px\" align=\"right\">75<\/td>\n<td style=\"width: 124px\" align=\"right\">70,75<\/td>\n<td style=\"width: 124px\" align=\"left\"><\/td>\n<td style=\"width: 124px\" align=\"right\">70,75<\/td>\n<td style=\"width: 124px;text-align: right\" align=\"left\">Aprovado<\/td>\n<\/tr>\n<tr>\n<td style=\"width: 124px\" align=\"left\" height=\"26\">GRR20130358<\/td>\n<td style=\"width: 447.667px\" align=\"left\">ANDRE CORREA HARADA<\/td>\n<td style=\"width: 10px\" align=\"right\">75<\/td>\n<td style=\"width: 124px\" align=\"right\">60<\/td>\n<td style=\"width: 124px\" align=\"right\">55<\/td>\n<td style=\"width: 124px\" align=\"right\">62,75<\/td>\n<td style=\"width: 124px\" align=\"left\"><\/td>\n<td style=\"width: 124px\" align=\"right\">62,75<\/td>\n<td style=\"width: 124px;text-align: right\" align=\"left\">Aprovado<\/td>\n<\/tr>\n<tr>\n<td style=\"width: 124px\" align=\"left\" height=\"26\">GRR20151343<\/td>\n<td style=\"width: 447.667px\" align=\"left\">BRUNO FREITAS SERBENA<\/td>\n<td style=\"width: 10px\" align=\"right\">85<\/td>\n<td style=\"width: 124px\" align=\"right\">95<\/td>\n<td style=\"width: 124px\" align=\"right\">90<\/td>\n<td style=\"width: 124px\" align=\"right\">90,25<\/td>\n<td style=\"width: 124px\" align=\"left\"><\/td>\n<td style=\"width: 124px\" align=\"right\">90,25<\/td>\n<td style=\"width: 124px;text-align: right\" align=\"left\">Aprovado<\/td>\n<\/tr>\n<tr>\n<td style=\"width: 124px\" align=\"left\" height=\"26\">GRR20140359<\/td>\n<td style=\"width: 447.667px\" align=\"left\">BRUNO YUJI SATO<\/td>\n<td style=\"width: 10px\" align=\"right\">75<\/td>\n<td style=\"width: 124px\" align=\"right\">85<\/td>\n<td style=\"width: 124px\" align=\"right\">60<\/td>\n<td style=\"width: 124px\" align=\"right\">73,25<\/td>\n<td style=\"width: 124px\" align=\"left\"><\/td>\n<td style=\"width: 124px\" align=\"right\">73,25<\/td>\n<td style=\"width: 124px;text-align: right\" align=\"left\">Aprovado<\/td>\n<\/tr>\n<tr>\n<td style=\"width: 124px\" align=\"left\" height=\"26\">GRR20151067<\/td>\n<td style=\"width: 447.667px\" align=\"left\">FABIO CERVI DE MELLO<\/td>\n<td style=\"width: 10px\" align=\"right\">70<\/td>\n<td style=\"width: 124px\" align=\"right\">85<\/td>\n<td style=\"width: 124px\" align=\"right\">65<\/td>\n<td style=\"width: 124px\" align=\"right\">73,5<\/td>\n<td style=\"width: 124px\" align=\"left\"><\/td>\n<td style=\"width: 124px\" align=\"right\">73,5<\/td>\n<td style=\"width: 124px;text-align: right\" align=\"left\">Aprovado<\/td>\n<\/tr>\n<tr>\n<td style=\"width: 124px\" align=\"left\" height=\"26\">GRR20153190<\/td>\n<td style=\"width: 447.667px\" align=\"left\">FELIPE LOPES PEREIRA<\/td>\n<td style=\"width: 10px\" align=\"right\">75<\/td>\n<td style=\"width: 124px\" align=\"right\">90<\/td>\n<td style=\"width: 124px\" align=\"right\">85<\/td>\n<td style=\"width: 124px\" align=\"right\">83,75<\/td>\n<td style=\"width: 124px\" align=\"left\"><\/td>\n<td style=\"width: 124px\" align=\"right\">83,75<\/td>\n<td style=\"width: 124px;text-align: right\" align=\"left\">Aprovado<\/td>\n<\/tr>\n<tr>\n<td style=\"width: 124px\" align=\"left\" height=\"26\">GRR20151446<\/td>\n<td style=\"width: 447.667px\" align=\"left\">GABRIELA YUKARI KIMURA<\/td>\n<td style=\"width: 10px\" align=\"right\">75<\/td>\n<td style=\"width: 124px\" align=\"right\">95<\/td>\n<td style=\"width: 124px\" align=\"right\">70<\/td>\n<td style=\"width: 124px\" align=\"right\">80,25<\/td>\n<td style=\"width: 124px\" align=\"left\"><\/td>\n<td style=\"width: 124px\" align=\"right\">80,25<\/td>\n<td style=\"width: 124px;text-align: right\" align=\"left\">Aprovado<\/td>\n<\/tr>\n<tr>\n<td style=\"width: 124px\" align=\"left\" height=\"26\">GRR20152790<\/td>\n<td style=\"width: 447.667px\" align=\"left\">GABRIELE RODRIGUES BRANCALHAO<\/td>\n<td style=\"width: 10px\" align=\"right\">85<\/td>\n<td style=\"width: 124px\" align=\"right\">80<\/td>\n<td style=\"width: 124px\" align=\"right\">75<\/td>\n<td style=\"width: 124px\" align=\"right\">79,75<\/td>\n<td style=\"width: 124px\" align=\"left\"><\/td>\n<td style=\"width: 124px\" align=\"right\">79,75<\/td>\n<td style=\"width: 124px;text-align: right\" align=\"left\">Aprovado<\/td>\n<\/tr>\n<tr>\n<td style=\"width: 124px\" align=\"left\" height=\"26\">GRR20148763<\/td>\n<td style=\"width: 447.667px\" align=\"left\">GUILHERME BITTENCOURT DA SILVA<\/td>\n<td style=\"width: 10px\" align=\"right\">75<\/td>\n<td style=\"width: 124px\" align=\"right\">85<\/td>\n<td style=\"width: 124px\" align=\"right\">65<\/td>\n<td style=\"width: 124px\" align=\"right\">75<\/td>\n<td style=\"width: 124px\" align=\"left\"><\/td>\n<td style=\"width: 124px\" align=\"right\">75<\/td>\n<td style=\"width: 124px;text-align: right\" align=\"left\">Aprovado<\/td>\n<\/tr>\n<tr>\n<td style=\"width: 124px\" align=\"left\" height=\"26\">GRR20154004<\/td>\n<td style=\"width: 447.667px\" align=\"left\">IVO DE SOUZA BUENO J\u00daNIOR<\/td>\n<td style=\"width: 10px\" align=\"right\">75<\/td>\n<td style=\"width: 124px\" align=\"right\">80<\/td>\n<td style=\"width: 124px\" align=\"right\">70<\/td>\n<td style=\"width: 124px\" align=\"right\">75<\/td>\n<td style=\"width: 124px\" align=\"left\"><\/td>\n<td style=\"width: 124px\" align=\"right\">75<\/td>\n<td style=\"width: 124px;text-align: right\" align=\"left\">Aprovado<\/td>\n<\/tr>\n<tr>\n<td style=\"width: 124px\" align=\"left\" height=\"26\">GRR20151174<\/td>\n<td style=\"width: 447.667px\" align=\"left\">JOEL NARCIZO SANTOS<\/td>\n<td style=\"width: 10px\" align=\"right\">60<\/td>\n<td style=\"width: 124px\" align=\"right\">95<\/td>\n<td style=\"width: 124px\" align=\"right\">75<\/td>\n<td style=\"width: 124px\" align=\"right\">77,5<\/td>\n<td style=\"width: 124px\" align=\"left\"><\/td>\n<td style=\"width: 124px\" align=\"right\">77,5<\/td>\n<td style=\"width: 124px;text-align: right\" align=\"left\">Aprovado<\/td>\n<\/tr>\n<tr>\n<td style=\"width: 124px\" align=\"left\" height=\"26\">GRR20159319<\/td>\n<td style=\"width: 447.667px\" align=\"left\">LEONARDO D AGOSTINI CHILLEMI<\/td>\n<td style=\"width: 10px\" align=\"right\">40<\/td>\n<td style=\"width: 124px\" align=\"right\">40<\/td>\n<td style=\"width: 124px\" align=\"right\">45<\/td>\n<td style=\"width: 124px\" align=\"right\">41,75<\/td>\n<td style=\"width: 124px\" align=\"right\">60<\/td>\n<td style=\"width: 124px\" align=\"right\">50,875<\/td>\n<td style=\"width: 124px;text-align: right\" align=\"left\">Aprovado<\/td>\n<\/tr>\n<tr>\n<td style=\"width: 124px\" align=\"left\" height=\"26\">GRR20158757<\/td>\n<td style=\"width: 447.667px\" align=\"left\">LORIEN MAITE MOISYN<\/td>\n<td style=\"width: 10px\" align=\"right\">75<\/td>\n<td style=\"width: 124px\" align=\"right\">70<\/td>\n<td style=\"width: 124px\" align=\"right\">80<\/td>\n<td style=\"width: 124px\" align=\"right\">75<\/td>\n<td style=\"width: 124px\" align=\"left\"><\/td>\n<td style=\"width: 124px\" align=\"right\">75<\/td>\n<td style=\"width: 124px;text-align: right\" align=\"left\">Aprovado<\/td>\n<\/tr>\n<tr>\n<td style=\"width: 124px\" align=\"left\" height=\"26\">GRR20133027<\/td>\n<td style=\"width: 447.667px\" align=\"left\">LUCAS ROSA DA SILVA<\/td>\n<td style=\"width: 10px\" align=\"right\">50<\/td>\n<td style=\"width: 124px\" align=\"right\">80<\/td>\n<td style=\"width: 124px\" align=\"right\">60<\/td>\n<td style=\"width: 124px\" align=\"right\">64<\/td>\n<td style=\"width: 124px\" align=\"left\"><\/td>\n<td style=\"width: 124px\" align=\"right\">64<\/td>\n<td style=\"width: 124px;text-align: right\" align=\"left\">Aprovado<\/td>\n<\/tr>\n<tr>\n<td style=\"width: 124px\" align=\"left\" height=\"26\">GRR20151799<\/td>\n<td style=\"width: 447.667px\" align=\"left\">LUIS MATEUS MEDEIROS BOSSI<\/td>\n<td style=\"width: 10px\" align=\"right\">65<\/td>\n<td style=\"width: 124px\" align=\"right\">60<\/td>\n<td style=\"width: 124px\" align=\"right\">50<\/td>\n<td style=\"width: 124px\" align=\"right\">58<\/td>\n<td style=\"width: 124px\" align=\"right\">55<\/td>\n<td style=\"width: 124px\" align=\"right\">56,5<\/td>\n<td style=\"width: 124px;text-align: right\" align=\"left\">Aprovado<\/td>\n<\/tr>\n<tr>\n<td style=\"width: 124px\" align=\"left\" height=\"26\">GRR20141014<\/td>\n<td style=\"width: 447.667px\" align=\"left\">LUIZA MARIA WILLE CULAU<\/td>\n<td style=\"width: 10px\" align=\"right\">90<\/td>\n<td style=\"width: 124px\" align=\"right\">90<\/td>\n<td style=\"width: 124px\" align=\"right\">85<\/td>\n<td style=\"width: 124px\" align=\"right\">88,25<\/td>\n<td style=\"width: 124px\" align=\"left\"><\/td>\n<td style=\"width: 124px\" align=\"right\">88,25<\/td>\n<td style=\"width: 124px;text-align: right\" align=\"left\">Aprovado<\/td>\n<\/tr>\n<tr>\n<td style=\"width: 124px\" align=\"left\" height=\"26\">GRR20158597<\/td>\n<td style=\"width: 447.667px\" align=\"left\">MATHEUS ARMANI MALDONADO<\/td>\n<td style=\"width: 10px\" align=\"right\">45<\/td>\n<td style=\"width: 124px\" align=\"right\">60<\/td>\n<td style=\"width: 124px\" align=\"right\">35<\/td>\n<td style=\"width: 124px\" align=\"right\">46,75<\/td>\n<td style=\"width: 124px\" align=\"right\">70<\/td>\n<td style=\"width: 124px\" align=\"right\">58,375<\/td>\n<td style=\"width: 124px;text-align: right\" align=\"left\">Aprovado<\/td>\n<\/tr>\n<tr>\n<td style=\"width: 124px\" align=\"left\" height=\"26\">GRR20158600<\/td>\n<td style=\"width: 447.667px\" align=\"left\">MATHEUS DE CAMPOS HORSTMANN<\/td>\n<td style=\"width: 10px\" align=\"right\">75<\/td>\n<td style=\"width: 124px\" align=\"right\">90<\/td>\n<td style=\"width: 124px\" align=\"right\">70<\/td>\n<td style=\"width: 124px\" align=\"right\">78,5<\/td>\n<td style=\"width: 124px\" align=\"left\"><\/td>\n<td style=\"width: 124px\" align=\"right\">78,5<\/td>\n<td style=\"width: 124px;text-align: right\" align=\"left\">Aprovado<\/td>\n<\/tr>\n<tr>\n<td style=\"width: 124px\" align=\"left\" height=\"26\">GRR20144014<\/td>\n<td style=\"width: 447.667px\" align=\"left\">NAIAN DA SILVA BARROS<\/td>\n<td style=\"width: 10px\" align=\"right\">55<\/td>\n<td style=\"width: 124px\" align=\"right\">85<\/td>\n<td style=\"width: 124px\" align=\"right\">70<\/td>\n<td style=\"width: 124px\" align=\"right\">70,75<\/td>\n<td style=\"width: 124px\" align=\"left\"><\/td>\n<td style=\"width: 124px\" align=\"right\">70,75<\/td>\n<td style=\"width: 124px;text-align: right\" align=\"left\">Aprovado<\/td>\n<\/tr>\n<tr>\n<td style=\"width: 124px\" align=\"left\" height=\"26\">GRR20135196<\/td>\n<td style=\"width: 447.667px\" align=\"left\">PAOLO ANDREAS STALL RECHIA<\/td>\n<td style=\"width: 10px\" align=\"right\">80<\/td>\n<td style=\"width: 124px\" align=\"right\">95<\/td>\n<td style=\"width: 124px\" align=\"right\">90<\/td>\n<td style=\"width: 124px\" align=\"right\">88,75<\/td>\n<td style=\"width: 124px\" align=\"left\"><\/td>\n<td style=\"width: 124px\" align=\"right\">88,75<\/td>\n<td style=\"width: 124px;text-align: right\" align=\"left\">Aprovado<\/td>\n<\/tr>\n<tr>\n<td style=\"width: 124px\" align=\"left\" height=\"26\">GRR20152952<\/td>\n<td style=\"width: 447.667px\" align=\"left\">EDUARDO ZIMERMAM PEREIRA<\/td>\n<td style=\"width: 10px\" align=\"right\">50<\/td>\n<td style=\"width: 124px\" align=\"right\">70<\/td>\n<td style=\"width: 124px\" align=\"right\">80<\/td>\n<td style=\"width: 124px\" align=\"right\">67,5<\/td>\n<td style=\"width: 124px\" align=\"left\"><\/td>\n<td style=\"width: 124px\" align=\"right\">67,5<\/td>\n<td style=\"width: 124px;text-align: right\" align=\"left\">Aprovado<\/td>\n<\/tr>\n<tr>\n<td style=\"width: 124px\" align=\"left\" height=\"26\">GRR20132109<\/td>\n<td style=\"width: 447.667px\" align=\"left\">ICARO NEVES MELO<\/td>\n<td style=\"width: 10px\" align=\"left\"><\/td>\n<td style=\"width: 124px\" align=\"left\"><\/td>\n<td style=\"width: 124px\" align=\"left\"><\/td>\n<td style=\"width: 124px\" align=\"right\">0<\/td>\n<td style=\"width: 124px\" align=\"left\"><\/td>\n<td style=\"width: 124px\" align=\"right\">0<\/td>\n<td style=\"width: 124px;text-align: right\" align=\"left\">Reprovado<\/td>\n<\/tr>\n<tr>\n<td style=\"width: 124px\" align=\"left\" height=\"26\">GRR20154065<\/td>\n<td style=\"width: 447.667px\" align=\"left\">JULIA BEATRIZ YIP<\/td>\n<td style=\"width: 10px\" align=\"right\">80<\/td>\n<td style=\"width: 124px\" align=\"right\">90<\/td>\n<td style=\"width: 124px\" align=\"right\">70<\/td>\n<td style=\"width: 124px\" align=\"right\">80<\/td>\n<td style=\"width: 124px\" align=\"left\"><\/td>\n<td style=\"width: 124px\" align=\"right\">80<\/td>\n<td style=\"width: 124px;text-align: right\" align=\"left\">Aprovado<\/td>\n<\/tr>\n<tr>\n<td style=\"width: 124px\" align=\"left\" height=\"26\">GRR20122277<\/td>\n<td style=\"width: 447.667px\" align=\"left\">NIKOLAS AUGUSTO ESCHHOLZ LEAL<\/td>\n<td style=\"width: 10px\" align=\"right\">70<\/td>\n<td style=\"width: 124px\" align=\"right\">30<\/td>\n<td style=\"width: 124px\" align=\"right\">75<\/td>\n<td style=\"width: 124px\" align=\"right\">57,75<\/td>\n<td style=\"width: 124px\" align=\"right\">50<\/td>\n<td style=\"width: 124px\" align=\"right\">53,875<\/td>\n<td style=\"width: 124px;text-align: right\" align=\"left\">Aprovado<\/td>\n<\/tr>\n<tr>\n<td style=\"width: 124px\" align=\"left\" height=\"26\">GRR20118477<\/td>\n<td style=\"width: 447.667px\" align=\"left\">PEDRO MARTINS MOREIRA NETO<\/td>\n<td style=\"width: 10px\" align=\"right\">80<\/td>\n<td style=\"width: 124px\" align=\"right\">85<\/td>\n<td style=\"width: 124px\" align=\"right\">55<\/td>\n<td style=\"width: 124px\" align=\"right\">73<\/td>\n<td style=\"width: 124px\" align=\"left\"><\/td>\n<td style=\"width: 124px\" align=\"right\">73<\/td>\n<td style=\"width: 124px;text-align: right\" align=\"left\">Aprovado<\/td>\n<\/tr>\n<tr>\n<td style=\"width: 124px\" align=\"left\" height=\"26\">GRR20103975<\/td>\n<td style=\"width: 447.667px\" align=\"left\">MAXWELL SCHNER<\/td>\n<td style=\"width: 10px\" align=\"right\">60<\/td>\n<td style=\"width: 124px\" align=\"right\">50<\/td>\n<td style=\"width: 124px\" align=\"right\">30<\/td>\n<td style=\"width: 124px\" align=\"right\">46<\/td>\n<td style=\"width: 124px\" align=\"right\">60<\/td>\n<td style=\"width: 124px\" align=\"right\">53<\/td>\n<td style=\"width: 124px;text-align: right\" align=\"left\">Aprovado<\/td>\n<\/tr>\n<\/tbody>\n<\/table>\n<\/div>\n<\/div>\n","protected":false},"excerpt":{"rendered":"<p>1o semestre de 2017 Resultado final Professor: Marcos Didonet Del Fabro Matricula Nome P1 T\u00a01 P2 M\u00e9dia Parcial Final M\u00e9dia Final Resultado GRR20152278 ADOLFO TOGNETTI MELO LIMA ARA\u00daJO 0 0 Reprovado GRR20130161 ALUISIO AUGUSTO SILVA GONCALVES 90 50 75 70,75 70,75 Aprovado GRR20130358 ANDRE CORREA HARADA 75 60 55 62,75 62,75 Aprovado GRR20151343 BRUNO FREITAS&hellip;<\/p>\n","protected":false},"author":21,"featured_media":0,"parent":96,"menu_order":0,"comment_status":"closed","ping_status":"closed","template":"","meta":{"footnotes":""},"class_list":["post-105","page","type-page","status-publish","hentry"],"_links":{"self":[{"href":"https:\/\/web.inf.ufpr.br\/didonet\/wp-json\/wp\/v2\/pages\/105","targetHints":{"allow":["GET"]}}],"collection":[{"href":"https:\/\/web.inf.ufpr.br\/didonet\/wp-json\/wp\/v2\/pages"}],"about":[{"href":"https:\/\/web.inf.ufpr.br\/didonet\/wp-json\/wp\/v2\/types\/page"}],"author":[{"embeddable":true,"href":"https:\/\/web.inf.ufpr.br\/didonet\/wp-json\/wp\/v2\/users\/21"}],"replies":[{"embeddable":true,"href":"https:\/\/web.inf.ufpr.br\/didonet\/wp-json\/wp\/v2\/comments?post=105"}],"version-history":[{"count":8,"href":"https:\/\/web.inf.ufpr.br\/didonet\/wp-json\/wp\/v2\/pages\/105\/revisions"}],"predecessor-version":[{"id":208,"href":"https:\/\/web.inf.ufpr.br\/didonet\/wp-json\/wp\/v2\/pages\/105\/revisions\/208"}],"up":[{"embeddable":true,"href":"https:\/\/web.inf.ufpr.br\/didonet\/wp-json\/wp\/v2\/pages\/96"}],"wp:attachment":[{"href":"https:\/\/web.inf.ufpr.br\/didonet\/wp-json\/wp\/v2\/media?parent=105"}],"curies":[{"name":"wp","href":"https:\/\/api.w.org\/{rel}","templated":true}]}}