{"id":55,"date":"2019-07-17T02:58:02","date_gmt":"2019-07-17T05:58:02","guid":{"rendered":"http:\/\/web.inf.ufpr.br\/danielw2\/?page_id=55"},"modified":"2019-08-07T00:51:49","modified_gmt":"2019-08-07T03:51:49","slug":"teaching","status":"publish","type":"page","link":"https:\/\/web.inf.ufpr.br\/danielw\/teaching\/","title":{"rendered":"Teaching"},"content":{"rendered":"<table style=\"border-collapse: collapse; width: 100%;\">\n<tbody>\n<tr>\n<td style=\"width: 50%;\">\n<h2>Current Semester<\/h2>\n<h3>Undergraduate<\/h3>\n<p><a href=\"https:\/\/moodle.c3sl.ufpr.br\/course\/view.php?id=243\"><b>CI1164<\/b>: Introdu\u00e7\u00e3o \u00e0 Computa\u00e7\u00e3o Cient\u00edfica\u00a0<\/a><\/p>\n<h3>Graduate<\/h3>\n<\/td>\n<td style=\"width: 50%;\"><img fetchpriority=\"high\" decoding=\"async\" src=\"http:\/\/web.inf.ufpr.br\/danielw\/wp-content\/uploads\/sites\/10\/2019\/07\/teach.gif\" alt=\"\" width=\"363\" height=\"218\" \/><\/td>\n<\/tr>\n<\/tbody>\n<\/table>\n<h2>Previous Semesters<\/h2>\n<h3>Coaching<\/h3>\n<table style=\"border-collapse: collapse; width: 100%;\">\n<tbody>\n<tr style=\"border-style: outset;\">\n<td style=\"width: 46.6234%;\">\u00a0<a href=\"http:\/\/lspd.mackenzie.br\/marathon\/18\/\">13th Marathon of Parallel Programming<\/a> (2018)<\/td>\n<td style=\"width: 53.3766%; text-align: left;\">Team <b style=\"font-family: inherit; font-size: inherit;\">Void Warshall \/2: <\/b>Bruno F.s Tissei, Gabriel V. C. Candido and Giovanne M. dos Santos<\/p>\n<p style=\"text-align: left;\">Team<b> PodeC: <\/b><span style=\"font-family: inherit; font-size: inherit; font-weight: inherit; color: #191e23;\">Davisson H. Paulino, Rodrigo M. Sokulski and Julia B. Yip<\/span><\/p>\n<\/td>\n<\/tr>\n<tr style=\"border-style: outset;\">\n<td style=\"width: 46.6234%;\">\u00a0<a href=\"http:\/\/hpcadvisorycouncil.com\/events\/student-cluster-competition\/\">ISC Student Cluster Competition<\/a> (Frankfurt, 2018)<\/td>\n<td style=\"width: 53.3766%; text-align: left;\">Team <strong>Void Warshall: <\/strong>Bruno F. Tissei, Gabriel V. C. Candido, Giovanne M. dos Santos, Jedian M. Brambilla and<span style=\"font-family: inherit; font-size: inherit; font-weight: inherit; color: #191e23;\"> Egon N. B. Araujo<\/span><\/td>\n<\/tr>\n<tr style=\"border-style: outset;\">\n<td style=\"width: 46.6234%;\">\u00a0<a href=\"http:\/\/lspd.mackenzie.br\/marathon\/17\/\">12th Marathon of Parallel Programming<\/a> (2017)<\/td>\n<td style=\"width: 53.3766%;\">Team <b style=\"font-family: inherit; font-size: inherit;\">High-underfoot: <\/b>Bruno F. Tissei, Giovanne M. dos Santos and Jedian M. Brambilla<\/p>\n<p style=\"text-align: left;\">Team <b>Dimens\u00e3o Paralela: <\/b><span style=\"font-family: inherit; font-size: inherit; font-weight: inherit; color: #191e23;\">Gabriel V. C. Candido, Egon N. B. Araujo and Luis Felipe A. Reis<\/span><\/p>\n<\/td>\n<\/tr>\n<\/tbody>\n<\/table>\n<h3>Undergraduate<\/h3>\n<table style=\"width: 99.7419%;\" summary=\"Previous undergrad Courses\">\n<tbody>\n<tr style=\"border-style: outset;\">\n<td style=\"width: 44.4932%;\"><strong>\u00a0CI1002:<\/strong> Programa\u00e7\u00e3o 2<b><br \/>\n<\/b><\/td>\n<td style=\"width: 48.301%; text-align: center;\">2019-1<\/td>\n<\/tr>\n<tr style=\"border-style: outset;\">\n<td style=\"width: 44.4932%;\"><b>\u00a0CI055: <\/b>Algoritmos e Estruturas de Dados I<\/td>\n<td style=\"width: 48.301%; text-align: center;\">2016-1, 2015-1, 2011-1\/2, 2010-1\/2,\u00a02009-1,\u00a02008-1\/2<\/td>\n<\/tr>\n<tr style=\"border-style: outset;\">\n<td style=\"width: 44.4932%;\"><b>\u00a0CI067: <\/b>Oficina de Computa\u00e7\u00e3o<\/td>\n<td style=\"width: 48.301%; text-align: center;\">2019-1, 2013-2,2012-1,\u00a02009-1\/2,\u00a02008-2<\/td>\n<\/tr>\n<tr style=\"border-style: outset;\">\n<td style=\"width: 44.4932%;\"><b>\u00a0CI164\/CI1164<\/b>: Introdu\u00e7\u00e3o \u00e0 Computa\u00e7\u00e3o Cient\u00edfica<\/td>\n<td style=\"width: 48.301%; text-align: center;\">2019-1, 2018-2, 2017-1\/2, 2016-2,\u00a0\u00a02015-1\/2,\u00a02014-1\/2,\u00a02013-2<\/td>\n<\/tr>\n<tr style=\"border-style: outset;\">\n<td style=\"width: 44.4932%;\"><b>\u00a0CI316:<\/b>\u00a0Programa\u00e7\u00e3o Paralela<\/td>\n<td style=\"width: 48.301%; text-align: center;\">2014-1<\/td>\n<\/tr>\n<tr style=\"border-style: outset;\">\n<td style=\"width: 44.4932%;\"><b>\u00a0CI208<\/b>: Programa\u00e7\u00e3o de Computadores<\/td>\n<td style=\"width: 48.301%; text-align: center;\">2008-2<\/td>\n<\/tr>\n<tr style=\"border-style: outset;\">\n<td style=\"width: 44.4932%;\"><b>\u00a0CI066<\/b>: Oficina de Programa\u00e7\u00e3o<\/td>\n<td style=\"width: 48.301%; text-align: center;\">2008-1<\/td>\n<\/tr>\n<\/tbody>\n<\/table>\n<h3>Graduate<\/h3>\n<table style=\"height: 270px; width: 100%;\" summary=\"Previous grad Courses\">\n<tbody>\n<tr style=\"border-style: outset; height: 51px;\">\n<td style=\"width: 68.4394%; height: 51px;\"><strong>\u00a0INFO7070:<\/strong> <a href=\"http:\/\/web.inf.ufpr.br\/summerschool2019\">SummerSchool 2019<\/a> &#8211; Research Data Management for Data Intensive Computing<b><br \/>\n<\/b><\/td>\n<td style=\"width: 31.4011%; text-align: center; height: 51px;\">2019-1<\/td>\n<\/tr>\n<tr style=\"border-style: outset;\">\n<td style=\"width: 68.4394%; height: 27px;\"><b>\u00a0INFO-7012:\u00a0<\/b>Desempenho de Sistemas Computacionais<\/td>\n<td style=\"width: 31.4011%; text-align: center; height: 27px;\">2018-1<\/td>\n<\/tr>\n<tr style=\"border-style: outset;\">\n<td style=\"height: 24px; width: 68.4394%;\"><b>\u00a0CI-853: <\/b>Advanced C++ Programming<\/td>\n<td style=\"height: 24px; width: 31.4011%; text-align: center;\">2016-1<\/td>\n<\/tr>\n<tr style=\"border-style: outset;\">\n<td style=\"height: 24px; width: 68.4394%;\"><b>\u00a0CI-805<\/b> &#8211; T\u00f3picos em Arquiteturas Paralelas &#8211; MPI e OpenCL<\/td>\n<td style=\"height: 24px; width: 31.4011%; text-align: center;\">2015-2, 2014-2<\/td>\n<\/tr>\n<tr style=\"border-style: outset; height: 24px;\">\n<td style=\"height: 24px; width: 68.4394%;\"><b>\u00a0CI-728: <\/b> Sistemas de Processamento Paralelo<\/td>\n<td style=\"height: 24px; width: 31.4011%; text-align: center;\">2014-1<\/td>\n<\/tr>\n<tr style=\"border-style: outset; height: 24px;\">\n<td style=\"height: 24px; width: 68.4394%;\"><b>\u00a0CI-852:<\/b> <a href=\"http:\/\/web.inf.ufpr.br\/summerschool2014\">SummerSchool 2014<\/a> &#8211; Research Data Management: Methods and Concepts to Preserve Access to Research Data, Public Records and Private Digital Artefacts<\/td>\n<td style=\"height: 24px; width: 31.4011%; text-align: center;\">2014-1<\/td>\n<\/tr>\n<tr style=\"border-style: outset; height: 24px;\">\n<td style=\"height: 24px; width: 68.4394%;\"><b>\u00a0CI-815<\/b>: <a href=\"http:\/\/www.inf.ufpr.br\/summerschool2011\">SummerSchool 2011<\/a> &#8211; Aspects of large scale high speed computing<\/td>\n<td style=\"height: 24px; width: 31.4011%; text-align: center;\">2011-1<\/td>\n<\/tr>\n<tr style=\"border-style: outset; height: 24px;\">\n<td style=\"height: 24px; width: 68.4394%;\"><b>\u00a0CI-724<\/b>: Processamento de Imagens<\/td>\n<td style=\"height: 24px; width: 31.4011%; text-align: center;\">2010-2, 2009-2<\/td>\n<\/tr>\n<tr style=\"border-style: outset; height: 24px;\">\n<td style=\"height: 24px; width: 68.4394%;\"><b>\u00a0CI-805: <\/b>T\u00f3picos em Arquiteturas Paralelas &#8211; OpenMP e CUDA<\/td>\n<td style=\"height: 24px; width: 31.4011%; text-align: center;\">2010-1<\/td>\n<\/tr>\n<\/tbody>\n<\/table>\n","protected":false},"excerpt":{"rendered":"<p>Current Semester Undergraduate CI1164: Introdu\u00e7\u00e3o \u00e0 Computa\u00e7\u00e3o Cient\u00edfica\u00a0 Graduate Previous Semesters Coaching \u00a013th Marathon of Parallel Programming (2018) Team Void Warshall \/2: Bruno F.s Tissei, Gabriel V. C. Candido and Giovanne M. dos Santos Team PodeC: Davisson H. Paulino, Rodrigo M. Sokulski and Julia B. Yip \u00a0ISC Student Cluster Competition (Frankfurt, 2018) Team Void Warshall:&hellip;<\/p>\n","protected":false},"author":3,"featured_media":0,"parent":0,"menu_order":0,"comment_status":"closed","ping_status":"closed","template":"","meta":{"footnotes":""},"class_list":["post-55","page","type-page","status-publish","hentry"],"_links":{"self":[{"href":"https:\/\/web.inf.ufpr.br\/danielw\/wp-json\/wp\/v2\/pages\/55","targetHints":{"allow":["GET"]}}],"collection":[{"href":"https:\/\/web.inf.ufpr.br\/danielw\/wp-json\/wp\/v2\/pages"}],"about":[{"href":"https:\/\/web.inf.ufpr.br\/danielw\/wp-json\/wp\/v2\/types\/page"}],"author":[{"embeddable":true,"href":"https:\/\/web.inf.ufpr.br\/danielw\/wp-json\/wp\/v2\/users\/3"}],"replies":[{"embeddable":true,"href":"https:\/\/web.inf.ufpr.br\/danielw\/wp-json\/wp\/v2\/comments?post=55"}],"version-history":[{"count":23,"href":"https:\/\/web.inf.ufpr.br\/danielw\/wp-json\/wp\/v2\/pages\/55\/revisions"}],"predecessor-version":[{"id":233,"href":"https:\/\/web.inf.ufpr.br\/danielw\/wp-json\/wp\/v2\/pages\/55\/revisions\/233"}],"wp:attachment":[{"href":"https:\/\/web.inf.ufpr.br\/danielw\/wp-json\/wp\/v2\/media?parent=55"}],"curies":[{"name":"wp","href":"https:\/\/api.w.org\/{rel}","templated":true}]}}