{"id":100,"date":"2019-07-30T19:29:20","date_gmt":"2019-07-30T22:29:20","guid":{"rendered":"http:\/\/web.inf.ufpr.br\/danielw2\/?page_id=100"},"modified":"2021-02-21T19:38:27","modified_gmt":"2021-02-21T22:38:27","slug":"people","status":"publish","type":"page","link":"https:\/\/web.inf.ufpr.br\/danielw\/people\/","title":{"rendered":"People"},"content":{"rendered":"<h2>Academic Cooperation<\/h2>\n<ul>\n<li>DAAD ISAP (<a href=\"http:\/\/www.lgdv.tf.fau.de\/person\/marc-stamminger\/\">Prof. Dr. Mark Stamminger<\/a>, FAU) [2017-2020]<\/li>\n<li><a href=\"http:\/\/aware.thi.de\">AWARE<\/a> (TH-Ingolstadt) [2016-2019]<\/li>\n<li>DAAD\/CAPES Unibral (<a href=\"http:\/\/www.lgdv.tf.fau.de\/person\/guenther-greiner\/\">Prof. Dr. Gunther Greiner<\/a>, FAU) [2014-2017]<\/li>\n<li>University of Erlangen-Nurnberg (Germany) with <a href=\"http:\/\/www.cs10.tf.fau.de\/person\/ulrich-ruede\/\">Prof. Dr. Ulrich R\u00fcde<\/a><\/li>\n<li>University of Freiburg (Germany) with <a href=\"https:\/\/www.uni-freiburg.de\/verwaltung\/rektorat\/prorektor-digitale-transformation\">Prof. Dr. Gerhard Schneider<\/a><\/li>\n<li>UTFPR with Profa. Myriam Regattieri Delgado<\/li>\n<\/ul>\n<h2>Current<\/h2>\n<h2>Alumni<\/h2>\n<h4>PhD<\/h4>\n<ol>\n<li>Peter Frank Perroni [Dr], <a href=\"https:\/\/hdl.handle.net\/1884\/62517\">Treasure Hunt: a Framework for Cooperative, Distributed Parallel Optimization<\/a>, 2019<\/li>\n<\/ol>\n<h4>Master<\/h4>\n<ol>\n<li>Jo\u00e3o Victor Tozatti Risso, [MSc], <em>High Performance Code Generation for Communication in Lattice Boltzmann Method Simulations, <\/em>(2019)<\/li>\n<li>Alessandra Belezia Araujo [MSc], <a href=\"https:\/\/hdl.handle.net\/1884\/63706\"><em>An\u00e1lise de Layout de P\u00e1gina em Jornais Hist\u00f3ricos Germano-Brasileiros, <\/em><\/a>2019<\/li>\n<li>Rafael Ravedutti Lucio Machado [MSc], Profiling Halide DSL with Performance Events for Schedule Optimization, 2019<\/li>\n<li>Marcelo Pecenin [MSc], <a href=\"https:\/\/acervodigital.ufpr.br\/handle\/1884\/60890\">Otimiza\u00e7\u00e3o de escalonamento Halide atrav\u00e9s de aprendizado por refor\u00e7o<\/a>, 2019<\/li>\n<li>Eduardo Jo\u00e3o Marcondes [MSc], <a href=\"https:\/\/hdl.handle.net\/1884\/62080\">Algoritmos Evolutivos com Tratamento de Restri\u00e7\u00f5es aplicados ao Problema de Planejamento do Despacho Hidrot\u00e9rmico<\/a>, 2019<\/li>\n<li>Paulo Roberto de Carvalho J\u00fanior [MSc], <a title=\"\" href=\"http:\/\/hdl.handle.net\/1884\/45773\" target=\"_self\" rel=\"noopener noreferrer\">GPU Communication Performance Engineering for the Lattice Boltzmann Method<\/a>, 2016<\/li>\n<li>Jos\u00e9 Aurimar Sepka J\u00fanior [MSc], <a href=\"http:\/\/www.inf.ufpr.br\/vri\/alumni\/2015-JoseAurimarSepka\/dissertacao_sepka-final-2015-10-06.pdf\">Extens\u00e3o do Framework waLBerla para uso de GPU em Simula\u00e7\u00f5es do M\u00e9todo Lattice Boltzmann<\/a>, 2015<\/li>\n<li>Luiza Dri Bagesteiro [MSc], <a href=\"http:\/\/web.inf.ufpr.br\/vri\/alumni\/luiza-dri-bagesteiro-msc-2015\/\">Classifica\u00e7\u00e3o de Padr\u00f5es Radiol\u00f3gicos Por Blocos em Imagens N\u00e3o Segmentadas de Tomografia Computadorizada<\/a>, 2015<\/li>\n<li>Andres Jess\u00e9 Porfirio [MSc], <a href=\"https:\/\/web.inf.ufpr.br\/vri\/alumni\/andres-jesse-porfirio-msc-2013\">LIBRAS Sign Language Hand Configuration Recognition Based on 3D Meshes<\/a>, 2013<\/li>\n<li>Peter Frank Perroni [MSc], <a href=\"https:\/\/web.inf.ufpr.br\/vri\/alumni\/peter-frank-perroni-msc-2013\">Point Spread Function Estimation of Solar Surface Images with a Cooperative Particle Swarm Optimization on GPUs<\/a>, 2013<\/li>\n<li>Tony Alexander Hild [MSc], <a href=\"https:\/\/web.inf.ufpr.br\/vri\/alumni\/tony-alexander-hild-msc-2012\">Optimization of the Insight Segmentation and Registration Toolkit (ITK) using Streaming SIMD Extensions (SSE) and OpenMP<\/a>, 2012<\/li>\n<li>Luis Henrique Alves Louren\u00e7o [MSc],\u00a0<a href=\"https:\/\/web.inf.ufpr.br\/vri\/alumni\/2011-LuisLourenco\">Parallelization of the Canny Edge Detection Filter for the Insight Segmentation and Registration Toolkit (ITK) using CUDA<\/a>, 2011<\/li>\n<\/ol>\n<h4>Bachelor<\/h4>\n<ol>\n<li>\u00c1lan Gonzalez Meger Zangrandi [BS], <a href=\"http:\/\/www.inf.ufpr.br\/danielw\/download\/2019-AlanTCC-final.pdf\">Identifi\u00e7\u00e3o de Regi\u00f5es de Texto em Jornais Hist\u00f3ricos Germano-Brasileiros utilizando Rede Neural YOLO<\/a>, 2019<\/li>\n<li>Jo\u00e3o Victor Tozatti Risso [BS], <a href=\"http:\/\/www.inf.ufpr.br\/danielw\/download\/2017-TozattiRissoTCC-final.pdf\">Scalable GPU Communication Framework for Stencil Based Applications<\/a>, 2017<\/li>\n<li>Rafael Ravedutti Lucio Machado [BS], <a href=\"http:\/\/www.inf.ufpr.br\/danielw\/download\/2017-RaveduttiTCC-final.pdf\">High Performance Code Generation using Domain Specific Languages<\/a>, 2017<\/li>\n<li>Andressa Eloisa Valengo [BS], <a href=\"http:\/\/www.inf.ufpr.br\/danielw\/download\/2016-ValengoTCC-final.pdf\">miRSNaPi: integrating access to data on polymorphisms in microRNA target sites<\/a>, 2016<\/li>\n<li>Christina Pahl [BS] (TU-Ilmenau), <a href=\"http:\/\/www.inf.ufpr.br\/danielw\/download\/2011-PahlTCC-final.pdf\">Data Modeling of Health Information Systems with openEHR<\/a>, 2011<\/li>\n<\/ol>\n","protected":false},"excerpt":{"rendered":"<p>Academic Cooperation DAAD ISAP (Prof. Dr. Mark Stamminger, FAU) [2017-2020] AWARE (TH-Ingolstadt) [2016-2019] DAAD\/CAPES Unibral (Prof. Dr. Gunther Greiner, FAU) [2014-2017] University of Erlangen-Nurnberg (Germany) with Prof. Dr. Ulrich R\u00fcde University of Freiburg (Germany) with Prof. Dr. Gerhard Schneider UTFPR with Profa. Myriam Regattieri Delgado Current Alumni PhD Peter Frank Perroni [Dr], Treasure Hunt: a&hellip;<\/p>\n","protected":false},"author":3,"featured_media":0,"parent":0,"menu_order":0,"comment_status":"closed","ping_status":"closed","template":"","meta":{"footnotes":""},"class_list":["post-100","page","type-page","status-publish","hentry"],"_links":{"self":[{"href":"https:\/\/web.inf.ufpr.br\/danielw\/wp-json\/wp\/v2\/pages\/100","targetHints":{"allow":["GET"]}}],"collection":[{"href":"https:\/\/web.inf.ufpr.br\/danielw\/wp-json\/wp\/v2\/pages"}],"about":[{"href":"https:\/\/web.inf.ufpr.br\/danielw\/wp-json\/wp\/v2\/types\/page"}],"author":[{"embeddable":true,"href":"https:\/\/web.inf.ufpr.br\/danielw\/wp-json\/wp\/v2\/users\/3"}],"replies":[{"embeddable":true,"href":"https:\/\/web.inf.ufpr.br\/danielw\/wp-json\/wp\/v2\/comments?post=100"}],"version-history":[{"count":32,"href":"https:\/\/web.inf.ufpr.br\/danielw\/wp-json\/wp\/v2\/pages\/100\/revisions"}],"predecessor-version":[{"id":327,"href":"https:\/\/web.inf.ufpr.br\/danielw\/wp-json\/wp\/v2\/pages\/100\/revisions\/327"}],"wp:attachment":[{"href":"https:\/\/web.inf.ufpr.br\/danielw\/wp-json\/wp\/v2\/media?parent=100"}],"curies":[{"name":"wp","href":"https:\/\/api.w.org\/{rel}","templated":true}]}}