{"id":54,"date":"2020-03-05T10:23:09","date_gmt":"2020-03-05T13:23:09","guid":{"rendered":"http:\/\/web.inf.ufpr.br\/bona\/?page_id=54"},"modified":"2021-09-01T15:33:51","modified_gmt":"2021-09-01T18:33:51","slug":"introducao-a-pesquisa-em-ciencia-da-computacao","status":"publish","type":"page","link":"https:\/\/web.inf.ufpr.br\/bona\/introducao-a-pesquisa-em-ciencia-da-computacao\/","title":{"rendered":"Introdu\u00e7\u00e3o \u00e0 Pesquisa em Ci\u00eancia da Computa\u00e7\u00e3o"},"content":{"rendered":"\n<p>Apresentar os conceitos b\u00e1sicos da pesquisa cient\u00edfica contextualizando na pesquisa em Ci\u00eancia da Computa\u00e7\u00e3o; oferecer ao aluno uma vis\u00e3o sobre o m\u00e9todo cient\u00edfico e a estrutura de projetos de pesquisa; exercitar o entendimento e condu\u00e7\u00e3o da  pesquisa como um processo de resolu\u00e7\u00e3o de problemas com rigor, responsabilidade e  reprodutibilidade.<\/p>\n\n\n\n<p>O curso ser\u00e1 conduzido atrav\u00e9s de atividades ass\u00edncronas e s\u00edncronas. Essa p\u00e1gina divulgar\u00e1 tamb\u00e9m o calend\u00e1rio das s\u00edncronas.<\/p>\n\n\n\n<ul class=\"wp-block-list\"><li>17 de maio \u00e0s 15h30m, Encontro Presencial 1. (<a href=\"https:\/\/bbb.c3sl.ufpr.br\/b\/lui-gv2-9xx\" target=\"_blank\" rel=\"noreferrer noopener\">https:\/\/bbb.c3sl.ufpr.br\/b\/lui-gv2-9xx<\/a>)<\/li><\/ul>\n\n\n\n<p>At\u00e9 dia 22 de agosto enviar as resenhas do segundo checkpoint, agora dos m\u00f3dulos 7 at\u00e9 o 12, usando o subject: IPCC 2021 CK2: seu nome<\/p>\n\n\n\n<p>Dia 23 de agosto, \u00e0 s 15h30m, Encontro Presencial 2. (<a href=\"https:\/\/bbb.c3sl.ufpr.br\/b\/lui-gv2-9xx\">https:\/\/bbb.c3sl.ufpr.br\/b\/lui-gv2-9xx<\/a>)<\/p>\n\n\n\n<p>Dia 13 de setembro enviar as resenhas do terceiro checkpoint, dos m\u00f3dulos 13 at\u00e9 o 16, usando o subject: IPCC 2021 CK3: seu nome <\/p>\n\n\n\n<ul class=\"wp-block-list\"><li>Encontro presencial 3, dia 13\/09 \u00e0s 15h30m: https:\/\/bbb.c3sl.ufpr.br\/b\/lui-gv2-9xx<\/li><\/ul>\n\n\n\n<p>Dia 04 de outubro enviar as resenhas do quarto  checkpoint, dos m\u00f3dulos 17 at\u00e9 o 20, usando o subject: IPCC 2021 CK4: seu nome<\/p>\n\n\n\n<p><li>Encontro presencial 4, dia 04\/10 \u00e0s 15h30m: https:\/\/bbb.c3sl.ufpr.br\/b\/lui-gv2-9xx<\/li><\/p>\n\n\n\n<p>Programa do Curso<\/p>\n\n\n\n<ul class=\"wp-block-list\"><li>Formas de obten\u00e7\u00e3o de conhecimento <\/li><li>O m\u00e9todo cient\u00edfico<ul><li>M\u00e9todo indutivo e dedutivo<\/li><li>Experimenta\u00e7\u00e3o e valida\u00e7\u00e3o<\/li><\/ul><\/li><li>Caracter\u00edsticas <\/li><li>Conhecimento p\u00fablico<ul><li>Processo social, autocorre\u00e7\u00e3o e replicabilidade<\/li><li>Dados abertos<\/li><\/ul><\/li><li>Pseudo Ci\u00eancia e Senso Comum<\/li><li>Ci\u00eancia da Computa\u00e7\u00e3o<\/li><li>Refer\u00eancia  (Curso UFF)  <a href=\"http:\/\/ev-ppgc.ic.uff.br\/2020-2\/metodologia.html\" title=\"http:\/\/ev-ppgc.ic.uff.br\/2020-2\/metodologia.html\" target=\"_blank\" rel=\"noreferrer noopener\">http:\/\/ev-ppgc.ic.uff.br\/2020-2\/metodologia.html<\/a><br><\/li><li>Outras refer\u00eancias e textos:<ul><li><a href=\"https:\/\/opentext.wsu.edu\/carriecuttler\/chapter\/methods-of-knowing\/\">https:\/\/opentext.wsu.edu\/carriecuttler\/chapter\/methods-of-knowing\/<\/a><\/li><\/ul><ul><li><a href=\"https:\/\/undsci.berkeley.edu\/article\/article\/0_0_0\/whatisscience_01\">https:\/\/undsci.berkeley.edu\/article\/article\/0_0_0\/whatisscience_01<\/a><\/li><li><a href=\"http:\/\/calteches.library.caltech.edu\/51\/2\/CargoCult.pdf\">http:\/\/calteches.library.caltech.edu\/51\/2\/CargoCult.pdf<\/a><\/li><li><a href=\"https:\/\/cacm.acm.org\/magazines\/2013\/5\/163761-the-science-in-computer-science\/fulltext\">https:\/\/cacm.acm.org\/magazines\/2013\/5\/163761-the-science-in-computer-science\/fulltext<\/a><\/li><li><a href=\"https:\/\/www.youtube.com\/watch?v=TKPf1TAhmlc\">https:\/\/www.youtube.com\/watch?v=TKPf1TAhmlc<\/a><\/li><li><a href=\"https:\/\/dl.acm.org\/doi\/10.1145\/3383444\">Why computing belongs within the social sciences<\/a><\/li><\/ul><\/li><\/ul>\n\n\n\n<p><\/p>\n","protected":false},"excerpt":{"rendered":"<p>Apresentar os conceitos b\u00e1sicos da pesquisa cient\u00edfica contextualizando na pesquisa em Ci\u00eancia da Computa\u00e7\u00e3o; oferecer ao aluno uma vis\u00e3o sobre o m\u00e9todo cient\u00edfico e a estrutura de projetos de pesquisa; exercitar o entendimento e condu\u00e7\u00e3o da pesquisa como um processo de resolu\u00e7\u00e3o de problemas com rigor, responsabilidade e reprodutibilidade. O curso ser\u00e1 conduzido atrav\u00e9s de &hellip; <a href=\"https:\/\/web.inf.ufpr.br\/bona\/introducao-a-pesquisa-em-ciencia-da-computacao\/\" class=\"more-link\">Continuar lendo <span class=\"screen-reader-text\">Introdu\u00e7\u00e3o \u00e0 Pesquisa em Ci\u00eancia da Computa\u00e7\u00e3o<\/span><\/a><\/p>\n","protected":false},"author":60,"featured_media":0,"parent":0,"menu_order":0,"comment_status":"closed","ping_status":"closed","template":"","meta":{"footnotes":""},"class_list":["post-54","page","type-page","status-publish","hentry"],"_links":{"self":[{"href":"https:\/\/web.inf.ufpr.br\/bona\/wp-json\/wp\/v2\/pages\/54","targetHints":{"allow":["GET"]}}],"collection":[{"href":"https:\/\/web.inf.ufpr.br\/bona\/wp-json\/wp\/v2\/pages"}],"about":[{"href":"https:\/\/web.inf.ufpr.br\/bona\/wp-json\/wp\/v2\/types\/page"}],"author":[{"embeddable":true,"href":"https:\/\/web.inf.ufpr.br\/bona\/wp-json\/wp\/v2\/users\/60"}],"replies":[{"embeddable":true,"href":"https:\/\/web.inf.ufpr.br\/bona\/wp-json\/wp\/v2\/comments?post=54"}],"version-history":[{"count":8,"href":"https:\/\/web.inf.ufpr.br\/bona\/wp-json\/wp\/v2\/pages\/54\/revisions"}],"predecessor-version":[{"id":301,"href":"https:\/\/web.inf.ufpr.br\/bona\/wp-json\/wp\/v2\/pages\/54\/revisions\/301"}],"wp:attachment":[{"href":"https:\/\/web.inf.ufpr.br\/bona\/wp-json\/wp\/v2\/media?parent=54"}],"curies":[{"name":"wp","href":"https:\/\/api.w.org\/{rel}","templated":true}]}}