{"id":304,"date":"2021-09-20T08:05:27","date_gmt":"2021-09-20T11:05:27","guid":{"rendered":"https:\/\/web.inf.ufpr.br\/bona\/?page_id=304"},"modified":"2021-09-20T08:05:27","modified_gmt":"2021-09-20T11:05:27","slug":"ci1001-programacao-1","status":"publish","type":"page","link":"https:\/\/web.inf.ufpr.br\/bona\/ci1001-programacao-1\/","title":{"rendered":"CI1001 &#8211; Programa\u00e7\u00e3o 1"},"content":{"rendered":"\n<p>&#8211; As aulas s\u00edncronas iniciam dia 20 de setembro e ocorrer\u00e3o nas segundas e quartas-feiras, das 13h30 \u00e0s 15h30.<\/p>\n\n\n\n<p>&#8211; A sala de videoconfer\u00eancia \u00e9:<br><a href=\"https:\/\/bbb.c3sl.ufpr.br\/b\/mar-lgv-tmz-p8v\" target=\"_blank\" rel=\"noreferrer noopener\">https:\/\/bbb.c3sl.ufpr.br\/b\/mar-lgv-tmz-p8v<\/a><\/p>\n\n\n\n<p>&#8211; Nos comunicaremos atrav\u00e9s do sistema MOODLE:<br><a href=\"https:\/\/moodle.c3sl.ufpr.br\/\" target=\"_blank\" rel=\"noreferrer noopener\">https:\/\/moodle.c3sl.ufpr.br\/<\/a><\/p>\n\n\n\n<p>&#8211; Site oficial da disciplina:<a href=\"https:\/\/www.inf.ufpr.br\/cursos\/ci1001\" target=\"_blank\" rel=\"noreferrer noopener\"> https:\/\/www.inf.ufpr.br\/cursos\/ci1001\/<\/a><\/p>\n","protected":false},"excerpt":{"rendered":"<p>&#8211; As aulas s\u00edncronas iniciam dia 20 de setembro e ocorrer\u00e3o nas segundas e quartas-feiras, das 13h30 \u00e0s 15h30. &#8211; A sala de videoconfer\u00eancia \u00e9:https:\/\/bbb.c3sl.ufpr.br\/b\/mar-lgv-tmz-p8v &#8211; Nos comunicaremos atrav\u00e9s do sistema MOODLE:https:\/\/moodle.c3sl.ufpr.br\/ &#8211; Site oficial da disciplina: https:\/\/www.inf.ufpr.br\/cursos\/ci1001\/<\/p>\n","protected":false},"author":60,"featured_media":0,"parent":0,"menu_order":0,"comment_status":"closed","ping_status":"closed","template":"","meta":{"footnotes":""},"class_list":["post-304","page","type-page","status-publish","hentry"],"_links":{"self":[{"href":"https:\/\/web.inf.ufpr.br\/bona\/wp-json\/wp\/v2\/pages\/304","targetHints":{"allow":["GET"]}}],"collection":[{"href":"https:\/\/web.inf.ufpr.br\/bona\/wp-json\/wp\/v2\/pages"}],"about":[{"href":"https:\/\/web.inf.ufpr.br\/bona\/wp-json\/wp\/v2\/types\/page"}],"author":[{"embeddable":true,"href":"https:\/\/web.inf.ufpr.br\/bona\/wp-json\/wp\/v2\/users\/60"}],"replies":[{"embeddable":true,"href":"https:\/\/web.inf.ufpr.br\/bona\/wp-json\/wp\/v2\/comments?post=304"}],"version-history":[{"count":1,"href":"https:\/\/web.inf.ufpr.br\/bona\/wp-json\/wp\/v2\/pages\/304\/revisions"}],"predecessor-version":[{"id":306,"href":"https:\/\/web.inf.ufpr.br\/bona\/wp-json\/wp\/v2\/pages\/304\/revisions\/306"}],"wp:attachment":[{"href":"https:\/\/web.inf.ufpr.br\/bona\/wp-json\/wp\/v2\/media?parent=304"}],"curies":[{"name":"wp","href":"https:\/\/api.w.org\/{rel}","templated":true}]}}