{"id":18,"date":"2019-09-26T13:25:19","date_gmt":"2019-09-26T16:25:19","guid":{"rendered":"http:\/\/web.inf.ufpr.br\/bona2\/?page_id=18"},"modified":"2021-04-15T08:08:26","modified_gmt":"2021-04-15T11:08:26","slug":"pagina-inicial","status":"publish","type":"page","link":"https:\/\/web.inf.ufpr.br\/bona\/","title":{"rendered":"Luis C. E. Bona"},"content":{"rendered":"\t\t<div data-elementor-type=\"wp-post\" data-elementor-id=\"18\" class=\"elementor elementor-18\">\n\t\t\t\t\t\t<section class=\"elementor-section elementor-top-section elementor-element elementor-element-1492d6b9 elementor-section-boxed elementor-section-height-default elementor-section-height-default\" data-id=\"1492d6b9\" data-element_type=\"section\" data-e-type=\"section\">\n\t\t\t\t\t\t<div class=\"elementor-container elementor-column-gap-default\">\n\t\t\t\t\t<div class=\"elementor-column elementor-col-100 elementor-top-column elementor-element elementor-element-e54d9c6\" data-id=\"e54d9c6\" data-element_type=\"column\" data-e-type=\"column\">\n\t\t\t<div class=\"elementor-widget-wrap elementor-element-populated\">\n\t\t\t\t\t\t<div class=\"elementor-element elementor-element-72a634aa elementor-widget elementor-widget-text-editor\" data-id=\"72a634aa\" data-element_type=\"widget\" data-e-type=\"widget\" data-widget_type=\"text-editor.default\">\n\t\t\t\t<div class=\"elementor-widget-container\">\n\t\t\t\t\t\t\t\t\t<p><\/p>\n<p>\u00a0<\/p>\n<p>\u00c9 professor associado da Universidade Federal do Paran\u00e1, possui doutorado pela UTFPR e realizou P\u00f3s-Doutorado no Barcelona Supercomputing Center (BSC).\u00a0 Foi Chefe do Departamento de Inform\u00e1tica\u00a0 (DInf) entre 2008 e 2012; vice-coordenador entre 2014 e 2016 e coordenador desde 2019 do Programa de P\u00f3s-Gradua\u00e7\u00e3o em Inform\u00e1tica (PPGInf).\u00a0 No per\u00edodo entre 2014 e 2016 tamb\u00e9m foi\u00a0 representante da classe de professor adjuntos no COPLAD\/COUN. \u00c9 bolsista produtividade do CNPq\u00a0 atuando na \u00e1rea de Ci\u00eancia da Computa\u00e7\u00e3o, com \u00eanfase em Sistemas Distribu\u00eddos,\u00a0 principalmente nos seguintes temas: Sistemas Operacionais com foco em Armazenamento, Cloud Computing, Redes Definidas por Software e Sistemas Distribu\u00eddos de Larga Escala. Participou e coordenou projetos de pesquisa e desenvolvimento tecnol\u00f3gico com financiamento do Minist\u00e9rio da Educa\u00e7\u00e3o, Minist\u00e9rio da Comunica\u00e7\u00e3o, SETI-PR e RNP.<\/p>\n<p><a href=\"http:\/\/lattes.cnpq.br\/9945289519054859\">Curr\u00edculo do Sistema Lattes<\/a><\/p>\n<p><\/p>\n<p><\/p>\n<p><a href=\"http:\/\/www.researchgate.net\/profile\/Luis_Carlos_Bona\">Research Gate<\/a><\/p>\n<p><\/p>\n<p><\/p>\n<p>Orienta\u00e7\u00f5es e Coorienta\u00e7\u00f5es:<\/p>\n<p><\/p>\n<p><\/p>\n<ul class=\"wp-block-list\">\n<li><a href=\"https:\/\/acervodigital.ufpr.br\/discover?query=erpen+de+bona&amp;filtertype=type&amp;filter_relational_operator=equals&amp;filter=Disserta%C3%A7%C3%A3o\">Disserta\u00e7\u00f5es<\/a><\/li>\n<li><a href=\"https:\/\/acervodigital.ufpr.br\/discover?query=erpen+de+bona&amp;filtertype=type&amp;filter_relational_operator=equals&amp;filter=Tese\">Teses<\/a><\/li>\n<\/ul>\n<p><\/p>\n<p><\/p>\n<p><strong>Alguns livros interessantes fora da computa\u00e7\u00e3o<\/strong><\/p>\n<p><\/p>\n<p><\/p>\n<ul class=\"wp-block-list\">\n<li>Descartes&#8217; Bones: A Skeletal History of the Conflict Between Faith and Reason. Russel Shorto<\/li>\n<li>Sapiens, Uma breve hist\u00f3ria da humanidade. Yuval Noah Harari<\/li>\n<li>Home deus. Yuval Noah Harari<\/li>\n<li>The Big Picture: On the Origins of Life, Meaning, and the Universe Itself, Sean Carrol<\/li>\n<li>O Capital no s\u00e9culo XXI. Thomas Piketty<\/li>\n<li>The Price of Inequality: How Today&#8217;s Divided Society Endangers Our Future. Joseph Stiglitz<\/li>\n<li>Thinking, Fast and Slow. Daniel Kahneman<\/li>\n<li>Muito Al\u00e9m do Nosso Eu . Miguel Nicolelis<\/li>\n<li>A tolice da inteligencia Brasileira. Jesse de Souza<\/li>\n<li>Why we sleep. Matthew Walker<\/li>\n<li>Guns, Germs, and Steel: The Fates of Human Societies, Jared Diamond<\/li>\n<li>O Andar do B\u00eabado &#8211; Como o Acaso Determina Nossas Vidas, Leonard Mlodinow<\/li>\n<li>\u00a0O Gene, Siddhartha Mukherjee<\/li>\n<li>\u00a0Cria\u00e7\u00e3o: A origem da vida\/O futuro da vida , Adam Rutherford<\/li>\n<li>\u00a0Como as democracias morrem, Steven Levitsk e <span data-component-type=\"s-search-results\" data-component-id=\"7\"><span data-csa-c-id=\"mpn03i-odzt3w-aiql8o-hcy6e9\" data-cel-widget=\"MAIN-SEARCH_RESULTS-0\"><span dir=\"auto\">Daniel Ziblatt<\/span><\/span><\/span><\/li>\n<\/ul>\n<p><\/p>\n<p><\/p>\n<p><\/p>\t\t\t\t\t\t\t\t<\/div>\n\t\t\t\t<\/div>\n\t\t\t\t\t<\/div>\n\t\t<\/div>\n\t\t\t\t\t<\/div>\n\t\t<\/section>\n\t\t\t\t<\/div>\n\t\t","protected":false},"excerpt":{"rendered":"<p>\u00a0 \u00c9 professor associado da Universidade Federal do Paran\u00e1, possui doutorado pela UTFPR e realizou P\u00f3s-Doutorado no Barcelona Supercomputing Center (BSC).\u00a0 Foi Chefe do Departamento de Inform\u00e1tica\u00a0 (DInf) entre 2008 e 2012; vice-coordenador entre 2014 e 2016 e coordenador desde 2019 do Programa de P\u00f3s-Gradua\u00e7\u00e3o em Inform\u00e1tica (PPGInf).\u00a0 No per\u00edodo entre 2014 e 2016 tamb\u00e9m &hellip; <a href=\"https:\/\/web.inf.ufpr.br\/bona\/\" class=\"more-link\">Continuar lendo <span class=\"screen-reader-text\">Luis C. E. Bona<\/span><\/a><\/p>\n","protected":false},"author":60,"featured_media":0,"parent":0,"menu_order":0,"comment_status":"closed","ping_status":"closed","template":"","meta":{"footnotes":""},"class_list":["post-18","page","type-page","status-publish","hentry"],"_links":{"self":[{"href":"https:\/\/web.inf.ufpr.br\/bona\/wp-json\/wp\/v2\/pages\/18","targetHints":{"allow":["GET"]}}],"collection":[{"href":"https:\/\/web.inf.ufpr.br\/bona\/wp-json\/wp\/v2\/pages"}],"about":[{"href":"https:\/\/web.inf.ufpr.br\/bona\/wp-json\/wp\/v2\/types\/page"}],"author":[{"embeddable":true,"href":"https:\/\/web.inf.ufpr.br\/bona\/wp-json\/wp\/v2\/users\/60"}],"replies":[{"embeddable":true,"href":"https:\/\/web.inf.ufpr.br\/bona\/wp-json\/wp\/v2\/comments?post=18"}],"version-history":[{"count":13,"href":"https:\/\/web.inf.ufpr.br\/bona\/wp-json\/wp\/v2\/pages\/18\/revisions"}],"predecessor-version":[{"id":204,"href":"https:\/\/web.inf.ufpr.br\/bona\/wp-json\/wp\/v2\/pages\/18\/revisions\/204"}],"wp:attachment":[{"href":"https:\/\/web.inf.ufpr.br\/bona\/wp-json\/wp\/v2\/media?parent=18"}],"curies":[{"name":"wp","href":"https:\/\/api.w.org\/{rel}","templated":true}]}}