{"id":832,"date":"2019-05-06T13:55:29","date_gmt":"2019-05-06T16:55:29","guid":{"rendered":"http:\/\/web.inf.ufpr.br\/bcc\/?page_id=832"},"modified":"2024-08-09T17:34:00","modified_gmt":"2024-08-09T20:34:00","slug":"semestres","status":"publish","type":"page","link":"https:\/\/web.inf.ufpr.br\/bcc\/semestres\/","title":{"rendered":"Disciplinas"},"content":{"rendered":"\n<p>Os <strong>hor\u00e1rios<\/strong> e <strong>planos de ensino<\/strong> das disciplinas oferecidas em cada per\u00edodo letivo podem ser encontrados no Sistema Acad\u00eamico da UFPR (<a href=\"http:\/\/www.prppg.ufpr.br\/siga\/\">SIGA<\/a>).<\/p>\n\n\n\n<p>Os <strong>hor\u00e1rios<\/strong> tamb\u00e9m podem ser encontrados <a href=\"https:\/\/www.inf.ufpr.br\/bcc\/periodos\/\">neste reposit\u00f3rio<\/a>.<\/p>\n\n\n\n<p>Pedidos de <strong>quebra de barreira ou de pr\u00e9-requisitos<\/strong> (exceto est\u00e1gio) podem ser feitos usando <a href=\"https:\/\/forms.gle\/KzPihw2KUJRpJvYr5\">este formul\u00e1rio<\/a>.<\/p>\n\n\n\n<p>O <strong>ensalamento<\/strong> das disciplinas pode ser consultado no <a href=\"http:\/\/www.prppg.ufpr.br\/siga\/\">SIGA<\/a>.<\/p>\n\n\n\n<p>As <strong>grades curriculares<\/strong> do curso podem ser consultadas neste site, na aba \u201c<strong>Curr\u00edculo<\/strong>\u201c.<\/p>\n\n\n\n<div class=\"wp-block-group is-layout-constrained wp-block-group-is-layout-constrained\">\n<h2 class=\"wp-block-heading\"><\/h2>\n<\/div>\n","protected":false},"excerpt":{"rendered":"<p>Os hor\u00e1rios e planos de ensino das disciplinas oferecidas em cada per\u00edodo letivo podem ser encontrados no Sistema Acad\u00eamico da<\/p>\n","protected":false},"author":7,"featured_media":0,"parent":0,"menu_order":0,"comment_status":"closed","ping_status":"closed","template":"","meta":{"colormag_page_container_layout":"default_layout","colormag_page_sidebar_layout":"default_layout","footnotes":""},"class_list":["post-832","page","type-page","status-publish","hentry"],"_links":{"self":[{"href":"https:\/\/web.inf.ufpr.br\/bcc\/wp-json\/wp\/v2\/pages\/832","targetHints":{"allow":["GET"]}}],"collection":[{"href":"https:\/\/web.inf.ufpr.br\/bcc\/wp-json\/wp\/v2\/pages"}],"about":[{"href":"https:\/\/web.inf.ufpr.br\/bcc\/wp-json\/wp\/v2\/types\/page"}],"author":[{"embeddable":true,"href":"https:\/\/web.inf.ufpr.br\/bcc\/wp-json\/wp\/v2\/users\/7"}],"replies":[{"embeddable":true,"href":"https:\/\/web.inf.ufpr.br\/bcc\/wp-json\/wp\/v2\/comments?post=832"}],"version-history":[{"count":46,"href":"https:\/\/web.inf.ufpr.br\/bcc\/wp-json\/wp\/v2\/pages\/832\/revisions"}],"predecessor-version":[{"id":2171,"href":"https:\/\/web.inf.ufpr.br\/bcc\/wp-json\/wp\/v2\/pages\/832\/revisions\/2171"}],"wp:attachment":[{"href":"https:\/\/web.inf.ufpr.br\/bcc\/wp-json\/wp\/v2\/media?parent=832"}],"curies":[{"name":"wp","href":"https:\/\/api.w.org\/{rel}","templated":true}]}}