{"id":40,"date":"2017-05-31T17:28:45","date_gmt":"2017-05-31T20:28:45","guid":{"rendered":"http:\/\/web.inf.ufpr.br\/bcc\/?page_id=40"},"modified":"2025-03-28T09:44:23","modified_gmt":"2025-03-28T12:44:23","slug":"infraestrutura","status":"publish","type":"page","link":"https:\/\/web.inf.ufpr.br\/bcc\/infraestrutura\/","title":{"rendered":"Infraestrutura"},"content":{"rendered":"<p>O curso de ci\u00eancia da computa\u00e7\u00e3o compartilha os recursos <a href=\"https:\/\/web.inf.ufpr.br\/dinf\/departamento-de-informatica\/infra-estrutura\/fisica\/\">f\u00edsicos<\/a> e <a href=\"https:\/\/web.inf.ufpr.br\/dinf\/departamento-de-informatica\/infra-estrutura\/tecnologica\/\">computacionais<\/a> com o Departamento de Inform\u00e1tica.<\/p>\n<p>A bibliografia recomendada de todas as disciplinas pode ser encontrada na <a href=\"http:\/\/www.portal.ufpr.br\/bib_ct.html\">biblioteca de ci\u00eancia e tecnologia<\/a>.<\/p>\n<p>Mapas<\/p>\n<ul>\n<li>Clique aqui para ver a <a href=\"https:\/\/campusmap.ufpr.br\/map\/php\/index.php?camp=%27CCJA%27&amp;edif=%27013%27&amp;and=%27A01%27&amp;sala=%27007%27\" target=\"iframeconteudo\" rel=\"noopener\">localiza\u00e7\u00e3o do DInf<\/a><\/li>\n<li>Clique aqui para ver a <a href=\"https:\/\/campusmap.ufpr.br\/map\/php\/index.php?camp=%27CCJA%27&amp;edif=%27006%27&amp;and=%27A02%27&amp;sala=%27001%27\">localiza\u00e7\u00e3o da Biblioteca no Centro Polit\u00e9cnico<\/a><\/li>\n<\/ul>\n\n\n<p><\/p>\n","protected":false},"excerpt":{"rendered":"<p>O curso de ci\u00eancia da computa\u00e7\u00e3o compartilha os recursos f\u00edsicos e computacionais com o Departamento de Inform\u00e1tica. A bibliografia recomendada<\/p>\n","protected":false},"author":13,"featured_media":0,"parent":0,"menu_order":0,"comment_status":"closed","ping_status":"closed","template":"","meta":{"colormag_page_container_layout":"default_layout","colormag_page_sidebar_layout":"default_layout","footnotes":""},"class_list":["post-40","page","type-page","status-publish","hentry"],"_links":{"self":[{"href":"https:\/\/web.inf.ufpr.br\/bcc\/wp-json\/wp\/v2\/pages\/40","targetHints":{"allow":["GET"]}}],"collection":[{"href":"https:\/\/web.inf.ufpr.br\/bcc\/wp-json\/wp\/v2\/pages"}],"about":[{"href":"https:\/\/web.inf.ufpr.br\/bcc\/wp-json\/wp\/v2\/types\/page"}],"author":[{"embeddable":true,"href":"https:\/\/web.inf.ufpr.br\/bcc\/wp-json\/wp\/v2\/users\/13"}],"replies":[{"embeddable":true,"href":"https:\/\/web.inf.ufpr.br\/bcc\/wp-json\/wp\/v2\/comments?post=40"}],"version-history":[{"count":11,"href":"https:\/\/web.inf.ufpr.br\/bcc\/wp-json\/wp\/v2\/pages\/40\/revisions"}],"predecessor-version":[{"id":2311,"href":"https:\/\/web.inf.ufpr.br\/bcc\/wp-json\/wp\/v2\/pages\/40\/revisions\/2311"}],"wp:attachment":[{"href":"https:\/\/web.inf.ufpr.br\/bcc\/wp-json\/wp\/v2\/media?parent=40"}],"curies":[{"name":"wp","href":"https:\/\/api.w.org\/{rel}","templated":true}]}}