{"id":377,"date":"2017-08-14T18:06:10","date_gmt":"2017-08-14T21:06:10","guid":{"rendered":"http:\/\/web.inf.ufpr.br\/bcc\/?page_id=377"},"modified":"2022-02-23T10:16:43","modified_gmt":"2022-02-23T13:16:43","slug":"perguntas-frequentes","status":"publish","type":"page","link":"https:\/\/web.inf.ufpr.br\/bcc\/perguntas-frequentes\/","title":{"rendered":"Perguntas Frequentes"},"content":{"rendered":"<p>Abaixo encontram-se compiladas as respostas para as principais d\u00favidas referentes ao est\u00e1gio. Mais perguntas frequentes podem ser encontradas na <a href=\"http:\/\/www.prograd.ufpr.br\/portal\/coafe\/ue\/perguntas-frequentes\/\">FAQ da COAFE\/UFPR<\/a>.<\/p>\n<h6>1. Estou pensando em estagiar, como devo proceder?<\/h6>\n<p>Leia as <a href=\"https:\/\/web.inf.ufpr.br\/bcc\/estagios\/formularios-e-normas\/\">regras de est\u00e1gio<\/a> e o <a href=\"https:\/\/web.inf.ufpr.br\/bcc\/estagios\/fluxo-estagios\/\">fluxo de est\u00e1gios<\/a>, neste site.<\/p>\n<h6>2. Onde encontro vagas de est\u00e1gio?<\/h6>\n<p>H\u00e1 diversos servi\u00e7os de an\u00fancio de vagas de est\u00e1gio na Internet (<em>Google is your friend<\/em>). Al\u00e9m disso, a coordena\u00e7\u00e3o do curso recebe com frequ\u00eancia an\u00fancios de oportunidades de est\u00e1gio, que s\u00e3o encaminhadas para esta <a href=\"https:\/\/listas.inf.ufpr.br\/cgi-bin\/mailman\/listinfo\/vagas\">lista de e-mail<\/a>.<\/p>\n<h6>3. Posso fazer est\u00e1gio sem ter superado a barreira?<\/h6>\n<p>Pelas regras do curso, alunos na barreira n\u00e3o est\u00e3o autorizados a fazer est\u00e1gio.<\/p>\n<h6>4. Posso fazer est\u00e1gio com o curso trancado?<\/h6>\n<p>N\u00e3o. Os alunos devem estar regularmente matriculados e ativos no curso para que os contratos possam ser firmados.<\/p>\n<h6>5. Posso fazer est\u00e1gio ap\u00f3s ter conclu\u00eddo a grade curricular?<\/h6>\n<p>N\u00e3o, aguarde sua cola\u00e7\u00e3o de grau.<\/p>\n<h6>6. Estou fazendo inicia\u00e7\u00e3o cient\u00edfica, posso validar essa atividade como est\u00e1gio obrigat\u00f3rio?<\/h6>\n<p>Sim, isso \u00e9 poss\u00edvel. Verifique como proceder nas <a href=\"https:\/\/web.inf.ufpr.br\/bcc\/estagios\/formularios-e-normas\/\">regras de est\u00e1gio do curso e da COE<\/a>.<\/p>\n<h6>7. Trabalho ou possuo uma empresa, posso validar essa atividade como est\u00e1gio obrigat\u00f3rio?<\/h6>\n<p>Sim, desde que as atividades desenvolvidas estejam na \u00e1rea do curso. Verifique como proceder nas <a href=\"https:\/\/web.inf.ufpr.br\/bcc\/estagios\/formularios-e-normas\/\">regras de est\u00e1gio do curso e da COE<\/a>.<\/p>\n<h6>8. Me matriculei na disciplina de est\u00e1gio obrigat\u00f3rio mas n\u00e3o consegui fazer o est\u00e1gio. O que devo fazer?<\/h6>\n<p>Solicite o cancelamento da matr\u00edcula na disciplina atrav\u00e9s do SIGA. Caso n\u00e3o o fa\u00e7a dentro do prazo, ser\u00e1 considerado reprovado na disciplina.<\/p>\n<h6>9. Estou fazendo (ou j\u00e1 fiz) um est\u00e1gio n\u00e3o-obrigat\u00f3rio. Posso valid\u00e1-lo como obrigat\u00f3rio?<\/h6>\n<p>O est\u00e1gio obrigat\u00f3rio deve ser feito simultaneamente com a disciplina &#8220;CI1100 &#8211; Est\u00e1gio Obrigat\u00f3rio&#8221;, portanto est\u00e1gios anteriores n\u00e3o podem ser validados.<\/p>\n<p>Se j\u00e1 estiver fazendo um est\u00e1gio n\u00e3o-obrigat\u00f3rio, deve rescindir o contrato atual e refaz\u00ea-lo na modalidade &#8220;obrigat\u00f3rio&#8221;, ou providenciar um termo aditivo de contrato que mude a modalidade de n\u00e3o-obrigat\u00f3rio para obrigat\u00f3rio e submet\u00ea-lo \u00e0 COE e COAFE.<\/p>\n<h6>10. Qual o valor m\u00ednimo da bolsa de est\u00e1gio?<\/h6>\n<p>O\u00a0valor da bolsa de auxilio\u00a0n\u00e3o poder\u00e1 ser menor que o valor vigente para as bolsas de auxilio da universidade (atualmente\u00a0<a href=\"http:\/\/www.prae.ufpr.br\/\" target=\"_blank\" rel=\"noopener\">R$400,00<\/a>\u00a0em Jul. de 2017).<\/p>\n<h6>(a completar)<\/h6>\n\n","protected":false},"excerpt":{"rendered":"<p>Abaixo encontram-se compiladas as respostas para as principais d\u00favidas referentes ao est\u00e1gio. Mais perguntas frequentes podem ser encontradas na FAQ<\/p>\n","protected":false},"author":13,"featured_media":0,"parent":0,"menu_order":0,"comment_status":"closed","ping_status":"closed","template":"","meta":{"colormag_page_container_layout":"default_layout","colormag_page_sidebar_layout":"default_layout","footnotes":""},"class_list":["post-377","page","type-page","status-publish","hentry"],"_links":{"self":[{"href":"https:\/\/web.inf.ufpr.br\/bcc\/wp-json\/wp\/v2\/pages\/377","targetHints":{"allow":["GET"]}}],"collection":[{"href":"https:\/\/web.inf.ufpr.br\/bcc\/wp-json\/wp\/v2\/pages"}],"about":[{"href":"https:\/\/web.inf.ufpr.br\/bcc\/wp-json\/wp\/v2\/types\/page"}],"author":[{"embeddable":true,"href":"https:\/\/web.inf.ufpr.br\/bcc\/wp-json\/wp\/v2\/users\/13"}],"replies":[{"embeddable":true,"href":"https:\/\/web.inf.ufpr.br\/bcc\/wp-json\/wp\/v2\/comments?post=377"}],"version-history":[{"count":26,"href":"https:\/\/web.inf.ufpr.br\/bcc\/wp-json\/wp\/v2\/pages\/377\/revisions"}],"predecessor-version":[{"id":1693,"href":"https:\/\/web.inf.ufpr.br\/bcc\/wp-json\/wp\/v2\/pages\/377\/revisions\/1693"}],"wp:attachment":[{"href":"https:\/\/web.inf.ufpr.br\/bcc\/wp-json\/wp\/v2\/media?parent=377"}],"curies":[{"name":"wp","href":"https:\/\/api.w.org\/{rel}","templated":true}]}}