{"id":352,"date":"2017-06-29T11:45:52","date_gmt":"2017-06-29T14:45:52","guid":{"rendered":"http:\/\/web.inf.ufpr.br\/bcc\/?page_id=352"},"modified":"2024-09-05T09:14:36","modified_gmt":"2024-09-05T12:14:36","slug":"fluxo-estagios","status":"publish","type":"page","link":"https:\/\/web.inf.ufpr.br\/bcc\/fluxo-estagios\/","title":{"rendered":"Est\u00e1gios &#8211; passo a passo"},"content":{"rendered":"<p>Esta p\u00e1gina traz informa\u00e7\u00f5es sobre os procedimentos para realizar est\u00e1gio obrigat\u00f3rio e n\u00e3o-obrigat\u00f3rio, rescindir, prorrogar ou alterar contratos de est\u00e1gio.<\/p>\n<h4>Est\u00e1gio n\u00e3o-obrigat\u00f3rio<\/h4>\n<p><strong>Passo 0<\/strong> [aluno] &#8211; atender os seguintes requisitos:<\/p>\n<ol>\n<li>ler as <a href=\"https:\/\/web.inf.ufpr.br\/bcc\/estagios\/formularios-e-normas\/\">regras de est\u00e1gio do curso<\/a><\/li>\n<li><strong>ter superado a barreira<\/strong> (todas as disciplinas do 1\u00ba ao 3\u00ba per\u00edodo do curso)<\/li>\n<li>estar matriculado com ao menos a <strong>carga m\u00ednima<\/strong> do curso (180h, geralmente 3 disciplinas)<\/li>\n<li>ter ao menos <strong>3 aprova\u00e7\u00f5es<\/strong> ou <strong>nenhuma reprova\u00e7\u00e3o<\/strong> no \u00faltimo per\u00edodo cursado<\/li>\n<\/ol>\n<p>Observa\u00e7\u00f5es:<\/p>\n<ul>\n<li>O regulamento do curso pro\u00edbe est\u00e1gios fora da UFPR a alunos na barreira, mas <strong>n\u00e3o impede atividades remuneradas dentro da UFPR<\/strong>, como inicia\u00e7\u00e3o cient\u00edfica, monitoria e participa\u00e7\u00e3o em projetos de pesquisa\/extens\u00e3o.<\/li>\n<li>Est\u00e1gios remunerados fora da UFPR s\u00e3o incompat\u00edveis com alguns aux\u00edlios institucionais. Caso um aluno inicie um est\u00e1gio remunerado externo, deve se informar a respeito previamente, pois esse aux\u00edlio poder\u00e1 ser cancelado.<\/li>\n<\/ul>\n<p><strong>Passo 1<\/strong> [aluno] &#8211; encontrar uma oportunidade de est\u00e1gio diretamente com a empresa ou atrav\u00e9s de uma ag\u00eancia integradora (CIEE, GERAR, etc). Algumas sugest\u00f5es (sem ordem de prefer\u00eancia):<\/p>\n<ul>\n<li><a href=\"https:\/\/listas.inf.ufpr.br\/cgi-bin\/mailman\/listinfo\/vagas\" target=\"_blank\" rel=\"noopener\">Lista de e-mail<\/a> de vagas recebidas pela coordena\u00e7\u00e3o<\/li>\n<li><a href=\"https:\/\/www.catho.com.br\" target=\"_blank\" rel=\"noopener\">Catho<\/a><\/li>\n<li><a href=\"https:\/\/vagas.ciadetalentos.com.br\" target=\"_blank\" rel=\"noopener\">Cia de Talentos<\/a><\/li>\n<li><a href=\"https:\/\/portal.ciee.org.br\" target=\"_blank\" rel=\"noopener\">CIEE<\/a><\/li>\n<li><a href=\"https:\/\/portal.gupy.io\" target=\"_blank\" rel=\"noopener\">Gupy<\/a><\/li>\n<li><a href=\"https:\/\/www.infojobs.com.br\" target=\"_blank\" rel=\"noopener\">InfoJobs<\/a><\/li>\n<li><a href=\"https:\/\/www.nube.com.br\" target=\"_blank\" rel=\"noopener\">NUBE<\/a><\/li>\n<li><a href=\"https:\/\/www.universia.net\" target=\"_blank\" rel=\"noopener\">Universia<\/a><\/li>\n<li><a href=\"https:\/\/www.vagas.com.br\" target=\"_blank\" rel=\"noopener\">Vagas<\/a><\/li>\n<\/ul>\n<p><strong>Passo 2<\/strong> [aluno] &#8211; obter o Termo de Compromisso ou contrato de est\u00e1gio da empresa ou da ag\u00eancia integradora, assinado pelo futuro supervisor de est\u00e1gio na empresa.<\/p>\n<ul>\n<li>O supervisor de est\u00e1gio na empresa deve ter forma\u00e7\u00e3o ou atua\u00e7\u00e3o profissional na \u00e1rea de computa\u00e7\u00e3o.<\/li>\n<li>Caso a empresa n\u00e3o possua um modelo de contrato de est\u00e1gio, pode ser usado o modelo da UFPR, dispon\u00edvel no site da <a href=\"http:\/\/www.prograd.ufpr.br\/portal\/coafe\/ue\/\">COAFE\/PROGRAD<\/a>.<\/li>\n<\/ul>\n<p><strong>Passo 3<\/strong> [aluno] &#8211; assinar o termo de compromisso ou contrato de est\u00e1gio.<\/p>\n<p><strong>Passo 4<\/strong> [aluno] &#8211; definir um professor orientador do est\u00e1gio e obter seu consentimento informal (ele n\u00e3o precisa assinar nada neste momento). O orientador ir\u00e1 acompanhar o rendimento do aluno via relat\u00f3rios, reuni\u00f5es e\/ou visitas\/liga\u00e7\u00f5es ocasionais ao local de est\u00e1gio, com contatos e reuni\u00f5es com o profissional respons\u00e1vel.<\/p>\n<ul>\n<li>O orientador de est\u00e1gio deve ser um docente do curso.<\/li>\n<\/ul>\n<p><strong>Passo 5<\/strong> [aluno] &#8211; enviar o termo de compromisso ou contrato de est\u00e1gio <strong>em formato PDF<\/strong> \u00e0 secretaria do curso (bcc@inf.ufpr.br), informando no e-mail o nome do professor orientador.<\/p>\n<p><strong>Passo 6<\/strong> [UFPR] &#8211; tramita\u00e7\u00e3o interna do pedido de est\u00e1gio:<\/p>\n<ol>\n<li>a secretaria encaminha a solicita\u00e7\u00e3o \u00e0 COE para an\u00e1lise<\/li>\n<li>a COE analisa o pedido e o devolve \u00e0 secretaria<\/li>\n<li>se for indeferido pela COE, o pedido \u00e9 devolvido ao aluno<\/li>\n<li>a secretaria coleta a aprova\u00e7\u00e3o e assinatura do orientador<\/li>\n<li>a secretaria coleta a aprova\u00e7\u00e3o e assinatura do coordenador<\/li>\n<li>a secretaria envia para a COAFE\/PROGRAD\/UFPR para an\u00e1lise e registro<\/li>\n<li>a secretaria recebe o retorno da COAFE e o devolve ao aluno<\/li>\n<\/ol>\n<p>Observa\u00e7\u00f5es:<\/p>\n<ul>\n<li>o tr\u00e2mite interno na UFPR pode demorar <strong>AT\u00c9 UMA SEMANA<\/strong>; isso deve ser considerado ao definir a data de in\u00edcio do est\u00e1gio (ou seja, envie sua documenta\u00e7\u00e3o AO MENOS uma semana antes do est\u00e1gio iniciar).<\/li>\n<li>A COAFE n\u00e3o aprova contratos com datas retroativas (est\u00e1gios j\u00e1 iniciados ou j\u00e1 realizados), pois h\u00e1 quest\u00f5es legais envolvidas no registro de um est\u00e1gio que n\u00e3o podem ser feitas retroativamente.<\/li>\n<\/ul>\n<p><strong>Passo 7<\/strong> [aluno] &#8211; enviar o contrato\/termo aprovado pela COE e COAFE para a empresa (e para a ag\u00eancia integradora, se for o caso).<\/p>\n<p><strong>Passo 8<\/strong> [aluno] &#8211; realizar o est\u00e1gio de forma ass\u00eddua e profissional.<\/p>\n<p><strong>Passo 9<\/strong> [aluno] &#8211; durante o est\u00e1gio, a cada 6 meses, enviar um relat\u00f3rio parcial de est\u00e1gio <strong>em formato PDF<\/strong> \u00e0 secretaria do curso (bcc@inf.ufpr.br), assinado pelo supervisor de est\u00e1gio na empresa e pelo professor orientador.<\/p>\n<p><strong>Passo 10<\/strong> [aluno] &#8211; no caso de rescis\u00e3o antecipada, prorroga\u00e7\u00e3o ou altera\u00e7\u00e3o de um contrato em andamento, seguir as instru\u00e7\u00f5es mais abaixo nesta p\u00e1gina.<\/p>\n<p><strong>Passo 11<\/strong> [aluno] &#8211; ao final do est\u00e1gio, enviar um relat\u00f3rio final de est\u00e1gio <strong>em formato PDF<\/strong> \u00e0 secretaria do curso (bcc@inf.ufpr.br), assinado pelo supervisor de est\u00e1gio na empresa e pelo professor orientador.<\/p>\n<p><strong>Passo 12<\/strong> [aluno] &#8211; caso deseje receber um certificado do est\u00e1gio (\u00fatil para Atividades Formativas), \u00e9 necess\u00e1rio preencher a ficha de avalia\u00e7\u00e3o (modelo na <a href=\"http:\/\/www.prograd.ufpr.br\/portal\/coafe\/ue\/\">COAFE\/PROGRAD<\/a>) <strong>em formato PDF<\/strong> e enviar \u00e0 secretaria do curso (bcc@inf.ufpr.br). Os relat\u00f3rios parciais, o relat\u00f3rio final e o termo de rescis\u00e3o (se for o caso) devem ter sido entregues.<\/p>\n<h4>Est\u00e1gio obrigat\u00f3rio<\/h4>\n<p>O est\u00e1gio obrigat\u00f3rio \u00e9 uma disciplina do curso (CI1100) que pode ser cumprida de tr\u00eas formas:<\/p>\n<ul>\n<li>Atrav\u00e9s de um est\u00e1gio em empresa, na modalidade de est\u00e1gio obrigat\u00f3rio (o termo\/contrato de est\u00e1gio deve mencionar isso);<\/li>\n<li>Pela valida\u00e7\u00e3o de contrato de trabalho (CLT) ou sociedade em empresa (vide instru\u00e7\u00f5es nas <a href=\"https:\/\/web.inf.ufpr.br\/bcc\/estagios\/formularios-e-normas\/\">regras de est\u00e1gio<\/a>);<\/li>\n<li>ou pela valida\u00e7\u00e3o de atividade de Inicia\u00e7\u00e3o Cient\u00edfica como est\u00e1gio (vide instru\u00e7\u00f5es nas <a href=\"https:\/\/web.inf.ufpr.br\/bcc\/estagios\/formularios-e-normas\/\">regras de est\u00e1gio<\/a>).<\/li>\n<\/ul>\n<p>O fluxo de est\u00e1gio obrigat\u00f3rio \u00e9 similar ao fluxo para est\u00e1gios n\u00e3o-obrigat\u00f3rios, adicionando as seguintes etapas:<\/p>\n<p><strong>Passo 0<\/strong> [aluno] &#8211; verificar os pr\u00e9-requisitos:<\/p>\n<ol>\n<li>ler as <a href=\"https:\/\/web.inf.ufpr.br\/bcc\/estagios\/formularios-e-normas\/\">regras de est\u00e1gio do curso<\/a><\/li>\n<li>ter superado a barreira<\/li>\n<\/ol>\n<p><strong>Passo 1<\/strong> [aluno] &#8211; no in\u00edcio do per\u00edodo, o aluno deve se matricular na disciplina de Est\u00e1gio Obrigat\u00f3rio (CI1100), na turma do professor orientador escolhido (que deve ter sido previamente contactado).<\/p>\n<p><strong>Passo 2<\/strong> [aluno] &#8211; seguir os passos do est\u00e1gio n\u00e3o-obrigat\u00f3rio nesta p\u00e1gina. Observe que no contrato de est\u00e1gio deve estar especificado que se trata de um est\u00e1gio obrigat\u00f3rio.<\/p>\n<p><strong>Passo 3<\/strong> [orienta\u00e7\u00e3o] &#8211; no final do per\u00edodo, o professor orientador lan\u00e7a a nota\/frequ\u00eancia do aluno no Sistema Acad\u00eamico (SIGA), com base nos relat\u00f3rios entregues pelo aluno e no acompanhamento efetuado.<\/p>\n<p><strong>Observa\u00e7\u00f5es:<\/strong><\/p>\n<ul>\n<li>O contrato de est\u00e1gio deve prever ao menos 220h de atividades at\u00e9 o final do per\u00edodo letivo.<\/li>\n<li>Caso o aluno j\u00e1 esteja em um est\u00e1gio, pode us\u00e1-lo como est\u00e1gio obrigat\u00f3rio. Para isso, deve <strong>alterar a modalidade<\/strong> do est\u00e1gio de &#8220;n\u00e3o obrigat\u00f3rio&#8221; para &#8220;obrigat\u00f3rio&#8221;, atrav\u00e9s de um <strong>termo aditivo<\/strong> fornecido pela empresa e enviado \u00e0 secretaria do curso.<\/li>\n<li>Por ser uma disciplina, o est\u00e1gio obrigat\u00f3rio n\u00e3o gera certificado e n\u00e3o d\u00e1 direito a horas de Atividades Formativas.<\/li>\n<li>Alunos que sejam realizando inicia\u00e7\u00e3o cient\u00edfica ou sejam funcion\u00e1rios\/s\u00f3cios\/donos de empresa podem usar essas atividades como est\u00e1gio obrigat\u00f3rio (vide instru\u00e7\u00f5es nas <a href=\"https:\/\/web.inf.ufpr.br\/bcc\/estagios\/formularios-e-normas\/\">regras de est\u00e1gio<\/a>).<\/li>\n<\/ul>\n<h4>Rescis\u00e3o de contrato<\/h4>\n<p>Se o contrato for cumprido integralmente, n\u00e3o h\u00e1 necessidade de entregar rescis\u00e3o de contrato, pois a baixa do contrato na UFPR e na empresa se dar\u00e1 na data especificada no contrato. Entretanto, se o est\u00e1gio for encerrado antes do previsto no contrato, deve-se entregar um <strong>Termo de Rescis\u00e3o<\/strong> de contrato <strong>em formato PDF<\/strong> \u00e0 secretaria do curso (bcc@inf.ufpr.br), assinado pela empresa. Contratos rescindidos sem comunica\u00e7\u00e3o \u00e0 UFPR permanecem ativos e impedem a aprova\u00e7\u00e3o de novos est\u00e1gios e da cola\u00e7\u00e3o de grau.<\/p>\n<p>Em todos os casos deve ser enviado o relat\u00f3rio final do est\u00e1gio <strong>em formato PDF<\/strong> \u00e0 secretaria do curso, assinado pelo supervisor na empresa.<\/p>\n<p>O termo de rescis\u00e3o ser\u00e1 tratado dentro da UFPR, com prazo de at\u00e9 uma semana para resposta. Na rescis\u00e3o de contrato, deve-se usar o mesmo padr\u00e3o de documentos usados para o in\u00edcio do contrato de est\u00e1gio (CIEE, GERAR, UFPR, etc).<\/p>\n<h4>Renova\u00e7\u00e3o\/prorroga\u00e7\u00e3o\/altera\u00e7\u00e3o de contrato<\/h4>\n<p>No caso da necessidade de altera\u00e7\u00e3o de cl\u00e1usulas de um contrato vigente, deve ser enviado um <strong>Termo Aditivo<\/strong> de contrato <strong>em formato PDF<\/strong> \u00e0 secretaria do curso (bcc@inf.ufpr.br), assinado pela empresa.<\/p>\n<p>Altera\u00e7\u00f5es t\u00edpicas:<\/p>\n<ul>\n<li>De modalidade n\u00e3o-obrigat\u00f3ria para obrigat\u00f3ria, ou vice-versa<\/li>\n<li>Altera\u00e7\u00e3o de bolsa\/remunera\u00e7\u00e3o, de carga hor\u00e1ria, de fun\u00e7\u00e3o ou de supervisor<\/li>\n<li>Prorroga\u00e7\u00e3o, extens\u00e3o ou renova\u00e7\u00e3o (exige-se um relat\u00f3rio parcial at\u00e9 a data presente)<\/li>\n<\/ul>\n<p><strong>Importante<\/strong>: Pedidos de renova\u00e7\u00e3o, prorroga\u00e7\u00e3o ou extens\u00e3o do est\u00e1gio est\u00e3o sujeitos aos mesmos requisitos de novos est\u00e1gios: o aluno deve ter superado a barreira, deve estar matriculado com ao menos a carga m\u00ednima exigida (180h) e deve ter ao menos 3 aprova\u00e7\u00f5es no \u00faltimo per\u00edodo cursado.<\/p>\n<p>O termo aditivo ser\u00e1 tratado dentro da UFPR, com prazo de at\u00e9 uma semana para resposta. Nas altera\u00e7\u00f5es de contrato, deve-se usar o mesmo padr\u00e3o de documentos usados para o in\u00edcio do contrato de est\u00e1gio (CIEE, GERAR, UFPR, etc).<\/p>\n\n","protected":false},"excerpt":{"rendered":"<p>Esta p\u00e1gina traz informa\u00e7\u00f5es sobre os procedimentos para realizar est\u00e1gio obrigat\u00f3rio e n\u00e3o-obrigat\u00f3rio, rescindir, prorrogar ou alterar contratos de est\u00e1gio.<\/p>\n","protected":false},"author":13,"featured_media":0,"parent":0,"menu_order":0,"comment_status":"closed","ping_status":"closed","template":"","meta":{"colormag_page_container_layout":"default_layout","colormag_page_sidebar_layout":"default_layout","footnotes":""},"class_list":["post-352","page","type-page","status-publish","hentry"],"_links":{"self":[{"href":"https:\/\/web.inf.ufpr.br\/bcc\/wp-json\/wp\/v2\/pages\/352","targetHints":{"allow":["GET"]}}],"collection":[{"href":"https:\/\/web.inf.ufpr.br\/bcc\/wp-json\/wp\/v2\/pages"}],"about":[{"href":"https:\/\/web.inf.ufpr.br\/bcc\/wp-json\/wp\/v2\/types\/page"}],"author":[{"embeddable":true,"href":"https:\/\/web.inf.ufpr.br\/bcc\/wp-json\/wp\/v2\/users\/13"}],"replies":[{"embeddable":true,"href":"https:\/\/web.inf.ufpr.br\/bcc\/wp-json\/wp\/v2\/comments?post=352"}],"version-history":[{"count":68,"href":"https:\/\/web.inf.ufpr.br\/bcc\/wp-json\/wp\/v2\/pages\/352\/revisions"}],"predecessor-version":[{"id":2179,"href":"https:\/\/web.inf.ufpr.br\/bcc\/wp-json\/wp\/v2\/pages\/352\/revisions\/2179"}],"wp:attachment":[{"href":"https:\/\/web.inf.ufpr.br\/bcc\/wp-json\/wp\/v2\/media?parent=352"}],"curies":[{"name":"wp","href":"https:\/\/api.w.org\/{rel}","templated":true}]}}