{"id":348,"date":"2017-06-29T11:38:29","date_gmt":"2017-06-29T14:38:29","guid":{"rendered":"http:\/\/web.inf.ufpr.br\/bcc\/?page_id=348"},"modified":"2026-04-01T09:55:22","modified_gmt":"2026-04-01T12:55:22","slug":"fomularios-e-normas_afs","status":"publish","type":"page","link":"https:\/\/web.inf.ufpr.br\/bcc\/fomularios-e-normas_afs\/","title":{"rendered":"Regras e Formul\u00e1rios"},"content":{"rendered":"<p>As Atividades Formativas s\u00e3o atividades complementares em rela\u00e7\u00e3o ao eixo fundamental do curr\u00edculo, objetivando sua flexibiliza\u00e7\u00e3o. Elas fazem parte da flexibiliza\u00e7\u00e3o dos curr\u00edculos, devendo estar contempladas nos Projetos Pedag\u00f3gicos de cada Curso de Gradua\u00e7\u00e3o e de ensino profissionalizante, visando o enriquecimento da forma\u00e7\u00e3o acad\u00eamico-profissional dos alunos.<\/p>\n<p>S\u00e3o atividades formativas t\u00edpicas: disciplinas eletivas, est\u00e1gios n\u00e3o obrigat\u00f3rios, monitoria, PET, empresa j\u00fanior, inicia\u00e7\u00e3o cient\u00edfica, representa\u00e7\u00e3o acad\u00eamica, atividades culturais, participa\u00e7\u00e3o em semin\u00e1rios\/eventos, voluntariado, etc.<\/p>\n<p>As seguintes regras se aplicam \u00e0s Atividades Formativas:<\/p>\n<ul>\n<li><a href=\"http:\/\/www.soc.ufpr.br\/portal\/wp-content\/uploads\/2016\/07\/cepe-70-04-CEPE-alterada-pela-resolu%C3%A7%C3%A3o-21.18.pdf\">Resolu\u00e7\u00e3o CEPE\/UFPR 70\/2004<\/a><\/li>\n<li><a href=\"http:\/\/web.inf.ufpr.br\/bcc\/wp-content\/uploads\/sites\/4\/2021\/10\/regras-atividades-formativas-11-2015.pdf\">Regras do curso e tabela de pontua\u00e7\u00e3o &#8211; curr\u00edculo 2011<\/a><\/li>\n<li><a href=\"http:\/\/web.inf.ufpr.br\/bcc\/wp-content\/uploads\/sites\/4\/2023\/06\/regras-atividades-formativas-06-2023.pdf\">Regras do curso e tabela de pontua\u00e7\u00e3o &#8211; curr\u00edculos 2019 e 2023<\/a><\/li>\n<\/ul>\n<p>Em nosso curso, as atividades formativas s\u00e3o avaliadas por uma Comiss\u00e3o de Atividades Formativas (CAF) no final de cada per\u00edodo letivo. A CAF informa periodicamente os alunos sobre a forma e prazo de entrega da documenta\u00e7\u00e3o comprobat\u00f3ria das atividades formativas. Atualmente a comiss\u00e3o de atividades formativas do BCC \u00e9 formada pelos seguintes membros:<\/p>\n<ul>\n<li>Prof. Carlos Maziero<\/li>\n<li>Prof. Mariane Cassenote<\/li>\n<li>Prof. Diego Addan<\/li>\n<li>Prof. Giovanni Ven\u00e2ncio<\/li>\n<li>Prof. Lucas Ferrari de Oliveira<\/li>\n<li>Prof. Vinicius F\u00fclber-Garcia<\/li>\n<\/ul>\n<p>D\u00favidas sobre atividades formativas podem ser encaminhadas para a CAF no e-mail <a href=\"mailto:bcc-caf@inf.ufpr.br\">bcc-caf@inf.ufpr.br<\/a>.<\/p>\n","protected":false},"excerpt":{"rendered":"<p>As Atividades Formativas s\u00e3o atividades complementares em rela\u00e7\u00e3o ao eixo fundamental do curr\u00edculo, objetivando sua flexibiliza\u00e7\u00e3o. Elas fazem parte da<\/p>\n","protected":false},"author":13,"featured_media":0,"parent":0,"menu_order":0,"comment_status":"closed","ping_status":"closed","template":"","meta":{"colormag_page_container_layout":"default_layout","colormag_page_sidebar_layout":"default_layout","footnotes":""},"class_list":["post-348","page","type-page","status-publish","hentry"],"_links":{"self":[{"href":"https:\/\/web.inf.ufpr.br\/bcc\/wp-json\/wp\/v2\/pages\/348","targetHints":{"allow":["GET"]}}],"collection":[{"href":"https:\/\/web.inf.ufpr.br\/bcc\/wp-json\/wp\/v2\/pages"}],"about":[{"href":"https:\/\/web.inf.ufpr.br\/bcc\/wp-json\/wp\/v2\/types\/page"}],"author":[{"embeddable":true,"href":"https:\/\/web.inf.ufpr.br\/bcc\/wp-json\/wp\/v2\/users\/13"}],"replies":[{"embeddable":true,"href":"https:\/\/web.inf.ufpr.br\/bcc\/wp-json\/wp\/v2\/comments?post=348"}],"version-history":[{"count":41,"href":"https:\/\/web.inf.ufpr.br\/bcc\/wp-json\/wp\/v2\/pages\/348\/revisions"}],"predecessor-version":[{"id":2372,"href":"https:\/\/web.inf.ufpr.br\/bcc\/wp-json\/wp\/v2\/pages\/348\/revisions\/2372"}],"wp:attachment":[{"href":"https:\/\/web.inf.ufpr.br\/bcc\/wp-json\/wp\/v2\/media?parent=348"}],"curies":[{"name":"wp","href":"https:\/\/api.w.org\/{rel}","templated":true}]}}