{"id":339,"date":"2017-06-29T10:44:49","date_gmt":"2017-06-29T13:44:49","guid":{"rendered":"http:\/\/web.inf.ufpr.br\/bcc\/?page_id=339"},"modified":"2023-08-09T09:46:04","modified_gmt":"2023-08-09T12:46:04","slug":"fluxo-afs","status":"publish","type":"page","link":"https:\/\/web.inf.ufpr.br\/bcc\/fluxo-afs\/","title":{"rendered":"Atividades Formativas &#8211; passo a passo"},"content":{"rendered":"<p>Resumo:<\/p>\n<ol>\n<li>Ao longo do curso, o aluno deve realizar atividades formativas previstas nas <a href=\"https:\/\/web.inf.ufpr.br\/bcc\/atividades-formativas\/fomularios-e-normas_afs\/\">regras de AFs<\/a>, lembrando sempre de guardar os comprovantes das mesmas, com descri\u00e7\u00e3o de cada atividade realizada e sua carga hor\u00e1ria total.<\/li>\n<li>No \u00faltimo per\u00edodo do curso, o aluno deve solicitar o registro de suas atividades formativas.<\/li>\n<li>Perto do final de cada per\u00edodo letivo, a <em>Comiss\u00e3o de Atividades Formativas<\/em> do curso (CAF) abre uma sala no <a href=\"http:\/\/moodle.c3sl.ufpr.br\/\">Moodle do C3SL<\/a> para receber as solicita\u00e7\u00f5es de registro de Atividades Formativas, com seus respectivos comprovantes.<\/li>\n<li>Em seguida, a comiss\u00e3o se re\u00fane para avaliar as solicita\u00e7\u00f5es e informar o resultado \u00e0 secretaria do curso.<\/li>\n<li>A secretaria do curso lan\u00e7a as horas de AFs no sistema acad\u00eamico e informa os alunos por e-mail.<\/li>\n<li>Eventuais contesta\u00e7\u00f5es sobre a avalia\u00e7\u00e3o da comiss\u00e3o podem ser feitas pelos alunos por meio de recurso \u00e0 CAF.<\/li>\n<\/ol>\n<p>D\u00favidas? Envie e-mail \u00e0 CAF (<a href=\"mailto:bcc-caf@inf.ufpr.br\">bcc-caf@inf.ufpr.br<\/a>).<\/p>\n","protected":false},"excerpt":{"rendered":"<p>Resumo: Ao longo do curso, o aluno deve realizar atividades formativas previstas nas regras de AFs, lembrando sempre de guardar<\/p>\n","protected":false},"author":13,"featured_media":0,"parent":0,"menu_order":0,"comment_status":"closed","ping_status":"closed","template":"","meta":{"colormag_page_container_layout":"default_layout","colormag_page_sidebar_layout":"default_layout","footnotes":""},"class_list":["post-339","page","type-page","status-publish","hentry"],"_links":{"self":[{"href":"https:\/\/web.inf.ufpr.br\/bcc\/wp-json\/wp\/v2\/pages\/339","targetHints":{"allow":["GET"]}}],"collection":[{"href":"https:\/\/web.inf.ufpr.br\/bcc\/wp-json\/wp\/v2\/pages"}],"about":[{"href":"https:\/\/web.inf.ufpr.br\/bcc\/wp-json\/wp\/v2\/types\/page"}],"author":[{"embeddable":true,"href":"https:\/\/web.inf.ufpr.br\/bcc\/wp-json\/wp\/v2\/users\/13"}],"replies":[{"embeddable":true,"href":"https:\/\/web.inf.ufpr.br\/bcc\/wp-json\/wp\/v2\/comments?post=339"}],"version-history":[{"count":21,"href":"https:\/\/web.inf.ufpr.br\/bcc\/wp-json\/wp\/v2\/pages\/339\/revisions"}],"predecessor-version":[{"id":2063,"href":"https:\/\/web.inf.ufpr.br\/bcc\/wp-json\/wp\/v2\/pages\/339\/revisions\/2063"}],"wp:attachment":[{"href":"https:\/\/web.inf.ufpr.br\/bcc\/wp-json\/wp\/v2\/media?parent=339"}],"curies":[{"name":"wp","href":"https:\/\/api.w.org\/{rel}","templated":true}]}}