{"id":332,"date":"2017-06-29T10:25:34","date_gmt":"2017-06-29T13:25:34","guid":{"rendered":"http:\/\/web.inf.ufpr.br\/bcc\/?page_id=332"},"modified":"2023-08-09T09:48:54","modified_gmt":"2023-08-09T12:48:54","slug":"perguntas-frequentes-afs","status":"publish","type":"page","link":"https:\/\/web.inf.ufpr.br\/bcc\/perguntas-frequentes-afs\/","title":{"rendered":"Perguntas Frequentes"},"content":{"rendered":"<p>Segue abaixo uma compila\u00e7\u00e3o das perguntas mais frequentes sobre as atividades formativas (AF):<\/p>\n<h6>1. Quais as normas gerais de atividades formativas (AFs)?<\/h6>\n<ul>\n<li>Curr\u00edculo 2011: o aluno dever\u00e1 totalizar 480 horas obtidas em pelo menos 3 tipos distintos de atividade.<\/li>\n<li>Curr\u00edculo 2019: o aluno dever\u00e1 totalizar 160 pontos de atividades.<\/li>\n<li>Curr\u00edculo 2023: o aluno dever\u00e1 totalizar 140 pontos de atividades.<\/li>\n<\/ul>\n<p>As normas detalhadas das Atividades Formativas est\u00e3o dispon\u00edveis <a href=\"https:\/\/web.inf.ufpr.br\/bcc\/atividades-formativas\/fomularios-e-normas_afs\/\">nesta p\u00e1gina<\/a>.<\/p>\n<h6>2. Como solicito o registro de minhas horas formativas?<\/h6>\n<p>Ao final de cada per\u00edodo letivo, a comiss\u00e3o de Atividades Formativas do BCC (CAF) abre uma sala no <a href=\"http:\/\/moodle.c3sl.ufpr.br\/\">Moodle do C3SL<\/a> para receber as solicita\u00e7\u00f5es de registro de Atividades Formativas, com seus respectivos comprovantes.<\/p>\n<h6>3. Quando as horas de AFs aparecem no SIGA?<\/h6>\n<p>Ap\u00f3s a solicita\u00e7\u00e3o de AFs ser enviada pelo aluno \u00e0 coordena\u00e7\u00e3o e a comiss\u00e3o de atividades formativas (CAF) deliberar e aceitar o pedido, o que acontece ao final de cada per\u00edodo letivo.<\/p>\n<h6>4. Se n\u00e3o tive retorno de meu pedido, quer dizer que terei as horas aprovadas?<\/h6>\n<p>N\u00e3o, todo pedido ser\u00e1 analisado pela comiss\u00e3o e devolvido \u00e0 secretaria do curso, que lan\u00e7ar\u00e1 as AFs no sistema e informar\u00e1 os alunos.<\/p>\n<h6>5. Como fa\u00e7o para incluir meus est\u00e1gios como AF?<\/h6>\n<p>Est\u00e1gios n\u00e3o-obrigat\u00f3rios podem ser considerados como AF. Voc\u00ea dever\u00e1 anexar o certificado emitido pela Coordena\u00e7\u00e3o de Atividades Formativas e Est\u00e1gios (COAFE) da UFPR, ou uma declara\u00e7\u00e3o (constando in\u00edcio e fim) assinada pela empresa onde voc\u00ea fez o est\u00e1gio.<\/p>\n<p>O est\u00e1gio obrigat\u00f3rio j\u00e1 pontua como disciplina no hist\u00f3rico escolar e portanto n\u00e3o pode pontuar como AF.<\/p>\n<h6>6. Como devo lan\u00e7ar minha participa\u00e7\u00e3o no C3SL?<\/h6>\n<p>Pode-se pontuar como est\u00e1gio ou inicia\u00e7\u00e3o cient\u00edfica, dependendo de como seu orientador entende sua participa\u00e7\u00e3o no projeto. Todavia, nenhuma atividade poder\u00e1 ser pontuada mais de uma vez.<\/p>\n<h6>7. Tenho cursos e atividades feitas antes de ingressar no curso, posso us\u00e1-las como AFs?<\/h6>\n<p>N\u00e3o pode. A resolu\u00e7\u00e3o 70\/04 CEPE\/UFPR define as AFs e diz, no artigo 6\u00ba: &#8220;<em>as atividades formativas ser\u00e3o realizadas <strong>no decorrer dos cursos de gradua\u00e7\u00e3o<\/strong> ou dos cursos de ensino profissionalizante, mediante acompanhamento definido pelos colegiados de curso e far\u00e3o parte do hist\u00f3rico escolar do aluno<\/em>&#8220;.<\/p>\n<h6>8. Como incluir cursos de l\u00ednguas?<\/h6>\n<p>Basta apresentar um comprovante informando a carga hor\u00e1ria do curso. Lembre-se que os anos do curso de l\u00ednguas devem estar dentro dos anos da gradua\u00e7\u00e3o, pois cursos anteriores \u00e0 gradua\u00e7\u00e3o n\u00e3o s\u00e3o aceitos.<\/p>\n<h6>9. Quantas horas de AFs v\u00e3o constar em meu hist\u00f3rico?<\/h6>\n<ul>\n<li>Curr\u00edculo 2011: Ir\u00e1 constar apenas \u201cAtividades Formativas: 480 horas, aprovado\u201d.<\/li>\n<li>Curr\u00edculo 2019: Ir\u00e1 constar apenas \u201cAtividades Formativas: 160 horas, aprovado\u201d.<\/li>\n<li>Curr\u00edculo 2023: Ir\u00e1 constar apenas \u201cAtividades Formativas: 140 horas, aprovado\u201d.<\/li>\n<\/ul>\n<h6>10. Dono de empresa ou emprego formal com carteira assinada pode ser considerado como AF?<\/h6>\n<p>N\u00e3o, s\u00f3 ser\u00e3o considerados os est\u00e1gios n\u00e3o-obrigat\u00f3rios validados pela Coordena\u00e7\u00e3o de Atividades Formativas e Est\u00e1gios (COAFE) da UFPR. Entretanto, emprego formal ou propriedade\/sociedade em empresa pode ser usada para validar o est\u00e1gio obrigat\u00f3rio (curr\u00edculos 2019 e 2023). Para ver como fazer, consulte as <a href=\"https:\/\/web.inf.ufpr.br\/bcc\/estagios\/formularios-e-normas\/\">regras de est\u00e1gio<\/a>.<\/p>\n<h6>11. Disciplinas optativas podem ser computada como AFs?<\/h6>\n<p>N\u00e3o. Apenas as disciplinas que n\u00e3o constam da grade oficial deste curso, mas que s\u00e3o ofertadas pela UFPR (disciplinas eletivas), ou por outra institui\u00e7\u00e3o de ensino superior (disciplinas isoladas). Para comprova\u00e7\u00e3o em disciplinas eletivas ou isoladas, basta o hist\u00f3rico escolar.<\/p>\n<h6>12. Cursos feitos na semana acad\u00eamica, f\u00f3rum, workshops, certifica\u00e7\u00f5es e participa\u00e7\u00f5es em eventos valem?<\/h6>\n<p>Sim, desde que beneficiem a forma\u00e7\u00e3o acad\u00eamica do aluno e sendo comprovados por certificados informando a respectiva carga hor\u00e1ria.<\/p>\n<h6>13. A participa\u00e7\u00e3o em eventos n\u00e3o diretamente ligados \u00e0 inform\u00e1tica pode ser usada (ex. Bienal da M\u00fasica)?<\/h6>\n<ul>\n<li>Curr\u00edculo 2011: Sim, como &#8220;Atividades de Extens\u00e3o&#8221;.<\/li>\n<li>Curr\u00edculos 2019 e 2023: Sim, como &#8220;Atividades Culturais&#8221; ou &#8220;Participa\u00e7\u00e3o em Semin\u00e1rios&#8221;.<\/li>\n<\/ul>\n<h6>14. Como devo lan\u00e7ar as horas em atividades n\u00e3o previstas?<\/h6>\n<p>Basta utilizar o campo &#8220;Outros&#8221; do formul\u00e1rio para tal.<\/p>\n<h6>15. Como provar a participa\u00e7\u00e3o no DCE ou Centro Acad\u00eamico?<\/h6>\n<p>Pode ser atrav\u00e9s da ata oficial de nomea\u00e7\u00e3o das chapas, mas a comiss\u00e3o prefere que seja apresentada uma declara\u00e7\u00e3o onde conste os semestres de atua\u00e7\u00e3o.<\/p>\n<h6>16. Posso enviar pedido parcial das horas e completar as demais em outro momento?<\/h6>\n<p>N\u00e3o. Somente ser\u00e3o avaliados pela comiss\u00e3o os pedidos que cumprirem o total de horas de AF previstas.<\/p>\n<h6>17. Posso enviar o pedido por e-mail?<\/h6>\n<p>N\u00e3o ser\u00e3o aceitos pedidos ou comprovantes por e-mail. Todos documentos devem ser entregues pelos meios informados pela comiss\u00e3o de AFs (impressos na secretaria do curso ou pelo Moodle).<\/p>\n<h6>18. Posso me formar sem aprova\u00e7\u00e3o das AFs?<\/h6>\n<p>Nem pense nisso!<\/p>\n<h6>19. Como obter mais horas de atividade formativa?<\/h6>\n<p>Veja a lista de atividades formativas presente no formul\u00e1rio\/normas ou converse com algum membro da comiss\u00e3o de AFs.<\/p>\n<h6>20. Ainda tenho d\u00favidas&#8230;<\/h6>\n<p>Contacte a Comiss\u00e3o de Atividades Formativas do BCC pelo e-mail <a href=\"mailto:bcc-caf@inf.ufpr.br\">bcc-caf@inf.ufpr.br<\/a>.<\/p>\n\n","protected":false},"excerpt":{"rendered":"<p>Segue abaixo uma compila\u00e7\u00e3o das perguntas mais frequentes sobre as atividades formativas (AF): 1. Quais as normas gerais de atividades<\/p>\n","protected":false},"author":13,"featured_media":0,"parent":0,"menu_order":0,"comment_status":"closed","ping_status":"closed","template":"","meta":{"colormag_page_container_layout":"default_layout","colormag_page_sidebar_layout":"default_layout","footnotes":""},"class_list":["post-332","page","type-page","status-publish","hentry"],"_links":{"self":[{"href":"https:\/\/web.inf.ufpr.br\/bcc\/wp-json\/wp\/v2\/pages\/332","targetHints":{"allow":["GET"]}}],"collection":[{"href":"https:\/\/web.inf.ufpr.br\/bcc\/wp-json\/wp\/v2\/pages"}],"about":[{"href":"https:\/\/web.inf.ufpr.br\/bcc\/wp-json\/wp\/v2\/types\/page"}],"author":[{"embeddable":true,"href":"https:\/\/web.inf.ufpr.br\/bcc\/wp-json\/wp\/v2\/users\/13"}],"replies":[{"embeddable":true,"href":"https:\/\/web.inf.ufpr.br\/bcc\/wp-json\/wp\/v2\/comments?post=332"}],"version-history":[{"count":29,"href":"https:\/\/web.inf.ufpr.br\/bcc\/wp-json\/wp\/v2\/pages\/332\/revisions"}],"predecessor-version":[{"id":2065,"href":"https:\/\/web.inf.ufpr.br\/bcc\/wp-json\/wp\/v2\/pages\/332\/revisions\/2065"}],"wp:attachment":[{"href":"https:\/\/web.inf.ufpr.br\/bcc\/wp-json\/wp\/v2\/media?parent=332"}],"curies":[{"name":"wp","href":"https:\/\/api.w.org\/{rel}","templated":true}]}}