{"id":325,"date":"2017-06-28T17:11:25","date_gmt":"2017-06-28T20:11:25","guid":{"rendered":"http:\/\/web.inf.ufpr.br\/bcc\/?page_id=325"},"modified":"2024-10-09T10:52:03","modified_gmt":"2024-10-09T13:52:03","slug":"perguntas-frequentes-2","status":"publish","type":"page","link":"https:\/\/web.inf.ufpr.br\/bcc\/perguntas-frequentes-2\/","title":{"rendered":"Procedimentos acad\u00eamicos"},"content":{"rendered":"<h5><span class=\"subtitulopagina\" style=\"color: #000000\">Ajuste de matr\u00edcula<\/span><\/h5>\n<div class=\"txt\">\n<p><span style=\"color: #000000\">Ap\u00f3s o t\u00e9rmino das solicita\u00e7\u00f5es de matr\u00edcula no sistema acad\u00eamico, \u00e9 poss\u00edvel solicitar \u00e0 coordena\u00e7\u00e3o ajustes na matr\u00edcula (inclus\u00e3o e remo\u00e7\u00e3o). Quanto antes o pedido for feito melhor, pois a aloca\u00e7\u00e3o de vagas no ajuste \u00e9 sequencial, a menos que a Coordena\u00e7\u00e3o do Curso especifique algo contr\u00e1rio.<\/span><\/p>\n<p><span style=\"color: #000000\">Pedidos de troca de turma N\u00c3O ser\u00e3o atendidos, a menos que exista conveni\u00eancia, devido ao desequil\u00edbrio do n\u00famero de alunos em cada turma. N\u00c3O pe\u00e7a ajuste nas disciplinas que voc\u00ea est\u00e1 pedindo quebra de pr\u00e9-requisito (ou barreira). Isso \u00e9 feito automaticamente ap\u00f3s o julgamento dos pedidos pelo Colegiado do Curso.<\/span><\/p>\n<p><span style=\"color: #000000\"><strong>Importante:<\/strong> O envio do e-mail para pedido de ajuste n\u00e3o garante a efetiva concess\u00e3o do pedido, pois depende da disponibilidade de vagas, pr\u00e9-requisitos e outros fatores.<span style=\"color: #ff0000\"> Conforme a <a href=\"http:\/\/web.inf.ufpr.br\/bcc\/wp-content\/uploads\/sites\/4\/2017\/06\/cepe37972.pdf\" target=\"_blank\" rel=\"noopener\">resolu\u00e7\u00e3o CEPE 37\/97<\/a> artigo 40 par\u00e1grafo 3, \u00e9 de exclusiva responsabilidade do aluno conferir se sua matr\u00edcula est\u00e1 correta.<\/span><\/span><\/p>\n<p><span style=\"color: #000000\"><strong>Instru\u00e7\u00f5es:<\/strong><\/span><\/p>\n<ol>\n<li>Verificar no calend\u00e1rio acad\u00eamico vigente os prazos para este pedido;<\/li>\n<li>Solicitar o ajuste de matr\u00edcula \u00e0 coordena\u00e7\u00e3o, por e-mail enviado a bcc@inf.ufpr.br;<\/li>\n<li>Aguardar o resultado do pedido, conferindo periodicamente no sistema acad\u00eamico.<\/li>\n<\/ol>\n<\/div>\n<h5><span class=\"subtitulopagina\">Quebra de pr\u00e9-requisito (e &#8220;barreira&#8221;)<\/span><\/h5>\n<div class=\"txt\">\n<p>Alunos t\u00eam a possibilidade de pedir matr\u00edcula em disciplinas mesmo sem ter o pr\u00e9-requisito necess\u00e1rio. Este procedimento \u00e9 chamado de quebra de pr\u00e9-requisito e tamb\u00e9m se enquadra nas disciplinas dos per\u00edodos iniciais (informalmente conhecidas como &#8220;barreira&#8221;). Os pedidos s\u00e3o analisados em reuni\u00e3o do Colegiado do Curso, geralmente marcada para 1a ou 2a semana de aula.<\/p>\n<p><strong>Instru\u00e7\u00f5es:<\/strong><\/p>\n<ol>\n<li>A data limite para fazer o pedido ser\u00e1 comunicada pela coordena\u00e7\u00e3o aos alunos <del>est\u00e1 no calend\u00e1rio acad\u00eamico vigente como &#8220;quebra de pr\u00e9-requisito&#8221;<\/del>;<\/li>\n<li>Preencher o formul\u00e1rio de solicita\u00e7\u00e3o informado pela coordena\u00e7\u00e3o <del>dispon\u00edvel neste site<\/del>;<\/li>\n<li>Aguardar a reuni\u00e3o do colegiado;<\/li>\n<li>Conferir no sistema acad\u00eamico.<\/li>\n<\/ol>\n<\/div>\n<h5><span class=\"subtitulopagina\">Comprovante de matr\u00edcula<\/span><\/h5>\n<div class=\"txt\">\n<p>Ap\u00f3s o t\u00e9rmino das solicita\u00e7\u00f5es de matr\u00edcula feitas pelo Portal do Aluno \u00e9 poss\u00edvel pedir um comprovante de matr\u00edcula.<\/p>\n<p><strong>Instru\u00e7\u00f5es:<\/strong><\/p>\n<ol>\n<li>O comprovante de matr\u00edcula pode ser emitido diretamente no sistema acad\u00eamico.<\/li>\n<\/ol>\n<\/div>\n<h5><span class=\"subtitulopagina\">Matr\u00edcula em disciplinas eletivas<\/span><\/h5>\n<div class=\"txt\">\n<p>Ver Art. 55-59 <a href=\"http:\/\/web.inf.ufpr.br\/bcc\/wp-content\/uploads\/sites\/4\/2017\/06\/cepe37972.pdf\" target=\"_blank\" rel=\"noopener\">Resolu\u00e7\u00e3o 37\/97-CEPE<\/a>.<\/p>\n<p>Disciplinas &#8220;eletivas&#8221; s\u00e3o disciplinas de outros cursos em que o aluno pode se matricular, nas mais diversas \u00e1reas. Elas visam ampliar a forma\u00e7\u00e3o do aluno e podem ser usadas para contabilizar horas de atividades formativas.\u00a0 Os pedidos s\u00e3o analisados pelo departamento que oferece a disciplina e pela coordena\u00e7\u00e3o do curso do aluno. Geralmente as datas de matr\u00edcula em disciplinas eletivas ocorre logo ap\u00f3s o in\u00edcio do semestre. Os alunos podem frequentar as aulas desde o in\u00edcio, mas sem garantia de que conseguir\u00e3o a matr\u00edcula.<\/p>\n<p><strong>Instru\u00e7\u00f5es:<\/strong><\/p>\n<ol>\n<li>Verificar no calend\u00e1rio acad\u00eamico vigente os prazos para este pedido;<\/li>\n<li>Solicitar matr\u00edcula em disciplinas eletivas no sistema acad\u00eamico;<\/li>\n<li>Aguardar e verificar se as solicita\u00e7\u00f5es foram atendidas.<\/li>\n<\/ol>\n<\/div>\n<h5><span class=\"subtitulopagina\">Cancelamento de disciplina<\/span><\/h5>\n<div class=\"txt\">\n<p>Ver Art. 60 da <a href=\"http:\/\/web.inf.ufpr.br\/bcc\/wp-content\/uploads\/sites\/4\/2017\/06\/cepe37972.pdf\" target=\"_blank\" rel=\"noopener\">Resolu\u00e7\u00e3o 37\/97-CEPE<\/a>.<\/p>\n<p>Ap\u00f3s come\u00e7ar a cursar uma disciplina pode-se pedir cancelamento de matr\u00edcula da mesma, dentro dos prazo definido. Todavia, sua carga hor\u00e1ria semestral n\u00e3o pode ficar abaixo da carga hor\u00e1ria m\u00ednima do curso (180 h). Al\u00e9m disso, permite-se somente um cancelamento para cada disciplina (ou seja, se voc\u00ea j\u00e1 cancelou a disciplina uma vez, n\u00e3o pode cancelar de novo).<\/p>\n<p><strong>Instru\u00e7\u00f5es:<\/strong><\/p>\n<ol>\n<li>Verificar no calend\u00e1rio acad\u00eamico vigente os prazos para este pedido;<\/li>\n<li>Solicitar o cancelamento no sistema acad\u00eamico;<\/li>\n<li>Verificar se o cancelamento foi efetivado (isso pode demorar alguns dias).<\/li>\n<\/ol>\n<\/div>\n<h5><span class=\"subtitulopagina\">Adiantamento de conhecimento<\/span><\/h5>\n<div class=\"txt\">\n<p>Ver artigos 13 a 19 da <a href=\"http:\/\/web.inf.ufpr.br\/bcc\/wp-content\/uploads\/sites\/4\/2017\/08\/aproveitamento-conhecimento-cepe9213.pdf\" target=\"_blank\" rel=\"noopener\">Resolu\u00e7\u00e3o 92\/13-CEPE<\/a>.<\/p>\n<p>No caso de solicita\u00e7\u00e3o fundamentada do aluno &#8211; considerando como adiantamento quando o aluno ainda n\u00e3o cursou a disciplina na UFPR e possui &#8220;Not\u00f3rio Saber&#8221; para fazer o exame &#8211; a solicita\u00e7\u00e3o ser\u00e1 deliberada pelo colegiado do curso, e caso seja deferida, a coordena\u00e7\u00e3o encaminhar\u00e1 o processo ao departamento para a sua realiza\u00e7\u00e3o. O exame ocorre no in\u00edcio de cada per\u00edodo letivo (semestralmente) e n\u00e3o h\u00e1 segunda chamada.<\/p>\n<p>O aluno n\u00e3o dever\u00e1 se matricular na disciplina no per\u00edodo letivo (semestre) do exame. O lan\u00e7amento do resultado ser\u00e1 feito no final do semestre. O exame cobrir\u00e1 todo o conte\u00fado program\u00e1tico da disciplina conforme aprovado no respectivo Plano de Ensino (Ficha 2) em vigor no per\u00edodo de realiza\u00e7\u00e3o do exame.<\/p>\n<p><strong>Instru\u00e7\u00f5es:<\/strong><\/p>\n<ol>\n<li>Verificar no calend\u00e1rio acad\u00eamico vigente os prazos para este pedido;<\/li>\n<li>Solicitar o exame de adiantamento atrav\u00e9s do sistema acad\u00eamico.<\/li>\n<\/ol>\n<\/div>\n<h5><span class=\"subtitulopagina\" style=\"color: #000000\">Aproveitamento de conhecimento<\/span><\/h5>\n<div class=\"txt\">\n<p><span style=\"color: #000000\">Ver Art. 20-31 da <a href=\"http:\/\/web.inf.ufpr.br\/bcc\/wp-content\/uploads\/sites\/4\/2017\/08\/aproveitamento-conhecimento-cepe9213.pdf\" target=\"_blank\" rel=\"noopener\">Resolu\u00e7\u00e3o 92\/13-CEPE<\/a>.<\/span><\/p>\n<p><span style=\"color: #000000\">No caso de ter sido reprovado em uma disciplina somente por nota, \u00e9 poss\u00edvel pedir um exame de aproveitamento de conhecimento, no qual o aluno n\u00e3o cursa a disciplina novamente e faz apenas um exame. O pedido de exame de aproveitamento \u00e9 feito no sistema acad\u00eamico e deve ser aprovado pelo colegiado do curso e pelo departamento que oferece a disciplina. N\u00e3o \u00e9 poss\u00edvel fazer mais de uma vez o exame de aproveitamento.<\/span><\/p>\n<p><span style=\"color: #000000\"><strong>Instru\u00e7\u00f5es:<\/strong><\/span><\/p>\n<ol>\n<li>Verificar no calend\u00e1rio acad\u00eamico vigente os prazos para este pedido;<\/li>\n<li>Solicitar o exame de aproveitamento no sistema acad\u00eamico;<\/li>\n<li>Aguardar o tr\u00e2mite\/aprova\u00e7\u00e3o da solicita\u00e7\u00e3o, acompanhando o sistema.<\/li>\n<\/ol>\n<\/div>\n<h5>Segunda chamada de avalia\u00e7\u00e3o<\/h5>\n<p>O aluno tem direito \u00e0 segunda chamada de avalia\u00e7\u00e3o (inclusive do exame final) caso tenha faltado \u00e0 mesma por um dos seguintes motivos (vide resolu\u00e7\u00e3o CEPE 37\/97):<\/p>\n<ol>\n<li>exerc\u00edcios ou manobras militares;<\/li>\n<li>internamento hospitalar;<\/li>\n<li>doen\u00e7a impeditiva do comparecimento;<\/li>\n<li>luto pelo falecimento de parentes at\u00e9 o segundo grau;<\/li>\n<li>convoca\u00e7\u00e3o para depoimento judicial, policial ou assemelhado;<\/li>\n<li>convoca\u00e7\u00e3o para elei\u00e7\u00f5es em entidades oficiais;<\/li>\n<li>viagem propiciada por conv\u00eanio da UFPR;<\/li>\n<li>participa\u00e7\u00e3o em atividades previstas nos artigos 81 e 82 da resolu\u00e7\u00e3o CEPE 37\/97.<\/li>\n<\/ol>\n<p>O aluno ou seu representante dever\u00e1 requerer ao docente respons\u00e1vel pela disciplina ou ao departamento a segunda chamada no prazo de 5 (cinco) dias \u00fateis, contados a partir da data da avalia\u00e7\u00e3o, com o comprovante de sua situa\u00e7\u00e3o. O docente ou o departamento deve se manifestar em at\u00e9 5 dias \u00fateis. Deferido o requerimento, o docente fixar\u00e1 o local e data da avalia\u00e7\u00e3o de segunda chamada com ao menos 5 dias \u00fateis de anteced\u00eancia.<\/p>\n<h5><span class=\"subtitulopagina\" style=\"color: #000000\">Corre\u00e7\u00e3o de nota ou frequ\u00eancia no hist\u00f3rico escolar<\/span><\/h5>\n<div class=\"txt\">\n<p><span style=\"color: #000000\">A Coordena\u00e7\u00e3o ou secretaria do curso n\u00e3o fazem isso. No caso de qualquer erro no hist\u00f3rico escolar, o aluno deve entrar em contato com o professor que ministrou a disciplina, que abrir\u00e1 um processo para solicitar a retifica\u00e7\u00e3o da nota. A PROGRAD somente aceita corre\u00e7\u00f5es no hist\u00f3rico escolar at\u00e9 60 dias ap\u00f3s o lan\u00e7amento da nota.<br \/><\/span><\/p>\n<p><span style=\"color: #000000\"><strong>Instru\u00e7\u00f5es:<\/strong><\/span><\/p>\n<ol>\n<li>Tratar diretamente como o professor que ministrou a disciplina.<\/li>\n<\/ol>\n<\/div>\n<h5><span class=\"subtitulopagina\">Discord\u00e2ncia em nota de avalia\u00e7\u00e3o<\/span><\/h5>\n<p>Caso o aluno discorde da nota atribu\u00edda pelo docente em uma avalia\u00e7\u00e3o, o primeiro passo sempre \u00e9 conversar com o professor, apresentar seus motivos e tentar resolver amigavelmente. Caso n\u00e3o d\u00ea certo, o aluno pode solicitar revis\u00e3o da avalia\u00e7\u00e3o junto ao departamento que oferece a disciplina, que ir\u00e1 avaliar o caso e poder\u00e1 designar uma comiss\u00e3o para revisar a avalia\u00e7\u00e3o. Contacte o departamento que oferece a disciplina para ver como proceder.<\/p>\n<p><strong>Instru\u00e7\u00f5es:<\/strong><\/p>\n<ol>\n<li>converse com o docente.<\/li>\n<li>se n\u00e3o surtiu efeito, entre em contato com o departamento que oferece a disciplina.<\/li>\n<\/ol>\n<h5><span class=\"subtitulopagina\">Trancamento de curso<\/span><\/h5>\n<div class=\"txt\">\n<p>Ver Art. 1o, par\u00e1grafos 1o e 2o da <a href=\"http:\/\/web.inf.ufpr.br\/bcc\/wp-content\/uploads\/sites\/4\/2017\/06\/Resol_-97_15_CEPE_Trancamento_de_curso.pdf\" target=\"_blank\" rel=\"noopener\">Resolu\u00e7\u00e3o 97\/15-CEPE<\/a> e <a href=\"http:\/\/web.inf.ufpr.br\/bcc\/wp-content\/uploads\/sites\/4\/2024\/09\/instr-PROGRAD-01-16-trancamento.pdf\" target=\"_blank\" rel=\"noopener\">Instru\u00e7\u00e3o Normativa 01\/16<\/a>.<\/p>\n<p>Todo aluno tem direito a 3 trancamentos de curso: o primeiro \u00e9 volunt\u00e1rio e imotivado; o segundo e terceiro devem ser devidamente justificados e documentados, sendo julgados pelo Colegiado de Curso (conforme a resolu\u00e7\u00e3o CEPE\/UFPR 97-A\/2015). Cada trancamento dura 2 per\u00edodos letivos consecutivos; o destrancamento ocorre automaticamente ao final desse prazo, mas o aluno pode destrancar antes se o desejar.<\/p>\n<p><strong>Instru\u00e7\u00f5es:<\/strong><\/p>\n<ol>\n<li>Verificar no calend\u00e1rio acad\u00eamico vigente os prazos para este pedido;<\/li>\n<li>Fazer a solicita\u00e7\u00e3o atrav\u00e9s do sistema acad\u00eamico;<\/li>\n<li>Aguardar e verificar se o pedido foi aceito no sistema.<\/li>\n<\/ol>\n<\/div>\n<h5><span class=\"subtitulopagina\">D<span style=\"color: #000000\">estrancamento de curso<\/span><\/span><\/h5>\n<div class=\"txt\">\n<p><span style=\"color: #000000\">Ver Art. 6o da <a href=\"http:\/\/web.inf.ufpr.br\/bcc\/wp-content\/uploads\/sites\/4\/2017\/06\/Resol_-97_15_CEPE_Trancamento_de_curso.pdf\" target=\"_blank\" rel=\"noopener\">Resolu\u00e7\u00e3o 97\/15-CEPE<\/a> e <a href=\"http:\/\/web.inf.ufpr.br\/bcc\/wp-content\/uploads\/sites\/4\/2024\/09\/instr-PROGRAD-01-16-trancamento.pdf\" target=\"_blank\" rel=\"noopener\">Instru\u00e7\u00e3o Normativa 01\/16<\/a>.<\/span><\/p>\n<p><span style=\"color: #000000\">O trancamento de curso dura dois per\u00edodos letivos e o destrancamento \u00e9 feito automaticamente ao final deles. Todavia, o destrancamento pode ser antecipado pelo pr\u00f3prio aluno.<\/span><\/p>\n<div class=\"txt\">\n<p><span style=\"color: #000000\"><strong>Instru\u00e7\u00f5es:<\/strong><\/span><\/p>\n<ol>\n<li>Verificar no calend\u00e1rio acad\u00eamico vigente os prazos para este pedido;<\/li>\n<li>Solicitar o destrancamento de curso no sistema acad\u00eamico.<\/li>\n<\/ol>\n<\/div>\n<h5><span class=\"subtitulopagina\" style=\"color: #000000\">Equival\u00eancia de disciplinas<br \/><\/span><\/h5>\n<div class=\"txt\">\n<p><span style=\"color: #000000\">Ver artigos 4 a 12 da <a href=\"http:\/\/web.inf.ufpr.br\/bcc\/wp-content\/uploads\/sites\/4\/2017\/08\/aproveitamento-conhecimento-cepe9213.pdf\" target=\"_blank\" rel=\"noopener\">Resolu\u00e7\u00e3o 92\/13-CEPE<\/a>.<\/span><\/p>\n<p><span style=\"color: #000000\">Pedidos de equival\u00eancia de disciplinas j\u00e1 cursadas somente podem ser feitos no in\u00edcio do curso ou no retorno de interc\u00e2mbio acad\u00eamico. Se houver aprova\u00e7\u00e3o em disciplina cursada na UFPR ou outra Institui\u00e7\u00e3o de Ensino Superior, com ementa id\u00eantica ou semelhante \u00e0 disciplina do curr\u00edculo atual, pode-se pedir a equival\u00eancia. As solicita\u00e7\u00f5es de equival\u00eancia ser\u00e3o avaliadas pelo Colegiado do Curso.<\/span><\/p>\n<p><strong>Instru\u00e7\u00f5es:<\/strong><\/p>\n<ol>\n<li><span style=\"color: #000000\">Verificar no calend\u00e1rio acad\u00eamico vigente os prazos para este pedido;<\/span><\/li>\n<li><span style=\"color: #000000\">Solicitar as equival\u00eancias desejadas atrav\u00e9s do sistema acad\u00eamico, anexando o hist\u00f3rico escolar e as ementas das disciplinas cursadas <\/span><span style=\"color: #000000\">(com assinatura\/carimbo ou autentica\u00e7\u00e3o eletr\u00f4nica da institui\u00e7\u00e3o);<\/span><\/li>\n<li><span style=\"color: #000000\">Aguardar a reuni\u00e3o do colegiado<\/span><\/li>\n<li><span style=\"color: #000000\">Conferir se as equival\u00eancias foram concedidas, no sistema acad\u00eamico.<\/span><\/li>\n<\/ol>\n<\/div>\n<h5><span class=\"subtitulopagina\">Atividades formativas<\/span><\/h5>\n<div class=\"txt\">\n<p><strong>Instru\u00e7\u00f5es:<\/strong><\/p>\n<ol>\n<li>Consultar as p\u00e1ginas da aba &#8220;Atividades Formativas&#8221; neste site.<\/li>\n<\/ol>\n<\/div>\n<h5><span class=\"subtitulopagina\" style=\"color: #000000\">Est\u00e1gio Supervisionado (CI1100)<\/span><\/h5>\n<div class=\"txt\">\n<p><span style=\"color: #000000\">Ver <a href=\"http:\/\/web.inf.ufpr.br\/bcc\/wp-content\/uploads\/sites\/4\/2024\/09\/resol-CEPE-46-10-estagios.pdf\" target=\"_blank\" rel=\"noopener\">Resolu\u00e7\u00e3o 46\/10-CEPE<\/a><\/span><span style=\"color: #000000\"> e consultar as p\u00e1ginas na aba &#8220;Est\u00e1gio&#8221; deste site.<\/span><\/p>\n<\/div>\n<h5><span class=\"subtitulopagina\">Trabalho de Conclus\u00e3o de Curso<\/span><\/h5>\n<div class=\"txt\">\n<p>Consultar a p\u00e1gina &#8220;<a href=\"https:\/\/web.inf.ufpr.br\/bcc\/tcc\/\">TCC<\/a>&#8220;, neste site.<\/p>\n<\/div>\n<h5><span class=\"subtitulopagina\" style=\"color: #000000\">Prov\u00e1vel formando e Cola\u00e7\u00e3o de grau<\/span><\/h5>\n<div class=\"txt\">\n<p><span style=\"color: #000000\">Podem pedir cola\u00e7\u00e3o de grau alunos que planejam cumprir, no semestre atual, todos os cr\u00e9ditos do curso (disciplinas obrigat\u00f3rias, disciplinas optativas, TGs e atividades formativas).<\/span><\/p>\n<p><span style=\"color: #000000\">A cola\u00e7\u00e3o de grau, com e sem solenidade, ocorre no semestre seguinte ao pedido. A organiza\u00e7\u00e3o da cola\u00e7\u00e3o de grau COM solenidade \u00e9 de responsabilidade dos alunos, por\u00e9m a UFPR oferece aux\u00edlio atrav\u00e9s da <a href=\"https:\/\/cerimonial.ufpr.br\" target=\"_blank\" rel=\"noopener\">Unidade de Cerimonial<\/a>.<\/span><\/p>\n<p><span style=\"color: #000000\"><strong>Instru\u00e7\u00f5es:<\/strong><\/span><\/p>\n<ol>\n<li>Preencher o formul\u00e1rio de prov\u00e1vel formando dispon\u00edvel neste site;<\/li>\n<li>Enviar \u00e0 Secretaria do Curso (bcc@inf.ufpr.br).<\/li>\n<\/ol>\n<\/div>\n<div class=\"txt\">\n<h5><span class=\"subtitulopagina\">Emiss\u00e3o de diploma<\/span><\/h5>\n<div class=\"txt\">\n<p>A secretaria do curso solicita automaticamente a impress\u00e3o do diploma ap\u00f3s a cola\u00e7\u00e3o de grau. O aluno n\u00e3o precisa fazer tal requisi\u00e7\u00e3o.<\/p>\n<p><strong>Instru\u00e7\u00f5es:<\/strong><\/p>\n<ol>\n<li>Aguardar cerca de 1 m\u00eas ap\u00f3s a cola\u00e7\u00e3o de grau, per\u00edodo usado pela Unidade de Diplomas para a impress\u00e3o;<\/li>\n<li>Conferir se o seu nome consta na listagem de &#8220;Diplomas para Assinatura&#8221; no <a class=\"geral\" href=\"http:\/\/www.inf.ufpr.br\/bcc\" target=\"blank\" rel=\"noopener\">site do curso<\/a> no link Diplomas. Em caso positivo, dirigir-se \u00e0 secretaria para assinar o diploma. A listagem \u00e9 atualizada, sempre que a Unidade de Diplomas envia novos diplomas impressos;<\/li>\n<li>Aguardar de 90 a 120 dias. Neste prazo ser\u00e1 aberto processo de registro do diploma (coleta e assinatura do reitor, carimbo oficial de registro na universidade);<\/li>\n<li>Conferir se o seu nome consta na listagem de &#8220;Diplomas para Retirada&#8221; no <a class=\"geral\" href=\"http:\/\/www.inf.ufpr.br\/bcc\" target=\"blank\" rel=\"noopener\">site do curso<\/a> no link Diplomas. Em caso positivo, dirigir-se \u00e0 Secretaria do Curso, com documento de identifica\u00e7\u00e3o (RG, por exemplo)o ou procura\u00e7\u00e3o espec\u00edfica, se for o caso, para assinar o livro de retirada de diplomas e receber o diploma.<\/li>\n<\/ol>\n<\/div>\n<\/div>\n<\/div>\n\n","protected":false},"excerpt":{"rendered":"<p>Ajuste de matr\u00edcula Ap\u00f3s o t\u00e9rmino das solicita\u00e7\u00f5es de matr\u00edcula no sistema acad\u00eamico, \u00e9 poss\u00edvel solicitar \u00e0 coordena\u00e7\u00e3o ajustes na<\/p>\n","protected":false},"author":7,"featured_media":0,"parent":0,"menu_order":0,"comment_status":"closed","ping_status":"closed","template":"","meta":{"colormag_page_container_layout":"default_layout","colormag_page_sidebar_layout":"default_layout","footnotes":""},"class_list":["post-325","page","type-page","status-publish","hentry"],"_links":{"self":[{"href":"https:\/\/web.inf.ufpr.br\/bcc\/wp-json\/wp\/v2\/pages\/325","targetHints":{"allow":["GET"]}}],"collection":[{"href":"https:\/\/web.inf.ufpr.br\/bcc\/wp-json\/wp\/v2\/pages"}],"about":[{"href":"https:\/\/web.inf.ufpr.br\/bcc\/wp-json\/wp\/v2\/types\/page"}],"author":[{"embeddable":true,"href":"https:\/\/web.inf.ufpr.br\/bcc\/wp-json\/wp\/v2\/users\/7"}],"replies":[{"embeddable":true,"href":"https:\/\/web.inf.ufpr.br\/bcc\/wp-json\/wp\/v2\/comments?post=325"}],"version-history":[{"count":21,"href":"https:\/\/web.inf.ufpr.br\/bcc\/wp-json\/wp\/v2\/pages\/325\/revisions"}],"predecessor-version":[{"id":2204,"href":"https:\/\/web.inf.ufpr.br\/bcc\/wp-json\/wp\/v2\/pages\/325\/revisions\/2204"}],"wp:attachment":[{"href":"https:\/\/web.inf.ufpr.br\/bcc\/wp-json\/wp\/v2\/media?parent=325"}],"curies":[{"name":"wp","href":"https:\/\/api.w.org\/{rel}","templated":true}]}}