{"id":242,"date":"2017-06-22T16:31:17","date_gmt":"2017-06-22T19:31:17","guid":{"rendered":"http:\/\/web.inf.ufpr.br\/bcc\/?page_id=242"},"modified":"2022-01-27T16:50:56","modified_gmt":"2022-01-27T19:50:56","slug":"documentos","status":"publish","type":"page","link":"https:\/\/web.inf.ufpr.br\/bcc\/documentos\/","title":{"rendered":"Formul\u00e1rios"},"content":{"rendered":"<h5>Formul\u00e1rios Externos<\/h5>\n<ul>\n<li><a href=\"http:\/\/www.prograd.ufpr.br\/portal\/copap\/formularios\/\" target=\"blank\" rel=\"noopener\">PROGRAD &#8211; Formul\u00e1rios<\/a><\/li>\n<\/ul>\n<h5>Formul\u00e1rios Online<\/h5>\n<ul>\n<li><a href=\"https:\/\/forms.gle\/8V1ojrY9T1V3383s6\">Ajuste de Matr\u00edcula<\/a><\/li>\n<li><a href=\"https:\/\/forms.gle\/KzPihw2KUJRpJvYr5\">Quebra de Barreira<\/a><\/li>\n<\/ul>\n<h5>Formul\u00e1rios Internos<\/h5>\n<ul>\n<li><a href=\"http:\/\/web.inf.ufpr.br\/bcc\/wp-content\/uploads\/sites\/4\/2017\/08\/004-ficha-provavel-formando.odt\"><span lang=\"zxx\">Ficha de Prov\u00e1vel Formando<\/span><\/a><\/li>\n<li><a href=\"http:\/\/web.inf.ufpr.br\/bcc\/wp-content\/uploads\/sites\/4\/2017\/08\/Plano-de-Estudos.odt\"><span lang=\"zxx\">Plano de Estudos<\/span><\/a><\/li>\n<li><a href=\"http:\/\/web.inf.ufpr.br\/bcc\/wp-content\/uploads\/sites\/4\/2017\/08\/Autorizacao-Aula.pdf\" target=\"_blank\" rel=\"noopener\"><span lang=\"zxx\">Autoriza\u00e7\u00e3o para Assistir Aula<\/span><\/a><\/li>\n<\/ul>\n\n\n\n","protected":false},"excerpt":{"rendered":"<p>Formul\u00e1rios Externos PROGRAD &#8211; Formul\u00e1rios Formul\u00e1rios Online Ajuste de Matr\u00edcula Quebra de Barreira Formul\u00e1rios Internos Ficha de Prov\u00e1vel Formando Plano<\/p>\n","protected":false},"author":7,"featured_media":0,"parent":0,"menu_order":0,"comment_status":"closed","ping_status":"closed","template":"","meta":{"colormag_page_container_layout":"default_layout","colormag_page_sidebar_layout":"default_layout","footnotes":""},"class_list":["post-242","page","type-page","status-publish","hentry"],"_links":{"self":[{"href":"https:\/\/web.inf.ufpr.br\/bcc\/wp-json\/wp\/v2\/pages\/242","targetHints":{"allow":["GET"]}}],"collection":[{"href":"https:\/\/web.inf.ufpr.br\/bcc\/wp-json\/wp\/v2\/pages"}],"about":[{"href":"https:\/\/web.inf.ufpr.br\/bcc\/wp-json\/wp\/v2\/types\/page"}],"author":[{"embeddable":true,"href":"https:\/\/web.inf.ufpr.br\/bcc\/wp-json\/wp\/v2\/users\/7"}],"replies":[{"embeddable":true,"href":"https:\/\/web.inf.ufpr.br\/bcc\/wp-json\/wp\/v2\/comments?post=242"}],"version-history":[{"count":26,"href":"https:\/\/web.inf.ufpr.br\/bcc\/wp-json\/wp\/v2\/pages\/242\/revisions"}],"predecessor-version":[{"id":1654,"href":"https:\/\/web.inf.ufpr.br\/bcc\/wp-json\/wp\/v2\/pages\/242\/revisions\/1654"}],"wp:attachment":[{"href":"https:\/\/web.inf.ufpr.br\/bcc\/wp-json\/wp\/v2\/media?parent=242"}],"curies":[{"name":"wp","href":"https:\/\/api.w.org\/{rel}","templated":true}]}}