{"id":2288,"date":"2025-03-11T17:05:46","date_gmt":"2025-03-11T20:05:46","guid":{"rendered":"https:\/\/web.inf.ufpr.br\/bcc\/?page_id=2288"},"modified":"2025-03-11T17:05:51","modified_gmt":"2025-03-11T20:05:51","slug":"noticias","status":"publish","type":"page","link":"https:\/\/web.inf.ufpr.br\/bcc\/noticias\/","title":{"rendered":"Not\u00edcias"},"content":{"rendered":"\n<p>As not\u00edcias do curso de Bacharelado em Ci\u00eancia da Computa\u00e7\u00e3o podem ser acompanhadas no link do <a href=\"https:\/\/web.inf.ufpr.br\/dinf\/\" data-type=\"link\" data-id=\"https:\/\/web.inf.ufpr.br\/dinf\/\">DInf<\/a>.<\/p>\n","protected":false},"excerpt":{"rendered":"<p>As not\u00edcias do curso de Bacharelado em Ci\u00eancia da Computa\u00e7\u00e3o podem ser acompanhadas no link do DInf.<\/p>\n","protected":false},"author":71,"featured_media":0,"parent":0,"menu_order":0,"comment_status":"closed","ping_status":"closed","template":"","meta":{"colormag_page_container_layout":"default_layout","colormag_page_sidebar_layout":"default_layout","footnotes":""},"class_list":["post-2288","page","type-page","status-publish","hentry"],"_links":{"self":[{"href":"https:\/\/web.inf.ufpr.br\/bcc\/wp-json\/wp\/v2\/pages\/2288","targetHints":{"allow":["GET"]}}],"collection":[{"href":"https:\/\/web.inf.ufpr.br\/bcc\/wp-json\/wp\/v2\/pages"}],"about":[{"href":"https:\/\/web.inf.ufpr.br\/bcc\/wp-json\/wp\/v2\/types\/page"}],"author":[{"embeddable":true,"href":"https:\/\/web.inf.ufpr.br\/bcc\/wp-json\/wp\/v2\/users\/71"}],"replies":[{"embeddable":true,"href":"https:\/\/web.inf.ufpr.br\/bcc\/wp-json\/wp\/v2\/comments?post=2288"}],"version-history":[{"count":1,"href":"https:\/\/web.inf.ufpr.br\/bcc\/wp-json\/wp\/v2\/pages\/2288\/revisions"}],"predecessor-version":[{"id":2290,"href":"https:\/\/web.inf.ufpr.br\/bcc\/wp-json\/wp\/v2\/pages\/2288\/revisions\/2290"}],"wp:attachment":[{"href":"https:\/\/web.inf.ufpr.br\/bcc\/wp-json\/wp\/v2\/media?parent=2288"}],"curies":[{"name":"wp","href":"https:\/\/api.w.org\/{rel}","templated":true}]}}