{"id":2280,"date":"2025-03-11T16:58:25","date_gmt":"2025-03-11T19:58:25","guid":{"rendered":"https:\/\/web.inf.ufpr.br\/bcc\/?page_id=2280"},"modified":"2025-04-08T15:25:12","modified_gmt":"2025-04-08T18:25:12","slug":"nucleo-docente-estruturante","status":"publish","type":"page","link":"https:\/\/web.inf.ufpr.br\/bcc\/nucleo-docente-estruturante\/","title":{"rendered":"N\u00facleo Docente Estruturante"},"content":{"rendered":"\n<p><\/p>\n\n\n\n<h2 class=\"wp-block-heading\"><strong>Membros do NDE (N\u00facleo Docente Estruturante):<\/strong><\/h2>\n\n\n\n<ul class=\"wp-block-list\">\n<li>Andr\u00e9 Lu\u00eds Pires Guedes<\/li>\n\n\n\n<li>Natasha Valentim<\/li>\n\n\n\n<li>Luiz Carlos Pessoa Albini<\/li>\n\n\n\n<li>Marcos Alexandre Castilho<\/li>\n\n\n\n<li>Roberto Pereira<br><\/li>\n<\/ul>\n\n\n\n<h2 class=\"wp-block-heading\"><strong>Atas<\/strong><\/h2>\n\n\n\n<p>As atas das reuni\u00f5es do NDE est\u00e3o dispon\u00edveis&nbsp;<a href=\"https:\/\/web.inf.ufpr.br\/bcc\/atas-nde\/\" data-type=\"page\" data-id=\"2282\">aqui<\/a>.<\/p>\n\n\n\n<p><\/p>\n","protected":false},"excerpt":{"rendered":"<p>Membros do NDE (N\u00facleo Docente Estruturante): Atas As atas das reuni\u00f5es do NDE est\u00e3o dispon\u00edveis&nbsp;aqui.<\/p>\n","protected":false},"author":71,"featured_media":0,"parent":0,"menu_order":0,"comment_status":"closed","ping_status":"closed","template":"","meta":{"colormag_page_container_layout":"default_layout","colormag_page_sidebar_layout":"default_layout","footnotes":""},"class_list":["post-2280","page","type-page","status-publish","hentry"],"_links":{"self":[{"href":"https:\/\/web.inf.ufpr.br\/bcc\/wp-json\/wp\/v2\/pages\/2280","targetHints":{"allow":["GET"]}}],"collection":[{"href":"https:\/\/web.inf.ufpr.br\/bcc\/wp-json\/wp\/v2\/pages"}],"about":[{"href":"https:\/\/web.inf.ufpr.br\/bcc\/wp-json\/wp\/v2\/types\/page"}],"author":[{"embeddable":true,"href":"https:\/\/web.inf.ufpr.br\/bcc\/wp-json\/wp\/v2\/users\/71"}],"replies":[{"embeddable":true,"href":"https:\/\/web.inf.ufpr.br\/bcc\/wp-json\/wp\/v2\/comments?post=2280"}],"version-history":[{"count":3,"href":"https:\/\/web.inf.ufpr.br\/bcc\/wp-json\/wp\/v2\/pages\/2280\/revisions"}],"predecessor-version":[{"id":2332,"href":"https:\/\/web.inf.ufpr.br\/bcc\/wp-json\/wp\/v2\/pages\/2280\/revisions\/2332"}],"wp:attachment":[{"href":"https:\/\/web.inf.ufpr.br\/bcc\/wp-json\/wp\/v2\/media?parent=2280"}],"curies":[{"name":"wp","href":"https:\/\/api.w.org\/{rel}","templated":true}]}}