{"id":2273,"date":"2025-03-11T15:38:56","date_gmt":"2025-03-11T18:38:56","guid":{"rendered":"https:\/\/web.inf.ufpr.br\/bcc\/?page_id=2273"},"modified":"2025-03-11T15:38:59","modified_gmt":"2025-03-11T18:38:59","slug":"producao-academica-graduacao","status":"publish","type":"page","link":"https:\/\/web.inf.ufpr.br\/bcc\/producao-academica-graduacao\/","title":{"rendered":"Produ\u00e7\u00e3o Acad\u00eamica (Gradua\u00e7\u00e3o)"},"content":{"rendered":"\n<p>Produ\u00e7\u00f5es cient\u00edficas de discentes do BCC\/UFPR no per\u00edodo 2021-2024.<\/p>\n\n\n\n<p><\/p>\n\n\n\n<h2 class=\"wp-block-heading\"><strong>2024<\/strong><\/h2>\n\n\n\n<p>Anderson Fras\u00e3o, A; Heinrich, T.; Fulber-Garcia, V.; Will, N.; Obelheiro, R.; Maziero, C. &#8220;I See Syscalls by the Seashore: An Anomaly-based IDS for Containers Leveraging Sysdig Data&#8221;. IEEE Symposium on Computers and Communications (IEEE ISCC), 2024.<\/p>\n\n\n\n<p>Dalmazo, L. M. T.; Duarte, L. C.; Silva, M. O.; Sepulveda, R. M.; Bombardelli, Felipe Gustavo; Todt, E. All too well: Survey on Robots in RoboCup@Home Brazil. In: V Brazilian Humanoid Robot Workshop (BRAHUR) and the VI Brazilian Workshop on Service Robotics (BRASERO), 2024, Curitiba.<\/p>\n\n\n\n<p>Pietro Melzi, Ruben Tolosana, Ruben Vera-Rodriguez, Minchul Kim, Christian Rathgeb, Xiaoming Liu, Ivan DeAndres-Tame, Aythami Morales, Julian Fierrez, Javier Ortega-Garcia, Weisong Zhao, Xiangyu Zhu, Zheyu Yan, Xiao-Yu Zhang, Jinlin Wu, Zhen Lei, Suvidha Tripathi, Mahak Kothari, Md Haider Zama, Debayan Deb, Bernardo Biesseck, Pedro Vidal, Roger Granada, Guilherme Fickel, Gustavo F\u00fchr, David Menotti, Alexander Unnervik, Anjith George, Christophe Ecabert, Hatef Otroshi Shahreza, Parsa Rahimi, S\u00e9bastien Marcel, Ioannis Sarridis, Christos Koutlis, Georgia Baltsou, Symeon Papadopoulos, Christos Diou, Nicol\u00f2 Di Domenico, Guido Borghi, Lorenzo Pellegrini, Enrique Mas-Candela, \u00c1ngela S\u00e1nchez-P\u00e9rez, Andrea Atzori, Fadi Boutros, Naser Damer, Gianni Fenu, Mirko Marras. FRCSyn-onGoing: Benchmarking and comprehensive evaluation of real and synthetic data to improve face recognition systems. Information Fusion, v. 1, p. 102322, 2024.<\/p>\n\n\n\n<p>Melzi, P. ; Tolosana, R. ; Vera-Rodriguez, R. ; Kim, M. ; Biesseck, B. ; Vidal, P. B. Q. ; Granada, Roger Leitzke ; Fickel, G. ; Fuhr, G. ; Menotti, D. FRCSyn Challenge at WACV 2024: Face Recognition Challenge in the Era of Synthetic Data. In: Proceedings of the IEEE\/CVF Winter Conference on Applications of Computer Vision (WACV) Workshops, 2024. WACV 2024 Workshops, 2024. p. 892-901.<\/p>\n\n\n\n<p><\/p>\n\n\n\n<h2 class=\"wp-block-heading\"><strong>2023<\/strong><\/h2>\n\n\n\n<p>Carneiro, Alexandre; Santos, Lucas ; Silva, Deivid ; Valentim, Natasha. Desenvolvimento e avalia\u00e7\u00e3o da plataforma web TAEP4.0 para apoiar projetos educacionais baseados na Educa\u00e7\u00e3o 4.0. In: Computer on the Beach, 2023. p. 256. DOI: http:\/\/dx.doi.org\/10.14210\/cotb.v14.p256-263<\/p>\n\n\n\n<p>C. Helpa, T. Heinrich, M. Botacin, N. Will, R. Obelheiro, C. Maziero (UFPR). Uma Estrat\u00e9gia Din\u00e2mica para a Detec\u00e7\u00e3o de Anomalias em Bin\u00e1rios WebAssembly. XXIII Simp\u00f3sio Brasileiro em Seguran\u00e7a da Informa\u00e7\u00e3o e de Sistemas Computacionais (SBSeg), 2023.<\/p>\n\n\n\n<p>Andr\u00e9 Vignatti, Guilherme C. Boneti, Renato S. de Melo. Maximizing Influence Blocking with Competing Cascades using Integer Linear Programming. In SBPO 2023 &#8211; Anais Do Simp\u00f3sio Brasileiro De Pesquisa Operacional.<\/p>\n\n\n\n<p>Andr\u00e9 Vignatti, Fernando F. Druszcz. Citation Disparity in Sub-Areas of Brazilian Computer Science. In WPCCG 2023 &#8211; V Workshop de Pesquisa em Computa\u00e7\u00e3o dos Campos Gerais.<\/p>\n\n\n\n<p>Camargo, L. S. ; Rocha, H. F. ; Nascimento, L. S. ; Hara, Carmem S. Coleta de Dados do Instagram sobre Ocorr\u00eancias de Caravelas-Portuguesas na Costa Brasileira. In: Escola Regional de Banco de Dados, 2023, Palmas. Anais da XVIII Escola Regional de Banco de Dados, 2023.<\/p>\n\n\n\n<p>Rocha, H. F. ; Nascimento, L. S. ; Camargo, L. S. ; Noernberg, M. ; Hara, C. S. Labelling Portuguese Man-of-War Posts Collected from Instagram. In: DOING : Intelligent Data from data to knowledge, 2023, Barcelona. Communications in Computer and Information Science, 2023. p. 369-381.<\/p>\n\n\n\n<p>Ehrenfried, H. V.; Date, V. T. V.; Todt, E. Exploring graph representation strategies for text classification. CONNECTION SCIENCE. Fator de Impacto(2022 JCR): 5,3000, v.35, p.1 &#8211; , 2023.<\/p>\n\n\n\n<p>Turossi, Marcos Tulio Costa; Ribeiro, Carlos Eduardo; Almeida, Diogo Henrique De; Silva, Mateus De Oliveira; Todt, Eduardo. A Systematic Mapping of Approaches and Techniques in Object Navigation. In: 2023 Latin American Robotics Symposium (LARS), 2023 Brazilian Symposium on Robotics (SBR), and 2023 Workshop on Robotics in Education (WRE), 2023, Salvador.<\/p>\n\n\n\n<p>Dalmazo, Luan Matheus Trindade; Hishida, Gabriel N.; Da Silva, Allan Cedric Gouvea Bruglimann Alves; Valadares, Tiago Serique; Sepulveda, Rian Marcos; Midzuno, Seijiro Yanagiya; Santos, Ketlyn Dos; Todt, Eduardo. Analysis of Dynamic PD Control Performance Compared to Standard PD in Track Follower Vehicle. In: 2023 Latin American Robotics Symposium (LARS), 2023 Brazilian Symposium on Robotics (SBR), and 2023 Workshop on Robotics in Education (WRE), 2023, Salvador.<\/p>\n\n\n\n<p>Ehrenfried, Henrique Varella; Date, Vinicius Tikara Venturi; Todt, Thomas Bianchi; Aguiar, Pedro Willian; Silva, Pedro Henrique Kochinski; Rizzardi, Nicolas Andr\u00e9; Sauer, Maria Carolina; Rodrigues, Nadja C\u00e9zar Ianzer; Todt, Eduardo. Um relato da experi\u00eancia de construir um sistema para integra\u00e7\u00e3o de dados e cria\u00e7\u00e3o de indicadores para um programa governamental. In: Congresso LatinoAmericano de Software Livre e Tecnologias Abertas (Latinoware 2023), 2023, Brasil.<\/p>\n\n\n\n<p>Sulzbach, Lucas; Bianchi Todt, Thomas; Maria Do Nascimento, Thalita; Todt, Eduardo; Domingos Tricossi Dos Santos, Pedro. Zeig Dich: Dataset para Reconhecimento de Tipos de Fonte de Jornais Hist\u00f3ricos Teuto-Brasileiros. In: Computer on the Beach, 2023, Florian\u00f3polis &#8211; Santa Catarina.<\/p>\n\n\n\n<p>Biesseck, Bernardo ; Vidal, Pedro ; Granada, Roger ; Fickel, Guilherme ; F\u00fchr, Gustavo ; Menotti, David. 3D Face Reconstruction as Complementary Data to Enhance Face Recognition. In: 2023 36th SIBGRAPI Conference on Graphics, Patterns and Images (SIBGRAPI), 2023, Rio Grande. 2023.<\/p>\n\n\n\n<p>Vidal, Pedro ; Chu, Henry ; Biesseck, Bernardo ; Granada, Roger ; F\u00fchr, Gustavo ; Menotti, David. Extending Earth Mover&#8217;s Distance to Occluded Face Verification. In: 2023 36th SIBGRAPI Conference on Graphics, Patterns and Images (SIBGRAPI), 2023, Rio Grande. 2023.<\/p>\n\n\n\n<p>Julia S B Ortiz, Carolina Moreira, Krissia Menezes, Bernardo Ferrari, De\u00f3genes Silva Junior, Roberto Pereira. Computational Thinking and Mental Models: Promoting Digital Culture in the Youth and Adult Education. Interacting with Computers, Volume 35, Issue 2, March 2023, Pages 91\u2013104, https:\/\/doi.org\/10.1093\/iwc\/iwac028<\/p>\n\n\n\n<p>Djenifer R. Pereira, Fernando M. Kiotheka, Elias P. Duarte Jr. HyperPaxos em M\u00faltiplas Inst\u00e2ncias sobre a LibPaxos: Uma Vers\u00e3o Hier\u00e1rquica do Algoritmo de Consenso Paxos. 42o Concurso de Trabalhos de Inicia\u00e7\u00e3o Cient\u00edfica (CTIC&#8217;2023) @ 43o Congresso da Sociedade Brasileira de Computa\u00e7\u00e3o (CSBC), Revista Eletr\u00f4nica de Inicia\u00e7\u00e3o Cient\u00edfica (REIC), ISSN 1519-8219, Vol. 21, No. 2, pp. 11-20.<\/p>\n\n\n\n<p>Djenifer R. Pereira, Fernando M. Kiotheka, Elias P. Duarte Jr. Uma Estrat\u00e9gia de Difus\u00e3o Agressiva para Aumentar a Vaz\u00e3o do Algoritmo de Consenso HyperPaxos. Revista de Ci\u00eancia da Computa\u00e7\u00e3o (RECiC), ISSN 2596-2701, Vol. 5, No. 1, pp. 21-27.<\/p>\n\n\n\n<p>Djenifer R. Pereira, Fernando M. Kiotheka, Elias P. Duarte Jr. Uma Estrat\u00e9gia de Difus\u00e3o Agressiva para Aumentar a Vaz\u00e3o do Algoritmo de Consenso HyperPaxos. VI Workshop de Trabalhos de Inicia\u00e7\u00e3o Cient\u00edfica e de Gradua\u00e7\u00e3o (WTG) @ XLI Simp\u00f3sio Brasileiro de Redes de Computadores e Sistemas Distribu\u00eddos (SBRC) pp. 192-199.<\/p>\n\n\n\n<p>Gabriela Stein, Luiz Antonio Rodrigues, Elias Proc\u00f3pio Duarte Jr. Utilizando o vCube para Detec\u00e7\u00e3o de Falhas em Sistemas Ass\u00edncronos. XXIV Workshop de Testes e Toler\u00e2ncia a Falhas (WTF) @ XLI Simp\u00f3sio Brasileiro de Redes de Computadores e Sistemas Distribu\u00eddos (SBRC) pp. 29-42, DOI 10.5753\/wtf.2023.800, Bras\u00edlia, DF, 2023.<\/p>\n\n\n\n<p>Jheferson Renan Borges, Elias P. Duarte Jr. vCube-CD: Armazenamento Distribu\u00eddo e El\u00e1stico de Dados no vCube com Ajuste Auton\u00f4mico de Dimens\u00f5es. XXIV Workshop de Testes e Toler\u00e2ncia a Falhas (WTF) @ XLI Simp\u00f3sio Brasileiro de Redes de Computadores e Sistemas Distribu\u00eddos (SBRC) pp. 43-51, DOI 10.5753\/wtf.2023.804, Bras\u00edlia, DF, 2023.<\/p>\n\n\n\n<p>Djenifer R. Pereira, Fernando M. Kyotheka, Edson T. Camargo, Elias P. Duarte Jr. HyperPaxos: Uma Vers\u00e3o Hier\u00e1rquica do Algoritmo de Consenso Paxos. XLI Simp\u00f3sio Brasileiro de Redes de Computadores e Sistemas Distribu\u00eddos (SBRC) pp. 476-489.<\/p>\n\n\n\n<p>Felipe Ribeiro Quiles, Jo\u00e3o Vitor Moreira, Vinicius Fulber-Garcia, Elias Proc\u00f3pio Duarte Jr. NFV-TE: Gera\u00e7\u00e3o Autom\u00e1tica de Fun\u00e7\u00f5es Virtualizadas para Engenharia de Tr\u00e1fego de Rede. Revista Eletr\u00f4nica de Inicia\u00e7\u00e3o Cient\u00edfica (REIC), ISSN 1519-8219, Vol. 21, No. 1, pp. 1-10, 2023.<\/p>\n\n\n\n<p><\/p>\n\n\n\n<h2 class=\"wp-block-heading\"><strong>2022<\/strong><\/h2>\n\n\n\n<p>Katzer, Kevin; Binder, Vin\u00edcius; Guerino, Guilherme Corredato; Valentim, Natasha M. C. U2XECS.tech: Ferramenta para Avalia\u00e7\u00e3o de Usabilidade e Experi\u00eancia de Usu\u00e1rio de Sistemas Conversacionais. In: Simp\u00f3sio Brasileiro de Fatores Humanos em Sistemas Computacionais (IHC 2022). p. 76. DOI: http:\/\/dx.doi.org\/10.5753\/ihc_estendido.2022.224841<\/p>\n\n\n\n<p>Nascimento, L. Silva ; Noernberg, M. Almeida ; Bleninger, T. Bernward ; Hausen, V. ; Pozo, A. ; Camargo, L. Silva ; Hara, C. Satie ; Nogueira J\u00fanior, M. Social media in service of marine ecology: new observations of the ghost crab Ocypode quadrata (Fabricius, 1787) scavenging on Portuguese man-of-war Physalia physalis (Linnaeus, 1758). AQUATIC ECOLOGY, v. 2022, p. 1-6, 2022.<\/p>\n\n\n\n<p>Pontarolo, Marcos Vinicius ; Ferreira, Murilo ; Schroeder, Rebeca ; Hara, Carmem S. Um Sistema para Consultar Eventos de Tr\u00e2nsito Hist\u00f3ricos do Waze. In: Simp\u00f3sio Brasileiro de Banco de Dados, 2022, Brasil. Anais Estendidos do XXXVII Simp\u00f3sio Brasileiro de Banco de Dados (SBBD Estendido 2022), 2022. p. 65-70.<\/p>\n\n\n\n<p>Cunha, Lucas Braz ; Hara, Carmem Satie ; Santos, Aldri. MobAngelo: Assist\u00eancia Emergencial em Ambientes urbanos. In: Simp\u00f3sio Brasileiro de Computa\u00e7\u00e3o Aplicada \u00e0 Sa\u00fade, 2022, Brasil. Anais Estendidos do XXII Simp\u00f3sio Brasileiro de Computa\u00e7\u00e3o Aplicada \u00e0 Sa\u00fade (SBCAS 2022), 2022. p. 62-67. (Melhor Trabalho no Concurso de Trabalhos de Inicia\u00e7\u00e3o Cient\u00edfica).<\/p>\n\n\n\n<p>Vidal, Pedro ; Granada, Roger Leitzke ; Fuuhr, Gustavo ; Testoni, Vanessa ; Menotti, David. A Benchmark on Masked Face Recognition. In: 2022 35th SIBGRAPI Conference on Graphics, Patterns and Images (SIBGRAPI), 2022, Natal. 2022.<\/p>\n\n\n\n<p>Neto, Pedro C. ; Boutros, Fadi ; Pinto, Joao Ribeiro ; Damer, Naser ; Sequeira, Ana F. ; Cardoso, Jaime S. ; Bengherabi, Messaoud ; Bousnat, Abderaouf ; Boucheta, Sana ; Hebbadj, Nesrine ; Erakin, Mustafa Ekrem ; Demir, Ugur ; Ekenel, Hazim Kemal ; De Queiroz Vidal, Pedro Beber ; Menotti, David. OCFR 2022: Competition on Occluded Face Recognition from Synthetically Generated Structure-Aware Occlusions. In: 2022 IEEE International Joint Conference on Biometrics (IJCB), 2022, Abu Dhabi. 2022.<\/p>\n\n\n\n<p>Felipe Ribeiro Quiles, Jo\u00e3o Vitor Moreira, Vinicius Fulber-Garcia, Elias P. Duarte Jr. NFV-TE: Uma Ferramenta para a Gera\u00e7\u00e3o Autom\u00e1tica de Fun\u00e7\u00f5es Virtuais Rede para Engenharia de Tr\u00e1fego. Sal\u00e3o de Ferramentas @ XL Simp\u00f3sio Brasileiro de Redes de Computadores e Sistemas Distribu\u00eddos (SBRC) pp. 1-8, Fortaleza, CE, 2022.<\/p>\n\n\n\n<p>Wellington Souza, Aurora Pozo, Elias P. Duarte Jr. SmartGossip: Difus\u00e3o Probabil\u00edstica Inteligente de Mensagens em Redes de Topologia Arbitr\u00e1ria. XXIII Workshop de Testes e Toler\u00e2ncia a Falhas (WTF) @ XL Simp\u00f3sio Brasileiro de Redes de Computadores e Sistemas Distribu\u00eddos (SBRC) pp. 1-14, Fortaleza, CE, 2022.<\/p>\n\n\n\n<p><\/p>\n\n\n\n<h2 class=\"wp-block-heading\"><strong>2021<\/strong><\/h2>\n\n\n\n<p>G. Castanhel, T. Heinrich, F. Ceschin, C. Maziero. Taking a Peek: An Evaluation of Anomaly Detection Using System Calls for Containers. In: IEEE Symposium on Computers and Communications (IEEE ISCC), 2021.<\/p>\n\n\n\n<p>Duarte, M. M. G. ; Pontarolo, M. V. ; Schroeder, R. ; Hara, Carmem S. MIDET: A Method for Indexing Traffic Events. In: Simp\u00f3sio Brasileiro de Banco de Dados, 2021, remoto. Anais do XXXVI Simp\u00f3sio Brasileiro de Banco de Dados. Porto Alegre: SBC, 2021. p. 1-12 (Men\u00e7\u00e3o Honrosa &#8211; Artigos Completos).<\/p>\n\n\n\n<p>Duarte, M. M. G. ; Pontarolo, M. V. ; Schroeder, R. ; Hara, Carmem S. Agrupamento de Eventos de Tr\u00e2nsito Baseado em Tessela\u00e7\u00e3o. In: Escola Regional de Banco de Dados, 2021, remoto. Anais da XVI Escola Regional de Banco de Dados. Porto Alegre: SBC, 2021. p. 1-8.<\/p>\n\n\n\n<p>Sodre, A. P. ; Magalhaes, D. ; Floriano, L. E. M. ; Pozo, A. T. R. ; Hara, C. ; Machado, S. COVID-19 Portal: Machine Learning Techniques Applied to the Analysis of Judicial Processes Related to the Pandemic. In: DOING : Intelligent Data from data to knowledge Workshop, 2021, Tartu, Estonia. Proc of the 2nd DOING : Intelligent Data ? from data to knowledge Workshop, 2021.<\/p>\n\n\n\n<p>Sodre, A. P. ; Floriano, L. E. M. ; Magalhaes, D. ; Aguiar, C. D. ; Pozo, A. T. R. ; Hara, Carmem S. Comparing Alternative Storage Models for Words Extracted from Legal Texts. In: SBBD &#8211; Workshop de Trabalhos de Alunos de Gradua\u00e7\u00e3o, 2021, remoto. Anais de II Workshop de Trabalhos de Alunos de Gradua\u00e7\u00e3o. Porto Alegre: SBC, 2021. p. 1-7.<\/p>\n\n\n\n<p>Baroni, L. A. ; Puska, A. ; Salgado, L. ; Pereira, R. Dark Patterns: Towards a Socio-technical Approach. In: Brazilian Symposium on Human Factors in Computing Systems, 2021, Online. IHC &#8217;21: Proceedings of the XX Brazilian Symposium on Human Factors in Computing Systems, 2021. p. 1-7.<\/p>\n\n\n\n<p><\/p>\n\n\n\n<h2 class=\"wp-block-heading\"><strong>2020<\/strong><\/h2>\n\n\n\n<p>G. Castanhel, T. Heinrich, F. Ceschin, C. Maziero. Detec\u00e7\u00e3o de Anomalias: Um Estudo Voltado na Identifica\u00e7\u00e3o de Ataques no Ambiente de Cont\u00eainer. In: Workshop de Trabalhos de Inicia\u00e7\u00e3o Cient\u00edfica e de Gradua\u00e7\u00e3o do SBSEG, 2020.<\/p>\n\n\n\n<p>Sodre, A. P. ; Floriano, L. E. M. ; Pozo, A. T. R. ; Hara, Carmem S. A Clustering Visualization Query Language. In: Encontro Nacional de Intelig\u00eancia Artificial e Computacional (ENIAC), 2020. Anais do XVII Encontro Nacional de Intelig\u00eancia Artificial e Computacional, 2020.<\/p>\n","protected":false},"excerpt":{"rendered":"<p>Produ\u00e7\u00f5es cient\u00edficas de discentes do BCC\/UFPR no per\u00edodo 2021-2024. 2024 Anderson Fras\u00e3o, A; Heinrich, T.; Fulber-Garcia, V.; Will, N.; Obelheiro,<\/p>\n","protected":false},"author":71,"featured_media":0,"parent":0,"menu_order":0,"comment_status":"closed","ping_status":"closed","template":"","meta":{"colormag_page_container_layout":"default_layout","colormag_page_sidebar_layout":"default_layout","footnotes":""},"class_list":["post-2273","page","type-page","status-publish","hentry"],"_links":{"self":[{"href":"https:\/\/web.inf.ufpr.br\/bcc\/wp-json\/wp\/v2\/pages\/2273","targetHints":{"allow":["GET"]}}],"collection":[{"href":"https:\/\/web.inf.ufpr.br\/bcc\/wp-json\/wp\/v2\/pages"}],"about":[{"href":"https:\/\/web.inf.ufpr.br\/bcc\/wp-json\/wp\/v2\/types\/page"}],"author":[{"embeddable":true,"href":"https:\/\/web.inf.ufpr.br\/bcc\/wp-json\/wp\/v2\/users\/71"}],"replies":[{"embeddable":true,"href":"https:\/\/web.inf.ufpr.br\/bcc\/wp-json\/wp\/v2\/comments?post=2273"}],"version-history":[{"count":1,"href":"https:\/\/web.inf.ufpr.br\/bcc\/wp-json\/wp\/v2\/pages\/2273\/revisions"}],"predecessor-version":[{"id":2275,"href":"https:\/\/web.inf.ufpr.br\/bcc\/wp-json\/wp\/v2\/pages\/2273\/revisions\/2275"}],"wp:attachment":[{"href":"https:\/\/web.inf.ufpr.br\/bcc\/wp-json\/wp\/v2\/media?parent=2273"}],"curies":[{"name":"wp","href":"https:\/\/api.w.org\/{rel}","templated":true}]}}