{"id":2254,"date":"2025-03-11T14:25:26","date_gmt":"2025-03-11T17:25:26","guid":{"rendered":"https:\/\/web.inf.ufpr.br\/bcc\/?page_id=2254"},"modified":"2026-02-12T09:14:11","modified_gmt":"2026-02-12T12:14:11","slug":"calendario-e-ensalamento","status":"publish","type":"page","link":"https:\/\/web.inf.ufpr.br\/bcc\/calendario-e-ensalamento\/","title":{"rendered":"Disciplinas e Ensalamento"},"content":{"rendered":"\n<h2 class=\"wp-block-heading\"><strong>Disciplinas 2026\/1<\/strong><\/h2>\n\n\n\n<p>O hor\u00e1rio das disciplinas est\u00e1 dispon\u00edvel <a href=\"https:\/\/www.inf.ufpr.br\/bcc\/periodos\/2026-1\/horario.pdf\">aqui<\/a> (vers\u00e3o com mnem\u00f4nicos <a href=\"https:\/\/www.inf.ufpr.br\/bcc\/periodos\/2026-1\/horario-mnemonico.pdf\" data-type=\"link\" data-id=\"http:\/\/web.inf.ufpr.br\/bcc\/wp-content\/uploads\/sites\/4\/2025\/12\/grade-BCC-mnemonico.pdf\">aqui<\/a>).<\/p>\n\n\n\n<p>A lista de disciplinas com os respectivos docentes pode ser acessada <a href=\"http:\/\/web.inf.ufpr.br\/bcc\/wp-content\/uploads\/sites\/4\/2025\/12\/Alocacao-2026-1.pdf\" data-type=\"attachment\" data-id=\"2304\">aqui<\/a>.<\/p>\n\n\n\n<p><\/p>\n\n\n\n<h2 class=\"wp-block-heading\"><strong>Ensalamento<\/strong><\/h2>\n\n\n\n<p>Consulte o ensalamento <a href=\"https:\/\/exatas.ufpr.br\/ensalamento\/\">aqui<\/a>.<\/p>\n\n\n\n<p><\/p>\n","protected":false},"excerpt":{"rendered":"<p>Disciplinas 2026\/1 O hor\u00e1rio das disciplinas est\u00e1 dispon\u00edvel aqui (vers\u00e3o com mnem\u00f4nicos aqui). A lista de disciplinas com os respectivos<\/p>\n","protected":false},"author":71,"featured_media":0,"parent":0,"menu_order":0,"comment_status":"closed","ping_status":"closed","template":"","meta":{"colormag_page_container_layout":"default_layout","colormag_page_sidebar_layout":"default_layout","footnotes":""},"class_list":["post-2254","page","type-page","status-publish","hentry"],"_links":{"self":[{"href":"https:\/\/web.inf.ufpr.br\/bcc\/wp-json\/wp\/v2\/pages\/2254","targetHints":{"allow":["GET"]}}],"collection":[{"href":"https:\/\/web.inf.ufpr.br\/bcc\/wp-json\/wp\/v2\/pages"}],"about":[{"href":"https:\/\/web.inf.ufpr.br\/bcc\/wp-json\/wp\/v2\/types\/page"}],"author":[{"embeddable":true,"href":"https:\/\/web.inf.ufpr.br\/bcc\/wp-json\/wp\/v2\/users\/71"}],"replies":[{"embeddable":true,"href":"https:\/\/web.inf.ufpr.br\/bcc\/wp-json\/wp\/v2\/comments?post=2254"}],"version-history":[{"count":7,"href":"https:\/\/web.inf.ufpr.br\/bcc\/wp-json\/wp\/v2\/pages\/2254\/revisions"}],"predecessor-version":[{"id":2359,"href":"https:\/\/web.inf.ufpr.br\/bcc\/wp-json\/wp\/v2\/pages\/2254\/revisions\/2359"}],"wp:attachment":[{"href":"https:\/\/web.inf.ufpr.br\/bcc\/wp-json\/wp\/v2\/media?parent=2254"}],"curies":[{"name":"wp","href":"https:\/\/api.w.org\/{rel}","templated":true}]}}