{"id":2233,"date":"2025-03-11T13:32:13","date_gmt":"2025-03-11T16:32:13","guid":{"rendered":"https:\/\/web.inf.ufpr.br\/bcc\/?page_id=2233"},"modified":"2025-03-11T13:32:15","modified_gmt":"2025-03-11T16:32:15","slug":"apoio-ao-discente","status":"publish","type":"page","link":"https:\/\/web.inf.ufpr.br\/bcc\/apoio-ao-discente\/","title":{"rendered":"Apoio ao discente"},"content":{"rendered":"\n<p><\/p>\n\n\n\n<h2 class=\"wp-block-heading\"><strong>Portal do Aluno<\/strong><\/h2>\n\n\n\n<p>O Portal do Aluno \u00e9 uma plataforma online para acessar informa\u00e7\u00f5es acad\u00eamicas.<br><br>Acesse aqui o <a href=\"https:\/\/ufpr.br\/portal-do-aluno\/\" data-type=\"link\" data-id=\"https:\/\/ufpr.br\/portal-do-aluno\/\">portal do aluno<\/a>.<\/p>\n\n\n\n<h2 class=\"wp-block-heading\"><strong>Intercampi<\/strong><\/h2>\n\n\n\n<p>A Central de Transportes disponibiliza, desde 2008, o servi\u00e7o de transporte aos alunos que necessitam se deslocar entre os campi da universidade para acompanhamento de aulas e outras atividades.<\/p>\n\n\n\n<p>Confira os <a href=\"https:\/\/pra.ufpr.br\/centran\/sobre\/onibus-intercampi\/\" data-type=\"link\" data-id=\"https:\/\/pra.ufpr.br\/centran\/sobre\/onibus-intercampi\/\">hor\u00e1rios do intercampi<\/a>.<\/p>\n\n\n\n<h2 class=\"wp-block-heading\"><strong>Restaurante Universit\u00e1rio<\/strong><\/h2>\n\n\n\n<p>Confira aqui os <a href=\"https:\/\/pra.ufpr.br\/ru\/cardapio-2\/\" data-type=\"link\" data-id=\"https:\/\/pra.ufpr.br\/ru\/cardapio-2\/\">card\u00e1pios do RUs<\/a>.<\/p>\n\n\n\n<p><\/p>\n","protected":false},"excerpt":{"rendered":"<p>Portal do Aluno O Portal do Aluno \u00e9 uma plataforma online para acessar informa\u00e7\u00f5es acad\u00eamicas. Acesse aqui o portal do<\/p>\n","protected":false},"author":71,"featured_media":0,"parent":0,"menu_order":0,"comment_status":"closed","ping_status":"closed","template":"","meta":{"colormag_page_container_layout":"default_layout","colormag_page_sidebar_layout":"default_layout","footnotes":""},"class_list":["post-2233","page","type-page","status-publish","hentry"],"_links":{"self":[{"href":"https:\/\/web.inf.ufpr.br\/bcc\/wp-json\/wp\/v2\/pages\/2233","targetHints":{"allow":["GET"]}}],"collection":[{"href":"https:\/\/web.inf.ufpr.br\/bcc\/wp-json\/wp\/v2\/pages"}],"about":[{"href":"https:\/\/web.inf.ufpr.br\/bcc\/wp-json\/wp\/v2\/types\/page"}],"author":[{"embeddable":true,"href":"https:\/\/web.inf.ufpr.br\/bcc\/wp-json\/wp\/v2\/users\/71"}],"replies":[{"embeddable":true,"href":"https:\/\/web.inf.ufpr.br\/bcc\/wp-json\/wp\/v2\/comments?post=2233"}],"version-history":[{"count":1,"href":"https:\/\/web.inf.ufpr.br\/bcc\/wp-json\/wp\/v2\/pages\/2233\/revisions"}],"predecessor-version":[{"id":2234,"href":"https:\/\/web.inf.ufpr.br\/bcc\/wp-json\/wp\/v2\/pages\/2233\/revisions\/2234"}],"wp:attachment":[{"href":"https:\/\/web.inf.ufpr.br\/bcc\/wp-json\/wp\/v2\/media?parent=2233"}],"curies":[{"name":"wp","href":"https:\/\/api.w.org\/{rel}","templated":true}]}}