{"id":220,"date":"2017-06-21T18:58:11","date_gmt":"2017-06-21T21:58:11","guid":{"rendered":"http:\/\/web.inf.ufpr.br\/bcc\/?page_id=220"},"modified":"2026-01-19T12:06:50","modified_gmt":"2026-01-19T15:06:50","slug":"normas-e-resolucoes","status":"publish","type":"page","link":"https:\/\/web.inf.ufpr.br\/bcc\/normas-e-resolucoes\/","title":{"rendered":"Regras"},"content":{"rendered":"\t\t<div data-elementor-type=\"wp-page\" data-elementor-id=\"220\" class=\"elementor elementor-220\">\n\t\t\t\t\t\t<section class=\"elementor-section elementor-top-section elementor-element elementor-element-37f9e0ed elementor-section-boxed elementor-section-height-default elementor-section-height-default\" data-id=\"37f9e0ed\" data-element_type=\"section\" data-e-type=\"section\">\n\t\t\t\t\t\t<div class=\"elementor-container elementor-column-gap-default\">\n\t\t\t\t\t<div class=\"elementor-column elementor-col-100 elementor-top-column elementor-element elementor-element-4736f7ee\" data-id=\"4736f7ee\" data-element_type=\"column\" data-e-type=\"column\">\n\t\t\t<div class=\"elementor-widget-wrap elementor-element-populated\">\n\t\t\t\t\t\t<div class=\"elementor-element elementor-element-2b0e5548 elementor-widget elementor-widget-text-editor\" data-id=\"2b0e5548\" data-element_type=\"widget\" data-e-type=\"widget\" data-widget_type=\"text-editor.default\">\n\t\t\t\t<div class=\"elementor-widget-container\">\n\t\t\t\t\t\t\t\t\t<h5>Regras da UFPR<\/h5>\n<p>Principais regulamentos da UFPR que regem a vida acad\u00eamica:<\/p>\n<ul>\n<li><a href=\"http:\/\/web.inf.ufpr.br\/bcc\/wp-content\/uploads\/sites\/4\/2022\/01\/Regimento-Geral-da-UFPR.pdf\">Regimento Geral da UFPR<\/a>.<\/li>\n<li>Resolu\u00e7\u00e3o CEPE\/UFPR <a href=\"http:\/\/web.inf.ufpr.br\/bcc\/wp-content\/uploads\/sites\/4\/2017\/06\/cepe37972.pdf\">37\/97<\/a>: controle e registro da atividade acad\u00eamica dos cursos de gradua\u00e7\u00e3o (matr\u00edcula, avalia\u00e7\u00f5es, etc).<\/li>\n<li>Resolu\u00e7\u00e3o CEPE\/UFPR <a href=\"https:\/\/soc.ufpr.br\/wp-content\/uploads\/2016\/07\/Res-92-13-CEPE-altera%C3%A7%C3%A3o-Resolu%C3%A7%C3%A3o-0610-alterado-pela-Res-39.18-1.pdf?\">92\/13<\/a>: dispensa, equival\u00eancia, adiantamento e aproveitamento de conhecimento em disciplinas.<\/li>\n<li>Resolu\u00e7\u00e3o CEPE <a href=\"http:\/\/web.inf.ufpr.br\/bcc\/wp-content\/uploads\/sites\/4\/2017\/06\/Resol_-97_15_CEPE_Trancamento_de_curso.pdf\">97-A\/15<\/a>: trancamento de curso, regulamentada pela Instru\u00e7\u00e3o Normativa PROGRAD n\u00ba <a href=\"https:\/\/web.inf.ufpr.br\/bcc\/wp-content\/uploads\/sites\/4\/2024\/09\/instr-PROGRAD-01-16-trancamento.pdf?\">01\/16<\/a>.<\/li>\n<li>Resolu\u00e7\u00e3o CEPE <a href=\"http:\/\/web.inf.ufpr.br\/bcc\/wp-content\/uploads\/sites\/4\/2022\/01\/resol-CEPE-96-2015-cancelamento-de-registro-academico.pdf\">96\/15<\/a>: cancelamento de registro acad\u00eamico (abandono, desempenho insuficiente, ultrapassagem de prazo). Seus efeitos foram suspensos com base na Resolu\u00e7\u00e3o CEPE <a href=\"https:\/\/soc.ufpr.br\/wp-content\/uploads\/2016\/07\/resolucao_cepe_04032016-1103.pdf\">01\/16<\/a> e o tratamento atual ocorre com base na Resolu\u00e7\u00e3o CEPE <a href=\"https:\/\/web.inf.ufpr.br\/bcc\/wp-content\/uploads\/sites\/4\/2017\/06\/cepe37972.pdf\">37\/97<\/a> e normas complementares.<\/li>\n<li>Resolu\u00e7\u00f5es CEPE <a href=\"http:\/\/web.inf.ufpr.br\/bcc\/wp-content\/uploads\/sites\/4\/2022\/01\/resol-CEPE-70-2004-atividades-formativas.pdf\">70\/04<\/a> e <a href=\"https:\/\/soc.ufpr.br\/wp-content\/uploads\/2018\/05\/cepe-21-18.pdf?\">21\/18<\/a>: Atividades Formativas.<\/li>\n<\/ul>\n<p>Os demais regulamentos que definem o funcionamento da UFPR podem ser encontradas na <a href=\"http:\/\/www.soc.ufpr.br\/portal\/\">Secretaria dos \u00d3rg\u00e3os Colegiados<\/a> da UFPR.<\/p>\n<h5>Regras do BCC<\/h5>\n<ul>\n<li><a href=\"https:\/\/web.inf.ufpr.br\/bcc\/wp-content\/uploads\/sites\/4\/2021\/10\/Resolucao-CEPE-41-18.pdf\">Resolu\u00e7\u00e3o CEPE\/UFPR 41\/18<\/a>: define o curr\u00edculo 2019 do curso<\/li>\n<li><a href=\"https:\/\/soc.ufpr.br\/wp-content\/uploads\/2022\/11\/Res.-60.22-CEPE-Fixa-o-Curr%C3%ADculo-Pleno-do-Curso-de-Ci%C3%AAncia-da-Computa%C3%A7%C3%A3o-do-Setor-de-Ci%C3%AAncias-Exatas..pdfhttps:\/\/soc.ufpr.br\/wp-content\/uploads\/2022\/11\/Res.-60.22-CEPE-Fixa-o-Curr%C3%ADculo-Pleno-do-Curso-de-Ci%C3%AAncia-da-Computa%C3%A7%C3%A3o-do-Setor-de-Ci%C3%AAncias-Exatas..pdf\">Resolu\u00e7\u00e3o CEPE\/UFPR\u00a0 60\/22<\/a>: define o curr\u00edculo 2023 do curso<\/li>\n<li>Regras de <a href=\"http:\/\/web.inf.ufpr.br\/bcc\/wp-content\/uploads\/sites\/4\/2024\/09\/2024-09-regras-quebra-barreira.pdf\" target=\"_blank\" rel=\"noopener\">Quebra de barreira ou pr\u00e9-requisito<\/a><\/li>\n<li>Regras de <a href=\"https:\/\/web.inf.ufpr.br\/bcc\/atividades-formativas\/fomularios-e-normas_afs\/\">Atividades formativas<\/a><\/li>\n<li>Regras de <a href=\"https:\/\/web.inf.ufpr.br\/bcc\/estagios\/formularios-e-normas\/\">Est\u00e1gio<\/a><\/li>\n<li>Regras de <a href=\"https:\/\/web.inf.ufpr.br\/bcc\/tcc\/\">Trabalho de Conclus\u00e3o de Curso<\/a><\/li>\n<li>Regras de <a href=\"http:\/\/web.inf.ufpr.br\/bcc\/wp-content\/uploads\/sites\/4\/2023\/03\/regulamento-orientacao-academica-2023.pdf\">Orienta\u00e7\u00e3o Acad\u00eamica<\/a><\/li>\n<\/ul>\n<h5>Outros documentos<\/h5>\n<ul>\n<li><a href=\"http:\/\/web.inf.ufpr.br\/bcc\/wp-content\/uploads\/sites\/4\/2024\/06\/Plano-de-acao-da-Coordenacao-2021-2024.pdf\">Plano de a\u00e7\u00e3o da coordena\u00e7\u00e3o do curso<\/a><\/li>\n<li><a href=\"http:\/\/web.inf.ufpr.br\/bcc\/wp-content\/uploads\/sites\/4\/2024\/07\/Planej-Estrategico-DINF-UFPR-2025-2035.pdf\" target=\"_blank\" rel=\"noopener\">Planejamento Estrat\u00e9gico 2025-2035<\/a><\/li>\n<\/ul>\n<p><\/p>\n<p><\/p>\t\t\t\t\t\t\t\t<\/div>\n\t\t\t\t<\/div>\n\t\t\t\t\t<\/div>\n\t\t<\/div>\n\t\t\t\t\t<\/div>\n\t\t<\/section>\n\t\t\t\t<\/div>\n\t\t","protected":false},"excerpt":{"rendered":"<p>Regras da UFPR Principais regulamentos da UFPR que regem a vida acad\u00eamica: Regimento Geral da UFPR. Resolu\u00e7\u00e3o CEPE\/UFPR 37\/97: controle<\/p>\n","protected":false},"author":7,"featured_media":0,"parent":0,"menu_order":0,"comment_status":"closed","ping_status":"closed","template":"","meta":{"colormag_page_container_layout":"default_layout","colormag_page_sidebar_layout":"default_layout","footnotes":""},"class_list":["post-220","page","type-page","status-publish","hentry"],"_links":{"self":[{"href":"https:\/\/web.inf.ufpr.br\/bcc\/wp-json\/wp\/v2\/pages\/220","targetHints":{"allow":["GET"]}}],"collection":[{"href":"https:\/\/web.inf.ufpr.br\/bcc\/wp-json\/wp\/v2\/pages"}],"about":[{"href":"https:\/\/web.inf.ufpr.br\/bcc\/wp-json\/wp\/v2\/types\/page"}],"author":[{"embeddable":true,"href":"https:\/\/web.inf.ufpr.br\/bcc\/wp-json\/wp\/v2\/users\/7"}],"replies":[{"embeddable":true,"href":"https:\/\/web.inf.ufpr.br\/bcc\/wp-json\/wp\/v2\/comments?post=220"}],"version-history":[{"count":40,"href":"https:\/\/web.inf.ufpr.br\/bcc\/wp-json\/wp\/v2\/pages\/220\/revisions"}],"predecessor-version":[{"id":2358,"href":"https:\/\/web.inf.ufpr.br\/bcc\/wp-json\/wp\/v2\/pages\/220\/revisions\/2358"}],"wp:attachment":[{"href":"https:\/\/web.inf.ufpr.br\/bcc\/wp-json\/wp\/v2\/media?parent=220"}],"curies":[{"name":"wp","href":"https:\/\/api.w.org\/{rel}","templated":true}]}}