{"id":2122,"date":"2023-11-10T17:33:58","date_gmt":"2023-11-10T20:33:58","guid":{"rendered":"https:\/\/web.inf.ufpr.br\/bcc\/?page_id=2122"},"modified":"2023-11-10T17:37:12","modified_gmt":"2023-11-10T20:37:12","slug":"orientacao-academica","status":"publish","type":"page","link":"https:\/\/web.inf.ufpr.br\/bcc\/orientacao-academica\/","title":{"rendered":"Orienta\u00e7\u00e3o Acad\u00eamica"},"content":{"rendered":"<p>O Programa de Orienta\u00e7\u00e3o Acad\u00eamica visa orientar estudantes em sua trajet\u00f3ria acad\u00eamica nos cursos de gradua\u00e7\u00e3o e de educa\u00e7\u00e3o profissional, no intuito de identificar preventivamente e criar solu\u00e7\u00f5es para a supera\u00e7\u00e3o de obst\u00e1culos ao processo de ensino-aprendizagem, reduzindo a reten\u00e7\u00e3o e a evas\u00e3o.<\/p>\n<p>O Programa de Orienta\u00e7\u00e3o Acad\u00eamica segue os princ\u00edpios de tutoria, no qual o discente \u00e9 acompanhado por um tutor, cuja fun\u00e7\u00e3o \u00e9 orientar sua trajet\u00f3ria estudantil quanto ao curr\u00edculo do curso e \u00e0s escolhas a serem feitas.<\/p>\n<p>Neste curso, a Orienta\u00e7\u00e3o Acad\u00eamica \u00e9 feita por convite aos discentes cujo desempenho acad\u00eamico n\u00e3o esteja satisfat\u00f3rio. A participa\u00e7\u00e3o no programa n\u00e3o \u00e9 obrigat\u00f3ria, embora seja recomendada.<\/p>\n<p>Mais informa\u00e7\u00f5es:<\/p>\n<ul>\n<li><a href=\"http:\/\/web.inf.ufpr.br\/bcc\/wp-content\/uploads\/sites\/4\/2023\/11\/Resolucao-CEPE-95A-15-programa-de-orientacao-academica.pdf\">Resolu\u00e7\u00e3o CEPE\/UFPR 95A\/2015<\/a><\/li>\n<li><a href=\"http:\/\/web.inf.ufpr.br\/bcc\/wp-content\/uploads\/sites\/4\/2023\/03\/regulamento-orientacao-academica-2023.pdf\">Regulamento de Orienta\u00e7\u00e3o Acad\u00eamica do curso<\/a><\/li>\n<\/ul>\n","protected":false},"excerpt":{"rendered":"<p>O Programa de Orienta\u00e7\u00e3o Acad\u00eamica visa orientar estudantes em sua trajet\u00f3ria acad\u00eamica nos cursos de gradua\u00e7\u00e3o e de educa\u00e7\u00e3o profissional,<\/p>\n","protected":false},"author":71,"featured_media":0,"parent":0,"menu_order":0,"comment_status":"closed","ping_status":"closed","template":"","meta":{"colormag_page_container_layout":"default_layout","colormag_page_sidebar_layout":"default_layout","footnotes":""},"class_list":["post-2122","page","type-page","status-publish","hentry"],"_links":{"self":[{"href":"https:\/\/web.inf.ufpr.br\/bcc\/wp-json\/wp\/v2\/pages\/2122","targetHints":{"allow":["GET"]}}],"collection":[{"href":"https:\/\/web.inf.ufpr.br\/bcc\/wp-json\/wp\/v2\/pages"}],"about":[{"href":"https:\/\/web.inf.ufpr.br\/bcc\/wp-json\/wp\/v2\/types\/page"}],"author":[{"embeddable":true,"href":"https:\/\/web.inf.ufpr.br\/bcc\/wp-json\/wp\/v2\/users\/71"}],"replies":[{"embeddable":true,"href":"https:\/\/web.inf.ufpr.br\/bcc\/wp-json\/wp\/v2\/comments?post=2122"}],"version-history":[{"count":2,"href":"https:\/\/web.inf.ufpr.br\/bcc\/wp-json\/wp\/v2\/pages\/2122\/revisions"}],"predecessor-version":[{"id":2127,"href":"https:\/\/web.inf.ufpr.br\/bcc\/wp-json\/wp\/v2\/pages\/2122\/revisions\/2127"}],"wp:attachment":[{"href":"https:\/\/web.inf.ufpr.br\/bcc\/wp-json\/wp\/v2\/media?parent=2122"}],"curies":[{"name":"wp","href":"https:\/\/api.w.org\/{rel}","templated":true}]}}