{"id":2102,"date":"2023-11-10T16:34:17","date_gmt":"2023-11-10T19:34:17","guid":{"rendered":"https:\/\/web.inf.ufpr.br\/bcc\/?page_id=2102"},"modified":"2023-11-10T17:14:25","modified_gmt":"2023-11-10T20:14:25","slug":"extensao","status":"publish","type":"page","link":"https:\/\/web.inf.ufpr.br\/bcc\/extensao\/","title":{"rendered":"Extens\u00e3o"},"content":{"rendered":"\n<p>A extens\u00e3o universit\u00e1ria curricular consiste na intera\u00e7\u00e3o transformadora entre as institui\u00e7\u00f5es de ensino superior e os outros setores da sociedade, por meio da produ\u00e7\u00e3o e da aplica\u00e7\u00e3o do conhecimento, em articula\u00e7\u00e3o permanente com o ensino e a pesquisa.<\/p>\n<p>A Resolu\u00e7\u00e3o 7 de 18\/dez\/2018 do Conselho Nacional de Educa\u00e7\u00e3o (CNE\/MEC) determinou que &#8220;<em>Art. 4\u00ba As atividades de extens\u00e3o devem compor, no m\u00ednimo, 10% do total da carga hor\u00e1ria curricular estudantil dos cursos de gradua\u00e7\u00e3o, as quais dever\u00e3o fazer parte da matriz curricular dos cursos<\/em>&#8220;.<\/p>\n<p><strong>Os alunos do curso de BCC ingressantes a partir de 2023 devem cumprir 320 horas de atividades extensionistas obrigat\u00f3rias ao longo do curso<\/strong>. Essa carga hor\u00e1ria \u00e9 contemplada basicamente pelos TCCs extensionistas TCC-1 (CI1121) e TCC-2 (CI1122), com 160 horas cada, que devem estar vinculados a projetos de extens\u00e3o da UFPR. Al\u00e9m dos TCCs extensionistas, ou no lugar deles, o aluno tamb\u00e9m pode buscar suas horas de extens\u00e3o em projetos ou atividades de extens\u00e3o devidamente cadastrados na PROEC &#8211; Pr\u00f3-Reitoria de Extens\u00e3o Comunit\u00e1ria, nas seguintes categorias:<\/p>\n<ul>\n<li>ACE I &#8211; disciplina introdut\u00f3ria optativa de Fundamenta\u00e7\u00e3o da Extens\u00e3o de at\u00e9 30 horas;<\/li>\n<li>ACE II &#8211; disciplinas de car\u00e1ter obrigat\u00f3rio (CI1121 e CI1122) e disciplinas de car\u00e1ter optativo com previs\u00e3o de uma parte ou da totalidade da carga hor\u00e1ria destinada \u00e0 participa\u00e7\u00e3o em a\u00e7\u00f5es de Programas ou Projetos de Extens\u00e3o;<\/li>\n<li>ACE III &#8211; participa\u00e7\u00e3o estudantil em Programas ou Projetos de Extens\u00e3o da UFPR;<\/li>\n<li>ACE IV &#8211; participa\u00e7\u00e3o estudantil como integrante da equipe organizadora e\/ou ministrante de cursos e eventos ou participante de a\u00e7\u00f5es de presta\u00e7\u00e3o de servi\u00e7o, que estejam todos vinculados a Programas ou Projetos de Extens\u00e3o;<\/li>\n<li>ACE V &#8211; participa\u00e7\u00e3o estudantil em Programas ou Projetos de Extens\u00e3o em outras Institui\u00e7\u00f5es de Ensino Superior (IES) com parceria conforme Resolu\u00e7\u00e3o<br \/>86\/2020-CEPE\/UFPR.<\/li>\n<\/ul>\n<p>Mais informa\u00e7\u00f5es:<\/p>\n<ul>\n<li><a href=\"http:\/\/web.inf.ufpr.br\/bcc\/wp-content\/uploads\/sites\/4\/2023\/11\/regulamento-extensao-2023.pdf\">Regulamento de extens\u00e3o do curso<\/a><\/li>\n<li><a href=\"http:\/\/web.inf.ufpr.br\/bcc\/wp-content\/uploads\/sites\/4\/2023\/11\/resol-CEPE-57-19-atividades-de-extensao.pdf\">Resolu\u00e7\u00e3o CEPE\/UFPR 57\/2019<\/a><\/li>\n<li><a href=\"http:\/\/web.inf.ufpr.br\/bcc\/wp-content\/uploads\/sites\/4\/2023\/11\/resol-86-20-CEPE-creditacao-da-extensao.pdf\">Resolu\u00e7\u00e3o CEPE\/UFPR 86\/2020<\/a><\/li>\n<li><a href=\"http:\/\/web.inf.ufpr.br\/bcc\/wp-content\/uploads\/sites\/4\/2023\/11\/resol-CNE-MEC-7-18-1.pdf\">Resolu\u00e7\u00e3o CNE\/MEC 7\/2018<\/a><\/li>\n<\/ul>\n<p>\u00a0<\/p>\n","protected":false},"excerpt":{"rendered":"","protected":false},"author":71,"featured_media":0,"parent":0,"menu_order":0,"comment_status":"closed","ping_status":"closed","template":"","meta":{"colormag_page_container_layout":"default_layout","colormag_page_sidebar_layout":"default_layout","footnotes":""},"class_list":["post-2102","page","type-page","status-publish","hentry"],"_links":{"self":[{"href":"https:\/\/web.inf.ufpr.br\/bcc\/wp-json\/wp\/v2\/pages\/2102","targetHints":{"allow":["GET"]}}],"collection":[{"href":"https:\/\/web.inf.ufpr.br\/bcc\/wp-json\/wp\/v2\/pages"}],"about":[{"href":"https:\/\/web.inf.ufpr.br\/bcc\/wp-json\/wp\/v2\/types\/page"}],"author":[{"embeddable":true,"href":"https:\/\/web.inf.ufpr.br\/bcc\/wp-json\/wp\/v2\/users\/71"}],"replies":[{"embeddable":true,"href":"https:\/\/web.inf.ufpr.br\/bcc\/wp-json\/wp\/v2\/comments?post=2102"}],"version-history":[{"count":3,"href":"https:\/\/web.inf.ufpr.br\/bcc\/wp-json\/wp\/v2\/pages\/2102\/revisions"}],"predecessor-version":[{"id":2114,"href":"https:\/\/web.inf.ufpr.br\/bcc\/wp-json\/wp\/v2\/pages\/2102\/revisions\/2114"}],"wp:attachment":[{"href":"https:\/\/web.inf.ufpr.br\/bcc\/wp-json\/wp\/v2\/media?parent=2102"}],"curies":[{"name":"wp","href":"https:\/\/api.w.org\/{rel}","templated":true}]}}