{"id":18,"date":"2017-05-31T17:16:53","date_gmt":"2017-05-31T20:16:53","guid":{"rendered":"http:\/\/web.inf.ufpr.br\/bcc\/?page_id=18"},"modified":"2025-04-01T17:00:03","modified_gmt":"2025-04-01T20:00:03","slug":"atividades-estudantis","status":"publish","type":"page","link":"https:\/\/web.inf.ufpr.br\/bcc\/atividades-estudantis\/","title":{"rendered":"Atividades estudantis"},"content":{"rendered":"<p>Al\u00e9m das disciplinas obrigat\u00f3rias, optativas, est\u00e1gio obrigat\u00f3rio e trabalho de gradua\u00e7\u00e3o, o aluno pode exercer atividades complementares durante o curso de Bacharelado em Ci\u00eancia da Computa\u00e7\u00e3o. Essas atividades podem ser realizadas dentro do ambiente universit\u00e1rio (PET, Inicia\u00e7\u00e3o Cient\u00edfica, Empresa J\u00fanior, Representa\u00e7\u00e3o Discente e Monitoria) ou no mercado de trabalho (Est\u00e1gios). Mais informa\u00e7\u00f5es a respeito na <a href=\"http:\/\/www.prae.ufpr.br\/\" target=\"_blank\" rel=\"noopener\">Pr\u00f3-Reitoria de Assuntos Estudantis<\/a>.<\/p>\n<h5>Assist\u00eancia Estudantil<\/h5>\n<p>As atividades da Pr\u00f3-Reitoria de Pertencimento e Pol\u00edticas de Perman\u00eancia Estudantil (P4E) concentram-se no desenvolvimento e acompanhamento de programas de apoio e a\u00e7\u00f5es que contemplem uma abordagem integral, onde a assist\u00eancia n\u00e3o fique restrita \u00e0 manuten\u00e7\u00e3o e sobreviv\u00eancia da aluna e do aluno na institui\u00e7\u00e3o, mas que contribua efetivamente para a sua forma\u00e7\u00e3o individual e global.<\/p>\n<p>Maiores informa\u00e7\u00f5es para assist\u00eancia estudantil:\u00a0<a href=\"http:\/\/www.prae.ufpr.br\/prae\/atendimento\/\">http:\/\/www.prae.ufpr.br\/prae\/atendimento\/.<\/a><\/p>\n<p>Maiores informa\u00e7\u00f5es para programas da Universidade: <a href=\"http:\/\/www.prae.ufpr.br\/prae\/programas-da-prae\/\">http:\/\/www.prae.ufpr.br\/prae\/programas-da-prae\/.<\/a><\/p>\n<h5>Centro Acad\u00eamico<\/h5>\n<p>Os centros acad\u00eamicos da UFPR congregam os alunos dos cursos em diversas atividades e os representam perante as inst\u00e2ncias administrativas da institui\u00e7\u00e3o (curso, departamento, setor e conselhos superiores). No BCC, o <a href=\"https:\/\/caad.inf.ufpr.br\/\">Centro Acad\u00eamico Alexandre Direne<\/a> (CAAD) desempenha essa fun\u00e7\u00e3o.<\/p>\n<h5>PET<\/h5>\n<p>O Programa de Educa\u00e7\u00e3o Tutorial (PET) \u00e9 um programa do Governo Federal que mant\u00e9m grupos de educa\u00e7\u00e3o tutorial em cursos de gradua\u00e7\u00e3o de universidades p\u00fablicas de todo o Brasil. Tem como objetivos contribuir para a qualidade da forma\u00e7\u00e3o acad\u00eamica, formular estrat\u00e9gias de desenvolvimento e moderniza\u00e7\u00e3o do ensino superior e estimular o esp\u00edrito cr\u00edtico e a atua\u00e7\u00e3o profissional pautada pela \u00e9tica, cidadania e pela fun\u00e7\u00e3o social da educa\u00e7\u00e3o superior.<\/p>\n<p>Para mais informa\u00e7\u00f5es acesse o <a href=\"http:\/\/pet.inf.ufpr.br\/\" target=\"_blank\" rel=\"noopener\">grupo PET<\/a> do Curso de Ci\u00eancia da Computa\u00e7\u00e3o.<\/p>\n<h5>Representa\u00e7\u00e3o Discente<\/h5>\n<p>Os alunos do curso de Bacharelado em Ci\u00eancia da Computa\u00e7\u00e3o tem a oportunidade de representar os demais alunos (colegas de curso) nas reuni\u00f5es do colegiado do curso e nas plen\u00e1rias do Departamento de Inform\u00e1tica. Tais atividades estimulam outras habilidades, al\u00e9m daquelas relacionadas \u00e0 inform\u00e1tica, e buscam a forma\u00e7\u00e3o mais completa como cidad\u00e3os. Os representantes discentes s\u00e3o indicados pelo Centro Acad\u00eamico (CAAD).<\/p>\n<h5>Monitoria<\/h5>\n<p>A monitoria como atividade de inicia\u00e7\u00e3o \u00e0 doc\u00eancia visa o desenvolvimento das habilidades de ensino. Para que seja exercida com qualidade, exige o envolvimento do estudante-monitor com a disciplina, o professor, a metodologia adotada e os estudantes matriculados na disciplina. Os programas oficiais de monitoria PID (<em>Programa de Inicia\u00e7\u00e3o \u00e0 Doc\u00eancia<\/em>) e PIM (<em>Programa Institucional de Monitoria<\/em>) s\u00e3o atividades eminentemente volunt\u00e1rias, com foco no desenvolvimento acad\u00eamico dos estudantes. O departamento de Inform\u00e1tica participa dos programas PID e PIM.<\/p>\n<p>Mais informa\u00e7\u00f5es:<\/p>\n<ul>\n<li><a href=\"http:\/\/www.prograd.ufpr.br\/portal\/coafe\/uaf\/monitoria\/\" target=\"_blank\" rel=\"noopener\">Monitoria (PROGRAD)<\/a><\/li>\n<li><a href=\"http:\/\/www.inf.ufpr.br\/Monitoria\">Processo Seletivo de monitores do Departamento de Inform\u00e1tica<\/a><\/li>\n<li>Comiss\u00e3o de monitoria: <a href=\"mailto:monitoria@listas.inf.ufpr.br\">monitoria@listas.inf.ufpr.br<\/a><\/li>\n<\/ul>\n<h5>\u00a0<\/h5>\n<h5>Programa de Voluntariado Acad\u00eamico (PVA)<\/h5>\n<p>O Programa de Voluntariado Acad\u00eamico visa oportunizar a participa\u00e7\u00e3o do corpo discente em atividades acad\u00eamicas de natureza educacional e cient\u00edfica, sob a orienta\u00e7\u00e3o de um (a) Professor (a),\u00a0no \u00e2mbito da Universidade Federal do Paran\u00e1. Maiores informa\u00e7\u00f5es atrav\u00e9s do link <a href=\"http:\/\/www.prograd.ufpr.br\/portal\/coafe\/uaf\/pva\/\">PVA<\/a>.<\/p>\n<h5>Inicia\u00e7\u00e3o Cient\u00edfica (IC)<\/h5>\n<p>A Inicia\u00e7\u00e3o Cient\u00edfica \u00e9 uma \u00f3tima oportunidade para os alunos de gradua\u00e7\u00e3o de iniciarem o seu contato com a pesquisa, aprendendo a realizar e documentar pesquisas cient\u00edficas. Mais informa\u00e7\u00f5es sobre a IC podem ser encontradas <a href=\"https:\/\/web.inf.ufpr.br\/bcc\/iniciacao-cientifica\/\">aqui<\/a> e no link da <a href=\"https:\/\/www.prppg.ufpr.br\/site\/pb\/ic\/\">PRPPG<\/a>.<\/p>\n<h5>Est\u00e1gios<\/h5>\n<p><a href=\"https:\/\/web.inf.ufpr.br\/bcc\/estagios\/formularios-e-normas\/\" target=\"_blank\" rel=\"noopener\">Regulamento de est\u00e1gios do BCC<\/a><\/p>\n<h5>Bolsa Perman\u00eancia<\/h5>\n<p>O Programa de Bolsa Perman\u00eancia oferece ao aluno condi\u00e7\u00f5es para a continuidade da vida acad\u00eamica, como o custeio de gastos com transporte, alimenta\u00e7\u00e3o e aquisi\u00e7\u00e3o de parte de material did\u00e1tico. Tem como pressuposto proporcionar experi\u00eancia profissional, em n\u00edvel t\u00e9cnico e administrativo, complementando a forma\u00e7\u00e3o acad\u00eamica, e sobretudo garantir a perman\u00eancia do aluno na universidade.<\/p>\n<p>Para maiores informa\u00e7\u00f5es, acesse o site da <a href=\"http:\/\/www.prae.ufpr.br\">Pr\u00f3-Reitoria de Assuntos Estudantis<\/a>.<\/p>\n<h5>Empresa J\u00fanior de Inform\u00e1tica &#8211; ECOMP<\/h5>\n<p>A ECOMP \u00e9 a Empresa J\u00fanior de Inform\u00e1tica da Universidade Federal do Paran\u00e1. Nesta unidade, trabalha-se com desenvolvimento de sites e aplica\u00e7\u00f5es web. Al\u00e9m disto, o seu objetivo \u00e9 formar membros empreendedores e bem capacitados tecnicamente, que possam impactar a sociedade.<\/p>\n<p>Maiores informa\u00e7\u00f5es atrav\u00e9s do link\u00a0<a href=\"https:\/\/ecomp.co.\">ECOMP.<\/a><\/p>\n\n","protected":false},"excerpt":{"rendered":"<p>Al\u00e9m das disciplinas obrigat\u00f3rias, optativas, est\u00e1gio obrigat\u00f3rio e trabalho de gradua\u00e7\u00e3o, o aluno pode exercer atividades complementares durante o curso<\/p>\n","protected":false},"author":13,"featured_media":0,"parent":0,"menu_order":0,"comment_status":"closed","ping_status":"closed","template":"","meta":{"colormag_page_container_layout":"default_layout","colormag_page_sidebar_layout":"default_layout","footnotes":""},"class_list":["post-18","page","type-page","status-publish","hentry"],"_links":{"self":[{"href":"https:\/\/web.inf.ufpr.br\/bcc\/wp-json\/wp\/v2\/pages\/18","targetHints":{"allow":["GET"]}}],"collection":[{"href":"https:\/\/web.inf.ufpr.br\/bcc\/wp-json\/wp\/v2\/pages"}],"about":[{"href":"https:\/\/web.inf.ufpr.br\/bcc\/wp-json\/wp\/v2\/types\/page"}],"author":[{"embeddable":true,"href":"https:\/\/web.inf.ufpr.br\/bcc\/wp-json\/wp\/v2\/users\/13"}],"replies":[{"embeddable":true,"href":"https:\/\/web.inf.ufpr.br\/bcc\/wp-json\/wp\/v2\/comments?post=18"}],"version-history":[{"count":34,"href":"https:\/\/web.inf.ufpr.br\/bcc\/wp-json\/wp\/v2\/pages\/18\/revisions"}],"predecessor-version":[{"id":2323,"href":"https:\/\/web.inf.ufpr.br\/bcc\/wp-json\/wp\/v2\/pages\/18\/revisions\/2323"}],"wp:attachment":[{"href":"https:\/\/web.inf.ufpr.br\/bcc\/wp-json\/wp\/v2\/media?parent=18"}],"curies":[{"name":"wp","href":"https:\/\/api.w.org\/{rel}","templated":true}]}}