{"id":1731,"date":"2022-04-28T16:08:14","date_gmt":"2022-04-28T19:08:14","guid":{"rendered":"https:\/\/web.inf.ufpr.br\/bcc\/?page_id=1731"},"modified":"2023-10-06T12:58:43","modified_gmt":"2023-10-06T15:58:43","slug":"grade-e-corpo-docente","status":"publish","type":"page","link":"https:\/\/web.inf.ufpr.br\/bcc\/grade-e-corpo-docente\/","title":{"rendered":"Grade e corpo docente"},"content":{"rendered":"\n<p>Por determina\u00e7\u00e3o das inst\u00e2ncias superiores da UFPR, deve existir uma p\u00e1gina no site de cada curso de gradua\u00e7\u00e3o intitulada &#8220;<em>Grade e Corpo Docente<\/em>&#8220;, com o seguinte conte\u00fado:<\/p>\n<ol>\n<li><em>A vers\u00e3o integral do Projeto Pedag\u00f3gico de Curso vigente, incluindo todos seus anexos (regulamentos e fichas I);<\/em>\n<ul>\n<li>Documentos do <a href=\"https:\/\/web.inf.ufpr.br\/bcc\/curriculo\/grade-curricular-2023\/\">Curr\u00edculo 2023<\/a><\/li>\n<li>Documentos do <a href=\"https:\/\/web.inf.ufpr.br\/bcc\/curriculo\/grade-curricular-2019\/\">Curr\u00edculo 2019<\/a><\/li>\n<li>Documentos do <a href=\"https:\/\/web.inf.ufpr.br\/bcc\/curriculo\/grade-curricular-2011\/\">Curr\u00edculo 2011<\/a><\/li>\n<\/ul>\n<\/li>\n<li><em>Identifica\u00e7\u00e3o dos <a href=\"https:\/\/web.inf.ufpr.br\/bcc\/docentes\/\">docentes que ministrar\u00e3o as aulas no curso<\/a> e as disciplinas que efetivamente ministrar\u00e3o no curso. Junto ao nome de cada docente deve constar ainda a sua titula\u00e7\u00e3o e o tempo de casa do docente, de forma total, cont\u00ednua ou intermitente, bem como o link para seu curr\u00edculo Lattes;<\/em><\/li>\n<li><em>A data de \u00faltima atualiza\u00e7\u00e3o da p\u00e1gina: <strong>07\/02\/2023<\/strong>.<\/em><\/li>\n<\/ol>\nA PROGRAD &#8211; Pr\u00f3-Reitoria de Gradua\u00e7\u00e3o &#8211; disponibiliza informa\u00e7\u00f5es detalhadas e atualizadas sobre a oferta de disciplinas <a href=\"https:\/\/ufpr.br\/gradeecorpodocente\/\">nesta p\u00e1gina<\/a>.\n","protected":false},"excerpt":{"rendered":"<p>Por determina\u00e7\u00e3o das inst\u00e2ncias superiores da UFPR, deve existir uma p\u00e1gina no site de cada curso de gradua\u00e7\u00e3o intitulada &#8220;Grade<\/p>\n","protected":false},"author":71,"featured_media":0,"parent":0,"menu_order":0,"comment_status":"closed","ping_status":"closed","template":"","meta":{"colormag_page_container_layout":"default_layout","colormag_page_sidebar_layout":"default_layout","footnotes":""},"class_list":["post-1731","page","type-page","status-publish","hentry"],"_links":{"self":[{"href":"https:\/\/web.inf.ufpr.br\/bcc\/wp-json\/wp\/v2\/pages\/1731","targetHints":{"allow":["GET"]}}],"collection":[{"href":"https:\/\/web.inf.ufpr.br\/bcc\/wp-json\/wp\/v2\/pages"}],"about":[{"href":"https:\/\/web.inf.ufpr.br\/bcc\/wp-json\/wp\/v2\/types\/page"}],"author":[{"embeddable":true,"href":"https:\/\/web.inf.ufpr.br\/bcc\/wp-json\/wp\/v2\/users\/71"}],"replies":[{"embeddable":true,"href":"https:\/\/web.inf.ufpr.br\/bcc\/wp-json\/wp\/v2\/comments?post=1731"}],"version-history":[{"count":8,"href":"https:\/\/web.inf.ufpr.br\/bcc\/wp-json\/wp\/v2\/pages\/1731\/revisions"}],"predecessor-version":[{"id":2074,"href":"https:\/\/web.inf.ufpr.br\/bcc\/wp-json\/wp\/v2\/pages\/1731\/revisions\/2074"}],"wp:attachment":[{"href":"https:\/\/web.inf.ufpr.br\/bcc\/wp-json\/wp\/v2\/media?parent=1731"}],"curies":[{"name":"wp","href":"https:\/\/api.w.org\/{rel}","templated":true}]}}