{"id":1499,"date":"2021-11-03T14:00:44","date_gmt":"2021-11-03T17:00:44","guid":{"rendered":"https:\/\/web.inf.ufpr.br\/bcc\/?page_id=1499"},"modified":"2024-04-17T08:49:26","modified_gmt":"2024-04-17T11:49:26","slug":"perguntas-frequentes-3","status":"publish","type":"page","link":"https:\/\/web.inf.ufpr.br\/bcc\/perguntas-frequentes-3\/","title":{"rendered":"Perguntas frequentes"},"content":{"rendered":"\n<p>Esta p\u00e1gina cont\u00e9m perguntas frequentes sobre o curso, tanto para o p\u00fablico externo quanto para ex-alunos. Neste site existem p\u00e1ginas espec\u00edficas para perguntas frequentes sobre <a href=\"https:\/\/web.inf.ufpr.br\/bcc\/estagios\/perguntas-frequentes\/\">est\u00e1gios<\/a> e sobre <a href=\"https:\/\/web.inf.ufpr.br\/bcc\/atividades-formativas\/perguntas-frequentes-afs\/\">atividades formativas<\/a>. Al\u00e9m disso, sugere-se consultar a lista de <a href=\"http:\/\/www.prograd.ufpr.br\/portal\/copap\/faq-perguntas-frequentes\/\">perguntas frequentes da COPAP\/PROGRAD<\/a>.<\/p>\n<h6>Como ingressar no curso?<\/h6>\n<p>Nosso curso tem entrada anual com 80 vagas, sendo 64 vagas pelo concurso vestibular da UFPR e 16 vagas pelo SiSU (Sistema de Sele\u00e7\u00e3o Unificado, que usa os resultados do ENEM). Al\u00e9m disso, alunos que cursam outras universidade ou outros cursos na UFPR podem solicitar transfer\u00eancia para nosso curso (vide abaixo).<\/p>\n<h6>Como solicitar transfer\u00eancia para o curso?<\/h6>\n<p>Na UFPR, todas as transfer\u00eancias internas (entre cursos) e externas (de outras institui\u00e7\u00f5es) s\u00e3o geridas exclusivamente pelo <a href=\"http:\/\/www.prograd.ufpr.br\/portal\/provar\/\">Programa de Ocupa\u00e7\u00e3o de Vagas Remanescentes<\/a> &#8211; PROVAR, da Pr\u00f3-Reitoria de Gradua\u00e7\u00e3o da UFPR. O PROVAR tem regras, editais e calend\u00e1rios pr\u00f3prios, sem participa\u00e7\u00e3o das coordena\u00e7\u00f5es de curso.<\/p>\n<p>Normalmente o n\u00famero de vagas dispon\u00edveis para transfer\u00eancia no PROVAR \u00e9 pequeno ou nulo. Por isso, a op\u00e7\u00e3o mais garantida \u00e9 entrar pelo vestibular ou ENEM\/SiSU e eliminar as disciplinas j\u00e1 cursadas na institui\u00e7\u00e3o anterior atrav\u00e9s de pedido de equival\u00eancia.<\/p>\n<h6>Sou aluno de outro curso da UFPR e quero fazer uma disciplina do BCC, como fa\u00e7o?<\/h6>\n<p>Alunos da UFPR podem cursar disciplinas <b>eletivas<\/b> em cursos diferentes do seu. O procedimento \u00e9 este:<\/p>\n<ol>\n<li>O aluno solicita matr\u00edcula em disciplina eletiva pelo SIGA, nas datas definidas no calend\u00e1rio acad\u00eamico.<\/li>\n<li>O <strong>departamento<\/strong> que oferece a disciplina (DINF, para as disciplinas de inform\u00e1tica) analisa\/defere.<\/li>\n<li>A coordena\u00e7\u00e3o do curso do aluno analisa\/defere.<\/li>\n<li>A PROGRAD analisa\/defere.<\/li>\n<\/ol>\n<p>Observe que o pedido <b>n\u00e3o passa<\/b> pela coordena\u00e7\u00e3o do curso de Ci\u00eancia da Computa\u00e7\u00e3o (BCC). Quem aprova \u00e9 o Departamento que oferece a disciplina e o coordenador do curso do aluno interessado.<\/p>\n<h6>Sou externo \u00e0 UFPR e quero fazer uma disciplina do BCC, como fa\u00e7o?<\/h6>\n<p>Pessoas sem liga\u00e7\u00e3o com a UFPR que tenham ao menos o ensino m\u00e9dio podem cursar disciplinas <b>isoladas<\/b> dos cursos da UFPR. Interessados devem enviar sua solicita\u00e7\u00e3o ao <strong>departamento que oferece a disciplina<\/strong> de interesse, repeitando os prazos definidos no <a href=\"http:\/\/www.prograd.ufpr.br\/portal\/calendario-academico\/\">calend\u00e1rio acad\u00eamico<\/a> e as instru\u00e7\u00f5es definidas pela <a href=\"http:\/\/www.prograd.ufpr.br\/portal\/\">PROGRAD\/UFPR<\/a>.<\/p>\n<p>Observe que o pedido <b>n\u00e3o passa<\/b> pela coordena\u00e7\u00e3o de curso; quem recebe, analisa e aprova \u00e9 o Departamento que oferece a disciplina (no caso das disciplinas de inform\u00e1tica, <a href=\"http:\/\/www.inf.ufpr.r\">DINF<\/a> e <a href=\"http:\/\/www.sept.ufpr.br\">SEPT<\/a>).<\/p>\n<h6>Sou ex-aluno e preciso de meu hist\u00f3rico escolar, como solicitar?<\/h6>\n<p>A secretaria do curso s\u00f3 tem acesso aos dados dos alunos atualmente matriculados. Todos os documentos relacionados a ex-alunos devem ser solicitados diretamente \u00e0 PROGRAD\/UFPR, atrav\u00e9s do e-mail <a href=\"mailto:atendimento@ufpr.br\">atendimento@ufpr.br<\/a> (veja <a href=\"http:\/\/www.prograd.ufpr.br\/portal\/copap\/faq-perguntas-frequentes\/\">esta FAQ<\/a>).<\/p>\n<h6>Perdi meu diploma, como consigo uma segunda via?<\/h6>\n<p>A emiss\u00e3o de segunda via do diploma \u00e9 regulada pela <a href=\"http:\/\/www.soc.ufpr.br\/portal\/wp-content\/uploads\/2020\/04\/Res-16-17-COPLAD-taxas-diplomas.pdf\">Resolu\u00e7\u00e3o 16\/2017 da COPLAD\/UFPR<\/a>. Para a solicita\u00e7\u00e3o de emiss\u00e3o devem ser fornecidos os seguintes documentos:<\/p>\n<ul>\n<li><a href=\"http:\/\/www.tecnologia.ufpr.br\/portal\/ccec\/wp-content\/uploads\/sites\/32\/2016\/04\/Requerimento-2-via-diploma.pdf\">Requerimento de 2\u00aa via do diploma<\/a> devidamente preenchido.<\/li>\n<li>GRU da taxa de emiss\u00e3o paga (vide instru\u00e7\u00f5es no requerimento).<\/li>\n<li>C\u00f3pia autenticada da Certid\u00e3o de Nascimento ou Casamento.<\/li>\n<li>C\u00f3pia autenticada da Carteira de Identidade (RG).<\/li>\n<li>C\u00f3pia do diploma (frente e verso), se for poss\u00edvel.<\/li>\n<li>C\u00f3pia autenticada do Boletim de Ocorr\u00eancia, em caso de roubo.<\/li>\n<\/ul>\n<p>Os documentos acima devem ser entregues na secretaria do curso (agendar dia e hor\u00e1rio atrav\u00e9s do e-mail <a href=\"mailto:bcc@inf.ufpr.br\">bcc@inf.ufpr.br<\/a>). O prazo de emiss\u00e3o \u00e9 de at\u00e9 180 dias.<\/p>\n","protected":false},"excerpt":{"rendered":"<p>Esta p\u00e1gina cont\u00e9m perguntas frequentes sobre o curso, tanto para o p\u00fablico externo quanto para ex-alunos. Neste site existem p\u00e1ginas<\/p>\n","protected":false},"author":71,"featured_media":0,"parent":0,"menu_order":0,"comment_status":"closed","ping_status":"closed","template":"","meta":{"colormag_page_container_layout":"default_layout","colormag_page_sidebar_layout":"default_layout","footnotes":""},"class_list":["post-1499","page","type-page","status-publish","hentry"],"_links":{"self":[{"href":"https:\/\/web.inf.ufpr.br\/bcc\/wp-json\/wp\/v2\/pages\/1499","targetHints":{"allow":["GET"]}}],"collection":[{"href":"https:\/\/web.inf.ufpr.br\/bcc\/wp-json\/wp\/v2\/pages"}],"about":[{"href":"https:\/\/web.inf.ufpr.br\/bcc\/wp-json\/wp\/v2\/types\/page"}],"author":[{"embeddable":true,"href":"https:\/\/web.inf.ufpr.br\/bcc\/wp-json\/wp\/v2\/users\/71"}],"replies":[{"embeddable":true,"href":"https:\/\/web.inf.ufpr.br\/bcc\/wp-json\/wp\/v2\/comments?post=1499"}],"version-history":[{"count":27,"href":"https:\/\/web.inf.ufpr.br\/bcc\/wp-json\/wp\/v2\/pages\/1499\/revisions"}],"predecessor-version":[{"id":2143,"href":"https:\/\/web.inf.ufpr.br\/bcc\/wp-json\/wp\/v2\/pages\/1499\/revisions\/2143"}],"wp:attachment":[{"href":"https:\/\/web.inf.ufpr.br\/bcc\/wp-json\/wp\/v2\/media?parent=1499"}],"curies":[{"name":"wp","href":"https:\/\/api.w.org\/{rel}","templated":true}]}}