{"id":117,"date":"2017-06-09T10:10:32","date_gmt":"2017-06-09T13:10:32","guid":{"rendered":"http:\/\/web.inf.ufpr.br\/bcc\/?page_id=117"},"modified":"2024-08-23T15:28:52","modified_gmt":"2024-08-23T18:28:52","slug":"apresentacao","status":"publish","type":"page","link":"https:\/\/web.inf.ufpr.br\/bcc\/","title":{"rendered":"Apresenta\u00e7\u00e3o"},"content":{"rendered":"<p>O curso de Bacharelado em Ci\u00eancia da Computa\u00e7\u00e3o (BCC) da UFPR abrange de forma n\u00e3o-exclusiva tr\u00eas perfis profissionais: empreendedor, desenvolvedor e acad\u00eamico, que refletem as diferentes aptid\u00f5es e compet\u00eancias dos formandos e suas diferentes atua\u00e7\u00f5es.<\/p>\n<p>O curso oferece 80 vagas (64 no vestibular e 16 no ENEM\/SiSU) em entrada \u00fanica no primeiro semestre de cada ano e funciona em sua totalidade no campus do Centro Polit\u00e9cnico da UFPR, em Curitiba PR. Ele tem dura\u00e7\u00e3o de 4 anos e exige dedica\u00e7\u00e3o em tempo integral, com <strong>aulas presenciais de segunda a sexta-feira entre 13h30 e 19h30<\/strong> (eventualmente alguma disciplina pode ir al\u00e9m desse hor\u00e1rio).<\/p>\n<p>O BCC\/UFPR recebeu o conceito m\u00e1ximo (5) no ENADE 2021 realizado pelo MEC, ficando na 11\u00aa posi\u00e7\u00e3o entre os 393 cursos superiores de Ci\u00eancia da Computa\u00e7\u00e3o avaliados em todo o Brasil. O ranking do jornal Folha de S\u00e3o Paulo (RUF 2023) coloca nosso curso como o 10\u00ba melhor do pa\u00eds, o 3\u00ba melhor da regi\u00e3o Sul e o 2\u00ba melhor do estado do Paran\u00e1.<\/p>\n<p style=\"text-align: center\"><a href=\"https:\/\/www.gov.br\/inep\/pt-br\/acesso-a-informacao\/dados-abertos\/indicadores-educacionais\/indicadores-de-qualidade-da-educacao-superior\"><img fetchpriority=\"high\" decoding=\"async\" class=\"size-medium wp-image-1805 alignnone\" src=\"http:\/\/web.inf.ufpr.br\/bcc\/wp-content\/uploads\/sites\/4\/2022\/09\/enade-2021-300x251.jpeg\" alt=\"\" width=\"300\" height=\"251\" srcset=\"https:\/\/web.inf.ufpr.br\/bcc\/wp-content\/uploads\/sites\/4\/2022\/09\/enade-2021-300x251.jpeg 300w, https:\/\/web.inf.ufpr.br\/bcc\/wp-content\/uploads\/sites\/4\/2022\/09\/enade-2021-768x644.jpeg 768w, https:\/\/web.inf.ufpr.br\/bcc\/wp-content\/uploads\/sites\/4\/2022\/09\/enade-2021.jpeg 940w\" sizes=\"(max-width: 300px) 100vw, 300px\" \/>\u00a0 \u00a0 \u00a0 \u00a0 \u00a0 \u00a0 \u00a0 \u00a0\u00a0 <\/a><a href=\"https:\/\/ruf.folha.uol.com.br\/2023\/ranking-de-cursos\/computacao\/\"><img decoding=\"async\" class=\"size-full wp-image-1809 alignnone\" src=\"http:\/\/web.inf.ufpr.br\/bcc\/wp-content\/uploads\/sites\/4\/2022\/09\/ranking-fsp.png\" alt=\"\" width=\"266\" height=\"250\" \/><\/a><\/p>\n<hr \/>\n\n","protected":false},"excerpt":{"rendered":"<p>O curso de Bacharelado em Ci\u00eancia da Computa\u00e7\u00e3o (BCC) da UFPR abrange de forma n\u00e3o-exclusiva tr\u00eas perfis profissionais: empreendedor, desenvolvedor<\/p>\n","protected":false},"author":7,"featured_media":0,"parent":0,"menu_order":0,"comment_status":"closed","ping_status":"closed","template":"","meta":{"colormag_page_container_layout":"default_layout","colormag_page_sidebar_layout":"default_layout","footnotes":""},"class_list":["post-117","page","type-page","status-publish","hentry"],"_links":{"self":[{"href":"https:\/\/web.inf.ufpr.br\/bcc\/wp-json\/wp\/v2\/pages\/117","targetHints":{"allow":["GET"]}}],"collection":[{"href":"https:\/\/web.inf.ufpr.br\/bcc\/wp-json\/wp\/v2\/pages"}],"about":[{"href":"https:\/\/web.inf.ufpr.br\/bcc\/wp-json\/wp\/v2\/types\/page"}],"author":[{"embeddable":true,"href":"https:\/\/web.inf.ufpr.br\/bcc\/wp-json\/wp\/v2\/users\/7"}],"replies":[{"embeddable":true,"href":"https:\/\/web.inf.ufpr.br\/bcc\/wp-json\/wp\/v2\/comments?post=117"}],"version-history":[{"count":48,"href":"https:\/\/web.inf.ufpr.br\/bcc\/wp-json\/wp\/v2\/pages\/117\/revisions"}],"predecessor-version":[{"id":2232,"href":"https:\/\/web.inf.ufpr.br\/bcc\/wp-json\/wp\/v2\/pages\/117\/revisions\/2232"}],"wp:attachment":[{"href":"https:\/\/web.inf.ufpr.br\/bcc\/wp-json\/wp\/v2\/media?parent=117"}],"curies":[{"name":"wp","href":"https:\/\/api.w.org\/{rel}","templated":true}]}}